{"id":104036,"date":"2026-03-20T14:12:51","date_gmt":"2026-03-20T14:12:51","guid":{"rendered":"https:\/\/soydeaqui.ddns.net\/pachuca\/index.php\/producto\/cable-audio-estereo-3-5mm-1-8-trs-a-6-35mm-1-4-ts-1-metro-audio-de-hi-fi-trenza-de-nylon-blindaje-multiple-caja-de-aleacion-zinc-nucleo-de-cobre-puro-compatibilidad-universal\/"},"modified":"2026-03-20T14:12:52","modified_gmt":"2026-03-20T14:12:52","slug":"cable-audio-estereo-3-5mm-1-8-trs-a-6-35mm-1-4-ts-1-metro-audio-de-hi-fi-trenza-de-nylon-blindaje-multiple-caja-de-aleacion-zinc-nucleo-de-cobre-puro-compatibilidad-universal","status":"publish","type":"product","link":"https:\/\/soydeaqui.ddns.net\/pachuca\/index.php\/producto\/cable-audio-estereo-3-5mm-1-8-trs-a-6-35mm-1-4-ts-1-metro-audio-de-hi-fi-trenza-de-nylon-blindaje-multiple-caja-de-aleacion-zinc-nucleo-de-cobre-puro-compatibilidad-universal\/","title":{"rendered":"Cable Audio Est\u00e9reo 3.5mm (1\/8&#8243;) TRS a 6.35mm (1\/4&#8243;) TS \/ 1 Metro \/ Audio de Hi-Fi \/ Trenza de Nylon \/ Blindaje M\u00faltiple \/ Caja de Aleaci\u00f3n Zinc \/ N\u00facleo de Cobre Puro \/ Compatibilidad Universal"},"content":{"rendered":"<div style='width: 100%; max-width: 1200px; margin: 0 auto; font-family: sans-serif; line-height: 1.6; color: inherit; background-color: transparent;'> <!-- Imagen principal --> <img style='width: 100%; height: auto; border: 1px solid rgba(150&comma;150&comma;150&comma;0.3); border-radius: 8px; margin-bottom: 30px;' src='http:\/\/ftp3.syscom.mx\/usuarios\/hallende\/UGREEN2\/Audio\/10625\/10625-1...jpg' alt=''> <!-- Secci\u00f3n de caracter\u00edsticas principales --> <\/p>\n<div style='display: flex; flex-wrap: wrap; gap: 30px; margin-bottom: 30px;'>\n<div style='flex: 1 1 300px; min-width: 280px;'>\n<h3 style='font-size: 22px; border-bottom: 2px solid currentColor; padding-bottom: 5px; margin-top: 0; color: inherit; opacity: 0.8;'>Caracter\u00edsticas Principales<\/h3>\n<ul style='padding-left: 20px; font-size: 15px; color: inherit;'>\n<li style='margin-bottom: 5px;'><strong>Excelente Calidad de Audio:<\/strong> Est\u00e1 fabricado con conductores de cobre chapados en plata para mejorar la claridad de la se\u00f1al. El triple apantallamiento proporciona la m\u00e1xima conductividad y durabilidad.<\/li>\n<li style='margin-bottom: 5px;'><strong>Cable de Audio Est\u00e9reo:<\/strong> Ofrece una soluci\u00f3n eficaz para que disfrute de audio de alta calidad desde los dispositivos externos&comma; transmite la se\u00f1al de audio en formato est\u00e9reo<\/li>\n<li style='margin-bottom: 5px;'><strong>Cable de 3.5mm a 6.3mm:<\/strong> El conector 3.5mm (1\/8 pulgadas) es compatible con cualquier dispositivos de mini Jack 3.5 mm o puerto Aux&comma; tales como PC&comma; Smart TV&comma; tabletas (iPad)&comma; reproductores MP3 (iPod)&comma; m\u00f3viles (iPhone&comma; Samsung). Y el conector 6.3mm (1\/4 pulgadas) se puede conectar a la entrada 6.3mm del amplificador&comma; altavoces&comma; tabla de mezclas u otros dispositivos con 6.3mm<\/li>\n<li style='margin-bottom: 5px;'><strong>Sin Enredos y de Gran Durabilidad:<\/strong> La cubierta de nylon y el dise\u00f1o suave anti enredos puede proteger el cable contra ara\u00f1azos y desgaste en el uso diario&comma; su flexibilidad y durabilidad es mejor que los cables similares&comma; f\u00e1cil de almacenar.<\/li>\n<li style='margin-bottom: 5px;'><strong>Calidad de Sonido Incomparable:<\/strong> Este cable TRS balanceado est\u00e1 fabricado con cobre puro&comma; mientras que su triple apantallamiento y sus conectores dorados resistentes a la corrosi\u00f3n garantizan un funcionamiento fiable y una p\u00e9rdida de se\u00f1al m\u00ednima&comma; reduciendo las interferencias electromagn\u00e9ticas y los ruidos par\u00e1sitos.<\/li>\n<\/ul><\/div>\n<div style='flex: 1 1 300px; min-width: 280px;'> <img style='width: 100%; height: auto; border: 1px solid rgba(150&comma;150&comma;150&comma;0.3); border-radius: 8px;' src='http:\/\/ftp3.syscom.mx\/usuarios\/hallende\/UGREEN2\/Audio\/10625\/10625-1.jpg' alt=''> <img style='width: 100%; height: auto; border: 1px solid rgba(150&comma;150&comma;150&comma;0.3); border-radius: 8px; margin-top: 15px;' src='http:\/\/ftp3.syscom.mx\/usuarios\/hallende\/UGREEN2\/Audio\/10625\/10625-2.jpg' alt=''> <img style='width: 100%; height: auto; border: 1px solid rgba(150&comma;150&comma;150&comma;0.3); border-radius: 8px; margin-top: 15px;' src='http:\/\/ftp3.syscom.mx\/usuarios\/hallende\/UGREEN2\/Audio\/10625\/10625-3.jpg' alt=''> <img style='width: 100%; height: auto; border: 1px solid rgba(150&comma;150&comma;150&comma;0.3); border-radius: 8px; margin-top: 15px;' src='http:\/\/ftp3.syscom.mx\/usuarios\/hallende\/UGREEN2\/Audio\/10625\/10625-4.jpg' alt=''> <img style='width: 100%; height: auto; border: 1px solid rgba(150&comma;150&comma;150&comma;0.3); border-radius: 8px; margin-top: 15px;' src='http:\/\/ftp3.syscom.mx\/usuarios\/hallende\/UGREEN2\/Audio\/10625\/10625-6.jpg' alt=''> <\/div>\n<\/p><\/div>\n<p> <!-- Imagen adicional --> <img style='width: 100%; height: auto; border: 1px solid rgba(150&comma;150&comma;150&comma;0.3); border-radius: 8px; margin-bottom: 30px;' src='http:\/\/ftp3.syscom.mx\/usuarios\/hallende\/UGREEN2\/Audio\/10625\/10625-8.jpg' alt=''> <!-- Secci\u00f3n de caracter\u00edsticas especiales --> <\/p>\n<div style='display: flex; flex-wrap: wrap; gap: 30px; margin-bottom: 30px;'>\n<div style='flex: 1 1 300px; min-width: 280px;'>\n<h3 style='font-size: 22px; border-bottom: 2px solid currentColor; padding-bottom: 5px; margin-top: 0; color: inherit; opacity: 0.8;'>Caracter\u00edsticas Especiales<\/h3>\n<ul style='padding-left: 20px; font-size: 15px; color: inherit;'>\n<li style='margin-bottom: 5px;'><strong>Carcasa de Aleaci\u00f3n de Zinc de Alta Calidad:<\/strong> La carcasa de aleaci\u00f3n de zinc evita los ara\u00f1azos y la oxidaci\u00f3n&comma; m\u00e1s duradera<\/li>\n<li style='margin-bottom: 5px;'><strong>Robusta Malla de Nylon:<\/strong> Malla de nylon para una larga vida \u00fatil<\/li>\n<li style='margin-bottom: 5px;'><strong>Conector Chapado en Oro de 24K:<\/strong> Chapado en oro de 24 quilates para una mejor calidad de sonido y menos p\u00e9rdidas<\/li>\n<\/ul><\/div>\n<div style='flex: 1 1 300px; min-width: 280px;'> <img style='width: 100%; height: auto; border: 1px solid rgba(150&comma;150&comma;150&comma;0.3); border-radius: 8px;' src='http:\/\/ftp3.syscom.mx\/usuarios\/hallende\/UGREEN2\/Audio\/10625\/10625-11.jpg' alt=''> <img style='width: 100%; height: auto; border: 1px solid rgba(150&comma;150&comma;150&comma;0.3); border-radius: 8px; margin-top: 15px;' src='http:\/\/ftp3.syscom.mx\/usuarios\/hallende\/UGREEN2\/Audio\/10625\/10625-12.jpg' alt=''> <img style='width: 100%; height: auto; border: 1px solid rgba(150&comma;150&comma;150&comma;0.3); border-radius: 8px; margin-top: 15px;' src='http:\/\/ftp3.syscom.mx\/usuarios\/hallende\/UGREEN2\/Audio\/10625\/10625-13.jpg' alt=''> <\/div>\n<\/p><\/div>\n<p> <!-- Imagen de durabilidad --> <img style='width: 100%; height: auto; border: 1px solid rgba(150&comma;150&comma;150&comma;0.3); border-radius: 8px; margin-bottom: 30px;' src='http:\/\/ftp3.syscom.mx\/usuarios\/hallende\/UGREEN2\/Audio\/10625\/10625-10.jpg' alt=''> <!-- Secci\u00f3n de especificaciones --> <\/p>\n<div style='display: flex; flex-wrap: wrap; gap: 20px; margin-bottom: 30px;'>\n<div style='flex: 1 1 250px; border: 1px solid rgba(150&comma; 150&comma; 150&comma; 0.4); border-radius: 8px; overflow: hidden; display: flex; flex-direction: column;'>\n<div style='padding: 15px; border-bottom: 1px solid rgba(150&comma; 150&comma; 150&comma; 0.2); font-weight: bold; font-size: 18px; color: inherit;'>Especificaciones<\/div>\n<div style='padding: 15px; color: inherit;'>\n<ul style='padding-left: 20px; margin: 0; font-size: 14px; list-style-type: disc;'>\n<li style='margin-bottom: 5px;'><strong>Entrada:<\/strong> N\u00facleo de cobre puro<\/li>\n<li style='margin-bottom: 5px;'><strong>Conector chapado en oro<\/strong><\/li>\n<li style='margin-bottom: 5px;'><strong>M\u00faltiples blindajes internos<\/strong><\/li>\n<li style='margin-bottom: 5px;'><strong>Calidad de sonido est\u00e9reo Hi-Fi<\/strong><\/li>\n<li style='margin-bottom: 5px;'><strong>Caja de aleaci\u00f3n de zinc + Nylon Trenzado<\/strong><\/li>\n<li style='margin-bottom: 5px;'><strong>1 A\u00f1o de Garant\u00eda por defectos de fabricaci\u00f3n<\/strong><\/li>\n<\/ul><\/div>\n<\/p><\/div>\n<\/p><\/div>\n<p> <!-- Separador --> <\/p>\n<hr style='border: 0; border-top: 1px solid rgba(150&comma; 150&comma; 150&comma; 0.3); margin: 30px 0;'> <\/div>\n","protected":false},"excerpt":{"rendered":"<p>Cable Audio Est\u00e9reo 3.5mm (1\/8&#8243;) TRS a 6.35mm (1\/4&#8243;) TS \/ 1 Metro \/ Audio de Hi-Fi \/ Trenza de Nylon \/ Blindaje M\u00faltiple \/ Caja de Aleaci\u00f3n Zinc \/ N\u00facleo de Cobre Puro \/ Compatibilidad Universal<\/p>\n","protected":false},"featured_media":104035,"comment_status":"open","ping_status":"closed","template":"","meta":[],"product_brand":[],"product_cat":[2204],"product_tag":[93,52,650],"class_list":{"0":"post-104036","1":"product","2":"type-product","3":"status-publish","4":"has-post-thumbnail","6":"product_cat-accesorios-audio-residencial-comercial","7":"product_tag-accesorios","8":"product_tag-audio-residencial-comercial","9":"product_tag-ugreen","11":"first","12":"instock","13":"sale","14":"shipping-taxable","15":"purchasable","16":"product-type-simple"},"_links":{"self":[{"href":"https:\/\/soydeaqui.ddns.net\/pachuca\/index.php\/wp-json\/wp\/v2\/product\/104036","targetHints":{"allow":["GET"]}}],"collection":[{"href":"https:\/\/soydeaqui.ddns.net\/pachuca\/index.php\/wp-json\/wp\/v2\/product"}],"about":[{"href":"https:\/\/soydeaqui.ddns.net\/pachuca\/index.php\/wp-json\/wp\/v2\/types\/product"}],"replies":[{"embeddable":true,"href":"https:\/\/soydeaqui.ddns.net\/pachuca\/index.php\/wp-json\/wp\/v2\/comments?post=104036"}],"wp:featuredmedia":[{"embeddable":true,"href":"https:\/\/soydeaqui.ddns.net\/pachuca\/index.php\/wp-json\/wp\/v2\/media\/104035"}],"wp:attachment":[{"href":"https:\/\/soydeaqui.ddns.net\/pachuca\/index.php\/wp-json\/wp\/v2\/media?parent=104036"}],"wp:term":[{"taxonomy":"product_brand","embeddable":true,"href":"https:\/\/soydeaqui.ddns.net\/pachuca\/index.php\/wp-json\/wp\/v2\/product_brand?post=104036"},{"taxonomy":"product_cat","embeddable":true,"href":"https:\/\/soydeaqui.ddns.net\/pachuca\/index.php\/wp-json\/wp\/v2\/product_cat?post=104036"},{"taxonomy":"product_tag","embeddable":true,"href":"https:\/\/soydeaqui.ddns.net\/pachuca\/index.php\/wp-json\/wp\/v2\/product_tag?post=104036"}],"curies":[{"name":"wp","href":"https:\/\/api.w.org\/{rel}","templated":true}]}}