{"id":104030,"date":"2026-03-20T14:12:38","date_gmt":"2026-03-20T14:12:38","guid":{"rendered":"https:\/\/soydeaqui.ddns.net\/pachuca\/index.php\/producto\/pt-ip-2-megapixel-lente-dual-2-8-mm-y-12-mm-wi-fi-deteccion-humana-vision-nocturna-en-color-cobertura-visual-360-notificacion-push-ranura-para-memoria-512-gb\/"},"modified":"2026-03-20T14:12:39","modified_gmt":"2026-03-20T14:12:39","slug":"pt-ip-2-megapixel-lente-dual-2-8-mm-y-12-mm-wi-fi-deteccion-humana-vision-nocturna-en-color-cobertura-visual-360-notificacion-push-ranura-para-memoria-512-gb","status":"publish","type":"product","link":"https:\/\/soydeaqui.ddns.net\/pachuca\/index.php\/producto\/pt-ip-2-megapixel-lente-dual-2-8-mm-y-12-mm-wi-fi-deteccion-humana-vision-nocturna-en-color-cobertura-visual-360-notificacion-push-ranura-para-memoria-512-gb\/","title":{"rendered":"PT IP 2 Megap\u00edxel \/ Lente Dual (2.8 mm y 12 mm) \/ Wi-Fi \/ Detecci\u00f3n Humana \/ Visi\u00f3n Nocturna en Color \/ Cobertura Visual 360\u00b0 \/ Notificaci\u00f3n Push  \/ Ranura para Memoria 512 GB"},"content":{"rendered":"<div style='width: 100%; max-width: 1200px; margin: 0 auto; font-family: sans-serif; line-height: 1.6; color: inherit; background-color: transparent;'> <!-- Imagen principal --> <\/p>\n<div style='width: 100%; margin-bottom: 30px;'> <img style='width: 100%; height: auto; border: 1px solid rgba(150&comma;150&comma;150&comma;0.3); border-radius: 8px;' src='https:\/\/mfs.ezvizlife.com\/da8f44d96bfa0f3bc88adddad6f18498.jpg' alt='C\u00e1mara EZVIZ CSC8PF'> <\/div>\n<p> <!-- Secci\u00f3n de caracter\u00edsticas --> <\/p>\n<div style='display: flex; flex-wrap: wrap; gap: 30px; margin-bottom: 30px;'>\n<div style='flex: 1 1 300px; min-width: 280px;'>\n<h3 style='font-size: 22px; border-bottom: 2px solid currentColor; padding-bottom: 5px; margin-top: 0; color: inherit; opacity: 0.8;'>Caracter\u00edsticas principales<\/h3>\n<ul style='padding-left: 20px; font-size: 15px; color: inherit;'>\n<li style='margin-bottom: 5px;'>Resoluci\u00f3n: <strong>2 Megapixel (1920 x 1080)<\/strong><\/li>\n<li style='margin-bottom: 5px;'>Lente Dual: <strong>2.8 mm a F1.6 + 12 mm a F1.6<\/strong><\/li>\n<li style='margin-bottom: 5px;'>Iluminaci\u00f3n m\u00ednima: <strong>0.05 Lux<\/strong><\/li>\n<li style='margin-bottom: 5px;'>\u00c1ngulo de rotaci\u00f3n: <strong>340\u00b0 horizontal&comma; 80\u00b0 vertical<\/strong><\/li>\n<li style='margin-bottom: 5px;'>Audio: <strong>Dos v\u00edas<\/strong><\/li>\n<li style='margin-bottom: 5px;'>Reducci\u00f3n de ruido: <strong>WDR \/ 3D-DNR<\/strong><\/li>\n<li style='margin-bottom: 5px;'>Compresi\u00f3n de video: <strong>H.264&comma; H.265<\/strong><\/li>\n<li style='margin-bottom: 5px;'>Visi\u00f3n nocturna: <strong>Hasta 30 metros<\/strong><\/li>\n<li style='margin-bottom: 5px;'>Conectividad: <strong>Wi-Fi 2.4 GHz<\/strong><\/li>\n<li style='margin-bottom: 5px;'>Almacenamiento: <strong>Ranura microSD hasta 512 GB<\/strong> (memoria no incluida)<\/li>\n<li style='margin-bottom: 5px;'>Detecci\u00f3n: <strong>Humana<\/strong><\/li>\n<li style='margin-bottom: 5px;'>Seguimiento: <strong>Inteligente de personas<\/strong><\/li>\n<\/ul><\/div>\n<div style='flex: 1 1 300px; min-width: 280px;'>\n<h3 style='font-size: 22px; border-bottom: 2px solid currentColor; padding-bottom: 5px; margin-top: 0; color: inherit; opacity: 0.8;'>Caracter\u00edsticas F\u00edsicas y El\u00e9ctricas<\/h3>\n<ul style='padding-left: 20px; font-size: 15px; color: inherit;'>\n<li style='margin-bottom: 5px;'>Alimentaci\u00f3n: <strong>12 Vcd&comma; 1A \/ 12 Watts<\/strong> (incluye fuente)<\/li>\n<li style='margin-bottom: 5px;'>Material: <strong>Pl\u00e1stico<\/strong><\/li>\n<li style='margin-bottom: 5px;'>Protecci\u00f3n: <strong>IP65<\/strong> (exterior con protecci\u00f3n)<\/li>\n<li style='margin-bottom: 5px;'>Dimensiones: <strong>154 x 116 x 164 mm<\/strong><\/li>\n<li style='margin-bottom: 5px;'>Temperatura operaci\u00f3n: <strong>-30\u00b0C a 60\u00b0C<\/strong><\/li>\n<\/ul><\/div>\n<div style='flex: 1 1 300px; min-width: 280px;'>\n<h3 style='font-size: 22px; border-bottom: 2px solid currentColor; padding-bottom: 5px; margin-top: 0; color: inherit; opacity: 0.8;'>Caracter\u00edsticas Destacadas<\/h3>\n<ul style='padding-left: 20px; font-size: 15px; color: inherit;'>\n<li style='margin-bottom: 5px;'>Opciones de grabaci\u00f3n en la nube:\n<ul style='padding-left: 20px; margin-top: 5px; margin-bottom: 5px;'>\n<li style='margin-bottom: 5px;'>Opci\u00f3n 1: Planes EZ-CLOUD\/7A (7 d\u00edas de almacenamiento) o EZ-CLOUD\/30A (30 d\u00edas de almacenamiento)<\/li>\n<li style='margin-bottom: 5px;'>Opci\u00f3n 2: Suscripci\u00f3n directa a trav\u00e9s de la App EZVIZ<\/li>\n<\/ul>\n<\/li>\n<li style='margin-bottom: 5px;'>Compatibilidad: <strong>Alexa&comma; Google Home e IFTTT<\/strong><\/li>\n<li style='margin-bottom: 5px; color: #f44336;'>Configuraci\u00f3n \u00fanicamente mediante aplicaci\u00f3n EZVIZ<\/li>\n<\/ul><\/div>\n<\/p><\/div>\n<p> <!-- Separador --> <\/p>\n<hr style='border: 0; border-top: 1px solid rgba(150&comma; 150&comma; 150&comma; 0.3); margin: 30px 0;'> <!-- Galer\u00eda de im\u00e1genes --> <\/p>\n<div style='display: flex; flex-wrap: wrap; gap: 15px; margin-bottom: 30px;'>\n<div style='flex: 1 1 300px; min-width: 280px;'> <img style='width: 100%; height: auto; border: 1px solid rgba(150&comma;150&comma;150&comma;0.3); border-radius: 8px;' src='https:\/\/ftp3.syscom.mx\/usuarios\/rcovarrubias\/EZVIZ\/Manual%20esp-ing\/C8PF\/c8pf1.png' alt=''> <\/div>\n<div style='flex: 1 1 300px; min-width: 280px;'> <img style='width: 100%; height: auto; border: 1px solid rgba(150&comma;150&comma;150&comma;0.3); border-radius: 8px;' src='https:\/\/ftp3.syscom.mx\/usuarios\/rcovarrubias\/EZVIZ\/Manual%20esp-ing\/C8PF\/c8pf2.png' alt=''> <\/div>\n<div style='flex: 1 1 300px; min-width: 280px;'> <img style='width: 100%; height: auto; border: 1px solid rgba(150&comma;150&comma;150&comma;0.3); border-radius: 8px;' src='https:\/\/ftp3.syscom.mx\/usuarios\/rcovarrubias\/EZVIZ\/Manual%20esp-ing\/C8PF\/c8pf%203.png' alt=''> <\/div>\n<div style='flex: 1 1 300px; min-width: 280px;'> <img style='width: 100%; height: auto; border: 1px solid rgba(150&comma;150&comma;150&comma;0.3); border-radius: 8px;' src='https:\/\/ftp3.syscom.mx\/usuarios\/rcovarrubias\/EZVIZ\/Manual%20esp-ing\/C8PF\/c8pf%204.png' alt=''> <\/div>\n<div style='flex: 1 1 300px; min-width: 280px;'> <img style='width: 100%; height: auto; border: 1px solid rgba(150&comma;150&comma;150&comma;0.3); border-radius: 8px;' src='https:\/\/ftp3.syscom.mx\/usuarios\/rcovarrubias\/EZVIZ\/Manual%20esp-ing\/C8PF\/c8pf5.png' alt=''> <\/div>\n<\/p><\/div>\n<\/p><\/div>\n","protected":false},"excerpt":{"rendered":"<p>PT IP 2 Megap\u00edxel \/ Lente Dual (2.8 mm y 12 mm) \/ Wi-Fi \/ Detecci\u00f3n Humana \/ Visi\u00f3n Nocturna en Color \/ Cobertura Visual 360\u00b0 \/ Notificaci\u00f3n Push  \/ Ranura para Memoria 512 GB<\/p>\n","protected":false},"featured_media":104029,"comment_status":"open","ping_status":"closed","template":"","meta":[],"product_brand":[],"product_cat":[1224],"product_tag":[122,111,1225],"class_list":{"0":"post-104030","1":"product","2":"type-product","3":"status-publish","4":"has-post-thumbnail","6":"product_cat-ptz","7":"product_tag-camaras-ip-y-nvrs","8":"product_tag-ezviz","9":"product_tag-ptz","11":"first","12":"instock","13":"sale","14":"shipping-taxable","15":"purchasable","16":"product-type-simple"},"_links":{"self":[{"href":"https:\/\/soydeaqui.ddns.net\/pachuca\/index.php\/wp-json\/wp\/v2\/product\/104030","targetHints":{"allow":["GET"]}}],"collection":[{"href":"https:\/\/soydeaqui.ddns.net\/pachuca\/index.php\/wp-json\/wp\/v2\/product"}],"about":[{"href":"https:\/\/soydeaqui.ddns.net\/pachuca\/index.php\/wp-json\/wp\/v2\/types\/product"}],"replies":[{"embeddable":true,"href":"https:\/\/soydeaqui.ddns.net\/pachuca\/index.php\/wp-json\/wp\/v2\/comments?post=104030"}],"wp:featuredmedia":[{"embeddable":true,"href":"https:\/\/soydeaqui.ddns.net\/pachuca\/index.php\/wp-json\/wp\/v2\/media\/104029"}],"wp:attachment":[{"href":"https:\/\/soydeaqui.ddns.net\/pachuca\/index.php\/wp-json\/wp\/v2\/media?parent=104030"}],"wp:term":[{"taxonomy":"product_brand","embeddable":true,"href":"https:\/\/soydeaqui.ddns.net\/pachuca\/index.php\/wp-json\/wp\/v2\/product_brand?post=104030"},{"taxonomy":"product_cat","embeddable":true,"href":"https:\/\/soydeaqui.ddns.net\/pachuca\/index.php\/wp-json\/wp\/v2\/product_cat?post=104030"},{"taxonomy":"product_tag","embeddable":true,"href":"https:\/\/soydeaqui.ddns.net\/pachuca\/index.php\/wp-json\/wp\/v2\/product_tag?post=104030"}],"curies":[{"name":"wp","href":"https:\/\/api.w.org\/{rel}","templated":true}]}}