{"id":104027,"date":"2026-03-20T14:12:28","date_gmt":"2026-03-20T14:12:28","guid":{"rendered":"https:\/\/soydeaqui.ddns.net\/pachuca\/index.php\/producto\/pulidora-lijadora-2200-rpm-li-ion-s-bat-y-carg\/"},"modified":"2026-03-20T14:12:34","modified_gmt":"2026-03-20T14:12:34","slug":"pulidora-lijadora-2200-rpm-li-ion-s-bat-y-carg","status":"publish","type":"product","link":"https:\/\/soydeaqui.ddns.net\/pachuca\/index.php\/producto\/pulidora-lijadora-2200-rpm-li-ion-s-bat-y-carg\/","title":{"rendered":"PULIDORA\/LIJADORA 2200 RPM LI-ION S\/BAT Y CARG"},"content":{"rendered":"<div style='width: 100%; max-width: 1200px; margin: 0 auto; font-family: sans-serif; line-height: 1.6; color: inherit; background-color: transparent;'>\n<div style='display: flex; flex-wrap: wrap; gap: 30px; margin-bottom: 30px;'>\n<div style='flex: 1 1 300px; min-width: 280px;'>\n<h3 style='font-size: 22px; border-bottom: 2px solid currentColor; padding-bottom: 5px; margin-top: 0; color: inherit; opacity: 0.8;'>BENEFICIOS DEL USUARIO<\/h3>\n<ul style='padding-left: 20px; font-size: 15px; color: inherit;'>\n<li style='margin-bottom: 5px;'>Pulidora a bater\u00eda de 40Vm\u00e1x XGT BL sin escobillas de 180mm.<\/li>\n<li style='margin-bottom: 5px;'>Dise\u00f1ado principalmente para aplicaciones de pulido de pintura en autom\u00f3viles.<\/li>\n<li style='margin-bottom: 5px;'>El motor BL elimina las escobillas de carb\u00f3n&comma; lo que permite que el motor BL funcione m\u00e1s fr\u00edo y de manera m\u00e1s eficiente para una vida \u00fatil m\u00e1s larga<\/li>\n<li style='margin-bottom: 5px;'>El control de velocidad constante minimiza la reducci\u00f3n de la velocidad de rotaci\u00f3n bajo carga.<\/li>\n<li style='margin-bottom: 5px;'>Agarre suave que proporciona una mayor comodidad en el trabajo.<\/li>\n<li style='margin-bottom: 5px;'>Sistema anti-restart para minimizar el arranque del motor cuando se inserta la bater\u00eda con el interruptor bloqueado.<\/li>\n<li style='margin-bottom: 5px;'>Tecnolog\u00eda XPT dise\u00f1ada para mejorar la resistencia al polvo y al agua en condiciones de trabajo adversas.<\/li>\n<li style='margin-bottom: 5px;'>Interruptor de gatillo grande con 2 dedos con bot\u00f3n de bloqueo.<\/li>\n<li style='margin-bottom: 5px;'>Control de velocidad constante y arranque suave para un rendimiento fluido.<\/li>\n<li style='margin-bottom: 5px;'>La forma de la cabeza es f\u00e1cil de agarrar&comma; permite al usuario presionar f\u00e1cilmente la almohadilla contra la carrocer\u00eda del autom\u00f3vil en aplicaciones como la eliminaci\u00f3n de ara\u00f1azos.<\/li>\n<li style='margin-bottom: 5px;'>El circuito de protecci\u00f3n de la bater\u00eda protege contra la sobrecarga&comma; la sobrecarga y el sobrecalentamiento.<\/li>\n<\/ul><\/div>\n<\/p><\/div>\n<div style='display: flex; flex-wrap: wrap; gap: 20px; margin-bottom: 30px;'>\n<div style='flex: 1 1 250px; border: 1px solid rgba(150&comma; 150&comma; 150&comma; 0.4); border-radius: 8px; overflow: hidden; display: flex; flex-direction: column;'>\n<div style='padding: 15px; border-bottom: 1px solid rgba(150&comma; 150&comma; 150&comma; 0.2); font-weight: bold; font-size: 18px; color: inherit;'>Informaci\u00f3n Adicional<\/div>\n<div style='padding: 15px; color: inherit;'>\n<p style='margin: 0; font-size: 16px;'>Sin bater\u00edas&comma; sin cargador ni malet\u00edn en equipo b\u00e1sico.<\/p>\n<\/p><\/div>\n<\/p><\/div>\n<\/p><\/div>\n<hr style='border: 0; border-top: 1px solid rgba(150&comma; 150&comma; 150&comma; 0.3); margin: 30px 0;'> <\/div>\n","protected":false},"excerpt":{"rendered":"<p>PULIDORA\/LIJADORA 2200 RPM LI-ION S\/BAT Y CARG<\/p>\n","protected":false},"featured_media":104026,"comment_status":"open","ping_status":"closed","template":"","meta":[],"product_brand":[],"product_cat":[462],"product_tag":[25,131,252],"class_list":{"0":"post-104027","1":"product","2":"type-product","3":"status-publish","4":"has-post-thumbnail","6":"product_cat-herramientas-electricas-herramientas","7":"product_tag-herramientas","8":"product_tag-herramientas-electricas","9":"product_tag-makita","11":"first","12":"outofstock","13":"sale","14":"shipping-taxable","15":"purchasable","16":"product-type-simple"},"_links":{"self":[{"href":"https:\/\/soydeaqui.ddns.net\/pachuca\/index.php\/wp-json\/wp\/v2\/product\/104027","targetHints":{"allow":["GET"]}}],"collection":[{"href":"https:\/\/soydeaqui.ddns.net\/pachuca\/index.php\/wp-json\/wp\/v2\/product"}],"about":[{"href":"https:\/\/soydeaqui.ddns.net\/pachuca\/index.php\/wp-json\/wp\/v2\/types\/product"}],"replies":[{"embeddable":true,"href":"https:\/\/soydeaqui.ddns.net\/pachuca\/index.php\/wp-json\/wp\/v2\/comments?post=104027"}],"wp:featuredmedia":[{"embeddable":true,"href":"https:\/\/soydeaqui.ddns.net\/pachuca\/index.php\/wp-json\/wp\/v2\/media\/104026"}],"wp:attachment":[{"href":"https:\/\/soydeaqui.ddns.net\/pachuca\/index.php\/wp-json\/wp\/v2\/media?parent=104027"}],"wp:term":[{"taxonomy":"product_brand","embeddable":true,"href":"https:\/\/soydeaqui.ddns.net\/pachuca\/index.php\/wp-json\/wp\/v2\/product_brand?post=104027"},{"taxonomy":"product_cat","embeddable":true,"href":"https:\/\/soydeaqui.ddns.net\/pachuca\/index.php\/wp-json\/wp\/v2\/product_cat?post=104027"},{"taxonomy":"product_tag","embeddable":true,"href":"https:\/\/soydeaqui.ddns.net\/pachuca\/index.php\/wp-json\/wp\/v2\/product_tag?post=104027"}],"curies":[{"name":"wp","href":"https:\/\/api.w.org\/{rel}","templated":true}]}}