{"id":104022,"date":"2026-03-20T14:12:14","date_gmt":"2026-03-20T14:12:14","guid":{"rendered":"https:\/\/soydeaqui.ddns.net\/pachuca\/index.php\/producto\/lijadora-orbital-inalambrica-18v-sin-accesorios\/"},"modified":"2026-03-20T14:12:20","modified_gmt":"2026-03-20T14:12:20","slug":"lijadora-orbital-inalambrica-18v-sin-accesorios","status":"publish","type":"product","link":"https:\/\/soydeaqui.ddns.net\/pachuca\/index.php\/producto\/lijadora-orbital-inalambrica-18v-sin-accesorios\/","title":{"rendered":"Lijadora orbital inal\u00e1mbrica 18V (Sin accesorios)"},"content":{"rendered":"<div style='width: 100%; max-width: 1200px; margin: 0 auto; font-family: sans-serif; line-height: 1.6; color: inherit; background-color: transparent;'>\n<div style='display: flex; flex-wrap: wrap; gap: 30px; margin-bottom: 30px;'>\n<div style='flex: 1 1 300px; min-width: 280px;'>\n<h3 style='font-size: 22px; border-bottom: 2px solid currentColor; padding-bottom: 5px; margin-top: 0; color: inherit; opacity: 0.8;'>BENEFICIOS DEL USUARIO:<\/h3>\n<ul style='padding-left: 20px; font-size: 15px; color: inherit;'>\n<li style='margin-bottom: 5px;'><span style='color: inherit;'>Lijadora 18V BL&comma; con <strong style='color: inherit;'>sistema de aspiraci\u00f3n incorporado<\/strong><\/span><\/li>\n<li style='margin-bottom: 5px;'><span style='color: inherit;'>Al ser a bater\u00eda permite un <strong style='color: inherit;'>funcionamiento suave<\/strong> sin preocuparse por el manejo del cable<\/span><\/li>\n<li style='margin-bottom: 5px;'><span style='color: inherit;'>El motor y la bater\u00eda est\u00e1n ubicados en la parte superior de la herramienta para evitar el aleteo de la base<\/span><\/li>\n<li style='margin-bottom: 5px;'><span style='color: inherit;'>El motor BL ofrece una alta eficiencia de trabajo similar a la de la BO3710<\/span><\/li>\n<li style='margin-bottom: 5px;'><span style='color: inherit;'>La empu\u00f1adura frontal es desmontable sin herramientas para poder lijar esquinas<\/span><\/li>\n<li style='margin-bottom: 5px;'><span style='color: inherit;'>Control de velocidad mediante pulsador<\/span><\/li>\n<li style='margin-bottom: 5px;'><span style='color: inherit;'>Control el\u00e9ctrico de 2 velocidades mediante un bot\u00f3n; La velocidad se puede seleccionar para adaptarse al material de trabajo y a la aplicaci\u00f3n<\/span><\/li>\n<li style='margin-bottom: 5px;'><span style='color: inherit;'>La misma lija que BO3710<\/span><\/li>\n<li style='margin-bottom: 5px;'><span style='color: inherit;'>Conectable a aspiradores Makita sin necesidad de un adaptador<\/span><\/li>\n<li style='margin-bottom: 5px;'><span style='color: inherit;'>Bolsa de polvo de alta capacidad con adaptador de aspiraci\u00f3n incorporado para una mejor recolecci\u00f3n del polvo<\/span><\/li>\n<li style='margin-bottom: 5px;'><span style='color: inherit;'>Tiempo de funcionamiento continuo con una carga completa de la bater\u00eda de 50 min con BL1860B<\/span><\/li>\n<li style='margin-bottom: 5px;'><span style='color: inherit;'>Mango y agarre ergon\u00f3micos de goma dise\u00f1ados para un mejor ajuste y mayor comodidad<\/span><\/li>\n<li style='margin-bottom: 5px;'><span style='color: inherit;'>Las palancas de sujeci\u00f3n son grandes y de goma para una instalaci\u00f3n r\u00e1pida y sencilla del papel<\/span><\/li>\n<\/ul><\/div>\n<\/p><\/div>\n<div style='display: flex; flex-wrap: wrap; gap: 20px; margin-bottom: 30px;'>\n<div style='flex: 1 1 250px; border: 1px solid rgba(150&comma; 150&comma; 150&comma; 0.4); border-radius: 8px; overflow: hidden; display: flex; flex-direction: column;'>\n<div style='padding: 15px; border-bottom: 1px solid rgba(150&comma; 150&comma; 150&comma; 0.2); font-weight: bold; font-size: 18px; color: inherit;'>EQUIPO B\u00c1SICO<\/div>\n<div style='padding: 15px; color: inherit;'>\n<ul style='padding-left: 20px; margin: 0; font-size: 14px; list-style-type: disc;'>\n<li style='margin-bottom: 5px;'>Sin bater\u00eda y sin cargador en equipo b\u00e1sico<\/li>\n<li style='margin-bottom: 5px;'>Base rectangular con velcro<\/li>\n<li style='margin-bottom: 5px;'>Pinzas<\/li>\n<\/ul><\/div>\n<\/p><\/div>\n<\/p><\/div>\n<div style='display: flex; flex-wrap: wrap; gap: 30px; margin-bottom: 30px;'>\n<div style='flex: 1 1 300px; min-width: 280px;'>\n<h3 style='font-size: 22px; border-bottom: 2px solid currentColor; padding-bottom: 5px; margin-top: 0; color: inherit; opacity: 0.8;'>CARACTER\u00cdSTICAS T\u00c9CNICAS<\/h3>\n<ul style='padding-left: 20px; font-size: 15px; color: inherit;'>\n<li style='margin-bottom: 5px;'><strong style='color: inherit;'>Voltaje:<\/strong> 18V<\/li>\n<li style='margin-bottom: 5px;'><strong style='color: inherit;'>Tipo:<\/strong> Inal\u00e1mbrica<\/li>\n<li style='margin-bottom: 5px;'><strong style='color: inherit;'>Sistema de aspiraci\u00f3n:<\/strong> S\u00ed&comma; incorporado<\/li>\n<li style='margin-bottom: 5px;'><strong style='color: inherit;'>Autonom\u00eda:<\/strong> 50 minutos con bater\u00eda BL1860B<\/li>\n<li style='margin-bottom: 5px;'><strong style='color: inherit;'>Velocidades:<\/strong> 2 velocidades seleccionables<\/li>\n<li style='margin-bottom: 5px;'><strong style='color: inherit;'>Sistema de fijaci\u00f3n:<\/strong> Velcro y pinzas<\/li>\n<li style='margin-bottom: 5px;'><strong style='color: inherit;'>Peso:<\/strong> No especificado<\/li>\n<li style='margin-bottom: 5px;'><strong style='color: inherit;'>Ergonom\u00eda:<\/strong> Mango y agarre ergon\u00f3mico de goma<\/li>\n<\/ul><\/div>\n<\/p><\/div>\n<div style='display: flex; flex-wrap: wrap; gap: 20px; margin-bottom: 30px;'>\n<div style='flex: 1 1 250px; border: 1px solid rgba(150&comma; 150&comma; 150&comma; 0.4); border-radius: 8px; overflow: hidden; display: flex; flex-direction: column;'>\n<div style='padding: 15px; border-bottom: 1px solid rgba(150&comma; 150&comma; 150&comma; 0.2); font-weight: bold; font-size: 18px; color: inherit;'>TECNOLOG\u00cdA<\/div>\n<div style='padding: 15px; color: inherit;'>\n<ul style='padding-left: 20px; margin: 0; font-size: 14px; list-style-type: disc;'>\n<li style='margin-bottom: 5px;'>Motor Brushless<\/li>\n<li style='margin-bottom: 5px;'>Sistema de recolecci\u00f3n de polvo integrado<\/li>\n<li style='margin-bottom: 5px;'>Dise\u00f1o ergon\u00f3mico con agarre de goma<\/li>\n<li style='margin-bottom: 5px;'>Sistema de sujeci\u00f3n r\u00e1pida<\/li>\n<\/ul><\/div>\n<\/p><\/div>\n<\/p><\/div>\n<div style='display: flex; flex-wrap: wrap; gap: 20px; margin-bottom: 30px;'>\n<div style='flex: 1 1 250px; border: 1px solid rgba(150&comma; 150&comma; 150&comma; 0.4); border-radius: 8px; overflow: hidden; display: flex; flex-direction: column;'>\n<div style='padding: 15px; border-bottom: 1px solid rgba(150&comma; 150&comma; 150&comma; 0.2); font-weight: bold; font-size: 18px; color: inherit;'>LOGOTIPOS<\/div>\n<div style='padding: 15px; color: inherit;'> <img style='width: 100%; height: auto; border: 1px solid rgba(150&comma;150&comma;150&comma;0.3); border-radius: 8px;' src='https:\/\/es.pdbmakita.com\/images\/1_Makita\/103_logos\/10302_JPG_web\/LXT.jpg' alt='LXT Litio-Ion'> <\/div>\n<\/p><\/div>\n<\/p><\/div>\n<hr style='border: 0; border-top: 1px solid rgba(150&comma; 150&comma; 150&comma; 0.3); margin: 30px 0;'> <\/div>\n","protected":false},"excerpt":{"rendered":"<p>Lijadora orbital inal\u00e1mbrica 18V (Sin accesorios)<\/p>\n","protected":false},"featured_media":104021,"comment_status":"open","ping_status":"closed","template":"","meta":[],"product_brand":[],"product_cat":[462],"product_tag":[25,131,252],"class_list":{"0":"post-104022","1":"product","2":"type-product","3":"status-publish","4":"has-post-thumbnail","6":"product_cat-herramientas-electricas-herramientas","7":"product_tag-herramientas","8":"product_tag-herramientas-electricas","9":"product_tag-makita","11":"first","12":"outofstock","13":"sale","14":"shipping-taxable","15":"purchasable","16":"product-type-simple"},"_links":{"self":[{"href":"https:\/\/soydeaqui.ddns.net\/pachuca\/index.php\/wp-json\/wp\/v2\/product\/104022","targetHints":{"allow":["GET"]}}],"collection":[{"href":"https:\/\/soydeaqui.ddns.net\/pachuca\/index.php\/wp-json\/wp\/v2\/product"}],"about":[{"href":"https:\/\/soydeaqui.ddns.net\/pachuca\/index.php\/wp-json\/wp\/v2\/types\/product"}],"replies":[{"embeddable":true,"href":"https:\/\/soydeaqui.ddns.net\/pachuca\/index.php\/wp-json\/wp\/v2\/comments?post=104022"}],"wp:featuredmedia":[{"embeddable":true,"href":"https:\/\/soydeaqui.ddns.net\/pachuca\/index.php\/wp-json\/wp\/v2\/media\/104021"}],"wp:attachment":[{"href":"https:\/\/soydeaqui.ddns.net\/pachuca\/index.php\/wp-json\/wp\/v2\/media?parent=104022"}],"wp:term":[{"taxonomy":"product_brand","embeddable":true,"href":"https:\/\/soydeaqui.ddns.net\/pachuca\/index.php\/wp-json\/wp\/v2\/product_brand?post=104022"},{"taxonomy":"product_cat","embeddable":true,"href":"https:\/\/soydeaqui.ddns.net\/pachuca\/index.php\/wp-json\/wp\/v2\/product_cat?post=104022"},{"taxonomy":"product_tag","embeddable":true,"href":"https:\/\/soydeaqui.ddns.net\/pachuca\/index.php\/wp-json\/wp\/v2\/product_tag?post=104022"}],"curies":[{"name":"wp","href":"https:\/\/api.w.org\/{rel}","templated":true}]}}