{"id":104012,"date":"2026-03-20T14:11:44","date_gmt":"2026-03-20T14:11:44","guid":{"rendered":"https:\/\/soydeaqui.ddns.net\/pachuca\/index.php\/producto\/bateria-xgt-litioion-de-40v-2-5ah\/"},"modified":"2026-03-20T14:11:47","modified_gmt":"2026-03-20T14:11:47","slug":"bateria-xgt-litioion-de-40v-2-5ah","status":"publish","type":"product","link":"https:\/\/soydeaqui.ddns.net\/pachuca\/index.php\/producto\/bateria-xgt-litioion-de-40v-2-5ah\/","title":{"rendered":"Bater\u00eda XGT Litio???Ion de 40V 2.5Ah"},"content":{"rendered":"<div style='width: 100%; max-width: 1200px; margin: 0 auto; font-family: sans-serif; line-height: 1.6; color: inherit; background-color: transparent;'> <!-- Descripci\u00f3n principal --> <\/p>\n<div style='margin-bottom: 30px; font-size: 15px; color: inherit;'>\n<p>La bater\u00eda modelo 191B363 de Makita es una fuente de energ\u00eda de alta calidad dise\u00f1ada para proporcionar un rendimiento excepcional en herramientas el\u00e9ctricas. Con una capacidad de energ\u00eda de 40 voltios&comma; esta bater\u00eda proporciona una potencia confiable y duradera para una amplia variedad de herramientas Makita.<\/p>\n<p>La bater\u00eda modelo 191B363 cuenta con una construcci\u00f3n resistente y duradera que garantiza una larga vida \u00fatil. Adem\u00e1s&comma; su dise\u00f1o compacto y ligero la hace f\u00e1cil de transportar y almacenar&comma; permitiendo al usuario trabajar durante largas jornadas sin fatiga.<\/p>\n<p> <!-- Imagen --> <\/p>\n<div style='margin: 20px 0;'> <img style='width: 100%; height: auto; border: 1px solid rgba(150&comma;150&comma;150&comma;0.3); border-radius: 8px; display: block; margin: 0 auto;' src='https:\/\/ftp3.syscom.mx\/usuarios\/fotos\/BancoFotografiasSyscom\/MAKITA\/191B363\/191B363-p.PNG' alt='191B363'> <\/div>\n<p>Esta bater\u00eda es compatible con una amplia variedad de herramientas el\u00e9ctricas Makita&comma; lo que la convierte en una inversi\u00f3n valiosa para cualquier profesional o aficionado al bricolaje que busque un rendimiento confiable de sus herramientas el\u00e9ctricas. Adem\u00e1s&comma; la tecnolog\u00eda de carga r\u00e1pida de Makita permite cargar la bater\u00eda en un tiempo r\u00e9cord&comma; minimizando el tiempo de inactividad y aumentando la productividad.<\/p>\n<p>En resumen&comma; si buscas una fuente de energ\u00eda confiable y duradera para tus herramientas el\u00e9ctricas MAKITA&comma; la bater\u00eda modelo 191B363 es una excelente opci\u00f3n. Con su potencia confiable y construcci\u00f3n resistente&comma; esta bater\u00eda es la elecci\u00f3n perfecta para trabajos exigentes de construcci\u00f3n&comma; mantenimiento de edificios y proyectos de bricolaje en el hogar.<\/p>\n<\/p><\/div>\n<p> <!-- Informaci\u00f3n t\u00e9cnica --> <\/p>\n<div style='margin-bottom: 30px;'>\n<h3 style='font-size: 20px; border-bottom: 2px solid currentColor; padding-bottom: 5px; margin-top: 0; color: inherit; opacity: 0.8; text-transform: uppercase;'>INFORMACI\u00d3N T\u00c9CNICA<\/h3>\n<div style='display: flex; flex-wrap: wrap; gap: 20px; margin-top: 20px;'>\n<div style='flex: 1 1 250px; border: 1px solid rgba(150&comma; 150&comma; 150&comma; 0.4); border-radius: 8px; overflow: hidden;'>\n<div style='padding: 15px; border-bottom: 1px solid rgba(150&comma; 150&comma; 150&comma; 0.2); font-weight: bold; font-size: 18px; color: inherit;'>Especificaciones<\/div>\n<div style='padding: 15px; color: inherit;'>\n<ul style='padding-left: 20px; margin: 0; font-size: 14px; list-style-type: disc;'>\n<li style='margin-bottom: 5px;'><strong>Modelo:<\/strong> 191B363<\/li>\n<li style='margin-bottom: 5px;'><strong>Tensi\u00f3n de la bater\u00eda:<\/strong> 40V max<\/li>\n<li style='margin-bottom: 5px;'><strong>Tipo de Bater\u00eda:<\/strong> XGT<\/li>\n<li style='margin-bottom: 5px;'><strong>Amperaje:<\/strong> 2.5 Ah<\/li>\n<\/ul><\/div>\n<\/p><\/div>\n<\/p><\/div>\n<\/p><\/div>\n<p> <!-- Separador --> <\/p>\n<hr style='border: 0; border-top: 1px solid rgba(150&comma; 150&comma; 150&comma; 0.3); margin: 30px 0;'> <!-- Compatibilidad --> <\/p>\n<div style='margin-bottom: 30px; font-size: 15px; color: inherit;'>\n<p>Los cargadores de bater\u00edas Makita est\u00e1n dise\u00f1ados especialmente para ser compatibles con las bater\u00edas Makita correspondientes. Esto significa que cada cargador est\u00e1 dise\u00f1ado para proporcionar la corriente y el voltaje para cada modelo.<\/p>\n<p>Es importante destacar que no todos los cargadores Makita son compatibles con todas las bater\u00edas Makita. Makita ofrece una amplia variedad de bater\u00edas con diferentes capacidades y tecnolog\u00edas&comma; a continuaci\u00f3n se presenta una tabla de compatibilidad:<\/p>\n<p> <!-- Imagen --> <\/p>\n<div style='margin: 20px 0;'> <img style='width: 100%; height: auto; border: 1px solid rgba(150&comma;150&comma;150&comma;0.3); border-radius: 8px; display: block; margin: 0 auto;' src='https:\/\/ftp3.syscom.mx\/usuarios\/mtopete\/Imagen%20Pagina\/Makita\/COMPATIBILIDAD%20MAKITA%20BAT.JPG' alt='Tabla de compatibilidad'> <\/div>\n<p style='font-size: 14px;'><strong>Nota:<\/strong> La serie &#8216;G&#8217; es solo compatible con equipos que manejan bater\u00eda blanca de f\u00e1brica.<\/p>\n<\/p><\/div>\n<\/p><\/div>\n","protected":false},"excerpt":{"rendered":"<p>Bater\u00eda XGT Litio???Ion de 40V 2.5Ah<\/p>\n","protected":false},"featured_media":104011,"comment_status":"open","ping_status":"closed","template":"","meta":[],"product_brand":[],"product_cat":[130],"product_tag":[25,131,252],"class_list":{"0":"post-104012","1":"product","2":"type-product","3":"status-publish","4":"has-post-thumbnail","6":"product_cat-herramientas-electricas","7":"product_tag-herramientas","8":"product_tag-herramientas-electricas","9":"product_tag-makita","11":"first","12":"outofstock","13":"sale","14":"shipping-taxable","15":"purchasable","16":"product-type-simple"},"_links":{"self":[{"href":"https:\/\/soydeaqui.ddns.net\/pachuca\/index.php\/wp-json\/wp\/v2\/product\/104012","targetHints":{"allow":["GET"]}}],"collection":[{"href":"https:\/\/soydeaqui.ddns.net\/pachuca\/index.php\/wp-json\/wp\/v2\/product"}],"about":[{"href":"https:\/\/soydeaqui.ddns.net\/pachuca\/index.php\/wp-json\/wp\/v2\/types\/product"}],"replies":[{"embeddable":true,"href":"https:\/\/soydeaqui.ddns.net\/pachuca\/index.php\/wp-json\/wp\/v2\/comments?post=104012"}],"wp:featuredmedia":[{"embeddable":true,"href":"https:\/\/soydeaqui.ddns.net\/pachuca\/index.php\/wp-json\/wp\/v2\/media\/104011"}],"wp:attachment":[{"href":"https:\/\/soydeaqui.ddns.net\/pachuca\/index.php\/wp-json\/wp\/v2\/media?parent=104012"}],"wp:term":[{"taxonomy":"product_brand","embeddable":true,"href":"https:\/\/soydeaqui.ddns.net\/pachuca\/index.php\/wp-json\/wp\/v2\/product_brand?post=104012"},{"taxonomy":"product_cat","embeddable":true,"href":"https:\/\/soydeaqui.ddns.net\/pachuca\/index.php\/wp-json\/wp\/v2\/product_cat?post=104012"},{"taxonomy":"product_tag","embeddable":true,"href":"https:\/\/soydeaqui.ddns.net\/pachuca\/index.php\/wp-json\/wp\/v2\/product_tag?post=104012"}],"curies":[{"name":"wp","href":"https:\/\/api.w.org\/{rel}","templated":true}]}}