{"id":103955,"date":"2026-03-20T14:09:06","date_gmt":"2026-03-20T14:09:06","guid":{"rendered":"https:\/\/soydeaqui.ddns.net\/pachuca\/index.php\/producto\/kit-de-videoportero-hibrido-de-plastico-ip-a-4-hilos-con-funcion-de-llamada-a-app-hik-connect-monitor-se-conecta-a-internet-por-cable-o-wifi-y-por-4-hilos-al-frente-de-calle-expandible-a-mas-equ\/"},"modified":"2026-03-20T14:09:23","modified_gmt":"2026-03-20T14:09:23","slug":"kit-de-videoportero-hibrido-de-plastico-ip-a-4-hilos-con-funcion-de-llamada-a-app-hik-connect-monitor-se-conecta-a-internet-por-cable-o-wifi-y-por-4-hilos-al-frente-de-calle-expandible-a-mas-equ","status":"publish","type":"product","link":"https:\/\/soydeaqui.ddns.net\/pachuca\/index.php\/producto\/kit-de-videoportero-hibrido-de-plastico-ip-a-4-hilos-con-funcion-de-llamada-a-app-hik-connect-monitor-se-conecta-a-internet-por-cable-o-wifi-y-por-4-hilos-al-frente-de-calle-expandible-a-mas-equ\/","title":{"rendered":"Kit de Videoportero H\u00edbrido de Plastico \/ IP a 4 Hilos con Funci\u00f3n de Llamada a App Hik-Connect \/ Monitor se Conecta a Internet por Cable o WiFi y por 4 Hilos al Frente de Calle \/ Expandible a Mas Equipos"},"content":{"rendered":"<div style='width: 100%; max-width: 1200px; margin: 0 auto; font-family: sans-serif; line-height: 1.6; color: inherit; background-color: transparent;'> <!-- Logo Header --> <\/p>\n<div style='width: 100%; max-width: 1200px; margin: 0 auto; font-family: sans-serif; line-height: 1.6; color: inherit; background-color: transparent;'>\n<div style='display: flex; flex-wrap: wrap; gap: 30px; margin-bottom: 30px;'>\n<div style='flex: 1 1 300px; min-width: 280px; text-align: center;'> <img style='width: 45%; height: auto; border: 1px solid rgba(150&comma;150&comma;150&comma;0.3); border-radius: 8px;' src='https:\/\/ftp3.syscom.mx\/usuarios\/jsosa\/HIKVISION\/imagenes\/logo\/hikvision%20see%20far.png' alt='Hikvision Logo'> <\/div>\n<\/p><\/div>\n<\/p><\/div>\n<p> <!-- Video Section --> <\/p>\n<div style='display: flex; flex-wrap: wrap; gap: 30px; margin-bottom: 30px;'>\n<div style='flex: 1 1 300px; min-width: 280px;'>\n<div style='position: relative; padding-bottom: 56.25%; height: 0; overflow: hidden; margin-bottom: 30px;'>   <\/div>\n<\/p><\/div>\n<div style='flex: 1 1 300px; min-width: 280px;'>\n<div style='position: relative; padding-bottom: 56.25%; height: 0; overflow: hidden; margin-bottom: 30px;'>   <\/div>\n<\/p><\/div>\n<\/p><\/div>\n<div style='display: flex; flex-wrap: wrap; gap: 30px; margin-bottom: 30px;'>\n<div style='flex: 1 1 300px; min-width: 280px;'>\n<div style='position: relative; padding-bottom: 56.25%; height: 0; overflow: hidden; margin-bottom: 30px;'>   <\/div>\n<\/p><\/div>\n<div style='flex: 1 1 300px; min-width: 280px;'>\n<div style='position: relative; padding-bottom: 56.25%; height: 0; overflow: hidden; margin-bottom: 30px;'>   <\/div>\n<\/p><\/div>\n<\/p><\/div>\n<p> <!-- Main Description --> <\/p>\n<div style='display: flex; flex-wrap: wrap; gap: 30px; margin-bottom: 30px;'>\n<div style='flex: 1 1 100%; text-align: center;'>\n<h2 style='font-size: 24px; color: #e60014; margin-top: 0; margin-bottom: 15px;'>Reemplace su viejo videoportero an\u00e1logo a 4 hilos conservando el mismo cableado pero a\u00f1adiendo el plus de recibir la llamada en su Smartphone.<\/h2>\n<p style='font-size: 18px; margin-bottom: 0;'><strong>El kit Incluye:<\/strong> 1x Frente de calle y 1x Monitor.<\/p>\n<\/p><\/div>\n<\/p><\/div>\n<p> <!-- Features Section --> <\/p>\n<div style='display: flex; flex-wrap: wrap; gap: 30px; margin-bottom: 30px;'>\n<div style='flex: 1 1 400px; min-width: 300px;'>\n<div style='border: 1px solid rgba(150&comma; 150&comma; 150&comma; 0.4); border-radius: 8px; overflow: hidden; display: flex; flex-direction: column;'>\n<div style='padding: 15px; background-color: #e60014; font-weight: bold; font-size: 18px; color: white; border-bottom: 1px solid rgba(150&comma; 150&comma; 150&comma; 0.2);'>Caracter\u00edsticas principales:<\/div>\n<div style='padding: 15px; color: inherit;'>\n<ul style='padding-left: 20px; margin: 0; font-size: 14px; list-style-type: disc;'>\n<li style='margin-bottom: 5px;'>C\u00e1mara con resoluci\u00f3n de 720&#215;576<\/li>\n<li style='margin-bottom: 5px;'>Pantalla Touch de 7&#8242;<\/li>\n<li style='margin-bottom: 5px;'>Micr\u00f3fono y Bocina<\/li>\n<li style='margin-bottom: 5px;'>Vol\u00famen ajustable<\/li>\n<li style='margin-bottom: 5px;'>Supresi\u00f3n de ruido y cancelaci\u00f3n de eco<\/li>\n<\/ul><\/div>\n<\/p><\/div>\n<\/p><\/div>\n<div style='flex: 1 1 400px; min-width: 300px;'>\n<div style='border: 1px solid rgba(150&comma; 150&comma; 150&comma; 0.4); border-radius: 8px; overflow: hidden; display: flex; flex-direction: column;'>\n<div style='padding: 15px; background-color: #e60014; font-weight: bold; font-size: 18px; color: white; border-bottom: 1px solid rgba(150&comma; 150&comma; 150&comma; 0.2);'>Caracter\u00edsticas F\u00edsicas y El\u00e9ctricas:<\/div>\n<div style='padding: 15px; color: inherit;'>\n<ul style='padding-left: 20px; margin: 0; font-size: 14px; list-style-type: disc;'>\n<li style='margin-bottom: 5px;'>Alimentaci\u00f3n 12 Vcd o PoE est\u00e1ndar 802.3af<\/li>\n<li style='margin-bottom: 5px;'>Temperatura de operaci\u00f3n: -10\u00b0C a 55\u00b0C<\/li>\n<li style='margin-bottom: 5px;'>Dimensiones Frente de Calle: 135.14 x 49.6 x 41.93 mm<\/li>\n<li style='margin-bottom: 5px;'>Dimensiones Monitor: 200 x 140 x 23.6 mm<\/li>\n<li style='margin-bottom: 5px;'>Salida de relevador para chapa<\/li>\n<\/ul><\/div>\n<\/p><\/div>\n<\/p><\/div>\n<\/p><\/div>\n<p> <!-- How It Works Section --> <\/p>\n<div style='display: flex; flex-wrap: wrap; gap: 30px; margin-bottom: 30px;'>\n<div style='flex: 1 1 100%;'>\n<div style='border: 1px solid rgba(150&comma; 150&comma; 150&comma; 0.4); border-radius: 8px; overflow: hidden; display: flex; flex-direction: column;'>\n<div style='padding: 15px; background-color: #e60014; font-weight: bold; font-size: 18px; color: white; border-bottom: 1px solid rgba(150&comma; 150&comma; 150&comma; 0.2);'>\u00bfC\u00f3mo funciona?<\/div>\n<div style='padding: 15px; color: inherit;'>\n<ul style='padding-left: 20px; margin: 0; font-size: 14px; list-style-type: disc;'>\n<li style='margin-bottom: 5px;'>El monitor del kit se conecta por 4 hilos al frente de calle (interfaz an\u00e1loga) y tambi\u00e9n por TCP IP cableado o WiFi al m\u00f3dem para salida a internet y llamada a la App.<\/li>\n<li style='margin-bottom: 5px;'><strong>\u00bfC\u00f3mo agrego m\u00e1s monitores?<\/strong> Los monitores adicionales son IP&comma; se conectan a la red y se a\u00f1aden como extensiones del monitor principal.<\/li>\n<li style='margin-bottom: 5px;'><strong>\u00bfC\u00f3mo agrego m\u00e1s frentes de calle?<\/strong> El monitor del kit trae 2 interfaces an\u00e1logas. El segundo frente de calle se conecta por 4 hilos a la segunda interfaz an\u00e1loga del monitor del kit.<\/li>\n<li style='margin-bottom: 5px;'>Comb\u00ednelo con su sistema de videovigilancia Turbo o IP&comma; marca Hikvision&comma; epcom \u00f3 HiLook&comma; el monitor permite a\u00f1adir hasta un m\u00e1ximo de 16 canales de video para una visualizaci\u00f3n espor\u00e1dica&comma; m\u00e1ximo 2MP<\/li>\n<li style='margin-bottom: 5px;'><strong>Frente de calle compatible<\/strong> (m\u00e1ximo 2 en total): <a style='color: #e60014; text-decoration: none;' href='https:\/\/www.syscom.mx\/principal\/searchcont?route=DS-KB2421T-IM-HIKVISION-195573&#038;autodetect=DS-KB2421T-IM' target='_blank' rel='noopener'>DS-KB2421T-IM<\/a><\/li>\n<li style='margin-bottom: 5px;'><strong>Monitores compatibles<\/strong> (m\u00e1ximo 6 en total): <a style='color: #e60014; text-decoration: none;' href='https:\/\/www.syscom.mx\/principal\/searchcont?route=DS-KH6320-WTE1-HIKVISION-170761&#038;autodetect=DS-Kh6320' target='_blank' rel='noopener'>DS-KH6320-WTE1<\/a>&comma; <a style='color: #e60014; text-decoration: none;' href='https:\/\/www.syscom.mx\/principal\/searchcont?route=DS-KH8520-WTE1-HIKVISION-170927&#038;autodetect=dskh8520' target='_blank' rel='noopener'>DS-KH8520-WTE1<\/a><\/li>\n<\/ul><\/div>\n<\/p><\/div>\n<\/p><\/div>\n<\/p><\/div>\n<p> <!-- Technical Support --> <\/p>\n<div style='display: flex; flex-wrap: wrap; gap: 30px; margin-bottom: 30px;'>\n<div style='flex: 1 1 100%;'>\n<div style='border: 1px solid rgba(150&comma; 150&comma; 150&comma; 0.4); border-radius: 8px; overflow: hidden; display: flex; flex-direction: column;'>\n<div style='padding: 15px; background-color: #e60014; font-weight: bold; font-size: 18px; color: white; border-bottom: 1px solid rgba(150&comma; 150&comma; 150&comma; 0.2);'>Soporte T\u00e9cnico:<\/div>\n<div style='padding: 15px; color: inherit;'>\n<ul style='padding-left: 20px; margin: 0; font-size: 14px; list-style-type: disc;'>\n<li style='margin-bottom: 5px;'>Si requiere soporte t\u00e9cnico de clic <a style='color: #e60014; text-decoration: none;' href='https:\/\/soporte.syscom.mx\/es\/articles\/10706576-hikvision-repositorio-configuracion-videoporteros' target='_blank' rel='noopener'>aqu\u00ed<\/a><\/li>\n<li style='margin-bottom: 5px;'>El correcto funcionamiento del Wi-Fi depende totalmente del sitio&comma; interferencias&comma; obst\u00e1culos f\u00edsicos&comma; distancia al router&comma; entre otros.<\/li>\n<\/ul><\/div>\n<\/p><\/div>\n<\/p><\/div>\n<\/p><\/div>\n<p> <!-- Divider --> <\/p>\n<hr style='border: 0; border-top: 1px solid rgba(150&comma; 150&comma; 150&comma; 0.3); margin: 30px 0;'> <!-- Solution Scope --> <\/p>\n<div style='display: flex; flex-wrap: wrap; gap: 30px; margin-bottom: 30px;'>\n<div style='flex: 1 1 100%; text-align: center;'>\n<h2 style='font-size: 24px; color: #000000; margin-top: 0; margin-bottom: 15px;'>ALCANCE M\u00c1XIMO DE LA SOLUCI\u00d3N<\/h2>\n<p> <img style='width: 100%; height: auto; border: 1px solid rgba(150&comma;150&comma;150&comma;0.3); border-radius: 8px;' src='https:\/\/ftp3.syscom.mx\/usuarios\/fespinoza\/HIKVISION\/Dispositivos\/Videoporteros\/Diagrama%20DS-KIS302-P.png' alt='Diagrama de soluci\u00f3n'> <\/div>\n<\/p><\/div>\n<p> <!-- Final Video --> <\/p>\n<div style='display: flex; flex-wrap: wrap; gap: 30px; margin-bottom: 30px;'>\n<div style='flex: 1 1 100%;'>\n<div style='position: relative; padding-bottom: 56.25%; height: 0; overflow: hidden; margin-bottom: 30px;'>   <\/div>\n<\/p><\/div>\n<\/p><\/div>\n<\/p><\/div>\n","protected":false},"excerpt":{"rendered":"<p>Kit de Videoportero H\u00edbrido de Plastico \/ IP a 4 Hilos con Funci\u00f3n de Llamada a App Hik-Connect \/ Monitor se Conecta a Internet por Cable o WiFi y por 4 Hilos al Frente de Calle \/ Expandible a Mas Equipos<\/p>\n","protected":false},"featured_media":103954,"comment_status":"open","ping_status":"closed","template":"","meta":[],"product_brand":[],"product_cat":[974],"product_tag":[54,872,557],"class_list":{"0":"post-103955","1":"product","2":"type-product","3":"status-publish","4":"has-post-thumbnail","6":"product_cat-videoporteros-analogicos-videoporteros-e-interfonos","7":"product_tag-hikvision","8":"product_tag-videoporteros-analogicos","9":"product_tag-videoporteros-e-interfonos","11":"first","12":"outofstock","13":"sale","14":"shipping-taxable","15":"purchasable","16":"product-type-simple"},"_links":{"self":[{"href":"https:\/\/soydeaqui.ddns.net\/pachuca\/index.php\/wp-json\/wp\/v2\/product\/103955","targetHints":{"allow":["GET"]}}],"collection":[{"href":"https:\/\/soydeaqui.ddns.net\/pachuca\/index.php\/wp-json\/wp\/v2\/product"}],"about":[{"href":"https:\/\/soydeaqui.ddns.net\/pachuca\/index.php\/wp-json\/wp\/v2\/types\/product"}],"replies":[{"embeddable":true,"href":"https:\/\/soydeaqui.ddns.net\/pachuca\/index.php\/wp-json\/wp\/v2\/comments?post=103955"}],"wp:featuredmedia":[{"embeddable":true,"href":"https:\/\/soydeaqui.ddns.net\/pachuca\/index.php\/wp-json\/wp\/v2\/media\/103954"}],"wp:attachment":[{"href":"https:\/\/soydeaqui.ddns.net\/pachuca\/index.php\/wp-json\/wp\/v2\/media?parent=103955"}],"wp:term":[{"taxonomy":"product_brand","embeddable":true,"href":"https:\/\/soydeaqui.ddns.net\/pachuca\/index.php\/wp-json\/wp\/v2\/product_brand?post=103955"},{"taxonomy":"product_cat","embeddable":true,"href":"https:\/\/soydeaqui.ddns.net\/pachuca\/index.php\/wp-json\/wp\/v2\/product_cat?post=103955"},{"taxonomy":"product_tag","embeddable":true,"href":"https:\/\/soydeaqui.ddns.net\/pachuca\/index.php\/wp-json\/wp\/v2\/product_tag?post=103955"}],"curies":[{"name":"wp","href":"https:\/\/api.w.org\/{rel}","templated":true}]}}