{"id":103949,"date":"2026-03-20T14:08:47","date_gmt":"2026-03-20T14:08:47","guid":{"rendered":"https:\/\/soydeaqui.ddns.net\/pachuca\/index.php\/producto\/bateria-12v-20ah-para-respaldo-tecnologias-agm-vrla-5-anos-vida-util-terminales-nb2-reconocida-ul-2\/"},"modified":"2026-03-20T14:09:00","modified_gmt":"2026-03-20T14:09:00","slug":"bateria-12v-20ah-para-respaldo-tecnologias-agm-vrla-5-anos-vida-util-terminales-nb2-reconocida-ul-2","status":"publish","type":"product","link":"https:\/\/soydeaqui.ddns.net\/pachuca\/index.php\/producto\/bateria-12v-20ah-para-respaldo-tecnologias-agm-vrla-5-anos-vida-util-terminales-nb2-reconocida-ul-2\/","title":{"rendered":"Bater\u00eda 12V, 20AH, Para Respaldo, Tecnolog\u00edas AGM\/VRLA, 5 A\u00f1os Vida \u00datil, Terminales NB2, Reconocida UL"},"content":{"rendered":"<div style='width: 100%; max-width: 1200px; margin: 0 auto; font-family: sans-serif; line-height: 1.6; color: inherit; background-color: transparent;'> <!-- Descripci\u00f3n de marca --> <\/p>\n<div style='margin-bottom: 30px;'>\n<p style='margin: 0; padding: 0; font-size: 15px; color: inherit;'> <strong style='color: inherit;'>Power Sonic<\/strong> ofrece una amplia gama de productos de bater\u00eda innovadores que incluyen tecnolog\u00edas de litio y \u00e1cido de plomo selladas. Esto garantiza que tengamos la bater\u00eda adecuada para satisfacer las demandas \u00fanicas de su aplicaci\u00f3n. <\/p>\n<p style='margin: 15px 0; padding: 0; font-size: 15px; color: inherit;'> Power Sonic ha brindado soluciones de bater\u00edas seguras&comma; confiables y de calidad en todo el mundo durante m\u00e1s de 50 a\u00f1os. Nuestros productos de bater\u00eda est\u00e1n dise\u00f1ados y fabricados con los \u00faltimos equipos de \u00faltima generaci\u00f3n y est\u00e1n sujetos al control de calidad m\u00e1s estricto. Este proceso es clave para garantizar tanto la consistencia como la confiabilidad con cualquier producto que lleve el nombre de <strong style='color: inherit;'>Power Sonic<\/strong>. <\/p>\n<\/p><\/div>\n<p> <!-- Serie PS --> <\/p>\n<div style='margin-bottom: 30px;'>\n<h3 style='font-size: 20px; border-bottom: 2px solid currentColor; padding-bottom: 5px; margin-top: 0; color: inherit; opacity: 0.8;'>Serie PS<\/h3>\n<p style='margin: 15px 0 0 0; padding: 0; font-size: 15px; color: inherit;'> La serie <strong style='color: inherit;'>PS<\/strong> de Power Sonic de <strong style='color: inherit;'>bater\u00edas selladas de plomo-\u00e1cido<\/strong> se ha dise\u00f1ado con tecnolog\u00eda <strong style='color: inherit;'>AGM<\/strong> (Absorbent Glass Mat) para garantizar un rendimiento y una fiabilidad superiores. Disponibles en 2&comma; 4&comma; 6 y 12 V con capacidades desde 0.8 a 260 AH. Con gran variedad de modelos&comma; es la primera opci\u00f3n para la industria de seguridad humana. <\/p>\n<\/p><\/div>\n<p> <!-- Caracter\u00edsticas generales --> <\/p>\n<div style='margin-bottom: 30px;'>\n<h3 style='font-size: 20px; border-bottom: 2px solid currentColor; padding-bottom: 5px; margin-top: 0; color: inherit; opacity: 0.8;'>Caracter\u00edsticas Generales Serie PS<\/h3>\n<ul style='padding-left: 20px; margin: 15px 0; font-size: 15px; color: inherit; list-style-type: disc;'>\n<li style='margin-bottom: 8px;'><strong style='color: inherit;'>Bater\u00edas selladas de plomo \u00e1cido<\/strong><\/li>\n<li style='margin-bottom: 8px;'><strong style='color: inherit;'>Dise\u00f1o de 5 a\u00f1os de vida \u00fatil<\/strong><\/li>\n<li style='margin-bottom: 8px;'><strong style='color: inherit;'>Reconocida UL<\/strong><\/li>\n<li style='margin-bottom: 8px;'><strong style='color: inherit;'>Tecnolog\u00eda VRLA<\/strong> (Bater\u00edas Regulated Lead Acid) para larga vida \u00fatil por regulaci\u00f3n de liberaci\u00f3n de gases<\/li>\n<li style='margin-bottom: 8px;'><strong style='color: inherit;'>Tecnolog\u00eda AGM<\/strong> (Absorbent Glass Mat) para garantizar un rendimiento y una fiabilidad superiores<\/li>\n<li style='margin-bottom: 8px;'>Relaci\u00f3n de potencia y volumen que produce una densidad de energ\u00eda inigualable<\/li>\n<li style='margin-bottom: 8px;'><strong style='color: inherit;'>Libre de mantenimiento<\/strong><\/li>\n<li style='margin-bottom: 8px;'><strong style='color: inherit;'>Recargables con cargadores VRLA<\/strong><\/li>\n<li style='margin-bottom: 8px;'><strong style='color: inherit;'>Construcci\u00f3n a prueba de derrames<\/strong> regulada por v\u00e1lvula permite una operaci\u00f3n segura en cualquier orientaci\u00f3n (excepto el uso continuo invertido)<\/li>\n<li style='margin-bottom: 8px;'><strong style='color: inherit;'>Caja de ABS resistente a impactos<\/strong> y cubierta retardante de llama seg\u00fan <strong style='color: inherit;'>UL94:HB<\/strong> y <strong style='color: inherit;'>UL94:V0<\/strong><\/li>\n<li style='margin-bottom: 8px;'><strong style='color: inherit;'>Baja tasa de descarga<\/strong> para una larga vida \u00fatil<\/li>\n<li style='margin-bottom: 8px;'>Certificado <strong style='color: inherit;'>ISO 9001:2015<\/strong><\/li>\n<\/ul><\/div>\n<p> <!-- Caracter\u00edsticas espec\u00edficas --> <\/p>\n<div style='margin-bottom: 30px;'>\n<h3 style='font-size: 20px; border-bottom: 2px solid currentColor; padding-bottom: 5px; margin-top: 0; color: inherit; opacity: 0.8;'>Caracter\u00edsticas PS-12200-NB2<\/h3>\n<ul style='padding-left: 20px; margin: 15px 0; font-size: 15px; color: inherit; list-style-type: disc;'>\n<li style='margin-bottom: 8px;'><strong style='color: inherit;'>Dise\u00f1o de 5 a\u00f1os de vida \u00fatil<\/strong><\/li>\n<li style='margin-bottom: 8px;'><strong style='color: inherit;'>Reconocida UL<\/strong><\/li>\n<li style='margin-bottom: 8px;'>Tipo de terminal: <strong style='color: inherit;'>NB2<\/strong><\/li>\n<li style='margin-bottom: 8px;'>Voltaje Nominal: <strong style='color: inherit;'>12V<\/strong><\/li>\n<li style='margin-bottom: 8px;'>Capacidad @20HR (AH): <strong style='color: inherit;'>20.0 AH<\/strong><\/li>\n<li style='margin-bottom: 8px;'>Capacidad @10HR (AH): <strong style='color: inherit;'>19.0 AH<\/strong><\/li>\n<li style='margin-bottom: 8px;'>Peso: 5.95 kg\/13.09 lbs<\/li>\n<li style='margin-bottom: 8px;'>Dimensiones: 7.13&#8217;\/181 mm Longitud x 3.00&#8217;\/76 mm Ancho x 6.57&#8217;\/167 mm Altura<\/li>\n<li style='margin-bottom: 8px;'>Cargador recomendado: <a href='https:\/\/www.syscom.mx\/principal\/searchcont?route=PSC-124000ACX-POWER-SONIC-218376&#038;autodetect=PSC-124000ACX' style='color: inherit; text-decoration: underline;' target='_blank'>PSC-124000ACX<\/a><\/li>\n<\/ul><\/div>\n<p> <!-- Aplicaciones --> <\/p>\n<div style='margin-bottom: 30px;'>\n<h3 style='font-size: 20px; border-bottom: 2px solid currentColor; padding-bottom: 5px; margin-top: 0; color: inherit; opacity: 0.8;'>Aplicaciones<\/h3>\n<ul style='padding-left: 20px; margin: 15px 0; font-size: 15px; color: inherit; list-style-type: disc;'>\n<li style='margin-bottom: 8px;'>Sistemas de seguridad y emergencia<\/li>\n<li style='margin-bottom: 8px;'>Sistemas de control de acceso<\/li>\n<li style='margin-bottom: 8px;'>Sistemas de alarma<\/li>\n<li style='margin-bottom: 8px;'>Sistemas de detecci\u00f3n de incendio<\/li>\n<li style='margin-bottom: 8px;'>Sistemas de videovigilancia<\/li>\n<li style='margin-bottom: 8px;'>Muchas aplicaciones m\u00e1s&#8230;<\/li>\n<\/ul><\/div>\n<p> <!-- Separador final --> <\/p>\n<hr style='border: 0; border-top: 1px solid rgba(150&comma; 150&comma; 150&comma; 0.3); margin: 30px 0;'> <\/div>\n","protected":false},"excerpt":{"rendered":"<p>Bater\u00eda 12V, 20AH, Para Respaldo, Tecnolog\u00edas AGM\/VRLA, 5 A\u00f1os Vida \u00datil, Terminales NB2, Reconocida UL<\/p>\n","protected":false},"featured_media":103948,"comment_status":"open","ping_status":"closed","template":"","meta":[],"product_brand":[],"product_cat":[141],"product_tag":[143,142,236],"class_list":{"0":"post-103949","1":"product","2":"type-product","3":"status-publish","4":"has-post-thumbnail","6":"product_cat-baterias","7":"product_tag-baterias","8":"product_tag-energia","9":"product_tag-power-sonic","11":"first","12":"instock","13":"sale","14":"shipping-taxable","15":"purchasable","16":"product-type-simple"},"_links":{"self":[{"href":"https:\/\/soydeaqui.ddns.net\/pachuca\/index.php\/wp-json\/wp\/v2\/product\/103949","targetHints":{"allow":["GET"]}}],"collection":[{"href":"https:\/\/soydeaqui.ddns.net\/pachuca\/index.php\/wp-json\/wp\/v2\/product"}],"about":[{"href":"https:\/\/soydeaqui.ddns.net\/pachuca\/index.php\/wp-json\/wp\/v2\/types\/product"}],"replies":[{"embeddable":true,"href":"https:\/\/soydeaqui.ddns.net\/pachuca\/index.php\/wp-json\/wp\/v2\/comments?post=103949"}],"wp:featuredmedia":[{"embeddable":true,"href":"https:\/\/soydeaqui.ddns.net\/pachuca\/index.php\/wp-json\/wp\/v2\/media\/103948"}],"wp:attachment":[{"href":"https:\/\/soydeaqui.ddns.net\/pachuca\/index.php\/wp-json\/wp\/v2\/media?parent=103949"}],"wp:term":[{"taxonomy":"product_brand","embeddable":true,"href":"https:\/\/soydeaqui.ddns.net\/pachuca\/index.php\/wp-json\/wp\/v2\/product_brand?post=103949"},{"taxonomy":"product_cat","embeddable":true,"href":"https:\/\/soydeaqui.ddns.net\/pachuca\/index.php\/wp-json\/wp\/v2\/product_cat?post=103949"},{"taxonomy":"product_tag","embeddable":true,"href":"https:\/\/soydeaqui.ddns.net\/pachuca\/index.php\/wp-json\/wp\/v2\/product_tag?post=103949"}],"curies":[{"name":"wp","href":"https:\/\/api.w.org\/{rel}","templated":true}]}}