{"id":103939,"date":"2026-03-20T14:08:14","date_gmt":"2026-03-20T14:08:14","guid":{"rendered":"https:\/\/soydeaqui.ddns.net\/pachuca\/index.php\/producto\/fuente-de-alimentacion-tipo-tarjeta-salida-unica-12-24-vcc-6-a-entrada-115-vca\/"},"modified":"2026-03-20T14:08:15","modified_gmt":"2026-03-20T14:08:15","slug":"fuente-de-alimentacion-tipo-tarjeta-salida-unica-12-24-vcc-6-a-entrada-115-vca","status":"publish","type":"product","link":"https:\/\/soydeaqui.ddns.net\/pachuca\/index.php\/producto\/fuente-de-alimentacion-tipo-tarjeta-salida-unica-12-24-vcc-6-a-entrada-115-vca\/","title":{"rendered":"Fuente de alimentaci\u00f3n \/ Tipo tarjeta \/  salida \u00fanica\/  12\/24 Vcc \/ 6 A \/ Entrada 115 Vca"},"content":{"rendered":"<div style='width: 100%; max-width: 1200px; margin: 0 auto; font-family: sans-serif; line-height: 1.6; color: inherit; background-color: transparent;'>\n<div style='display: flex; flex-wrap: wrap; gap: 30px; margin-bottom: 30px;'>\n<div style='flex: 1 1 300px; min-width: 280px;'>\n<h3 style='font-size: 22px; border-bottom: 2px solid currentColor; padding-bottom: 5px; margin-top: 0; color: inherit; opacity: 0.8;'>Caracter\u00edsticas<\/h3>\n<ul style='padding-left: 20px; font-size: 15px; color: inherit;'>\n<li style='margin-bottom: 5px;'><strong>Voltaje de entrada:<\/strong> 115 Vca<\/li>\n<li style='margin-bottom: 5px;'><strong>Voltaje de salida:<\/strong> 12 o 24 Vcc<\/li>\n<li style='margin-bottom: 5px;'><strong>Corriente de salida:<\/strong> 6 Amper<\/li>\n<li style='margin-bottom: 5px;'><strong>Frecuencia nominal:<\/strong> 50-60 Hz<\/li>\n<li style='margin-bottom: 5px;'><strong>Supervisi\u00f3n de bater\u00eda:<\/strong> Reley tipo C<\/li>\n<li style='margin-bottom: 5px;'><strong>Supervisi\u00f3n de Vca:<\/strong> Reley tipo C<\/li>\n<li style='margin-bottom: 5px;'><strong>Bater\u00eda:<\/strong> No incluida<\/li>\n<\/ul>\n<p> <img style='width: 100%; height: auto; border: 1px solid rgba(150&comma;150&comma;150&comma;0.3); border-radius: 8px;' src='https:\/\/ftp3.syscom.mx\/usuarios\/fotos\/BancoFotografiasSyscom\/ALTRONIX\/AL600ULXB\/AL600ULXB-p.PNG' alt=''> <\/div>\n<div style='flex: 1 1 300px; min-width: 280px;'>\n<h3 style='font-size: 22px; border-bottom: 2px solid currentColor; padding-bottom: 5px; margin-top: 0; color: inherit; opacity: 0.8;'>Especificaciones F\u00edsicas<\/h3>\n<ul style='padding-left: 20px; font-size: 15px; color: inherit;'>\n<li style='margin-bottom: 5px;'><strong>Entrada:<\/strong> Terminales tipo tornillo<\/li>\n<li style='margin-bottom: 5px;'><strong>Salida:<\/strong> Terminales tipo tornillo<\/li>\n<li style='margin-bottom: 5px;'><strong>Material:<\/strong> Pl\u00e1stico ABS<\/li>\n<li style='margin-bottom: 5px;'><strong>Color:<\/strong> Az\u00fal<\/li>\n<li style='margin-bottom: 5px;'><strong>Temperatura de operaci\u00f3n:<\/strong> -20 \u00b0C a 70 \u00b0C<\/li>\n<li style='margin-bottom: 5px;'><strong>Dimensiones:<\/strong> 180.3 x 114.3 x 50.8 mm<\/li>\n<\/ul>\n<p> <img style='width: 100%; height: auto; border: 1px solid rgba(150&comma;150&comma;150&comma;0.3); border-radius: 8px;' src='https:\/\/ftp3.syscom.mx\/usuarios\/fotos\/BancoFotografiasSyscom\/ALTRONIX\/AL600ULXB\/AL600ULXB-p.PNG' alt=''> <\/div>\n<div style='flex: 1 1 300px; min-width: 280px;'>\n<h3 style='font-size: 22px; border-bottom: 2px solid currentColor; padding-bottom: 5px; margin-top: 0; color: inherit; opacity: 0.8;'>Aplicaciones<\/h3>\n<ul style='padding-left: 20px; font-size: 15px; color: inherit;'>\n<li style='margin-bottom: 5px;'>Sistemas de seguridad electr\u00f3nica<\/li>\n<li style='margin-bottom: 5px;'>Sistemas de comunicaci\u00f3n y control<\/li>\n<li style='margin-bottom: 5px;'>Sistemas de telecomunicaciones<\/li>\n<li style='margin-bottom: 5px;'>Sistemas de radio comunicaci\u00f3n<\/li>\n<\/ul>\n<p> <img style='width: 100%; height: auto; border: 1px solid rgba(150&comma;150&comma;150&comma;0.3); border-radius: 8px;' src='https:\/\/ftp3.syscom.mx\/usuarios\/fotos\/BancoFotografiasSyscom\/ALTRONIX\/AL600ULXB\/AL600ULXB-p.PNG' alt=''> <\/div>\n<\/p><\/div>\n<div style='text-align: center; margin: 30px 0;'>\n<p style='font-size: 15px; color: inherit; opacity: 0.8; margin: 0 auto; max-width: 800px;'> <strong>Sistemas de alimentaci\u00f3n para aplicaciones en sistemas de seguridad electr\u00f3nica y comunicaci\u00f3n.<\/strong> <\/p>\n<\/p><\/div>\n<\/p><\/div>\n","protected":false},"excerpt":{"rendered":"<p>Fuente de alimentaci\u00f3n \/ Tipo tarjeta \/  salida \u00fanica\/  12\/24 Vcc \/ 6 A \/ Entrada 115 Vca<\/p>\n","protected":false},"featured_media":103938,"comment_status":"open","ping_status":"closed","template":"","meta":[],"product_brand":[],"product_cat":[2307],"product_tag":[495,142,2308],"class_list":{"0":"post-103939","1":"product","2":"type-product","3":"status-publish","4":"has-post-thumbnail","6":"product_cat-fuentes-de-alimentacion-con-respaldo","7":"product_tag-altronix","8":"product_tag-energia","9":"product_tag-fuentes-de-alimentacion-con-respaldo","11":"first","12":"instock","13":"sale","14":"shipping-taxable","15":"purchasable","16":"product-type-simple"},"_links":{"self":[{"href":"https:\/\/soydeaqui.ddns.net\/pachuca\/index.php\/wp-json\/wp\/v2\/product\/103939","targetHints":{"allow":["GET"]}}],"collection":[{"href":"https:\/\/soydeaqui.ddns.net\/pachuca\/index.php\/wp-json\/wp\/v2\/product"}],"about":[{"href":"https:\/\/soydeaqui.ddns.net\/pachuca\/index.php\/wp-json\/wp\/v2\/types\/product"}],"replies":[{"embeddable":true,"href":"https:\/\/soydeaqui.ddns.net\/pachuca\/index.php\/wp-json\/wp\/v2\/comments?post=103939"}],"wp:featuredmedia":[{"embeddable":true,"href":"https:\/\/soydeaqui.ddns.net\/pachuca\/index.php\/wp-json\/wp\/v2\/media\/103938"}],"wp:attachment":[{"href":"https:\/\/soydeaqui.ddns.net\/pachuca\/index.php\/wp-json\/wp\/v2\/media?parent=103939"}],"wp:term":[{"taxonomy":"product_brand","embeddable":true,"href":"https:\/\/soydeaqui.ddns.net\/pachuca\/index.php\/wp-json\/wp\/v2\/product_brand?post=103939"},{"taxonomy":"product_cat","embeddable":true,"href":"https:\/\/soydeaqui.ddns.net\/pachuca\/index.php\/wp-json\/wp\/v2\/product_cat?post=103939"},{"taxonomy":"product_tag","embeddable":true,"href":"https:\/\/soydeaqui.ddns.net\/pachuca\/index.php\/wp-json\/wp\/v2\/product_tag?post=103939"}],"curies":[{"name":"wp","href":"https:\/\/api.w.org\/{rel}","templated":true}]}}