{"id":103935,"date":"2026-03-20T14:08:05","date_gmt":"2026-03-20T14:08:05","guid":{"rendered":"https:\/\/soydeaqui.ddns.net\/pachuca\/index.php\/producto\/conmutador-kvm-8x1-4k60hz-lpcm-dts-dsd-2-0-2-1-51-7-1-canales-control-remoto-incluido-modo-de-conmutacion-boton-y-control-remoto-incluye-adaptador-de-corriente\/"},"modified":"2026-03-20T14:08:07","modified_gmt":"2026-03-20T14:08:07","slug":"conmutador-kvm-8x1-4k60hz-lpcm-dts-dsd-2-0-2-1-51-7-1-canales-control-remoto-incluido-modo-de-conmutacion-boton-y-control-remoto-incluye-adaptador-de-corriente","status":"publish","type":"product","link":"https:\/\/soydeaqui.ddns.net\/pachuca\/index.php\/producto\/conmutador-kvm-8x1-4k60hz-lpcm-dts-dsd-2-0-2-1-51-7-1-canales-control-remoto-incluido-modo-de-conmutacion-boton-y-control-remoto-incluye-adaptador-de-corriente\/","title":{"rendered":"Conmutador KVM 8X1 \/ 4K@60Hz \/ LPCM, DTS, DSD, 2.0, 2.1, 5,1, 7.1 Canales \/ Control Remoto Incluido \/ Modo de Conmutaci\u00f3n Bot\u00f3n y Control Remoto \/ Incluye Adaptador de Corriente"},"content":{"rendered":"<div style='width: 100%; max-width: 1200px; margin: 0 auto; font-family: sans-serif; line-height: 1.6; color: inherit; background-color: transparent;'> <!-- Secci\u00f3n de caracter\u00edsticas principales --> <\/p>\n<div style='display: flex; flex-wrap: wrap; gap: 30px; margin-bottom: 30px;'>\n<div style='flex: 1 1 300px; min-width: 280px;'>\n<h3 style='font-size: 22px; border-bottom: 2px solid currentColor; padding-bottom: 5px; margin-top: 0; color: inherit; opacity: 0.8;'>Caracter\u00edsticas Principales<\/h3>\n<ul style='padding-left: 20px; font-size: 15px; color: inherit;'>\n<li style='margin-bottom: 5px;'>Puerto de entrada: 8 HDMI&comma; 8 USB-B&comma; 1 IR-Rx<\/li>\n<li style='margin-bottom: 5px;'>Puerto de salida: 1 HDMI&comma; 2 USB 2.0&comma; 2 USB 1.1<\/li>\n<li style='margin-bottom: 5px;'>Admite 4K a 60Hz con cable HDMI m\u00e1ximo 5m<\/li>\n<li style='margin-bottom: 5px;'>Soporta 4K@30Hz con cable HDMI m\u00e1ximo 10m<\/li>\n<li style='margin-bottom: 5px;'>Soporta 1080P@60Hz con cable HDMI m\u00e1ximo 20m<\/li>\n<\/ul><\/div>\n<\/p><\/div>\n<p> <!-- Secci\u00f3n de especificaciones detalladas --> <\/p>\n<div style='display: flex; flex-wrap: wrap; gap: 20px; margin-bottom: 30px;'>\n<div style='flex: 1 1 250px; border: 1px solid rgba(150&comma; 150&comma; 150&comma; 0.4); border-radius: 8px; overflow: hidden; display: flex; flex-direction: column;'>\n<div style='padding: 15px; border-bottom: 1px solid rgba(150&comma; 150&comma; 150&comma; 0.2); font-weight: bold; font-size: 18px; color: inherit;'>Especificaciones de Puertos<\/div>\n<div style='padding: 15px; color: inherit;'>\n<ul style='padding-left: 20px; margin: 0; font-size: 14px; list-style-type: disc;'>\n<li style='margin-bottom: 5px;'><strong>Puerto de entrada:<\/strong> 8\u00d7HDMI&comma; 8\u00d7USB-B&comma; 1\u00d7IR RX<\/li>\n<li style='margin-bottom: 5px;'><strong>Puerto de salida:<\/strong> 1\u00d7HDMI&comma; 2\u00d7USB 2.0&comma; 2\u00d7USB 1.1<\/li>\n<li style='margin-bottom: 5px;'><strong>Puerto USB:<\/strong> USB 2.0 admite velocidades de transferencia de hasta 480 Mbps y compatibilidad hacia atr\u00e1s<\/li>\n<\/ul><\/div>\n<\/p><\/div>\n<div style='flex: 1 1 250px; border: 1px solid rgba(150&comma; 150&comma; 150&comma; 0.4); border-radius: 8px; overflow: hidden; display: flex; flex-direction: column;'>\n<div style='padding: 15px; border-bottom: 1px solid rgba(150&comma; 150&comma; 150&comma; 0.2); font-weight: bold; font-size: 18px; color: inherit;'>Soporte de Video y Audio<\/div>\n<div style='padding: 15px; color: inherit;'>\n<ul style='padding-left: 20px; margin: 0; font-size: 14px; list-style-type: disc;'>\n<li style='margin-bottom: 5px;'><strong>Puerto HDMI:<\/strong> Admite resoluciones de hasta 4K@60Hz y compatibilidad con versiones anteriores<\/li>\n<li style='margin-bottom: 5px;'><strong>Formato de audio:<\/strong> Compatible con LPCM\/DTS\/DSD&comma; 2.0\/2.1\/5.1\/7.1 canales<\/li>\n<\/ul><\/div>\n<\/p><\/div>\n<div style='flex: 1 1 250px; border: 1px solid rgba(150&comma; 150&comma; 150&comma; 0.4); border-radius: 8px; overflow: hidden; display: flex; flex-direction: column;'>\n<div style='padding: 15px; border-bottom: 1px solid rgba(150&comma; 150&comma; 150&comma; 0.2); font-weight: bold; font-size: 18px; color: inherit;'>Caracter\u00edsticas Adicionales<\/div>\n<div style='padding: 15px; color: inherit;'>\n<ul style='padding-left: 20px; margin: 0; font-size: 14px; list-style-type: disc;'>\n<li style='margin-bottom: 5px;'><strong>Longitud del cable USB:<\/strong> \u22643 m\/9&comma;8 pies<\/li>\n<li style='margin-bottom: 5px;'><strong>Modo de conmutaci\u00f3n:<\/strong> Bot\u00f3n\/tecla de acceso directo\/control remoto<\/li>\n<li style='margin-bottom: 5px;'><strong>Control remoto:<\/strong> Incluido&comma; infrarrojo<\/li>\n<\/ul><\/div>\n<\/p><\/div>\n<div style='flex: 1 1 250px; border: 1px solid rgba(150&comma; 150&comma; 150&comma; 0.4); border-radius: 8px; overflow: hidden; display: flex; flex-direction: column;'>\n<div style='padding: 15px; border-bottom: 1px solid rgba(150&comma; 150&comma; 150&comma; 0.2); font-weight: bold; font-size: 18px; color: inherit;'>Especificaciones F\u00edsicas<\/div>\n<div style='padding: 15px; color: inherit;'>\n<ul style='padding-left: 20px; margin: 0; font-size: 14px; list-style-type: disc;'>\n<li style='margin-bottom: 5px;'><strong>Adaptador de corriente:<\/strong> 12V 1A CC (5.5\u00d72.1 mm)<\/li>\n<li style='margin-bottom: 5px;'><strong>Sistemas compatibles:<\/strong> Windows XP\/Vista\/7\/8\/8.1\/10&comma; Linux&comma; macOS<\/li>\n<li style='margin-bottom: 5px;'><strong>Dimensiones:<\/strong> 320\u00d7120\u00d740 mm \/ 12.6\u00d74.7\u00d71.6 pulgadas<\/li>\n<\/ul><\/div>\n<\/p><\/div>\n<\/p><\/div>\n<p> <!-- Separador --> <\/p>\n<hr style='border: 0; border-top: 1px solid rgba(150&comma; 150&comma; 150&comma; 0.3); margin: 30px 0;'> <\/div>\n","protected":false},"excerpt":{"rendered":"<p>Conmutador KVM 8X1 \/ 4K@60Hz \/ LPCM, DTS, DSD, 2.0, 2.1, 5,1, 7.1 Canales \/ Control Remoto Incluido \/ Modo de Conmutaci\u00f3n Bot\u00f3n y Control Remoto \/ Incluye Adaptador de Corriente<\/p>\n","protected":false},"featured_media":32,"comment_status":"open","ping_status":"closed","template":"","meta":[],"product_brand":[],"product_cat":[2130],"product_tag":[488,650,2131],"class_list":{"0":"post-103935","1":"product","2":"type-product","3":"status-publish","4":"has-post-thumbnail","6":"product_cat-vga-dvi-hdmi","7":"product_tag-cables-y-conectores","8":"product_tag-ugreen","9":"product_tag-vga-dvi-hdmi","11":"first","12":"outofstock","13":"sale","14":"shipping-taxable","15":"purchasable","16":"product-type-simple"},"_links":{"self":[{"href":"https:\/\/soydeaqui.ddns.net\/pachuca\/index.php\/wp-json\/wp\/v2\/product\/103935","targetHints":{"allow":["GET"]}}],"collection":[{"href":"https:\/\/soydeaqui.ddns.net\/pachuca\/index.php\/wp-json\/wp\/v2\/product"}],"about":[{"href":"https:\/\/soydeaqui.ddns.net\/pachuca\/index.php\/wp-json\/wp\/v2\/types\/product"}],"replies":[{"embeddable":true,"href":"https:\/\/soydeaqui.ddns.net\/pachuca\/index.php\/wp-json\/wp\/v2\/comments?post=103935"}],"wp:featuredmedia":[{"embeddable":true,"href":"https:\/\/soydeaqui.ddns.net\/pachuca\/index.php\/wp-json\/wp\/v2\/media\/32"}],"wp:attachment":[{"href":"https:\/\/soydeaqui.ddns.net\/pachuca\/index.php\/wp-json\/wp\/v2\/media?parent=103935"}],"wp:term":[{"taxonomy":"product_brand","embeddable":true,"href":"https:\/\/soydeaqui.ddns.net\/pachuca\/index.php\/wp-json\/wp\/v2\/product_brand?post=103935"},{"taxonomy":"product_cat","embeddable":true,"href":"https:\/\/soydeaqui.ddns.net\/pachuca\/index.php\/wp-json\/wp\/v2\/product_cat?post=103935"},{"taxonomy":"product_tag","embeddable":true,"href":"https:\/\/soydeaqui.ddns.net\/pachuca\/index.php\/wp-json\/wp\/v2\/product_tag?post=103935"}],"curies":[{"name":"wp","href":"https:\/\/api.w.org\/{rel}","templated":true}]}}