{"id":103932,"date":"2026-03-20T14:07:53","date_gmt":"2026-03-20T14:07:53","guid":{"rendered":"https:\/\/soydeaqui.ddns.net\/pachuca\/index.php\/producto\/conmutador-matriz-hdmi-2-0-4x4-resolucion-4k-x-2k60hz-hdcp-2-2-1-4-3d-formatos-de-audio-dts-dsd-dolby-ac3-5-1-y-7-1-carcasa-de-metal-mantiene-la-memoria-de-configuracion\/"},"modified":"2026-03-20T14:07:55","modified_gmt":"2026-03-20T14:07:55","slug":"conmutador-matriz-hdmi-2-0-4x4-resolucion-4k-x-2k60hz-hdcp-2-2-1-4-3d-formatos-de-audio-dts-dsd-dolby-ac3-5-1-y-7-1-carcasa-de-metal-mantiene-la-memoria-de-configuracion","status":"publish","type":"product","link":"https:\/\/soydeaqui.ddns.net\/pachuca\/index.php\/producto\/conmutador-matriz-hdmi-2-0-4x4-resolucion-4k-x-2k60hz-hdcp-2-2-1-4-3d-formatos-de-audio-dts-dsd-dolby-ac3-5-1-y-7-1-carcasa-de-metal-mantiene-la-memoria-de-configuracion\/","title":{"rendered":"Conmutador Matriz HDMI 2.0 4X4 \/ Resoluci\u00f3n 4K x 2K@60Hz \/ HDCP 2.2, 1.4 \/ 3D \/ Formatos de audio DTS, DSD, Dolby AC3 5.1 y 7.1 \/ Carcasa de Metal \/ Mantiene la Memoria de Configuraci\u00f3n."},"content":{"rendered":"<div style='width: 100%; max-width: 1200px; margin: 0 auto; font-family: sans-serif; line-height: 1.6; color: inherit; background-color: transparent;'> <!-- Secci\u00f3n de im\u00e1genes --> <\/p>\n<div style='display: flex; flex-wrap: wrap; gap: 20px; margin-bottom: 30px;'>\n<div style='flex: 1 1 300px; min-width: 280px;'> <img style='width: 100%; height: auto; border: 1px solid rgba(150&comma;150&comma;150&comma;0.3); border-radius: 8px;' src='http:\/\/ftp3.syscom.mx\/usuarios\/hallende\/UGREEN\/70436\/70436-1.jpg' alt=''> <\/div>\n<\/p><\/div>\n<p> <!-- Secci\u00f3n de caracter\u00edsticas principales --> <\/p>\n<div style='display: flex; flex-wrap: wrap; gap: 30px; margin-bottom: 30px;'>\n<div style='flex: 1 1 300px; min-width: 280px;'>\n<h3 style='font-size: 22px; border-bottom: 2px solid currentColor; padding-bottom: 5px; margin-top: 0; color: inherit; opacity: 0.8;'>Caracter\u00edsticas Principales<\/h3>\n<ul style='padding-left: 20px; font-size: 15px; color: inherit;'>\n<li style='margin-bottom: 5px;'>Entrada: 4 puertos HDMI<\/li>\n<li style='margin-bottom: 5px;'>Salida: 4 puertos HDMI<\/li>\n<li style='margin-bottom: 5px;'>M\u00e9todos de control: control remoto&comma; bot\u00f3n visual y puerto RS232<\/li>\n<li style='margin-bottom: 5px;'>Admite cualquier combinaci\u00f3n de modos de divisi\u00f3n y conmutaci\u00f3n<\/li>\n<\/ul><\/div>\n<\/p><\/div>\n<p> <!-- Secci\u00f3n de especificaciones t\u00e9cnicas --> <\/p>\n<div style='display: flex; flex-wrap: wrap; gap: 20px; margin-bottom: 30px;'>\n<div style='flex: 1 1 250px; border: 1px solid rgba(150&comma; 150&comma; 150&comma; 0.4); border-radius: 8px; overflow: hidden; display: flex; flex-direction: column;'>\n<div style='padding: 15px; border-bottom: 1px solid rgba(150&comma; 150&comma; 150&comma; 0.2); font-weight: bold; font-size: 18px; color: inherit;'>Especificaciones T\u00e9cnicas<\/div>\n<div style='padding: 15px; color: inherit;'>\n<ul style='padding-left: 20px; margin: 0; font-size: 14px; list-style-type: disc;'>\n<li style='margin-bottom: 5px;'><strong>Est\u00e1ndar:<\/strong> HDMI 2.0<\/li>\n<li style='margin-bottom: 5px;'><strong>Resoluci\u00f3n:<\/strong> 4K x 2K@60Hz&comma; 1080P\/1080i&comma; 720P\/720i&comma; 576P\/576i&comma; 480P\/480i<\/li>\n<li style='margin-bottom: 5px;'><strong>Tasa de muestreo de audio:<\/strong> 192 KHz 24 bits (m\u00e1x.)<\/li>\n<li style='margin-bottom: 5px;'><strong>Formatos de audio:<\/strong> DTS&comma; DSD&comma; Dolby AC3 5.1 y 7.1<\/li>\n<li style='margin-bottom: 5px;'><strong>Formatos de v\u00eddeo:<\/strong> HDCP 2.2\/1.4&comma; 3D<\/li>\n<li style='margin-bottom: 5px;'><strong>Ancho de banda:<\/strong> Hasta 18 Gbps<\/li>\n<li style='margin-bottom: 5px;'><strong>Memoria:<\/strong> Mantiene configuraci\u00f3n despu\u00e9s de apagado\/reinicio<\/li>\n<li style='margin-bottom: 5px;'><strong>Caracter\u00edsticas adicionales:<\/strong> Soporte EDID&comma; CEC (Input1 a Output1)<\/li>\n<\/ul><\/div>\n<\/p><\/div>\n<p> <!-- Secci\u00f3n de compatibilidad --> <\/p>\n<div style='flex: 1 1 250px; border: 1px solid rgba(150&comma; 150&comma; 150&comma; 0.4); border-radius: 8px; overflow: hidden; display: flex; flex-direction: column;'>\n<div style='padding: 15px; border-bottom: 1px solid rgba(150&comma; 150&comma; 150&comma; 0.2); font-weight: bold; font-size: 18px; color: inherit;'>Compatibilidad<\/div>\n<div style='padding: 15px; color: inherit;'>\n<ul style='padding-left: 20px; margin: 0; font-size: 14px; list-style-type: disc;'>\n<li style='margin-bottom: 5px;'><strong>Sistemas:<\/strong> MAC OS 1&comma; Windows&comma; Linux<\/li>\n<li style='margin-bottom: 5px;'><strong>Cableado:<\/strong> Soporta cables HDMI AWG28 hasta 8m a 4K@30Hz y 5m a 4K@60Hz<\/li>\n<\/ul><\/div>\n<\/p><\/div>\n<p> <!-- Secci\u00f3n de dise\u00f1o --> <\/p>\n<div style='flex: 1 1 250px; border: 1px solid rgba(150&comma; 150&comma; 150&comma; 0.4); border-radius: 8px; overflow: hidden; display: flex; flex-direction: column;'>\n<div style='padding: 15px; border-bottom: 1px solid rgba(150&comma; 150&comma; 150&comma; 0.2); font-weight: bold; font-size: 18px; color: inherit;'>Dise\u00f1o<\/div>\n<div style='padding: 15px; color: inherit;'>\n<ul style='padding-left: 20px; margin: 0; font-size: 14px; list-style-type: disc;'>\n<li style='margin-bottom: 5px;'><strong>Carcasa:<\/strong> Metal puro con buena disipaci\u00f3n de calor<\/li>\n<li style='margin-bottom: 5px;'><strong>Dimensiones:<\/strong> 275 x 102 x 22 mm<\/li>\n<\/ul><\/div>\n<\/p><\/div>\n<p> <!-- Secci\u00f3n de alimentaci\u00f3n --> <\/p>\n<div style='flex: 1 1 250px; border: 1px solid rgba(150&comma; 150&comma; 150&comma; 0.4); border-radius: 8px; overflow: hidden; display: flex; flex-direction: column;'>\n<div style='padding: 15px; border-bottom: 1px solid rgba(150&comma; 150&comma; 150&comma; 0.2); font-weight: bold; font-size: 18px; color: inherit;'>Alimentaci\u00f3n<\/div>\n<div style='padding: 15px; color: inherit;'>\n<ul style='padding-left: 20px; margin: 0; font-size: 14px; list-style-type: disc;'>\n<li style='margin-bottom: 5px;'><strong>Fuente:<\/strong> DC 12V \u00b15%\/2A (5.5*2.1*10mm&comma; interior positivo)<\/li>\n<\/ul><\/div>\n<\/p><\/div>\n<\/p><\/div>\n<p> <!-- Separador --> <\/p>\n<hr style='border: 0; border-top: 1px solid rgba(150&comma; 150&comma; 150&comma; 0.3); margin: 30px 0;'> <\/div>\n","protected":false},"excerpt":{"rendered":"<p>Conmutador Matriz HDMI 2.0 4X4 \/ Resoluci\u00f3n 4K x 2K@60Hz \/ HDCP 2.2, 1.4 \/ 3D \/ Formatos de audio DTS, DSD, Dolby AC3 5.1 y 7.1 \/ Carcasa de Metal \/ Mantiene la Memoria de Configuraci\u00f3n.<\/p>\n","protected":false},"featured_media":32,"comment_status":"open","ping_status":"closed","template":"","meta":[],"product_brand":[],"product_cat":[2130],"product_tag":[488,650,2131],"class_list":{"0":"post-103932","1":"product","2":"type-product","3":"status-publish","4":"has-post-thumbnail","6":"product_cat-vga-dvi-hdmi","7":"product_tag-cables-y-conectores","8":"product_tag-ugreen","9":"product_tag-vga-dvi-hdmi","11":"first","12":"outofstock","13":"sale","14":"shipping-taxable","15":"purchasable","16":"product-type-simple"},"_links":{"self":[{"href":"https:\/\/soydeaqui.ddns.net\/pachuca\/index.php\/wp-json\/wp\/v2\/product\/103932","targetHints":{"allow":["GET"]}}],"collection":[{"href":"https:\/\/soydeaqui.ddns.net\/pachuca\/index.php\/wp-json\/wp\/v2\/product"}],"about":[{"href":"https:\/\/soydeaqui.ddns.net\/pachuca\/index.php\/wp-json\/wp\/v2\/types\/product"}],"replies":[{"embeddable":true,"href":"https:\/\/soydeaqui.ddns.net\/pachuca\/index.php\/wp-json\/wp\/v2\/comments?post=103932"}],"wp:featuredmedia":[{"embeddable":true,"href":"https:\/\/soydeaqui.ddns.net\/pachuca\/index.php\/wp-json\/wp\/v2\/media\/32"}],"wp:attachment":[{"href":"https:\/\/soydeaqui.ddns.net\/pachuca\/index.php\/wp-json\/wp\/v2\/media?parent=103932"}],"wp:term":[{"taxonomy":"product_brand","embeddable":true,"href":"https:\/\/soydeaqui.ddns.net\/pachuca\/index.php\/wp-json\/wp\/v2\/product_brand?post=103932"},{"taxonomy":"product_cat","embeddable":true,"href":"https:\/\/soydeaqui.ddns.net\/pachuca\/index.php\/wp-json\/wp\/v2\/product_cat?post=103932"},{"taxonomy":"product_tag","embeddable":true,"href":"https:\/\/soydeaqui.ddns.net\/pachuca\/index.php\/wp-json\/wp\/v2\/product_tag?post=103932"}],"curies":[{"name":"wp","href":"https:\/\/api.w.org\/{rel}","templated":true}]}}