{"id":103925,"date":"2026-03-20T14:07:29","date_gmt":"2026-03-20T14:07:29","guid":{"rendered":"https:\/\/soydeaqui.ddns.net\/pachuca\/index.php\/producto\/nvr-16ch-de-hasta-32mp-compatible-con-los-codecs-h-265-h-264-y-mjpeg-salida-de-video-4k-soporta-p2p-incluye-48tb\/"},"modified":"2026-03-20T14:07:35","modified_gmt":"2026-03-20T14:07:35","slug":"nvr-16ch-de-hasta-32mp-compatible-con-los-codecs-h-265-h-264-y-mjpeg-salida-de-video-4k-soporta-p2p-incluye-48tb","status":"publish","type":"product","link":"https:\/\/soydeaqui.ddns.net\/pachuca\/index.php\/producto\/nvr-16ch-de-hasta-32mp-compatible-con-los-codecs-h-265-h-264-y-mjpeg-salida-de-video-4k-soporta-p2p-incluye-48tb\/","title":{"rendered":"NVR 16CH de Hasta 32MP, Compatible con los c\u00f3decs H.265, H.264 y MJPEG, Salida de Video 4K, Soporta P2P, Incluye 48TB"},"content":{"rendered":"<div style='width: 100%; max-width: 1200px; margin: 0 auto; font-family: sans-serif; line-height: 1.6; color: inherit; background-color: transparent;'>\n<div style='display: flex; flex-wrap: wrap; gap: 30px; margin-bottom: 30px;'>\n<div style='flex: 1 1 300px; min-width: 280px;'>\n<h3 style='font-size: 22px; border-bottom: 2px solid currentColor; padding-bottom: 5px; margin-top: 0; color: inherit; opacity: 0.8;'>Caracter\u00edsticas del NVR<\/h3>\n<ul style='padding-left: 20px; font-size: 15px; color: inherit;'>\n<li style='margin-bottom: 5px;'>Soporta 16 c\u00e1maras de hasta m\u00e1ximo 32MP<\/li>\n<li style='margin-bottom: 5px;'>Compresi\u00f3n de video: H.265&comma; H264&comma; MJPEG<\/li>\n<li style='margin-bottom: 5px;'>Soporta mouse USB para operar (incluido)<\/li>\n<li style='margin-bottom: 5px;'>Soporta 8HDD de hasta 10TB (No incluye HDD) Incluye 48TB<\/li>\n<li style='margin-bottom: 5px;'>Soporta Hanwha security DDNS<\/li>\n<li style='margin-bottom: 5px;'>Acceso por dispositivo m\u00f3vil: Android&comma; iOS<\/li>\n<li style='margin-bottom: 5px;'>Protocolos: Samsung&comma; ONVIF<\/li>\n<li style='margin-bottom: 5px;'>Soporta P2P<\/li>\n<li style='margin-bottom: 5px;'>Compatible con C\u00e1maras Wisenet de inteligencia artificial.<\/li>\n<li style='margin-bottom: 5px;'>Compatible con gabinete met\u00e1lico GAB-VID2-R2.<\/li>\n<\/ul><\/div>\n<div style='flex: 1 1 250px; border: 1px solid rgba(150&comma; 150&comma; 150&comma; 0.4); border-radius: 8px; overflow: hidden; display: flex; flex-direction: column;'>\n<div style='padding: 15px; border-bottom: 1px solid rgba(150&comma; 150&comma; 150&comma; 0.2); font-weight: bold; font-size: 18px; color: inherit;'>Caracter\u00edsticas de red<\/div>\n<div style='padding: 15px; color: inherit;'>\n<ul style='padding-left: 20px; margin: 0; font-size: 14px; list-style-type: disc;'>\n<li style='margin-bottom: 5px;'>Throughput de entrada: 140 Mbps<\/li>\n<li style='margin-bottom: 5px;'>Throughput de salida: 140 Mbps m\u00e1ximo<\/li>\n<li style='margin-bottom: 5px;'>Max. de usuarios remotos: 3 reproducci\u00f3n y 10 vista en directo<\/li>\n<li style='margin-bottom: 5px;'>2 Puertos de red<\/li>\n<\/ul><\/div>\n<\/p><\/div>\n<div style='flex: 1 1 250px; border: 1px solid rgba(150&comma; 150&comma; 150&comma; 0.4); border-radius: 8px; overflow: hidden; display: flex; flex-direction: column;'>\n<div style='padding: 15px; border-bottom: 1px solid rgba(150&comma; 150&comma; 150&comma; 0.2); font-weight: bold; font-size: 18px; color: inherit;'>Interfaces<\/div>\n<div style='padding: 15px; color: inherit;'>\n<ul style='padding-left: 20px; margin: 0; font-size: 14px; list-style-type: disc;'>\n<li style='margin-bottom: 5px;'>Salida VGA<\/li>\n<li style='margin-bottom: 5px;'>Salida HDMI en 4K<\/li>\n<li style='margin-bottom: 5px;'>Entradas de Audio: 16 (si la c\u00e1maras cuentan con entradas de audio)<\/li>\n<li style='margin-bottom: 5px;'>Audio de dos v\u00edas<\/li>\n<li style='margin-bottom: 5px;'>Alarma: 4 Entradas \/ 2 Salidas<\/li>\n<li style='margin-bottom: 5px;'>USB: 3 Puertos<\/li>\n<\/ul><\/div>\n<\/p><\/div>\n<div style='flex: 1 1 250px; border: 1px solid rgba(150&comma; 150&comma; 150&comma; 0.4); border-radius: 8px; overflow: hidden; display: flex; flex-direction: column;'>\n<div style='padding: 15px; border-bottom: 1px solid rgba(150&comma; 150&comma; 150&comma; 0.2); font-weight: bold; font-size: 18px; color: inherit;'>Caracter\u00edsticas f\u00edsicas y el\u00e9ctricas<\/div>\n<div style='padding: 15px; color: inherit;'>\n<ul style='padding-left: 20px; margin: 0; font-size: 14px; list-style-type: disc;'>\n<li style='margin-bottom: 5px;'>Alimentaci\u00f3n: 100 ~ 240 VCA<\/li>\n<li style='margin-bottom: 5px;'>Consumo: Max. 130W<\/li>\n<li style='margin-bottom: 5px;'>Dimensiones: 440.0 x 89.8 x 428.4mm (17.17&#8242; x 5.2&#8242; x 17.72&#8242;)<\/li>\n<li style='margin-bottom: 5px;'>Peso: 5.71Kg (sin discos duros)<\/li>\n<\/ul><\/div>\n<\/p><\/div>\n<\/p><\/div>\n<hr style='border: 0; border-top: 1px solid rgba(150&comma; 150&comma; 150&comma; 0.3); margin: 30px 0;'>\n<div style='margin-bottom: 30px; font-size: 15px; color: inherit;'>\n<p style='margin: 0 0 15px 0;'>Garant\u00eda de 3 a\u00f1os.<\/p>\n<p style='margin: 0; padding: 15px; background-color: rgba(248&comma; 250&comma; 252&comma; 0.6); border-left: 4px solid #3366cc; color: #202124; font-size: 14px;'> <strong>NOTA:<\/strong> (El P2P es unicamente compatible con dispositivos m\u00f3viles a trav\u00e9s de la aplicaci\u00f3n Wisenet mobile&comma; no es compatible con Smart Viewer&comma; SSM o Wisenet Wave). <\/p>\n<\/p><\/div>\n<div style='margin-bottom: 30px;'>\n<div style='position: relative; padding-bottom: 56.25%; height: 0; overflow: hidden; margin-bottom: 30px;'>   <\/div>\n<div style='position: relative; padding-bottom: 56.25%; height: 0; overflow: hidden; margin-bottom: 30px;'>   <\/div>\n<\/p><\/div>\n<\/p><\/div>\n","protected":false},"excerpt":{"rendered":"<p>NVR 16CH de Hasta 32MP, Compatible con los c\u00f3decs H.265, H.264 y MJPEG, Salida de Video 4K, Soporta P2P, Incluye 48TB<\/p>\n","protected":false},"featured_media":103924,"comment_status":"open","ping_status":"closed","template":"","meta":[],"product_brand":[],"product_cat":[2234],"product_tag":[122,1055,2235],"class_list":{"0":"post-103925","1":"product","2":"type-product","3":"status-publish","4":"has-post-thumbnail","6":"product_cat-nvrs-network-video-recorders","7":"product_tag-camaras-ip-y-nvrs","8":"product_tag-hanwha-vision","9":"product_tag-nvrs-network-video-recorders","11":"first","12":"outofstock","13":"sale","14":"shipping-taxable","15":"purchasable","16":"product-type-simple"},"_links":{"self":[{"href":"https:\/\/soydeaqui.ddns.net\/pachuca\/index.php\/wp-json\/wp\/v2\/product\/103925","targetHints":{"allow":["GET"]}}],"collection":[{"href":"https:\/\/soydeaqui.ddns.net\/pachuca\/index.php\/wp-json\/wp\/v2\/product"}],"about":[{"href":"https:\/\/soydeaqui.ddns.net\/pachuca\/index.php\/wp-json\/wp\/v2\/types\/product"}],"replies":[{"embeddable":true,"href":"https:\/\/soydeaqui.ddns.net\/pachuca\/index.php\/wp-json\/wp\/v2\/comments?post=103925"}],"wp:featuredmedia":[{"embeddable":true,"href":"https:\/\/soydeaqui.ddns.net\/pachuca\/index.php\/wp-json\/wp\/v2\/media\/103924"}],"wp:attachment":[{"href":"https:\/\/soydeaqui.ddns.net\/pachuca\/index.php\/wp-json\/wp\/v2\/media?parent=103925"}],"wp:term":[{"taxonomy":"product_brand","embeddable":true,"href":"https:\/\/soydeaqui.ddns.net\/pachuca\/index.php\/wp-json\/wp\/v2\/product_brand?post=103925"},{"taxonomy":"product_cat","embeddable":true,"href":"https:\/\/soydeaqui.ddns.net\/pachuca\/index.php\/wp-json\/wp\/v2\/product_cat?post=103925"},{"taxonomy":"product_tag","embeddable":true,"href":"https:\/\/soydeaqui.ddns.net\/pachuca\/index.php\/wp-json\/wp\/v2\/product_tag?post=103925"}],"curies":[{"name":"wp","href":"https:\/\/api.w.org\/{rel}","templated":true}]}}