{"id":10392,"date":"2026-03-18T07:35:17","date_gmt":"2026-03-18T07:35:17","guid":{"rendered":"https:\/\/soydeaqui.ddns.net\/pachuca\/index.php\/producto\/patch-panel-utp-hd6-de-24-puertos-precargado-con-jacks-categora-6-plano-1ur\/"},"modified":"2026-03-18T07:35:17","modified_gmt":"2026-03-18T07:35:17","slug":"patch-panel-utp-hd6-de-24-puertos-precargado-con-jacks-categora-6-plano-1ur","status":"publish","type":"product","link":"https:\/\/soydeaqui.ddns.net\/pachuca\/index.php\/producto\/patch-panel-utp-hd6-de-24-puertos-precargado-con-jacks-categora-6-plano-1ur\/","title":{"rendered":"Patch Panel UTP HD6 de 24 Puertos, Precargado con Jacks Categor?a 6, Plano, 1UR"},"content":{"rendered":"<div style='width: 100%; max-width: 1200px; margin: 0 auto; font-family: sans-serif; line-height: 1.6; color: inherit; background-color: transparent;'> <!-- Secci\u00f3n de descripci\u00f3n principal --> <\/p>\n<div style='margin-bottom: 30px;'>\n<h2 style='font-size: 20px; border-bottom: 2px solid currentColor; padding-bottom: 5px; margin-top: 0; color: inherit; opacity: 0.8;'>Descripci\u00f3n General<\/h2>\n<p style='font-size: 15px; color: inherit; margin-bottom: 15px;'> El panel de conexi\u00f3n de alta densidad para categor\u00eda 6 de Siemon fue el primero de la industria en cumplir con las normas de esta categor\u00eda hasta 250 MHz. Junto a este desempe\u00f1o superior de Categor\u00eda 6&comma; el Panel HD 6 de Siemon ofrece un f\u00e1cil uso de terminado&comma; etiquetado y caracter\u00edsticas de gesti\u00f3n de cables robustos. <\/p>\n<p style='font-size: 15px; color: inherit; margin-bottom: 15px;'> Combine los cordones modulares MC\u00ae6 con los m\u00f3dulos MAX\u00ae6 y los p\u00e1neles de conexi\u00f3n HD6&comma; para una soluci\u00f3n completa de canal categor\u00eda 6. <\/p>\n<\/p><\/div>\n<p> <!-- Secci\u00f3n de caracter\u00edsticas --> <\/p>\n<div style='display: flex; flex-wrap: wrap; gap: 30px; margin-bottom: 30px;'>\n<div style='flex: 1 1 300px; min-width: 280px;'>\n<h3 style='font-size: 18px; border-bottom: 2px solid currentColor; padding-bottom: 5px; margin-top: 0; color: inherit; opacity: 0.8;'>Caracter\u00edsticas Principales<\/h3>\n<ul style='padding-left: 20px; font-size: 15px; color: inherit;'>\n<li style='margin-bottom: 5px;'>Cumple normas Categor\u00eda 6 hasta 250 MHz<\/li>\n<li style='margin-bottom: 5px;'>Panel de conexi\u00f3n de alta densidad<\/li>\n<li style='margin-bottom: 5px;'>Terminado y etiquetado f\u00e1cil&comma; gesti\u00f3n robusta<\/li>\n<li style='margin-bottom: 5px;'>Disponible en configuraciones de 16&comma; 24&comma; 32&comma; 48 y 96 puertos<\/li>\n<li style='margin-bottom: 5px;'>Compatibilidad con herramientas est\u00e1ndar 110<\/li>\n<\/ul><\/div>\n<div style='flex: 1 1 300px; min-width: 280px;'>\n<h3 style='font-size: 18px; border-bottom: 2px solid currentColor; padding-bottom: 5px; margin-top: 0; color: inherit; opacity: 0.8;'>Caracter\u00edsticas de Dise\u00f1o<\/h3>\n<ul style='padding-left: 20px; font-size: 15px; color: inherit;'>\n<li style='margin-bottom: 5px;'>Dise\u00f1o plano sin protuberancias<\/li>\n<li style='margin-bottom: 5px;'>Acabados conforme a est\u00e1ndar 110<\/li>\n<li style='margin-bottom: 5px;'>Incluye etiquetas de designaci\u00f3n e iconos de servicios<\/li>\n<li style='margin-bottom: 5px;'>Montaje directo en rack 19&#8242; EIA<\/li>\n<li style='margin-bottom: 5px;'>Cableado universal T568A y T568B<\/li>\n<\/ul><\/div>\n<\/p><\/div>\n<p> <!-- Secci\u00f3n de especificaciones el\u00e9ctricas --> <\/p>\n<div style='display: flex; flex-wrap: wrap; gap: 20px; margin-bottom: 30px;'>\n<div style='flex: 1 1 250px; border: 1px solid rgba(150&comma; 150&comma; 150&comma; 0.4); border-radius: 8px; overflow: hidden; display: flex; flex-direction: column;'>\n<div style='padding: 15px; border-bottom: 1px solid rgba(150&comma; 150&comma; 150&comma; 0.2); font-weight: bold; font-size: 18px; color: inherit;'>Especificaciones El\u00e9ctricas<\/div>\n<div style='padding: 15px; color: inherit;'>\n<ul style='padding-left: 20px; margin: 0; font-size: 14px; list-style-type: disc;'>\n<li style='margin-bottom: 5px;'><strong>Resistencia de Contacto:<\/strong> 20 m\u03a9<\/li>\n<li style='margin-bottom: 5px;'><strong>Resistencia de entrada y salida:<\/strong> 200 m\u03a9<\/li>\n<li style='margin-bottom: 5px;'><strong>Voltaje de resistencia diel\u00e9ctrica:<\/strong> 1000 V DC o AC pico (contacto a contacto)<\/li>\n<li style='margin-bottom: 5px;'><strong>Resistencia de aislamiento:<\/strong> 500 M\u03a9<\/li>\n<li style='margin-bottom: 5px;'><strong>Valoraci\u00f3n de corriente:<\/strong> 1.5 A<\/li>\n<li style='margin-bottom: 5px;'><strong>Compatibilidad:<\/strong> PoE&comma; PoE+ y PoE++<\/li>\n<\/ul><\/div>\n<\/p><\/div>\n<p> <!-- Secci\u00f3n de especificaciones mec\u00e1nicas --> <\/p>\n<div style='flex: 1 1 250px; border: 1px solid rgba(150&comma; 150&comma; 150&comma; 0.4); border-radius: 8px; overflow: hidden; display: flex; flex-direction: column;'>\n<div style='padding: 15px; border-bottom: 1px solid rgba(150&comma; 150&comma; 150&comma; 0.2); font-weight: bold; font-size: 18px; color: inherit;'>Especificaciones Mec\u00e1nicas<\/div>\n<div style='padding: 15px; color: inherit;'>\n<ul style='padding-left: 20px; margin: 0; font-size: 14px; list-style-type: disc;'>\n<li style='margin-bottom: 5px;'><strong>Rango del tama\u00f1o del cable:<\/strong> 23-26 AWG s\u00f3lido y trenzado<\/li>\n<li style='margin-bottom: 5px;'><strong>Rango del di\u00e1metro de aislamiento:<\/strong> 1.48mm<\/li>\n<li style='margin-bottom: 5px;'><strong>Tama\u00f1o del Conductor OD:<\/strong> 0.60mm max.<\/li>\n<li style='margin-bottom: 5px;'><strong>Cable OD:<\/strong> 9mm max.<\/li>\n<li style='margin-bottom: 5px;'><strong>Temperatura de Operaci\u00f3n:<\/strong> -10 a 60\u00b0C<\/li>\n<li style='margin-bottom: 5px;'><strong>Rango de Flamabilidad:<\/strong> UL 94 V-0<\/li>\n<\/ul><\/div>\n<\/p><\/div>\n<p> <!-- Secci\u00f3n de compatibilidad --> <\/p>\n<div style='flex: 1 1 250px; border: 1px solid rgba(150&comma; 150&comma; 150&comma; 0.4); border-radius: 8px; overflow: hidden; display: flex; flex-direction: column;'>\n<div style='padding: 15px; border-bottom: 1px solid rgba(150&comma; 150&comma; 150&comma; 0.2); font-weight: bold; font-size: 18px; color: inherit;'>Compatibilidad<\/div>\n<div style='padding: 15px; color: inherit;'>\n<ul style='padding-left: 20px; margin: 0; font-size: 14px; list-style-type: disc;'>\n<li style='margin-bottom: 5px;'>Hacia atr\u00e1s con Cat. 5e y Cat. 3<\/li>\n<li style='margin-bottom: 5px;'>Compatibilidad con conectores RJ45<\/li>\n<li style='margin-bottom: 5px;'>Compatibilidad con RJ11 (6-posici\u00f3n)<\/li>\n<\/ul><\/div>\n<\/p><\/div>\n<\/p><\/div>\n<p> <!-- Secci\u00f3n de materiales --> <\/p>\n<div style='display: flex; flex-wrap: wrap; gap: 20px; margin-bottom: 30px;'>\n<div style='flex: 1 1 250px; border: 1px solid rgba(150&comma; 150&comma; 150&comma; 0.4); border-radius: 8px; overflow: hidden; display: flex; flex-direction: column;'>\n<div style='padding: 15px; border-bottom: 1px solid rgba(150&comma; 150&comma; 150&comma; 0.2); font-weight: bold; font-size: 18px; color: inherit;'>Materiales<\/div>\n<div style='padding: 15px; color: inherit;'>\n<ul style='padding-left: 20px; margin: 0; font-size: 14px; list-style-type: disc;'>\n<li style='margin-bottom: 5px;'><strong>Cubierta del conector:<\/strong> Vidrio y nailon reforzado<\/li>\n<li style='margin-bottom: 5px;'><strong>Contacto del conector:<\/strong> Bronce f\u00f3sforo chapeado&comma; acero inoxidable<\/li>\n<li style='margin-bottom: 5px;'><strong>Pl\u00e1stico del conector:<\/strong> Termopl\u00e1stico retardante a la flama<\/li>\n<li style='margin-bottom: 5px;'><strong>Caracter\u00edsticas Green:<\/strong> RoHS&comma; sin plomo&comma; sin hal\u00f3geno&comma; sin PVC<\/li>\n<\/ul><\/div>\n<\/p><\/div>\n<p> <!-- Secci\u00f3n de configuraciones --> <\/p>\n<div style='flex: 1 1 250px; border: 1px solid rgba(150&comma; 150&comma; 150&comma; 0.4); border-radius: 8px; overflow: hidden; display: flex; flex-direction: column;'>\n<div style='padding: 15px; border-bottom: 1px solid rgba(150&comma; 150&comma; 150&comma; 0.2); font-weight: bold; font-size: 18px; color: inherit;'>Configuraciones Disponibles<\/div>\n<div style='padding: 15px; color: inherit;'>\n<ul style='padding-left: 20px; margin: 0; font-size: 14px; list-style-type: disc;'>\n<li style='margin-bottom: 5px;'>HD6-16 &#8211; Panel plano de 16 puertos<\/li>\n<li style='margin-bottom: 5px;'>HD6-24 &#8211; Panel plano de 24 puertos<\/li>\n<li style='margin-bottom: 5px;'>HD6-32 &#8211; Panel plano de 32 puertos<\/li>\n<li style='margin-bottom: 5px;'>HD6-48 &#8211; Panel plano de 48 puertos<\/li>\n<li style='margin-bottom: 5px;'>HD6-96 &#8211; Panel plano de 96 puertos<\/li>\n<\/ul><\/div>\n<\/p><\/div>\n<p> <!-- Secci\u00f3n de terminaciones --> <\/p>\n<div style='flex: 1 1 250px; border: 1px solid rgba(150&comma; 150&comma; 150&comma; 0.4); border-radius: 8px; overflow: hidden; display: flex; flex-direction: column;'>\n<div style='padding: 15px; border-bottom: 1px solid rgba(150&comma; 150&comma; 150&comma; 0.2); font-weight: bold; font-size: 18px; color: inherit;'>Opciones de Terminaci\u00f3n<\/div>\n<div style='padding: 15px; color: inherit;'>\n<ul style='padding-left: 20px; margin: 0; font-size: 14px; list-style-type: disc;'>\n<li style='margin-bottom: 5px;'>Terminaci\u00f3n con herramienta 110 est\u00e1ndar<\/li>\n<li style='margin-bottom: 5px;'>Sistema de entrada de cable tipo pir\u00e1mide<\/li>\n<li style='margin-bottom: 5px;'>Gestor de cable trasero integrado<\/li>\n<\/ul><\/div>\n<\/p><\/div>\n<\/p><\/div>\n<p> <!-- Secci\u00f3n de imagen --> <\/p>\n<div style='margin-bottom: 30px;'>\n<h3 style='font-size: 18px; border-bottom: 2px solid currentColor; padding-bottom: 5px; margin-top: 0; color: inherit; opacity: 0.8;'>Imagen del Producto<\/h3>\n<div style='margin-top: 15px;'> <img style='width: 100%; height: auto; border: 1px solid rgba(150&comma;150&comma;150&comma;0.3); border-radius: 8px;' src='http:\/\/ftp3.syscom.mx\/usuarios\/fotos\/HD624\/88198-foto2.jpg' alt='Patch Panel UTP HD6 de 24 puertos'> <\/div>\n<\/p><\/div>\n<p> <!-- Separador final --> <\/p>\n<hr style='border: 0; border-top: 1px solid rgba(150&comma; 150&comma; 150&comma; 0.3); margin: 30px 0;'> <\/div>\n","protected":false},"excerpt":{"rendered":"<p>Patch Panel UTP HD6 de 24 Puertos, Precargado con Jacks Categor?a 6, Plano, 1UR<\/p>\n","protected":false},"featured_media":10391,"comment_status":"open","ping_status":"closed","template":"","meta":[],"product_brand":[],"product_cat":[613],"product_tag":[586,614,600],"class_list":{"0":"post-10392","1":"product","2":"type-product","3":"status-publish","4":"has-post-thumbnail","6":"product_cat-patch-panels","7":"product_tag-cableado-de-cobre","8":"product_tag-patch-panels","9":"product_tag-siemon","11":"first","12":"instock","13":"sale","14":"shipping-taxable","15":"purchasable","16":"product-type-simple"},"_links":{"self":[{"href":"https:\/\/soydeaqui.ddns.net\/pachuca\/index.php\/wp-json\/wp\/v2\/product\/10392","targetHints":{"allow":["GET"]}}],"collection":[{"href":"https:\/\/soydeaqui.ddns.net\/pachuca\/index.php\/wp-json\/wp\/v2\/product"}],"about":[{"href":"https:\/\/soydeaqui.ddns.net\/pachuca\/index.php\/wp-json\/wp\/v2\/types\/product"}],"replies":[{"embeddable":true,"href":"https:\/\/soydeaqui.ddns.net\/pachuca\/index.php\/wp-json\/wp\/v2\/comments?post=10392"}],"wp:featuredmedia":[{"embeddable":true,"href":"https:\/\/soydeaqui.ddns.net\/pachuca\/index.php\/wp-json\/wp\/v2\/media\/10391"}],"wp:attachment":[{"href":"https:\/\/soydeaqui.ddns.net\/pachuca\/index.php\/wp-json\/wp\/v2\/media?parent=10392"}],"wp:term":[{"taxonomy":"product_brand","embeddable":true,"href":"https:\/\/soydeaqui.ddns.net\/pachuca\/index.php\/wp-json\/wp\/v2\/product_brand?post=10392"},{"taxonomy":"product_cat","embeddable":true,"href":"https:\/\/soydeaqui.ddns.net\/pachuca\/index.php\/wp-json\/wp\/v2\/product_cat?post=10392"},{"taxonomy":"product_tag","embeddable":true,"href":"https:\/\/soydeaqui.ddns.net\/pachuca\/index.php\/wp-json\/wp\/v2\/product_tag?post=10392"}],"curies":[{"name":"wp","href":"https:\/\/api.w.org\/{rel}","templated":true}]}}