{"id":103916,"date":"2026-03-20T14:07:01","date_gmt":"2026-03-20T14:07:01","guid":{"rendered":"https:\/\/soydeaqui.ddns.net\/pachuca\/index.php\/producto\/kit-de-extensor-hdmi-vga-inalambrico-tx-hdmi-usb-c-rx-hdmi-vga-usb-c-audio-de-3-5-mm-1080p60hz-50m-transmite-imagen-y-sonido-carcasa-de-aleacion-de-aluminio-abs-no\/"},"modified":"2026-03-20T14:07:03","modified_gmt":"2026-03-20T14:07:03","slug":"kit-de-extensor-hdmi-vga-inalambrico-tx-hdmi-usb-c-rx-hdmi-vga-usb-c-audio-de-3-5-mm-1080p60hz-50m-transmite-imagen-y-sonido-carcasa-de-aleacion-de-aluminio-abs-no","status":"publish","type":"product","link":"https:\/\/soydeaqui.ddns.net\/pachuca\/index.php\/producto\/kit-de-extensor-hdmi-vga-inalambrico-tx-hdmi-usb-c-rx-hdmi-vga-usb-c-audio-de-3-5-mm-1080p60hz-50m-transmite-imagen-y-sonido-carcasa-de-aleacion-de-aluminio-abs-no\/","title":{"rendered":"Kit de extensor HDMI \u2013 VGA Inal\u00e1mbrico \/ TX: HDMI +USB-C \/ RX: HDMI + VGA + USB-C + Audio de 3.5 mm \/ 1080P@60Hz \/ 50m \/ Transmite Imagen y Sonido \/ Carcasa de Aleaci\u00f3n de Aluminio + ABS \/ No requiere drivers externos para su instalaci"},"content":{"rendered":"<div style='width: 100%; max-width: 1200px; margin: 0 auto; font-family: sans-serif; line-height: 1.6; color: inherit; background-color: transparent;'> <!-- Secci\u00f3n de caracter\u00edsticas principales --> <\/p>\n<div style='display: flex; flex-wrap: wrap; gap: 30px; margin-bottom: 30px;'>\n<div style='flex: 1 1 300px; min-width: 280px;'>\n<h3 style='font-size: 22px; border-bottom: 2px solid currentColor; padding-bottom: 5px; margin-top: 0; color: inherit; opacity: 0.8;'>Caracter\u00edsticas Principales<\/h3>\n<ul style='padding-left: 20px; font-size: 15px; color: inherit;'>\n<li style='margin-bottom: 5px;'>Resoluci\u00f3n HDMI: 1080p 60GHz compatible con 720p<\/li>\n<li style='margin-bottom: 5px;'>Resoluci\u00f3n VGA: 1080p 60GHz compatible con 720p<\/li>\n<li style='margin-bottom: 5px;'>Distancia de Transmisi\u00f3n: 50 m\/164 pies (sin bloqueo)<\/li>\n<li style='margin-bottom: 5px;'>Requiere Alimentaci\u00f3n<\/li>\n<li style='margin-bottom: 5px;'>Aplicaciones: Proyecci\u00f3n de conferencias&comma; ense\u00f1anza&comma; etc.<\/li>\n<\/ul><\/div>\n<\/p><\/div>\n<p> <!-- Secci\u00f3n de descripci\u00f3n general --> <\/p>\n<div style='display: flex; flex-wrap: wrap; gap: 30px; margin-bottom: 30px;'>\n<div style='flex: 1 1 300px; min-width: 280px;'>\n<h3 style='font-size: 22px; border-bottom: 2px solid currentColor; padding-bottom: 5px; margin-top: 0; color: inherit; opacity: 0.8;'>Descripci\u00f3n General<\/h3>\n<p style='font-size: 15px; color: inherit; margin-bottom: 15px;'>Este es un conjunto de transmisor y receptor extensor HDMI inal\u00e1mbrico UGREEN que le permite transmitir de forma inal\u00e1mbrica la se\u00f1al HDMI de su PC a una pantalla grande. Con un conjunto de transmisor\/receptor emparejado&comma; puede usarlo de inmediato simplemente conectando dispositivos HDMI&comma; como grabadoras y consolas de juegos&comma; a dispositivos de salida&comma; como televisores y proyectores. F\u00e1cil de usar sin necesidad de preparar o cablear cables largos.<\/p>\n<\/p><\/div>\n<\/p><\/div>\n<p> <!-- Secci\u00f3n de especificaciones t\u00e9cnicas --> <\/p>\n<div style='display: flex; flex-wrap: wrap; gap: 20px; margin-bottom: 30px;'>\n<div style='flex: 1 1 250px; border: 1px solid rgba(150&comma; 150&comma; 150&comma; 0.4); border-radius: 8px; overflow: hidden; display: flex; flex-direction: column;'>\n<div style='padding: 15px; border-bottom: 1px solid rgba(150&comma; 150&comma; 150&comma; 0.2); font-weight: bold; font-size: 18px; color: inherit;'>Especificaciones T\u00e9cnicas<\/div>\n<div style='padding: 15px; color: inherit;'>\n<ul style='padding-left: 20px; margin: 0; font-size: 14px; list-style-type: disc;'>\n<li style='margin-bottom: 5px;'><strong>Transmisor:<\/strong> 1\u00d7HDMI&comma; 1\u00d7USB-C<\/li>\n<li style='margin-bottom: 5px;'><strong>Receptor:<\/strong> 1\u00d7HDMI&comma; 1\u00d7VGA&comma; 1\u00d7USB-C&comma; 1\u00d7Audio de 3.5 mm<\/li>\n<li style='margin-bottom: 5px;'><strong>Resoluci\u00f3n:<\/strong> 1080P@60Hz<\/li>\n<li style='margin-bottom: 5px;'><strong>Rango de frecuencia:<\/strong> 2400-2483.5 MHz\/5150-5250 MHz\/5725-5850 MHz<\/li>\n<li style='margin-bottom: 5px;'><strong>Tasa de muestreo de audio:<\/strong> hasta 24 bits 48 kHz<\/li>\n<li style='margin-bottom: 5px;'><strong>Distancia de transmisi\u00f3n:<\/strong> 50 m\/164 pies (sin bloqueo)<\/li>\n<li style='margin-bottom: 5px;'><strong>Alimentaci\u00f3n:<\/strong> 5V \u00b1 5% \u2265 1A<\/li>\n<li style='margin-bottom: 5px;'><strong>Conecta y reproduce:<\/strong> S\u00ed<\/li>\n<\/ul><\/div>\n<\/p><\/div>\n<p> <!-- Secci\u00f3n de compatibilidad --> <\/p>\n<div style='flex: 1 1 250px; border: 1px solid rgba(150&comma; 150&comma; 150&comma; 0.4); border-radius: 8px; overflow: hidden; display: flex; flex-direction: column;'>\n<div style='padding: 15px; border-bottom: 1px solid rgba(150&comma; 150&comma; 150&comma; 0.2); font-weight: bold; font-size: 18px; color: inherit;'>Compatibilidad<\/div>\n<div style='padding: 15px; color: inherit;'>\n<ul style='padding-left: 20px; margin: 0; font-size: 14px; list-style-type: disc;'>\n<li style='margin-bottom: 5px;'><strong>Dispositivos:<\/strong> Grabadoras&comma; consolas de juegos&comma; PC<\/li>\n<li style='margin-bottom: 5px;'><strong>Salida:<\/strong> Televisores&comma; proyectores<\/li>\n<li style='margin-bottom: 5px;'><strong>Resoluciones compatibles:<\/strong> 1280\u00d7720 (60p)&comma; 1920\u00d71200 (60p)&comma; 1280\u00d7800 (60p)&comma; 1024\u00d7768 (60p)<\/li>\n<li style='margin-bottom: 5px;'><strong>Sistemas operativos:<\/strong> Windows 11\/10\/8.1\/8\/7\/XP; Linux; MAC OS<\/li>\n<\/ul><\/div>\n<\/p><\/div>\n<p> <!-- Secci\u00f3n de tecnolog\u00eda --> <\/p>\n<div style='flex: 1 1 250px; border: 1px solid rgba(150&comma; 150&comma; 150&comma; 0.4); border-radius: 8px; overflow: hidden; display: flex; flex-direction: column;'>\n<div style='padding: 15px; border-bottom: 1px solid rgba(150&comma; 150&comma; 150&comma; 0.2); font-weight: bold; font-size: 18px; color: inherit;'>Tecnolog\u00eda<\/div>\n<div style='padding: 15px; color: inherit;'>\n<ul style='padding-left: 20px; margin: 0; font-size: 14px; list-style-type: disc;'>\n<li style='margin-bottom: 5px;'><strong>Frecuencia:<\/strong> 5 GHz<\/li>\n<li style='margin-bottom: 5px;'><strong>Latencia:<\/strong> 0.1 segundos<\/li>\n<li style='margin-bottom: 5px;'><strong>Chips:<\/strong> AM8270 + AM8272 + RTL8821CU + AG6201<\/li>\n<\/ul><\/div>\n<\/p><\/div>\n<\/p><\/div>\n<p> <!-- Secci\u00f3n de aplicaciones --> <\/p>\n<div style='display: flex; flex-wrap: wrap; gap: 30px; margin-bottom: 30px;'>\n<div style='flex: 1 1 300px; min-width: 280px;'>\n<h3 style='font-size: 22px; border-bottom: 2px solid currentColor; padding-bottom: 5px; margin-top: 0; color: inherit; opacity: 0.8;'>Aplicaciones<\/h3>\n<p style='font-size: 15px; color: inherit; margin-bottom: 15px;'>Ideal para escenas como contenido que disfruta de la salida de pantalla de video y PC desde un proyector. Compatible con servicios de entrega como Prime Video&comma; NETFLIX&comma; Hulu&comma; Disney+&comma; DAZN&comma; Youtuber y Tver.<\/p>\n<\/p><\/div>\n<\/p><\/div>\n<p> <!-- Separador --> <\/p>\n<hr style='border: 0; border-top: 1px solid rgba(150&comma; 150&comma; 150&comma; 0.3); margin: 30px 0;'> <\/div>\n","protected":false},"excerpt":{"rendered":"<p>Kit de extensor HDMI \u2013 VGA Inal\u00e1mbrico \/ TX: HDMI +USB-C \/ RX: HDMI + VGA + USB-C + Audio de 3.5 mm \/ 1080P@60Hz \/ 50m \/ Transmite Imagen y Sonido \/ Carcasa de Aleaci\u00f3n de Aluminio + ABS \/ No requiere drivers externos para su instalaci<\/p>\n","protected":false},"featured_media":32,"comment_status":"open","ping_status":"closed","template":"","meta":[],"product_brand":[],"product_cat":[2130],"product_tag":[488,650,2131],"class_list":{"0":"post-103916","1":"product","2":"type-product","3":"status-publish","4":"has-post-thumbnail","6":"product_cat-vga-dvi-hdmi","7":"product_tag-cables-y-conectores","8":"product_tag-ugreen","9":"product_tag-vga-dvi-hdmi","11":"first","12":"outofstock","13":"sale","14":"shipping-taxable","15":"purchasable","16":"product-type-simple"},"_links":{"self":[{"href":"https:\/\/soydeaqui.ddns.net\/pachuca\/index.php\/wp-json\/wp\/v2\/product\/103916","targetHints":{"allow":["GET"]}}],"collection":[{"href":"https:\/\/soydeaqui.ddns.net\/pachuca\/index.php\/wp-json\/wp\/v2\/product"}],"about":[{"href":"https:\/\/soydeaqui.ddns.net\/pachuca\/index.php\/wp-json\/wp\/v2\/types\/product"}],"replies":[{"embeddable":true,"href":"https:\/\/soydeaqui.ddns.net\/pachuca\/index.php\/wp-json\/wp\/v2\/comments?post=103916"}],"wp:featuredmedia":[{"embeddable":true,"href":"https:\/\/soydeaqui.ddns.net\/pachuca\/index.php\/wp-json\/wp\/v2\/media\/32"}],"wp:attachment":[{"href":"https:\/\/soydeaqui.ddns.net\/pachuca\/index.php\/wp-json\/wp\/v2\/media?parent=103916"}],"wp:term":[{"taxonomy":"product_brand","embeddable":true,"href":"https:\/\/soydeaqui.ddns.net\/pachuca\/index.php\/wp-json\/wp\/v2\/product_brand?post=103916"},{"taxonomy":"product_cat","embeddable":true,"href":"https:\/\/soydeaqui.ddns.net\/pachuca\/index.php\/wp-json\/wp\/v2\/product_cat?post=103916"},{"taxonomy":"product_tag","embeddable":true,"href":"https:\/\/soydeaqui.ddns.net\/pachuca\/index.php\/wp-json\/wp\/v2\/product_tag?post=103916"}],"curies":[{"name":"wp","href":"https:\/\/api.w.org\/{rel}","templated":true}]}}