{"id":103907,"date":"2026-03-20T14:06:31","date_gmt":"2026-03-20T14:06:31","guid":{"rendered":"https:\/\/soydeaqui.ddns.net\/pachuca\/index.php\/producto\/cable-auxiliar-de-3-5mm-cable-audio-estereo-nucleo-de-alambre-de-cobre-esmaltado-carcasa-de-aluminio-azul-nylon-trenzado-soporta-microfono-2-metros\/"},"modified":"2026-03-20T14:06:38","modified_gmt":"2026-03-20T14:06:38","slug":"cable-auxiliar-de-3-5mm-cable-audio-estereo-nucleo-de-alambre-de-cobre-esmaltado-carcasa-de-aluminio-azul-nylon-trenzado-soporta-microfono-2-metros","status":"publish","type":"product","link":"https:\/\/soydeaqui.ddns.net\/pachuca\/index.php\/producto\/cable-auxiliar-de-3-5mm-cable-audio-estereo-nucleo-de-alambre-de-cobre-esmaltado-carcasa-de-aluminio-azul-nylon-trenzado-soporta-microfono-2-metros\/","title":{"rendered":"Cable Auxiliar de 3.5mm \/ Cable Audio Est\u00e9reo \/ N\u00facleo de Alambre de Cobre Esmaltado \/ Carcasa de Aluminio Azul + Nylon Trenzado \/  Soporta Micr\u00f3fono \/ 2 Metros"},"content":{"rendered":"<div style='width: 100%; max-width: 1200px; margin: 0 auto; font-family: sans-serif; line-height: 1.6; color: inherit; background-color: transparent;'>\n<p style='margin: 0; padding: 0;'><img style='width: 100%; height: auto; border: 1px solid rgba(150&comma;150&comma;150&comma;0.3); border-radius: 8px;' src='http:\/\/ftp3.syscom.mx\/usuarios\/hallende\/UGREEN2\/Audio\/20782\/20782-10.jpg' alt=''><\/p>\n<div style='display: flex; flex-wrap: wrap; gap: 30px; margin-bottom: 30px;'>\n<div style='flex: 1 1 300px; min-width: 280px;'>\n<h3 style='font-size: 22px; border-bottom: 2px solid currentColor; padding-bottom: 5px; margin-top: 0; color: inherit; opacity: 0.8;'>Caracter\u00edsticas Principales<\/h3>\n<ul style='padding-left: 20px; font-size: 15px; color: inherit;'>\n<li style='margin-bottom: 5px;'>Este cable de audio UGREEN de 3.5 mm transmite audio en formato est\u00e9reo y es adecuado para escuchar podcasts o m\u00fasica en el autom\u00f3vil&comma; estudio o est\u00e9reo dom\u00e9stico. Cable auxiliar perfecto para conectar su celular en su autom\u00f3vil&comma; cami\u00f3n y m\u00e1s.<\/li>\n<\/ul><\/div>\n<div style='flex: 1 1 300px; min-width: 280px;'>\n<h3 style='font-size: 22px; border-bottom: 2px solid currentColor; padding-bottom: 5px; margin-top: 0; color: inherit; opacity: 0.8;'>Caracter\u00edsticas Principales<\/h3>\n<ul style='padding-left: 20px; font-size: 15px; color: inherit;'>\n<li style='margin-bottom: 5px;'>Con conectores resistentes a la corrosi\u00f3n chapados en oro de 24K y doble blindaje&comma; que brindan una transmisi\u00f3n de se\u00f1al \u00f3ptima y un audio claro&comma; sum\u00e9rjase en un fest\u00edn de audio. Sin perturbaciones como Bluetooth.<\/li>\n<\/ul><\/div>\n<div style='flex: 1 1 300px; min-width: 280px;'>\n<h3 style='font-size: 22px; border-bottom: 2px solid currentColor; padding-bottom: 5px; margin-top: 0; color: inherit; opacity: 0.8;'>Caracter\u00edsticas Principales<\/h3>\n<ul style='padding-left: 20px; font-size: 15px; color: inherit;'>\n<li style='margin-bottom: 5px;'>Con una vida \u00fatil de m\u00e1s de 10000 curvas varias veces m\u00e1s larga que los cables de audio originales&comma; carcasa de metal premium e hilo de algod\u00f3n flexible y duradero internamente&comma; materiales TPE ecol\u00f3gicos y trenza de nailon externamente&comma; este cable realmente est\u00e1 hecho para durar.<\/li>\n<\/ul><\/div>\n<div style='flex: 1 1 300px; min-width: 280px;'>\n<h3 style='font-size: 22px; border-bottom: 2px solid currentColor; padding-bottom: 5px; margin-top: 0; color: inherit; opacity: 0.8;'>Caracter\u00edsticas Principales<\/h3>\n<ul style='padding-left: 20px; font-size: 15px; color: inherit;'>\n<li style='margin-bottom: 5px;'>Este cable de audio est\u00e9reo de 3.5 mm permite que el conector est\u00e9reo de 3&comma;5 mm se conecte f\u00e1cilmente a su conector para auriculares&comma; sin necesidad de quitar la funda delgada de sus celulares inteligentes o tabletas.<\/li>\n<\/ul><\/div>\n<div style='flex: 1 1 300px; min-width: 280px;'>\n<h3 style='font-size: 22px; border-bottom: 2px solid currentColor; padding-bottom: 5px; margin-top: 0; color: inherit; opacity: 0.8;'>Caracter\u00edsticas Principales<\/h3>\n<ul style='padding-left: 20px; font-size: 15px; color: inherit;'>\n<li style='margin-bottom: 5px;'>El cable jack 3.5 macho macho microfono cuenta con conectores auxiliares TRRS dobles de 4 polos para que la funci\u00f3n de microf\u00f3no est\u00e9 disponible. No solo puede obtener audio est\u00e9reo&comma; sino tambi\u00e9n hablar con otras personas mientras juega o hace videollamadas<\/li>\n<\/ul><\/div>\n<div style='flex: 1 1 300px; min-width: 280px;'>\n<h3 style='font-size: 22px; border-bottom: 2px solid currentColor; padding-bottom: 5px; margin-top: 0; color: inherit; opacity: 0.8;'>Caracter\u00edsticas Principales<\/h3>\n<ul style='padding-left: 20px; font-size: 15px; color: inherit;'>\n<li style='margin-bottom: 5px;'>Se adapta a todos los dispositivos con conector de 3&comma;5 mm&comma; como iPhone 6S\/6S Plus\/6\/6 Plus\/SE\/5S&comma; iPod&comma; iPad 2018\/2017&comma; iPad 4\/mini 4\/Air 2\/Pro 10.5 &#8216;&comma; Samsung Galaxy Tab E 9.6&#8217;\/8.0 &#8216;\/Lite 7.0 &#8216;\/Tab S2 \/S4 \/3&comma; S10 \/S10 Plus \/S9 Plus \/S8 \/S8 \/ S8 Plus \/Note 9 \/Note 8 \/S7 \/J3&comma; A8 \/A5 2018\/2017&comma; Huawei Y9 (2019)&comma; tabletas&comma; PC&comma; dispositivos de salida de audio como Bose&comma; Logitech&comma; Sony&comma; Samsung&comma; auriculares Apple&comma; altavoz port\u00e1til&comma; autom\u00f3vil o hogar&comma; TV de sonido envolvente.<\/li>\n<\/ul><\/div>\n<\/p><\/div>\n<p style='margin: 0; padding: 0;'><img style='width: 100%; height: auto; border: 1px solid rgba(150&comma;150&comma;150&comma;0.3); border-radius: 8px;' src='http:\/\/ftp3.syscom.mx\/usuarios\/hallende\/UGREEN2\/Audio\/20782\/20782-11.jpg' alt=''><\/p>\n<div style='display: flex; flex-wrap: wrap; gap: 30px; margin-bottom: 30px;'>\n<div style='flex: 1 1 300px; min-width: 280px;'>\n<h3 style='font-size: 22px; border-bottom: 2px solid currentColor; padding-bottom: 5px; margin-top: 0; color: inherit; opacity: 0.8;'>Caracter\u00edsticas Especiales<\/h3>\n<ul style='padding-left: 20px; font-size: 15px; color: inherit;'>\n<li style='margin-bottom: 5px;'><strong>Cable Auxiliar Premium:<\/strong> Un conector chapado en oro de 24 quilates&comma; proporciona una mejor resistencia a la corrosi\u00f3n y transmisi\u00f3n de la se\u00f1al.<\/li>\n<\/ul><\/div>\n<div style='flex: 1 1 300px; min-width: 280px;'>\n<h3 style='font-size: 22px; border-bottom: 2px solid currentColor; padding-bottom: 5px; margin-top: 0; color: inherit; opacity: 0.8;'>Caracter\u00edsticas Especiales<\/h3>\n<ul style='padding-left: 20px; font-size: 15px; color: inherit;'>\n<li style='margin-bottom: 5px;'><strong>Duradero y Flexible:<\/strong> El cable auxiliar de 3.5 mm para el coche viene con material trenzado de nylon que es duradero&comma; flexible&comma; usable y no se enreda.<\/li>\n<\/ul><\/div>\n<div style='flex: 1 1 300px; min-width: 280px;'>\n<h3 style='font-size: 22px; border-bottom: 2px solid currentColor; padding-bottom: 5px; margin-top: 0; color: inherit; opacity: 0.8;'>Caracter\u00edsticas Especiales<\/h3>\n<ul style='padding-left: 20px; font-size: 15px; color: inherit;'>\n<li style='margin-bottom: 5px;'><strong>Sonido Hi-Fi Est\u00e9reo:<\/strong> Enchufes chapados en oro de 24 quilates y un robusto apantallamiento de 3 capas&comma; que permiten una experiencia sin p\u00e9rdidas ni ruidos.<\/li>\n<\/ul><\/div>\n<div style='flex: 1 1 300px; min-width: 280px;'>\n<h3 style='font-size: 22px; border-bottom: 2px solid currentColor; padding-bottom: 5px; margin-top: 0; color: inherit; opacity: 0.8;'>Caracter\u00edsticas Especiales<\/h3>\n<ul style='padding-left: 20px; font-size: 15px; color: inherit;'>\n<li style='margin-bottom: 5px;'><strong>Conector Delgado:<\/strong> Conexi\u00f3n totalmente enchufada. No es necesario quitar las voluminosas fundas protectoras para smartphones y tabletas.<\/li>\n<\/ul><\/div>\n<\/p><\/div>\n<p style='margin: 0; padding: 0;'><img style='width: 100%; height: auto; border: 1px solid rgba(150&comma;150&comma;150&comma;0.3); border-radius: 8px;' src='http:\/\/ftp3.syscom.mx\/usuarios\/hallende\/UGREEN2\/Audio\/20782\/20782-12.jpg' alt=''><\/p>\n<div style='margin-top: 30px; margin-bottom: 30px;'>\n<h2 style='font-size: 24px; border-bottom: 2px solid currentColor; padding-bottom: 5px; color: inherit; opacity: 0.8;'>Especificaciones:<\/h2>\n<ul style='padding-left: 20px; font-size: 15px; color: inherit;'>\n<li style='margin-bottom: 5px;'>Longitud del Cable: 2 metros<\/li>\n<li style='margin-bottom: 5px;'>Soporta Micr\u00f3fono<\/li>\n<li style='margin-bottom: 5px;'>N\u00facleo de Alambre de Cobre Esmaltado<\/li>\n<li style='margin-bottom: 5px;'>Carcasa de Aluminio azul + Trenza de Nylon<\/li>\n<li style='margin-bottom: 5px;'>1 A\u00f1o de Garant\u00eda por defectos de fabricaci\u00f3n<\/li>\n<\/ul><\/div>\n<\/p><\/div>\n","protected":false},"excerpt":{"rendered":"<p>Cable Auxiliar de 3.5mm \/ Cable Audio Est\u00e9reo \/ N\u00facleo de Alambre de Cobre Esmaltado \/ Carcasa de Aluminio Azul + Nylon Trenzado \/  Soporta Micr\u00f3fono \/ 2 Metros<\/p>\n","protected":false},"featured_media":103906,"comment_status":"open","ping_status":"closed","template":"","meta":[],"product_brand":[],"product_cat":[2204],"product_tag":[93,52,650],"class_list":{"0":"post-103907","1":"product","2":"type-product","3":"status-publish","4":"has-post-thumbnail","6":"product_cat-accesorios-audio-residencial-comercial","7":"product_tag-accesorios","8":"product_tag-audio-residencial-comercial","9":"product_tag-ugreen","11":"first","12":"instock","13":"sale","14":"shipping-taxable","15":"purchasable","16":"product-type-simple"},"_links":{"self":[{"href":"https:\/\/soydeaqui.ddns.net\/pachuca\/index.php\/wp-json\/wp\/v2\/product\/103907","targetHints":{"allow":["GET"]}}],"collection":[{"href":"https:\/\/soydeaqui.ddns.net\/pachuca\/index.php\/wp-json\/wp\/v2\/product"}],"about":[{"href":"https:\/\/soydeaqui.ddns.net\/pachuca\/index.php\/wp-json\/wp\/v2\/types\/product"}],"replies":[{"embeddable":true,"href":"https:\/\/soydeaqui.ddns.net\/pachuca\/index.php\/wp-json\/wp\/v2\/comments?post=103907"}],"wp:featuredmedia":[{"embeddable":true,"href":"https:\/\/soydeaqui.ddns.net\/pachuca\/index.php\/wp-json\/wp\/v2\/media\/103906"}],"wp:attachment":[{"href":"https:\/\/soydeaqui.ddns.net\/pachuca\/index.php\/wp-json\/wp\/v2\/media?parent=103907"}],"wp:term":[{"taxonomy":"product_brand","embeddable":true,"href":"https:\/\/soydeaqui.ddns.net\/pachuca\/index.php\/wp-json\/wp\/v2\/product_brand?post=103907"},{"taxonomy":"product_cat","embeddable":true,"href":"https:\/\/soydeaqui.ddns.net\/pachuca\/index.php\/wp-json\/wp\/v2\/product_cat?post=103907"},{"taxonomy":"product_tag","embeddable":true,"href":"https:\/\/soydeaqui.ddns.net\/pachuca\/index.php\/wp-json\/wp\/v2\/product_tag?post=103907"}],"curies":[{"name":"wp","href":"https:\/\/api.w.org\/{rel}","templated":true}]}}