{"id":103900,"date":"2026-03-20T14:06:11","date_gmt":"2026-03-20T14:06:11","guid":{"rendered":"https:\/\/soydeaqui.ddns.net\/pachuca\/index.php\/producto\/cable-usb-a-a-lightning-1-metro-3-28-pies-certificado-mfi-carga-rpida-5v-2-4-a-480-mbps-conector-c94-adecuado-para-iphone-ipad-y-ipod-proteccin-integrada-caja-de-aluminio-nylon\/"},"modified":"2026-03-20T14:06:21","modified_gmt":"2026-03-20T14:06:21","slug":"cable-usb-a-a-lightning-1-metro-3-28-pies-certificado-mfi-carga-rpida-5v-2-4-a-480-mbps-conector-c94-adecuado-para-iphone-ipad-y-ipod-proteccin-integrada-caja-de-aluminio-nylon","status":"publish","type":"product","link":"https:\/\/soydeaqui.ddns.net\/pachuca\/index.php\/producto\/cable-usb-a-a-lightning-1-metro-3-28-pies-certificado-mfi-carga-rpida-5v-2-4-a-480-mbps-conector-c94-adecuado-para-iphone-ipad-y-ipod-proteccin-integrada-caja-de-aluminio-nylon\/","title":{"rendered":"Cable USB-A a Lightning | 1 Metro (3.28 Pies) | Certificado MFi | Carga R?pida 5V\/2.4 A | 480 Mbps | Conector C94 | Adecuado para iPhone, iPad y iPod | Protecci?n Integrada | Caja de Aluminio | Nylon Trenzado | Color Negro"},"content":{"rendered":"<div style='width: 100%; max-width: 1200px; margin: 0 auto; font-family: sans-serif; line-height: 1.6; color: inherit; background-color: transparent;'> <!-- Secci\u00f3n de im\u00e1genes --> <\/p>\n<div style='display: flex; flex-wrap: wrap; gap: 15px; margin-bottom: 30px;'>\n<div style='flex: 1 1 300px; min-width: 280px;'> <img style='width: 100%; height: auto; border: 1px solid rgba(150&comma;150&comma;150&comma;0.3); border-radius: 8px;' src='http:\/\/ftp3.syscom.mx\/usuarios\/hallende\/UGREEN\/60156\/60156-8.jpg' alt=''> <\/div>\n<div style='flex: 1 1 300px; min-width: 280px;'> <img style='width: 100%; height: auto; border: 1px solid rgba(150&comma;150&comma;150&comma;0.3); border-radius: 8px;' src='http:\/\/ftp3.syscom.mx\/usuarios\/hallende\/UGREEN\/60156\/60156-9.jpg' alt=''> <\/div>\n<div style='flex: 1 1 300px; min-width: 280px;'> <img style='width: 100%; height: auto; border: 1px solid rgba(150&comma;150&comma;150&comma;0.3); border-radius: 8px;' src='http:\/\/ftp3.syscom.mx\/usuarios\/hallende\/UGREEN\/60156\/60156-1.jpg' alt=''> <\/div>\n<div style='flex: 1 1 300px; min-width: 280px;'> <img style='width: 100%; height: auto; border: 1px solid rgba(150&comma;150&comma;150&comma;0.3); border-radius: 8px;' src='http:\/\/ftp3.syscom.mx\/usuarios\/hallende\/UGREEN\/60156\/60156-3.jpg' alt=''> <\/div>\n<\/p><\/div>\n<p> <!-- Secci\u00f3n de caracter\u00edsticas principales --> <\/p>\n<div style='display: flex; flex-wrap: wrap; gap: 30px; margin-bottom: 30px;'>\n<div style='flex: 1 1 300px; min-width: 280px;'>\n<h3 style='font-size: 22px; border-bottom: 2px solid currentColor; padding-bottom: 5px; margin-top: 0; color: inherit; opacity: 0.8;'>Caracter\u00edsticas Principales<\/h3>\n<ul style='padding-left: 20px; font-size: 15px; color: inherit;'>\n<li style='margin-bottom: 5px;'>Carga r\u00e1pida con protecci\u00f3n para bater\u00eda de iPhone<\/li>\n<li style='margin-bottom: 5px;'>Conector C94 original con chip MFi certificado<\/li>\n<li style='margin-bottom: 5px;'>Transfiere datos a 480 Mbps velocidad m\u00e1xima<\/li>\n<li style='margin-bottom: 5px;'>Carcasa de aluminio y malla de nylon<\/li>\n<li style='margin-bottom: 5px;'>Compatible con amplia gama de dispositivos Apple<\/li>\n<\/ul><\/div>\n<\/p><\/div>\n<p> <!-- Secci\u00f3n de especificaciones t\u00e9cnicas --> <\/p>\n<div style='display: flex; flex-wrap: wrap; gap: 20px; margin-bottom: 30px;'>\n<div style='flex: 1 1 250px; border: 1px solid rgba(150&comma; 150&comma; 150&comma; 0.4); border-radius: 8px; overflow: hidden; display: flex; flex-direction: column;'>\n<div style='padding: 15px; border-bottom: 1px solid rgba(150&comma; 150&comma; 150&comma; 0.2); font-weight: bold; font-size: 18px; color: inherit;'>Especificaciones<\/div>\n<div style='padding: 15px; color: inherit;'>\n<ul style='padding-left: 20px; margin: 0; font-size: 14px; list-style-type: disc;'>\n<li style='margin-bottom: 5px;'><strong>Certificaci\u00f3n:<\/strong> MFi<\/li>\n<li style='margin-bottom: 5px;'><strong>Compatibilidad:<\/strong> iPhone&comma; iPad y iPod<\/li>\n<li style='margin-bottom: 5px;'><strong>Funci\u00f3n:<\/strong> Carga y sincronizaci\u00f3n de datos<\/li>\n<li style='margin-bottom: 5px;'><strong>Tensi\u00f3n:<\/strong> 5V<\/li>\n<li style='margin-bottom: 5px;'><strong>Corriente:<\/strong> 2A<\/li>\n<li style='margin-bottom: 5px;'><strong>Velocidad de datos:<\/strong> 480 Mbps<\/li>\n<li style='margin-bottom: 5px;'><strong>N\u00facleo del cable:<\/strong> Cobre libre de ox\u00edgeno esta\u00f1ado<\/li>\n<li style='margin-bottom: 5px;'><strong>Blindaje:<\/strong> M\u00faltiple<\/li>\n<li style='margin-bottom: 5px;'><strong>Material exterior:<\/strong> Caja de aluminio + Nylon trenzado<\/li>\n<\/ul><\/div>\n<\/p><\/div>\n<p> <!-- Secci\u00f3n de detalles t\u00e9cnicos --> <\/p>\n<div style='flex: 1 1 250px; border: 1px solid rgba(150&comma; 150&comma; 150&comma; 0.4); border-radius: 8px; overflow: hidden; display: flex; flex-direction: column;'>\n<div style='padding: 15px; border-bottom: 1px solid rgba(150&comma; 150&comma; 150&comma; 0.2); font-weight: bold; font-size: 18px; color: inherit;'>Detalles T\u00e9cnicos<\/div>\n<div style='padding: 15px; color: inherit;'>\n<ul style='padding-left: 20px; margin: 0; font-size: 14px; list-style-type: disc;'>\n<li style='margin-bottom: 5px;'><strong>Chip:<\/strong> Original certificado<\/li>\n<li style='margin-bottom: 5px;'><strong>Corriente de carga:<\/strong> Hasta 2.4A<\/li>\n<li style='margin-bottom: 5px;'><strong>Resistencia:<\/strong> Conectores resistentes a la corrosi\u00f3n<\/li>\n<li style='margin-bottom: 5px;'><strong>Durabilidad:<\/strong> M\u00e1s de 10&comma;000 flexiones<\/li>\n<li style='margin-bottom: 5px;'><strong>Material exterior:<\/strong> Nylon trenzado<\/li>\n<li style='margin-bottom: 5px;'><strong>Compatibilidad:<\/strong> iPhone 14\/13\/13 Pro Max\/12\/12 Pro\/12 Promax\/11\/11 Pro\/11 ProMax\/XR\/XS\/X\/X Max\/8\/8 Plus\/7\/6s Plus\/6s\/6 Plus\/6&comma; iPad Pro\/iPad Air\/Air 2\/iPad mini\/mini 2\/mini 3\/mini 4\/iPad (4th gen)\/Pod Touch (5th Generation)\/iPod nano (7th Generation)<\/li>\n<\/ul><\/div>\n<\/p><\/div>\n<\/p><\/div>\n<p> <!-- Separador --> <\/p>\n<hr style='border: 0; border-top: 1px solid rgba(150&comma; 150&comma; 150&comma; 0.3); margin: 30px 0;'> <\/div>\n","protected":false},"excerpt":{"rendered":"<p>Cable USB-A a Lightning | 1 Metro (3.28 Pies) | Certificado MFi | Carga R?pida 5V\/2.4 A | 480 Mbps | Conector C94 | Adecuado para iPhone, iPad y iPod | Protecci?n Integrada | Caja de Aluminio | Nylon Trenzado | Color Negro<\/p>\n","protected":false},"featured_media":103899,"comment_status":"open","ping_status":"closed","template":"","meta":[],"product_brand":[],"product_cat":[2171],"product_tag":[2173,2172,650],"class_list":{"0":"post-103900","1":"product","2":"type-product","3":"status-publish","4":"has-post-thumbnail","6":"product_cat-cables-usb-y-cargadores","7":"product_tag-cables-usb-y-cargadores","8":"product_tag-conectividad-y-cables","9":"product_tag-ugreen","11":"first","12":"instock","13":"sale","14":"shipping-taxable","15":"purchasable","16":"product-type-simple"},"_links":{"self":[{"href":"https:\/\/soydeaqui.ddns.net\/pachuca\/index.php\/wp-json\/wp\/v2\/product\/103900","targetHints":{"allow":["GET"]}}],"collection":[{"href":"https:\/\/soydeaqui.ddns.net\/pachuca\/index.php\/wp-json\/wp\/v2\/product"}],"about":[{"href":"https:\/\/soydeaqui.ddns.net\/pachuca\/index.php\/wp-json\/wp\/v2\/types\/product"}],"replies":[{"embeddable":true,"href":"https:\/\/soydeaqui.ddns.net\/pachuca\/index.php\/wp-json\/wp\/v2\/comments?post=103900"}],"wp:featuredmedia":[{"embeddable":true,"href":"https:\/\/soydeaqui.ddns.net\/pachuca\/index.php\/wp-json\/wp\/v2\/media\/103899"}],"wp:attachment":[{"href":"https:\/\/soydeaqui.ddns.net\/pachuca\/index.php\/wp-json\/wp\/v2\/media?parent=103900"}],"wp:term":[{"taxonomy":"product_brand","embeddable":true,"href":"https:\/\/soydeaqui.ddns.net\/pachuca\/index.php\/wp-json\/wp\/v2\/product_brand?post=103900"},{"taxonomy":"product_cat","embeddable":true,"href":"https:\/\/soydeaqui.ddns.net\/pachuca\/index.php\/wp-json\/wp\/v2\/product_cat?post=103900"},{"taxonomy":"product_tag","embeddable":true,"href":"https:\/\/soydeaqui.ddns.net\/pachuca\/index.php\/wp-json\/wp\/v2\/product_tag?post=103900"}],"curies":[{"name":"wp","href":"https:\/\/api.w.org\/{rel}","templated":true}]}}