{"id":103892,"date":"2026-03-20T14:05:48","date_gmt":"2026-03-20T14:05:48","guid":{"rendered":"https:\/\/soydeaqui.ddns.net\/pachuca\/index.php\/producto\/kit-dvr-para-vehiculo-incluye-camaras-para-interior-camara-para-exterior-2mp-ahd-cables-extensores-adaptador-lan\/"},"modified":"2026-03-20T14:05:48","modified_gmt":"2026-03-20T14:05:48","slug":"kit-dvr-para-vehiculo-incluye-camaras-para-interior-camara-para-exterior-2mp-ahd-cables-extensores-adaptador-lan","status":"publish","type":"product","link":"https:\/\/soydeaqui.ddns.net\/pachuca\/index.php\/producto\/kit-dvr-para-vehiculo-incluye-camaras-para-interior-camara-para-exterior-2mp-ahd-cables-extensores-adaptador-lan\/","title":{"rendered":"KIT DVR PARA VEHICULO \/  INCLUYE \/  C\u00c1MARAS PARA INTERIOR \/  C\u00c1MARA PARA EXTERIOR, \/ 2MP AHD \/  CABLES EXTENSORES \/ ADAPTADOR LAN."},"content":{"rendered":"<div style='width: 100%; max-width: 1200px; margin: 0 auto; font-family: sans-serif; line-height: 1.6; color: inherit; background-color: transparent;'>\n<div style='width: 100%;'>\n<h3> <span style='color: #e67e23;'> <a style='color: #e67e23; text-decoration: none;' href='https:\/\/www.youtube.com\/playlist?list=PL9PHNE1PCI2EawXzNIR88tqKhErWtCNbS'>Todo lo referente a DVR marca epcom para veh\u00edculos<\/a> <\/span><br \/> Link para manuales y videos de configuraci\u00f3n <\/h3>\n<h3 style='margin: 20px 0;'> <img style='width: 100%; height: auto; border: 1px solid rgba(150&comma;150&comma;150&comma;0.3); border-radius: 8px;' src='https:\/\/ftp3.syscom.mx\/usuarios\/aberumen\/Banners\/Banner%20inteligencia-artificial.jpg' alt='Banner de inteligencia artificial' \/> <\/h3>\n<h3 style='color: rgba(150&comma;150&comma;150&comma;0.8); margin: 20px 0;'><strong>Seguridad Sobre Ruedas<\/strong><\/h3>\n<h3 style='margin: 20px 0;'>La seguridad en el transporte p\u00fablico&comma; traslado de mercanc\u00eda&comma; taxis&comma; etc.&comma; es un motivo de preocupaci\u00f3n en caso de accidentes de tr\u00e1nsito o la protecci\u00f3n contra posibles asaltos; los medios de transporte hacen necesaria la existencia de un sistema de gesti\u00f3n central que brinde protecci\u00f3n contra actividades delictivas como hurtos&comma; arrebatos&comma; entre otros.<\/h3>\n<p> <!-- Carousel items como cards responsivos --> <\/p>\n<div style='display: flex; flex-wrap: wrap; gap: 30px; margin: 30px 0;'> <!-- Item 1 --> <\/p>\n<div style='flex: 1 1 300px; min-width: 280px; border: 1px solid rgba(150&comma;150&comma;150&comma;0.3); border-radius: 15px; overflow: hidden;'>\n<div style='padding: 15px; border-bottom: 1px solid rgba(150&comma;150&comma;150&comma;0.2); background-color: rgba(0&comma;0&comma;0&comma;0.05);'>\n<h3 style='text-align: center; margin: 0; font-size: 18px;'>Equipos del kit<\/h3>\n<\/p><\/div>\n<div style='display: flex; flex-wrap: wrap; padding: 15px;'>\n<div style='flex: 1 1 100%;'> <img style='width: 100%; height: auto; border: 1px solid rgba(150&comma;150&comma;150&comma;0.3); border-radius: 8px;' src='https:\/\/ftp3.syscom.mx\/usuarios\/fotos\/BancoFotografiasSyscom\/EPCOM\/XMR401NAHDS\/XMR401NAHDS-p.PNG' alt='DVR XMR401NAHDS' \/> <\/div>\n<div style='flex: 1 1 100%; margin-top: 15px;'>\n<h3 style='margin: 0; color: #3598db;'>XMR401NAHDS<\/h3>\n<p style='color: #bdc3c7; margin: 10px 0 0 0;'><strong>Dvr movil \/ 4 canales AHD \/ 2MP \/ Almacenamiento en HDD \/ Compresi\u00f3n de video H.265 \/ Incluye 4G. GPS&comma; WIFI<\/strong><\/p>\n<\/p><\/div>\n<\/p><\/div>\n<\/p><\/div>\n<p> <!-- Item 2 --> <\/p>\n<div style='flex: 1 1 300px; min-width: 280px; border: 1px solid rgba(150&comma;150&comma;150&comma;0.3); border-radius: 15px; overflow: hidden;'>\n<div style='padding: 15px; border-bottom: 1px solid rgba(150&comma;150&comma;150&comma;0.2); background-color: rgba(0&comma;0&comma;0&comma;0.05);'>\n<h3 style='text-align: center; margin: 0; font-size: 18px;'>Equipos del KIT<\/h3>\n<\/p><\/div>\n<div style='display: flex; flex-wrap: wrap; padding: 15px;'>\n<div style='flex: 1 1 100%;'> <img style='width: 100%; height: auto; border: 1px solid rgba(150&comma;150&comma;150&comma;0.3); border-radius: 8px;' src='https:\/\/ftp3.syscom.mx\/usuarios\/fotos\/BancoFotografiasSyscom\/EPCOM\/XMRDOME1080\/XMRDOME1080-p.PNG' alt='C\u00e1mara XMRDOME1080' \/> <\/div>\n<div style='flex: 1 1 100%; margin-top: 15px;'>\n<h3 style='margin: 0; color: #3598db;'>XMRDOME1080 x 2<\/h3>\n<p style='color: #bdc3c7; margin: 10px 0 0 0;'>C\u00e1mara mini domo \/ Tecnolog\u00eda AHD \/ 2MP \/ Con micr\u00f3fono \/ Para Interior<\/p>\n<\/p><\/div>\n<\/p><\/div>\n<\/p><\/div>\n<p> <!-- Item 3 --> <\/p>\n<div style='flex: 1 1 300px; min-width: 280px; border: 1px solid rgba(150&comma;150&comma;150&comma;0.3); border-radius: 15px; overflow: hidden;'>\n<div style='padding: 15px; border-bottom: 1px solid rgba(150&comma;150&comma;150&comma;0.2); background-color: rgba(0&comma;0&comma;0&comma;0.05);'>\n<h3 style='text-align: center; margin: 0; font-size: 18px;'>Equipos del KIT<\/h3>\n<\/p><\/div>\n<div style='display: flex; flex-wrap: wrap; padding: 15px;'>\n<div style='flex: 1 1 100%;'> <img style='width: 100%; height: auto; border: 1px solid rgba(150&comma;150&comma;150&comma;0.3); border-radius: 8px;' src='https:\/\/ftp3.syscom.mx\/usuarios\/fotos\/BancoFotografiasSyscom\/EPCOM\/XMRCAM1080\/XMRCAM1080-p.PNG' alt='C\u00e1mara XMRCAM1080' \/> <\/div>\n<div style='flex: 1 1 100%; margin-top: 15px;'>\n<h3 style='margin: 0; color: #3598db;'>XMRCAM1080<\/h3>\n<p style='color: #bdc3c7; margin: 10px 0 0 0;'>C\u00e1mara tipo turrent \/ Tecnolog\u00eda AHD \/ 2MP \/ Para exterior.<\/p>\n<\/p><\/div>\n<\/p><\/div>\n<\/p><\/div>\n<p> <!-- Item 4 --> <\/p>\n<div style='flex: 1 1 300px; min-width: 280px; border: 1px solid rgba(150&comma;150&comma;150&comma;0.3); border-radius: 15px; overflow: hidden;'>\n<div style='padding: 15px; border-bottom: 1px solid rgba(150&comma;150&comma;150&comma;0.2); background-color: rgba(0&comma;0&comma;0&comma;0.05);'>\n<h3 style='text-align: center; margin: 0; font-size: 18px;'>Equipos del Kit<\/h3>\n<\/p><\/div>\n<div style='display: flex; flex-wrap: wrap; padding: 15px;'>\n<div style='flex: 1 1 100%;'> <img style='width: 100%; height: auto; border: 1px solid rgba(150&comma;150&comma;150&comma;0.3); border-radius: 8px;' src='https:\/\/ftp3.syscom.mx\/usuarios\/fotos\/XMREXT7M\/XMREXT7Mdet.jpg' alt='Cable XMREXT7MV2' \/> <\/div>\n<div style='flex: 1 1 100%; margin-top: 15px;'>\n<h3 style='margin: 0; color: #3598db;'>XMREXT7MV2 x 3<\/h3>\n<p style='color: #bdc3c7; margin: 10px 0 0 0;'>Cable extensor tipo aviaci\u00f3n de 7 metros \/ Env\u00eda voltaje&comma; video y audio mediante el mismo cable.<\/p>\n<\/p><\/div>\n<\/p><\/div>\n<\/p><\/div>\n<p> <!-- Item 5 --> <\/p>\n<div style='flex: 1 1 300px; min-width: 280px; border: 1px solid rgba(150&comma;150&comma;150&comma;0.3); border-radius: 15px; overflow: hidden;'>\n<div style='padding: 15px; border-bottom: 1px solid rgba(150&comma;150&comma;150&comma;0.2); background-color: rgba(0&comma;0&comma;0&comma;0.05);'>\n<h3 style='text-align: center; margin: 0; font-size: 18px;'>Equipos del Kit<\/h3>\n<\/p><\/div>\n<div style='display: flex; flex-wrap: wrap; padding: 15px;'>\n<div style='flex: 1 1 100%;'> <img style='width: 100%; height: auto; border: 1px solid rgba(150&comma;150&comma;150&comma;0.3); border-radius: 8px;' src='https:\/\/ftp3.syscom.mx\/usuarios\/fotos\/BancoFotografiasSyscom\/EPCOM\/XMRLAN\/XMRLAN-p.PNG' alt='Adaptador XMRLAN' \/> <\/div>\n<div style='flex: 1 1 100%; margin-top: 15px;'>\n<h3 style='margin: 0; color: #3598db;'>XMRLAN<\/h3>\n<p style='color: #bdc3c7; margin: 10px 0 0 0;'>Adaptador conector tipo aviaci\u00f3n a conector tipo jack red para configuraci\u00f3n.<\/p>\n<\/p><\/div>\n<\/p><\/div>\n<\/p><\/div>\n<\/p><\/div>\n<p> <!-- Contenido adicional --> <\/p>\n<div style='display: flex; flex-wrap: wrap; gap: 15px; margin: 30px 0;'>\n<div style='flex: 1 1 200px; border-left: 5px solid #0091ff; border-radius: 5px; padding: 10px; box-shadow: 2px 2px 10px rgba(216&comma;216&comma;216&comma;0.5);'><strong>Contiene XMR401NAHDS<\/strong><\/div>\n<div style='flex: 1 1 200px; border-left: 5px solid #0091ff; border-radius: 5px; padding: 10px; box-shadow: 2px 2px 10px rgba(216&comma;216&comma;216&comma;0.5);'><strong>Contiene x 2 XMRDOME1080<\/strong><\/div>\n<div style='flex: 1 1 200px; border-left: 5px solid #0091ff; border-radius: 5px; padding: 10px; box-shadow: 2px 2px 10px rgba(216&comma;216&comma;216&comma;0.5);'><strong>Contiene XMRCAM1080<\/strong><\/div>\n<div style='flex: 1 1 200px; border-left: 5px solid #0091ff; border-radius: 5px; padding: 10px; box-shadow: 2px 2px 10px rgba(216&comma;216&comma;216&comma;0.5);'><strong>Contiene x 3 XMREXT7MV2<\/strong><\/div>\n<div style='flex: 1 1 200px; border-left: 5px solid #0091ff; border-radius: 5px; padding: 10px; box-shadow: 2px 2px 10px rgba(216&comma;216&comma;216&comma;0.5);'><strong>Contiene XMRLAN<\/strong><\/div>\n<\/p><\/div>\n<p> <!-- Secci\u00f3n final --> <\/p>\n<h2 style='margin: 30px 0 15px 0; font-size: 24px;'><strong>Todo Nube&comma; Soluci\u00f3n L\u00edder en Log\u00edstica&comma; Transporte y IoT<\/strong><\/h2>\n<p>Monitoree sus DVRs M\u00f3viles&comma; Trackers GPS y IoT en una misma plataforma nube lider en log\u00edstica y transporte.<\/p>\n<p><a style='color: inherit; text-decoration: underline;' href='https:\/\/www.syscom.mx\/principal\/consultarproductosazul?global_search=epcomgps&#038;ordenar=Relevancia&#038;pag=1;'>EPCOM GPS Wialon<\/a> es la plataforma l\u00edder NUBE (No requiere servidores!)&comma; con todas las herramientas necesarias para reducir costos&comma; evitar p\u00e9rdidas y s\u00faper-cargar empresas.<\/p>\n<p> <!-- Videos --> <\/p>\n<div style='display: flex; flex-wrap: wrap; gap: 30px; margin: 30px 0;'>\n<div style='flex: 1 1 100%;'>\n<div style='position: relative; padding-bottom: 56.25%; height: 0; overflow: hidden;'>   <\/div>\n<\/p><\/div>\n<div style='flex: 1 1 100%;'>\n<div style='position: relative; padding-bottom: 56.25%; height: 0; overflow: hidden;'>   <\/div>\n<\/p><\/div>\n<\/p><\/div>\n<\/p><\/div>\n","protected":false},"excerpt":{"rendered":"<p>KIT DVR PARA VEHICULO \/  INCLUYE \/  C\u00c1MARAS PARA INTERIOR \/  C\u00c1MARA PARA EXTERIOR, \/ 2MP AHD \/  CABLES EXTENSORES \/ ADAPTADOR LAN.<\/p>\n","protected":false},"featured_media":103891,"comment_status":"open","ping_status":"closed","template":"","meta":[],"product_brand":[],"product_cat":[2338],"product_tag":[935,2232,2339],"class_list":{"0":"post-103892","1":"product","2":"type-product","3":"status-publish","4":"has-post-thumbnail","6":"product_cat-moviles-para-vehiculos","7":"product_tag-epcom","8":"product_tag-kits-sistemas-completos","9":"product_tag-moviles-para-vehiculos","11":"first","12":"instock","13":"sale","14":"shipping-taxable","15":"purchasable","16":"product-type-simple"},"_links":{"self":[{"href":"https:\/\/soydeaqui.ddns.net\/pachuca\/index.php\/wp-json\/wp\/v2\/product\/103892","targetHints":{"allow":["GET"]}}],"collection":[{"href":"https:\/\/soydeaqui.ddns.net\/pachuca\/index.php\/wp-json\/wp\/v2\/product"}],"about":[{"href":"https:\/\/soydeaqui.ddns.net\/pachuca\/index.php\/wp-json\/wp\/v2\/types\/product"}],"replies":[{"embeddable":true,"href":"https:\/\/soydeaqui.ddns.net\/pachuca\/index.php\/wp-json\/wp\/v2\/comments?post=103892"}],"wp:featuredmedia":[{"embeddable":true,"href":"https:\/\/soydeaqui.ddns.net\/pachuca\/index.php\/wp-json\/wp\/v2\/media\/103891"}],"wp:attachment":[{"href":"https:\/\/soydeaqui.ddns.net\/pachuca\/index.php\/wp-json\/wp\/v2\/media?parent=103892"}],"wp:term":[{"taxonomy":"product_brand","embeddable":true,"href":"https:\/\/soydeaqui.ddns.net\/pachuca\/index.php\/wp-json\/wp\/v2\/product_brand?post=103892"},{"taxonomy":"product_cat","embeddable":true,"href":"https:\/\/soydeaqui.ddns.net\/pachuca\/index.php\/wp-json\/wp\/v2\/product_cat?post=103892"},{"taxonomy":"product_tag","embeddable":true,"href":"https:\/\/soydeaqui.ddns.net\/pachuca\/index.php\/wp-json\/wp\/v2\/product_tag?post=103892"}],"curies":[{"name":"wp","href":"https:\/\/api.w.org\/{rel}","templated":true}]}}