{"id":103880,"date":"2026-03-20T14:05:17","date_gmt":"2026-03-20T14:05:17","guid":{"rendered":"https:\/\/soydeaqui.ddns.net\/pachuca\/index.php\/producto\/cable-divisor-en-y-de-3-5-mm-macho-a-dos-salidas-de-3-5-mm-hembra-ctia-trs-nucleo-de-cobre-tpe-longitud-20-cm-ideal-para-separar-el-microfono-de-los-auriculares\/"},"modified":"2026-03-20T14:05:18","modified_gmt":"2026-03-20T14:05:18","slug":"cable-divisor-en-y-de-3-5-mm-macho-a-dos-salidas-de-3-5-mm-hembra-ctia-trs-nucleo-de-cobre-tpe-longitud-20-cm-ideal-para-separar-el-microfono-de-los-auriculares","status":"publish","type":"product","link":"https:\/\/soydeaqui.ddns.net\/pachuca\/index.php\/producto\/cable-divisor-en-y-de-3-5-mm-macho-a-dos-salidas-de-3-5-mm-hembra-ctia-trs-nucleo-de-cobre-tpe-longitud-20-cm-ideal-para-separar-el-microfono-de-los-auriculares\/","title":{"rendered":"Cable Divisor en Y \/ De 3.5 mm Macho a Dos Salidas de 3.5 mm Hembra \/ CTIA, TRS \/ N\u00facleo de Cobre \/ TPE \/  Longitud 20 cm \/ Ideal para Separar el Micr\u00f3fono de los Auriculares"},"content":{"rendered":"<div style='width: 100%; max-width: 1200px; margin: 0 auto; font-family: sans-serif; line-height: 1.6; color: inherit; background-color: transparent;'> <!-- Im\u00e1genes --> <\/p>\n<div style='display: flex; flex-wrap: wrap; gap: 15px; margin-bottom: 30px;'>\n<div style='flex: 1 1 300px; min-width: 280px;'> <img style='width: 100%; height: auto; border: 1px solid rgba(150&comma;150&comma;150&comma;0.3); border-radius: 8px;' src='http:\/\/ftp3.syscom.mx\/usuarios\/hallende\/UGREEN\/30619\/30619-7.jpg' alt=''> <\/div>\n<div style='flex: 1 1 300px; min-width: 280px;'> <img style='width: 100%; height: auto; border: 1px solid rgba(150&comma;150&comma;150&comma;0.3); border-radius: 8px;' src='http:\/\/ftp3.syscom.mx\/usuarios\/hallende\/UGREEN\/30619\/30619-8.jpg' alt=''> <\/div>\n<div style='flex: 1 1 300px; min-width: 280px;'> <img style='width: 100%; height: auto; border: 1px solid rgba(150&comma;150&comma;150&comma;0.3); border-radius: 8px;' src='http:\/\/ftp3.syscom.mx\/usuarios\/hallende\/UGREEN\/30619\/30619-9.jpg' alt=''> <\/div>\n<div style='flex: 1 1 300px; min-width: 280px;'> <img style='width: 100%; height: auto; border: 1px solid rgba(150&comma;150&comma;150&comma;0.3); border-radius: 8px;' src='http:\/\/ftp3.syscom.mx\/usuarios\/hallende\/UGREEN\/30619\/30619-6.jpg' alt=''> <\/div>\n<\/p><\/div>\n<p> <!-- Secci\u00f3n de descripci\u00f3n --> <\/p>\n<div style='margin-bottom: 30px;'>\n<h3 style='font-size: 22px; border-bottom: 2px solid currentColor; padding-bottom: 5px; margin-top: 0; color: inherit; opacity: 0.8;'>Funcionalidad Principal<\/h3>\n<p style='font-size: 15px; color: inherit; margin-top: 10px; margin-bottom: 10px;'>Divisor de auriculares de 3.5mm macho a doble hembra de 3.5mm&comma; dise\u00f1ado para conectar auriculares con conectores separados (CTIA para micr\u00f3fono y TRS para auricular) a dispositivos con puerto de audio de 3.5mm \u00fanico (PCs&comma; laptops&comma; tablets).<\/p>\n<p style='font-size: 15px; color: inherit; margin-top: 10px; margin-bottom: 10px;'>Nota importante: El puerto de auriculares de este adaptador es compatible \u00fanicamente con auriculares est\u00e1ndar CTIA&comma; no compatible con auriculares iPhone ni dispositivos OMTP.<\/p>\n<\/p><\/div>\n<p> <!-- Secci\u00f3n de especificaciones --> <\/p>\n<div style='display: flex; flex-wrap: wrap; gap: 20px; margin-bottom: 30px;'>\n<div style='flex: 1 1 250px; border: 1px solid rgba(150&comma; 150&comma; 150&comma; 0.4); border-radius: 8px; overflow: hidden; display: flex; flex-direction: column;'>\n<div style='padding: 15px; border-bottom: 1px solid rgba(150&comma; 150&comma; 150&comma; 0.2); font-weight: bold; font-size: 18px; color: inherit;'>Especificaciones T\u00e9cnicas<\/div>\n<div style='padding: 15px; color: inherit;'>\n<ul style='padding-left: 20px; margin: 0; font-size: 14px; list-style-type: disc;'>\n<li style='margin-bottom: 5px;'><strong>Entrada:<\/strong> 3.5 mm macho<\/li>\n<li style='margin-bottom: 5px;'><strong>Salida 1:<\/strong> 3.5 mm hembra para micr\u00f3fono<\/li>\n<li style='margin-bottom: 5px;'><strong>Salida 2:<\/strong> 3.5 mm hembra para auricular<\/li>\n<li style='margin-bottom: 5px;'><strong>N\u00facleo:<\/strong> Cobre esmaltado<\/li>\n<li style='margin-bottom: 5px;'><strong>Conectores:<\/strong> Chapados en oro<\/li>\n<\/ul><\/div>\n<\/p><\/div>\n<div style='flex: 1 1 250px; border: 1px solid rgba(150&comma; 150&comma; 150&comma; 0.4); border-radius: 8px; overflow: hidden; display: flex; flex-direction: column;'>\n<div style='padding: 15px; border-bottom: 1px solid rgba(150&comma; 150&comma; 150&comma; 0.2); font-weight: bold; font-size: 18px; color: inherit;'>Caracter\u00edsticas F\u00edsicas<\/div>\n<div style='padding: 15px; color: inherit;'>\n<ul style='padding-left: 20px; margin: 0; font-size: 14px; list-style-type: disc;'>\n<li style='margin-bottom: 5px;'><strong>Material:<\/strong> TPE ambiental y el\u00e1stico<\/li>\n<li style='margin-bottom: 5px;'><strong>Conector:<\/strong> Aluminio<\/li>\n<li style='margin-bottom: 5px;'><strong>Longitud:<\/strong> 20 cm<\/li>\n<\/ul><\/div>\n<\/p><\/div>\n<div style='flex: 1 1 250px; border: 1px solid rgba(150&comma; 150&comma; 150&comma; 0.4); border-radius: 8px; overflow: hidden; display: flex; flex-direction: column;'>\n<div style='padding: 15px; border-bottom: 1px solid rgba(150&comma; 150&comma; 150&comma; 0.2); font-weight: bold; font-size: 18px; color: inherit;'>Ventajas del Dise\u00f1o<\/div>\n<div style='padding: 15px; color: inherit;'>\n<ul style='padding-left: 20px; margin: 0; font-size: 14px; list-style-type: disc;'>\n<li style='margin-bottom: 5px;'>Material TPE suave de alta calidad para m\u00e1xima flexibilidad<\/li>\n<li style='margin-bottom: 5px;'>N\u00facleo de cobre para m\u00e1xima conductividad y durabilidad<\/li>\n<li style='margin-bottom: 5px;'>Dise\u00f1o compacto de 20 cm sin enredos<\/li>\n<\/ul><\/div>\n<\/p><\/div>\n<\/p><\/div>\n<p> <!-- Separador --> <\/p>\n<hr style='border: 0; border-top: 1px solid rgba(150&comma; 150&comma; 150&comma; 0.3); margin: 30px 0;'> <\/div>\n","protected":false},"excerpt":{"rendered":"<p>Cable Divisor en Y \/ De 3.5 mm Macho a Dos Salidas de 3.5 mm Hembra \/ CTIA, TRS \/ N\u00facleo de Cobre \/ TPE \/  Longitud 20 cm \/ Ideal para Separar el Micr\u00f3fono de los Auriculares<\/p>\n","protected":false},"featured_media":103879,"comment_status":"open","ping_status":"closed","template":"","meta":[],"product_brand":[],"product_cat":[2204],"product_tag":[93,52,650],"class_list":{"0":"post-103880","1":"product","2":"type-product","3":"status-publish","4":"has-post-thumbnail","6":"product_cat-accesorios-audio-residencial-comercial","7":"product_tag-accesorios","8":"product_tag-audio-residencial-comercial","9":"product_tag-ugreen","11":"first","12":"instock","13":"sale","14":"shipping-taxable","15":"purchasable","16":"product-type-simple"},"_links":{"self":[{"href":"https:\/\/soydeaqui.ddns.net\/pachuca\/index.php\/wp-json\/wp\/v2\/product\/103880","targetHints":{"allow":["GET"]}}],"collection":[{"href":"https:\/\/soydeaqui.ddns.net\/pachuca\/index.php\/wp-json\/wp\/v2\/product"}],"about":[{"href":"https:\/\/soydeaqui.ddns.net\/pachuca\/index.php\/wp-json\/wp\/v2\/types\/product"}],"replies":[{"embeddable":true,"href":"https:\/\/soydeaqui.ddns.net\/pachuca\/index.php\/wp-json\/wp\/v2\/comments?post=103880"}],"wp:featuredmedia":[{"embeddable":true,"href":"https:\/\/soydeaqui.ddns.net\/pachuca\/index.php\/wp-json\/wp\/v2\/media\/103879"}],"wp:attachment":[{"href":"https:\/\/soydeaqui.ddns.net\/pachuca\/index.php\/wp-json\/wp\/v2\/media?parent=103880"}],"wp:term":[{"taxonomy":"product_brand","embeddable":true,"href":"https:\/\/soydeaqui.ddns.net\/pachuca\/index.php\/wp-json\/wp\/v2\/product_brand?post=103880"},{"taxonomy":"product_cat","embeddable":true,"href":"https:\/\/soydeaqui.ddns.net\/pachuca\/index.php\/wp-json\/wp\/v2\/product_cat?post=103880"},{"taxonomy":"product_tag","embeddable":true,"href":"https:\/\/soydeaqui.ddns.net\/pachuca\/index.php\/wp-json\/wp\/v2\/product_tag?post=103880"}],"curies":[{"name":"wp","href":"https:\/\/api.w.org\/{rel}","templated":true}]}}