{"id":103847,"date":"2026-03-20T14:03:48","date_gmt":"2026-03-20T14:03:48","guid":{"rendered":"https:\/\/soydeaqui.ddns.net\/pachuca\/index.php\/producto\/flexometro-magneticocinta-de-medir-de-8-metros-graduada-por-ambos-lados-con-boton-de-freno\/"},"modified":"2026-03-20T14:04:03","modified_gmt":"2026-03-20T14:04:03","slug":"flexometro-magneticocinta-de-medir-de-8-metros-graduada-por-ambos-lados-con-boton-de-freno","status":"publish","type":"product","link":"https:\/\/soydeaqui.ddns.net\/pachuca\/index.php\/producto\/flexometro-magneticocinta-de-medir-de-8-metros-graduada-por-ambos-lados-con-boton-de-freno\/","title":{"rendered":"Flex\u00f3metro Magn\u00e9tico(Cinta de Medir) de 8 metros, Graduada por Ambos Lados. Con Bot\u00f3n de Freno"},"content":{"rendered":"<div style='width: 100%; max-width: 1200px; margin: 0 auto; font-family: sans-serif; line-height: 1.6; color: inherit; background-color: transparent;'>\n<div style='display: flex; flex-wrap: wrap; gap: 30px; margin-bottom: 30px;'>\n<div style='flex: 1 1 300px; min-width: 280px;'>\n<h3 style='font-size: 22px; border-bottom: 2px solid currentColor; padding-bottom: 5px; margin-top: 0; color: inherit; opacity: 0.8;'>Caracter\u00edsticas<\/h3>\n<ul style='padding-left: 20px; font-size: 15px; color: inherit;'>\n<li style='margin-bottom: 5px;'>Espesor de la cinta 0.11 mm. Para mayor resistencia y mejor control sobre la cinta.<\/li>\n<li style='margin-bottom: 5px;'>Pl\u00e1stico ABS resistente a altas temperaturas e impactos.<\/li>\n<li style='margin-bottom: 5px;'>Clip y gancho&comma; resistentes a la corrosi\u00f3n.<\/li>\n<li style='margin-bottom: 5px;'>Contorno de tacto suave (soft touch) para un mejor agarre<\/li>\n<li style='margin-bottom: 5px;'>Tornillos especiales para pl\u00e1stico. No presionan al pl\u00e1stico<\/li>\n<li style='margin-bottom: 5px;'>Cinta Graduada por Ambos Lados con Diferentes Tipos de Lectura<\/li>\n<\/ul><\/div>\n<\/p><\/div>\n<div style='display: flex; justify-content: center; margin: 30px 0;'> <img style='width: 100%; max-width: 500px; height: auto; border: 1px solid rgba(150&comma;150&comma;150&comma;0.3); border-radius: 8px;' src='https:\/\/ftp3.syscom.mx\/usuarios\/fotos\/93008M\/215555-93008m.jpg' alt=''> <\/div>\n<\/p><\/div>\n","protected":false},"excerpt":{"rendered":"<p>Flex\u00f3metro Magn\u00e9tico(Cinta de Medir) de 8 metros, Graduada por Ambos Lados. Con Bot\u00f3n de Freno<\/p>\n","protected":false},"featured_media":103846,"comment_status":"open","ping_status":"closed","template":"","meta":[],"product_brand":[],"product_cat":[24],"product_tag":[26,25,674],"class_list":{"0":"post-103847","1":"product","2":"type-product","3":"status-publish","4":"has-post-thumbnail","6":"product_cat-accesorios-de-instalacion","7":"product_tag-accesorios-de-instalacion","8":"product_tag-herramientas","9":"product_tag-tulmex","11":"first","12":"instock","13":"sale","14":"shipping-taxable","15":"purchasable","16":"product-type-simple"},"_links":{"self":[{"href":"https:\/\/soydeaqui.ddns.net\/pachuca\/index.php\/wp-json\/wp\/v2\/product\/103847","targetHints":{"allow":["GET"]}}],"collection":[{"href":"https:\/\/soydeaqui.ddns.net\/pachuca\/index.php\/wp-json\/wp\/v2\/product"}],"about":[{"href":"https:\/\/soydeaqui.ddns.net\/pachuca\/index.php\/wp-json\/wp\/v2\/types\/product"}],"replies":[{"embeddable":true,"href":"https:\/\/soydeaqui.ddns.net\/pachuca\/index.php\/wp-json\/wp\/v2\/comments?post=103847"}],"wp:featuredmedia":[{"embeddable":true,"href":"https:\/\/soydeaqui.ddns.net\/pachuca\/index.php\/wp-json\/wp\/v2\/media\/103846"}],"wp:attachment":[{"href":"https:\/\/soydeaqui.ddns.net\/pachuca\/index.php\/wp-json\/wp\/v2\/media?parent=103847"}],"wp:term":[{"taxonomy":"product_brand","embeddable":true,"href":"https:\/\/soydeaqui.ddns.net\/pachuca\/index.php\/wp-json\/wp\/v2\/product_brand?post=103847"},{"taxonomy":"product_cat","embeddable":true,"href":"https:\/\/soydeaqui.ddns.net\/pachuca\/index.php\/wp-json\/wp\/v2\/product_cat?post=103847"},{"taxonomy":"product_tag","embeddable":true,"href":"https:\/\/soydeaqui.ddns.net\/pachuca\/index.php\/wp-json\/wp\/v2\/product_tag?post=103847"}],"curies":[{"name":"wp","href":"https:\/\/api.w.org\/{rel}","templated":true}]}}