{"id":103840,"date":"2026-03-20T14:03:27","date_gmt":"2026-03-20T14:03:27","guid":{"rendered":"https:\/\/soydeaqui.ddns.net\/pachuca\/index.php\/producto\/flexometro-cinta-de-medir-de-7-5-m-con-gancho-doble-magnetico-graduada-por-ambos-lados-y-freno-de-alta-velocidad-de-uso-rudo\/"},"modified":"2026-03-20T14:03:44","modified_gmt":"2026-03-20T14:03:44","slug":"flexometro-cinta-de-medir-de-7-5-m-con-gancho-doble-magnetico-graduada-por-ambos-lados-y-freno-de-alta-velocidad-de-uso-rudo","status":"publish","type":"product","link":"https:\/\/soydeaqui.ddns.net\/pachuca\/index.php\/producto\/flexometro-cinta-de-medir-de-7-5-m-con-gancho-doble-magnetico-graduada-por-ambos-lados-y-freno-de-alta-velocidad-de-uso-rudo\/","title":{"rendered":"Flex\u00f3metro (Cinta de Medir) de 7.5 m con Gancho doble Magn\u00e9tico. Graduada por Ambos Lados y Freno de Alta Velocidad. De Uso Rudo"},"content":{"rendered":"<div style='width: 100%; max-width: 1200px; margin: 0 auto; font-family: sans-serif; line-height: 1.6; color: inherit; background-color: transparent;'> <!-- Informaci\u00f3n b\u00e1sica --> <\/p>\n<div style='display: flex; flex-direction: column; margin-bottom: 30px;'>\n<h1 style='font-size: 28px; margin: 0 0 10px; color: inherit; font-family: inherit;'>Flex\u00f3metro de 7.5 metros con Gancho doble Magn\u00e9tico.<\/h1>\n<h2 style='font-size: 20px; margin: 0; color: #999999; font-family: inherit;'>9375<\/h2>\n<\/p><\/div>\n<p> <!-- Secci\u00f3n de caracter\u00edsticas --> <\/p>\n<div style='margin-bottom: 30px;'>\n<h3 style='font-size: 22px; border-bottom: 2px solid currentColor; padding-bottom: 5px; margin-top: 0; color: inherit; opacity: 0.8;'>Caracter\u00edsticas<\/h3>\n<ul style='padding-left: 20px; font-size: 15px; color: inherit; list-style-type: disc;'>\n<li style='margin-bottom: 5px; font-family: Verdana&comma; Helvetica&comma; sans-serif;'>Cinta de medici\u00f3n con cinta duradera&comma; ancha y resistente y rigidez horizontal de 4 m<\/li>\n<li style='margin-bottom: 5px; font-family: Verdana&comma; Helvetica&comma; sans-serif;'>Escalas imperial (SAE) y m\u00e9trica claras y f\u00e1ciles de leer en la parte frontal y posterior de la cinta<\/li>\n<li style='margin-bottom: 5px; font-family: Verdana&comma; Helvetica&comma; sans-serif;'>Revestimiento de nylon de alta resistencia y duradero que protege la impresi\u00f3n de la cinta y aumenta la duraci\u00f3n de la cinta<\/li>\n<li style='margin-bottom: 5px; font-family: Verdana&comma; Helvetica&comma; sans-serif;'>Freno de velocidad de retracci\u00f3n que controla la velocidad de la cinta y evita que los dedos la toquen<\/li>\n<li style='margin-bottom: 5px; font-family: Verdana&comma; Helvetica&comma; sans-serif;'>Escala de medici\u00f3n impresa en las partes frontal y posterior de la cinta que ofrece versatilidad para realizar distintos tipos de mediciones<\/li>\n<li style='margin-bottom: 5px; font-family: Verdana&comma; Helvetica&comma; sans-serif;'>Gancho doble que permite asegurar la cinta a elementos como pernos&comma; tubos conduit&comma; tuber\u00edas&comma; etc. en la parte frontal o posterior de la cinta para medir con cualquier escala de medici\u00f3n<\/li>\n<li style='margin-bottom: 5px; font-family: Verdana&comma; Helvetica&comma; sans-serif;'>Im\u00e1n potente en el gancho que se adhiere a objetos ferromagn\u00e9ticos tales como pernos de acero&comma; puertas&comma; paneles&comma; tubos conduit&comma; etc. para medir f\u00e1cilmente<\/li>\n<li style='margin-bottom: 5px; font-family: Verdana&comma; Helvetica&comma; sans-serif;'>Carcasa resistente a impactos sobremoldeada con un acabado suave al tacto para brindar un excelente agarre y responder a las exigencias del lugar de trabajo<\/li>\n<li style='margin-bottom: 5px; font-family: Verdana&comma; Helvetica&comma; sans-serif;'>Clip met\u00e1lico para cintur\u00f3n que sujeta firmemente la cinta de medici\u00f3n a cinturones&comma; bolsillos o bolsos<\/li>\n<li style='margin-bottom: 5px; font-family: Verdana&comma; Helvetica&comma; sans-serif;'>Orificio para cuerda integrado para el uso en altura<\/li>\n<li style='margin-bottom: 5px; font-family: Verdana&comma; Helvetica&comma; sans-serif;'>Patente de EE. UU. D803711<\/li>\n<\/ul><\/div>\n<p> <!-- Imagen --> <\/p>\n<div style='margin-bottom: 30px;'> <img style='width: 100%; height: auto; border: 1px solid rgba(150&comma;150&comma;150&comma;0.3); border-radius: 8px;' src='https:\/\/ftp3.syscom.mx\/usuarios\/fotos\/9375\/215554-tapemeasure2019_app6.jpg' alt=''> <\/div>\n<p> <!-- Video --> <\/p>\n<div style='margin-bottom: 30px;'>\n<h3 style='font-size: 22px; border-bottom: 2px solid currentColor; padding-bottom: 5px; margin-top: 0; margin-bottom: 15px; color: inherit; opacity: 0.8;'>Video del producto<\/h3>\n<div style='position: relative; padding-bottom: 56.25%; height: 0; overflow: hidden; margin-bottom: 30px;'>   <\/div>\n<\/p><\/div>\n<p> <!-- Separador --> <\/p>\n<hr style='border: 0; border-top: 1px solid rgba(150&comma; 150&comma; 150&comma; 0.3); margin: 30px 0;'> <\/div>\n","protected":false},"excerpt":{"rendered":"<p>Flex\u00f3metro (Cinta de Medir) de 7.5 m con Gancho doble Magn\u00e9tico. Graduada por Ambos Lados y Freno de Alta Velocidad. De Uso Rudo<\/p>\n","protected":false},"featured_media":103839,"comment_status":"open","ping_status":"closed","template":"","meta":[],"product_brand":[],"product_cat":[24],"product_tag":[26,25,432],"class_list":{"0":"post-103840","1":"product","2":"type-product","3":"status-publish","4":"has-post-thumbnail","6":"product_cat-accesorios-de-instalacion","7":"product_tag-accesorios-de-instalacion","8":"product_tag-herramientas","9":"product_tag-klein-tools","11":"first","12":"instock","13":"sale","14":"shipping-taxable","15":"purchasable","16":"product-type-simple"},"_links":{"self":[{"href":"https:\/\/soydeaqui.ddns.net\/pachuca\/index.php\/wp-json\/wp\/v2\/product\/103840","targetHints":{"allow":["GET"]}}],"collection":[{"href":"https:\/\/soydeaqui.ddns.net\/pachuca\/index.php\/wp-json\/wp\/v2\/product"}],"about":[{"href":"https:\/\/soydeaqui.ddns.net\/pachuca\/index.php\/wp-json\/wp\/v2\/types\/product"}],"replies":[{"embeddable":true,"href":"https:\/\/soydeaqui.ddns.net\/pachuca\/index.php\/wp-json\/wp\/v2\/comments?post=103840"}],"wp:featuredmedia":[{"embeddable":true,"href":"https:\/\/soydeaqui.ddns.net\/pachuca\/index.php\/wp-json\/wp\/v2\/media\/103839"}],"wp:attachment":[{"href":"https:\/\/soydeaqui.ddns.net\/pachuca\/index.php\/wp-json\/wp\/v2\/media?parent=103840"}],"wp:term":[{"taxonomy":"product_brand","embeddable":true,"href":"https:\/\/soydeaqui.ddns.net\/pachuca\/index.php\/wp-json\/wp\/v2\/product_brand?post=103840"},{"taxonomy":"product_cat","embeddable":true,"href":"https:\/\/soydeaqui.ddns.net\/pachuca\/index.php\/wp-json\/wp\/v2\/product_cat?post=103840"},{"taxonomy":"product_tag","embeddable":true,"href":"https:\/\/soydeaqui.ddns.net\/pachuca\/index.php\/wp-json\/wp\/v2\/product_tag?post=103840"}],"curies":[{"name":"wp","href":"https:\/\/api.w.org\/{rel}","templated":true}]}}