{"id":103828,"date":"2026-03-20T14:02:52","date_gmt":"2026-03-20T14:02:52","guid":{"rendered":"https:\/\/soydeaqui.ddns.net\/pachuca\/index.php\/producto\/1-almacen-para-open-desk-pro-inventarios-ventas-cotizaciones-compras-sin-facturacion-fiscal-suscripcion-anual\/"},"modified":"2026-03-20T14:02:53","modified_gmt":"2026-03-20T14:02:53","slug":"1-almacen-para-open-desk-pro-inventarios-ventas-cotizaciones-compras-sin-facturacion-fiscal-suscripcion-anual","status":"publish","type":"product","link":"https:\/\/soydeaqui.ddns.net\/pachuca\/index.php\/producto\/1-almacen-para-open-desk-pro-inventarios-ventas-cotizaciones-compras-sin-facturacion-fiscal-suscripcion-anual\/","title":{"rendered":"1 Almac\u00e9n para Open Desk PRO \/ Inventarios \/ Ventas \/ Cotizaciones \/ Compras \/ Sin Facturaci\u00f3n Fiscal \/ Suscripci\u00f3n Anual"},"content":{"rendered":"<div style='width: 100%; max-width: 1200px; margin: 0 auto; font-family: sans-serif; line-height: 1.6; color: inherit; background-color: transparent;'>\n<div style='width: 100%; background: #019ef7; border-radius: 5px;'> <img style='width: 100%; height: auto; border: 1px solid rgba(150&comma;150&comma;150&comma;0.3); border-radius: 8px; margin: 30px 0;' src='https:\/\/ftp3.syscom.mx\/usuarios\/xguereque\/opendesk\/Logo-blanco.svg' alt='Logo Open Desk PRO'> <\/div>\n<div style='width: 100%; text-align: center; padding: 10px; font-size: 26px;'> <a href='https:\/\/syscom.opendesk.mx\/desk?u=ZGVtb0BvcGVuZGVzay5teA==&#038;p=MTIzNDU=' target='_blank' rel='noopener' style='color: inherit; text-decoration: none; border-bottom: 1px dotted; transition: all 0.3s;' onmouseover='this.style.opacity='0.8'' onmouseout='this.style.opacity='1''>Ver demo en l\u00ednea aqu\u00ed<\/a> <\/div>\n<div style='display: flex; flex-wrap: wrap; gap: 30px; margin-top: 30px;'>\n<div style='flex: 1 1 300px; min-width: 280px;'>\n<h3 style='font-size: 20px; border-bottom: 2px solid currentColor; padding-bottom: 5px; margin-top: 0; color: inherit; opacity: 0.8;'>Caracter\u00edsticas principales:<\/h3>\n<ul style='padding-left: 20px; font-size: 15px; color: inherit;'>\n<li style='margin-bottom: 8px;'>Software ERP 100% en la nube (AWS).<\/li>\n<li style='margin-bottom: 8px;'>Sistema modular: Active\/desactive funciones dependiendo el tipo de implementaci\u00f3n.<\/li>\n<li style='margin-bottom: 8px;'>Cartera de clientes&comma; generaci\u00f3n de cotizaciones&comma; ventas y cuentas por cobrar.<\/li>\n<li style='margin-bottom: 8px;'>Administraci\u00f3n por suscripciones de clubes&comma; gimnasios&comma; fraccionamientos&comma; condominios&comma; estacionamientos&comma; etc. <span style='color: #e74c3c;'>(Requiere licencia de dispositivo de acceso)<\/span>.<\/li>\n<li style='margin-bottom: 8px;'><strong>No incluye facturaci\u00f3n fiscal<\/strong>&comma; s\u00f3lo notas de venta.<\/li>\n<li style='margin-bottom: 8px;'>Control de inventarios.<\/li>\n<li style='margin-bottom: 8px;'>Punto de venta.<\/li>\n<li style='margin-bottom: 8px;'><em>Tienda en l\u00ednea (pr\u00f3ximamente).<\/em><\/li>\n<li style='margin-bottom: 8px;'>Pagos en l\u00ednea<\/li>\n<li style='margin-bottom: 8px;'>Administraci\u00f3n de art\u00edculos y listas de precios.<\/li>\n<li style='margin-bottom: 8px;'><strong>No incluye la funci\u00f3n de importaci\u00f3n masiva de clientes o art\u00edculos<\/strong>.<\/li>\n<li style='margin-bottom: 8px;'>Reportes de ventas&comma; de existencias&comma; etc.<\/li>\n<li style='margin-bottom: 8px;'>Control del flujo de caja y cuentas bancarias.<\/li>\n<li style='margin-bottom: 8px;'>Suscripci\u00f3n de 1 a\u00f1o.<\/li>\n<\/ul>\n<h4 style='margin-top: 25px; margin-bottom: 15px; font-size: 18px; color: inherit; opacity: 0.8;'>Notas:<\/h4>\n<ul style='padding-left: 20px; font-size: 15px; color: inherit;'>\n<li style='margin-bottom: 8px;'>El m\u00f3dulo de control de acceso s\u00f3lo es compatible con biom\u00e9tricos Hikvision.<\/li>\n<li style='margin-bottom: 8px;'>Esta licencia no incluye facturaci\u00f3n fiscal.<\/li>\n<li style='margin-bottom: 8px;'>No requiere licencia de usuarios a menos que se requieran usuarios adicionales.<\/li>\n<\/ul><\/div>\n<\/p><\/div>\n<hr style='border: 0; border-top: 1px solid rgba(150&comma; 150&comma; 150&comma; 0.3); margin: 30px 0;'>\n<div style='text-align: center; margin: 30px 0;'>\n<h2 style='margin: 0; font-size: 24px; color: inherit;'>Soluciones para negocios modernos<\/h2>\n<p style='margin: 5px 0 0 0; font-size: 16px; color: inherit; opacity: 0.8;'>Un sistema modular ajustable para infinitas soluciones<\/p>\n<\/p><\/div>\n<div style='display: flex; flex-wrap: wrap; gap: 30px; margin-top: 20px;'>\n<div style='flex: 1 1 300px; min-width: 280px; text-align: center;'> <img style='width: 100%; height: auto; border: 1px solid rgba(150&comma;150&comma;150&comma;0.3); border-radius: 8px; margin-bottom: 15px;' src='https:\/\/ftp3.syscom.mx\/usuarios\/xguereque\/opendesk\/imagen1.png' alt='Todas las sucursales en l\u00ednea'> <\/p>\n<h3 style='margin-top: 0; margin-bottom: 10px; font-size: 18px; color: inherit;'>Todas las sucursales en l\u00ednea<\/h3>\n<p style='font-size: 15px; color: inherit;'>Tenga en orden las existencias de todos sus almacenes&comma; valor del inventario&comma; genere cotizaciones y ventas sin instalar apps. Solo unos cuantos clics se requieren para saber el estado de sus operaciones en tiempo real.<\/p>\n<\/p><\/div>\n<div style='flex: 1 1 300px; min-width: 280px; text-align: center;'> <img style='width: 100%; height: auto; border: 1px solid rgba(150&comma;150&comma;150&comma;0.3); border-radius: 8px; margin-bottom: 15px;' src='https:\/\/ftp3.syscom.mx\/usuarios\/xguereque\/opendesk\/imagen2.png' alt='Accesos con biom\u00e9tricos'> <\/p>\n<h3 style='margin-top: 0; margin-bottom: 10px; font-size: 18px; color: inherit;'>Accesos con biom\u00e9tricos<\/h3>\n<p style='font-size: 15px; color: inherit;'>Administre el acceso con dispositivos de control de acceso desde la nube a clubes&comma; gimnasios&comma; fraccionamientos&comma; Aribnb&comma; etc. Registros de ingreso&comma; tiempo y asistencia.<\/p>\n<\/p><\/div>\n<\/p><\/div>\n<div style='display: flex; flex-wrap: wrap; gap: 30px; margin-top: 40px;'>\n<div style='flex: 1 1 300px; min-width: 280px; text-align: center;'> <img style='width: 100%; height: auto; border: 1px solid rgba(150&comma;150&comma;150&comma;0.3); border-radius: 8px; margin-bottom: 15px;' src='https:\/\/ftp3.syscom.mx\/usuarios\/xguereque\/opendesk\/imagen3.png' alt='Cobre en l\u00ednea'> <\/p>\n<h3 style='margin-top: 0; margin-bottom: 10px; font-size: 18px; color: inherit;'>Cobre en l\u00ednea<\/h3>\n<p style='font-size: 15px; color: inherit;'>Acepte pagos con tarjeta de cr\u00e9dito o d\u00e9bito.<\/p>\n<\/p><\/div>\n<\/p><\/div>\n<div style='margin: 40px 0; padding: 20px; border-left: 5px solid #009EF7; border-right: 5px solid #009EF7; border-radius: 8px; background-color: rgba(0&comma; 158&comma; 247&comma; 0.05);'>\n<h3 style='margin: 0 0 15px 0; font-size: 18px; color: inherit;'>Software de calidad&comma; servicio de primera<\/h3>\n<p style='margin: 0; font-size: 15px; color: inherit;'>100% confiable y seguro&comma; desarrollado en M\u00e9xico con infraestructura en AWS<\/p>\n<\/p><\/div>\n<div style='text-align: center; margin: 30px 0;'>\n<h2 style='margin: 0; font-size: 24px; color: inherit;'>Caracter\u00edsticas \u00fanicas&comma; tecnolog\u00eda creciente<\/h2>\n<p style='margin: 5px 0 0 0; font-size: 16px; color: inherit; opacity: 0.8;'>Todos los d\u00edas desarrollamos nuevos m\u00f3dulos&comma; la innovaci\u00f3n est\u00e1 en nuestro ADN<\/p>\n<\/p><\/div>\n<div style='display: flex; flex-wrap: wrap; gap: 20px; margin-top: 30px;'>\n<div style='flex: 1 1 250px; min-width: 220px; border: 1px solid rgba(150&comma; 150&comma; 150&comma; 0.4); border-radius: 8px; overflow: hidden; display: flex; flex-direction: column;'>\n<div style='padding: 15px; border-bottom: 1px solid rgba(150&comma; 150&comma; 150&comma; 0.2); font-weight: bold; font-size: 16px; color: inherit;'>Notificaciones en tiempo real<\/div>\n<div style='padding: 15px; color: inherit; flex: 1 1 auto;'> <img style='display: block; margin: 0 auto 15px; width: 50px; height: 50px;' src='https:\/\/ftp3.syscom.mx\/usuarios\/xguereque\/opendesk\/icono1.png' alt='Notificaciones en tiempo real'> <\/p>\n<p style='font-size: 14px; margin: 0; color: inherit;'>Los servidores de Open Desk PRO le notifican en el momento aquellas situaciones que requieren su atenci\u00f3n.<\/p>\n<\/p><\/div>\n<\/p><\/div>\n<div style='flex: 1 1 250px; min-width: 220px; border: 1px solid rgba(150&comma; 150&comma; 150&comma; 0.4); border-radius: 8px; overflow: hidden; display: flex; flex-direction: column;'>\n<div style='padding: 15px; border-bottom: 1px solid rgba(150&comma; 150&comma; 150&comma; 0.2); font-weight: bold; font-size: 16px; color: inherit;'>P2P para control de acceso<\/div>\n<div style='padding: 15px; color: inherit; flex: 1 1 auto;'> <img style='display: block; margin: 0 auto 15px; width: 50px; height: 50px;' src='https:\/\/ftp3.syscom.mx\/usuarios\/xguereque\/opendesk\/icono2.png' alt='P2P para control de acceso'> <\/p>\n<p style='font-size: 14px; margin: 0; color: inherit;'>Comunique sus dispositivos de detecci\u00f3n de rostro&comma; huella o tarjeta con Open Desk en segundos.<\/p>\n<\/p><\/div>\n<\/p><\/div>\n<div style='flex: 1 1 250px; min-width: 220px; border: 1px solid rgba(150&comma; 150&comma; 150&comma; 0.4); border-radius: 8px; overflow: hidden; display: flex; flex-direction: column;'>\n<div style='padding: 15px; border-bottom: 1px solid rgba(150&comma; 150&comma; 150&comma; 0.2); font-weight: bold; font-size: 16px; color: inherit;'>Timbrado CDFI 4.0<\/div>\n<div style='padding: 15px; color: inherit; flex: 1 1 auto;'> <img style='display: block; margin: 0 auto 15px; width: 50px; height: 50px;' src='https:\/\/ftp3.syscom.mx\/usuarios\/xguereque\/opendesk\/icono3.png' alt='Timbrado CDFI 4.0'> <\/p>\n<p style='font-size: 14px; margin: 0; color: inherit;'>Timbre sus comprobantes fiscales en el momento desde Open Desk con las \u00faltimas disposiciones del SAT.<\/p>\n<\/p><\/div>\n<\/p><\/div>\n<div style='flex: 1 1 250px; min-width: 220px; border: 1px solid rgba(150&comma; 150&comma; 150&comma; 0.4); border-radius: 8px; overflow: hidden; display: flex; flex-direction: column;'>\n<div style='padding: 15px; border-bottom: 1px solid rgba(150&comma; 150&comma; 150&comma; 0.2); font-weight: bold; font-size: 16px; color: inherit;'>C\u00e1lculo de costos de env\u00edo<\/div>\n<div style='padding: 15px; color: inherit; flex: 1 1 auto;'> <img style='display: block; margin: 0 auto 15px; width: 50px; height: 50px;' src='https:\/\/ftp3.syscom.mx\/usuarios\/xguereque\/opendesk\/icono4.png' alt='C\u00e1lculo de costos de env\u00edo'> <\/p>\n<p style='font-size: 14px; margin: 0; color: inherit;'>Automatice el c\u00e1lculo de costos de env\u00edo con todas las paqueter\u00edas del pa\u00eds en segundos y genere gu\u00edas para sus ventas.<\/p>\n<\/p><\/div>\n<\/p><\/div>\n<div style='flex: 1 1 250px; min-width: 220px; border: 1px solid rgba(150&comma; 150&comma; 150&comma; 0.4); border-radius: 8px; overflow: hidden; display: flex; flex-direction: column;'>\n<div style='padding: 15px; border-bottom: 1px solid rgba(150&comma; 150&comma; 150&comma; 0.2); font-weight: bold; font-size: 16px; color: inherit;'>Optimice su cobranza<\/div>\n<div style='padding: 15px; color: inherit; flex: 1 1 auto;'> <img style='display: block; margin: 0 auto 15px; width: 50px; height: 50px;' src='https:\/\/ftp3.syscom.mx\/usuarios\/xguereque\/opendesk\/icono5.png' alt='Optimice su cobranza'> <\/p>\n<p style='font-size: 14px; margin: 0; color: inherit;'>Genere ligas de pago para tarjetas de cr\u00e9dito o d\u00e9bito.<\/p>\n<\/p><\/div>\n<\/p><\/div>\n<div style='flex: 1 1 250px; min-width: 220px; border: 1px solid rgba(150&comma; 150&comma; 150&comma; 0.4); border-radius: 8px; overflow: hidden; display: flex; flex-direction: column;'>\n<div style='padding: 15px; border-bottom: 1px solid rgba(150&comma; 150&comma; 150&comma; 0.2); font-weight: bold; font-size: 16px; color: inherit;'>Seguridad bancaria<\/div>\n<div style='padding: 15px; color: inherit; flex: 1 1 auto;'> <img style='display: block; margin: 0 auto 15px; width: 50px; height: 50px;' src='https:\/\/ftp3.syscom.mx\/usuarios\/xguereque\/opendesk\/icono6.png' alt='Seguridad bancaria'> <\/p>\n<p style='font-size: 14px; margin: 0; color: inherit;'>Administre listas negras y limite el acceso a sus colaboradores desde ubicaciones espec\u00edficas.<\/p>\n<\/p><\/div>\n<\/p><\/div>\n<\/p><\/div>\n<div style='margin-top: 40px;'> <img style='width: 100%; height: auto; border: 1px solid rgba(150&comma;150&comma;150&comma;0.3); border-radius: 8px;' src='https:\/\/ftp3.syscom.mx\/usuarios\/xguereque\/opendesk\/banner-final.png' alt='Banner final Open Desk PRO'> <\/div>\n<\/p><\/div>\n","protected":false},"excerpt":{"rendered":"<p>1 Almac\u00e9n para Open Desk PRO \/ Inventarios \/ Ventas \/ Cotizaciones \/ Compras \/ Sin Facturaci\u00f3n Fiscal \/ Suscripci\u00f3n Anual<\/p>\n","protected":false},"featured_media":103827,"comment_status":"open","ping_status":"closed","template":"","meta":[],"product_brand":[],"product_cat":[846],"product_tag":[926,792,847],"class_list":{"0":"post-103828","1":"product","2":"type-product","3":"status-publish","4":"has-post-thumbnail","6":"product_cat-tiempo-y-asistencia","7":"product_tag-open-desk-pro","8":"product_tag-software-de-asistencia","9":"product_tag-tiempo-y-asistencia","11":"first","12":"instock","13":"sale","14":"shipping-taxable","15":"purchasable","16":"product-type-simple"},"_links":{"self":[{"href":"https:\/\/soydeaqui.ddns.net\/pachuca\/index.php\/wp-json\/wp\/v2\/product\/103828","targetHints":{"allow":["GET"]}}],"collection":[{"href":"https:\/\/soydeaqui.ddns.net\/pachuca\/index.php\/wp-json\/wp\/v2\/product"}],"about":[{"href":"https:\/\/soydeaqui.ddns.net\/pachuca\/index.php\/wp-json\/wp\/v2\/types\/product"}],"replies":[{"embeddable":true,"href":"https:\/\/soydeaqui.ddns.net\/pachuca\/index.php\/wp-json\/wp\/v2\/comments?post=103828"}],"wp:featuredmedia":[{"embeddable":true,"href":"https:\/\/soydeaqui.ddns.net\/pachuca\/index.php\/wp-json\/wp\/v2\/media\/103827"}],"wp:attachment":[{"href":"https:\/\/soydeaqui.ddns.net\/pachuca\/index.php\/wp-json\/wp\/v2\/media?parent=103828"}],"wp:term":[{"taxonomy":"product_brand","embeddable":true,"href":"https:\/\/soydeaqui.ddns.net\/pachuca\/index.php\/wp-json\/wp\/v2\/product_brand?post=103828"},{"taxonomy":"product_cat","embeddable":true,"href":"https:\/\/soydeaqui.ddns.net\/pachuca\/index.php\/wp-json\/wp\/v2\/product_cat?post=103828"},{"taxonomy":"product_tag","embeddable":true,"href":"https:\/\/soydeaqui.ddns.net\/pachuca\/index.php\/wp-json\/wp\/v2\/product_tag?post=103828"}],"curies":[{"name":"wp","href":"https:\/\/api.w.org\/{rel}","templated":true}]}}