{"id":103782,"date":"2026-03-20T14:00:31","date_gmt":"2026-03-20T14:00:31","guid":{"rendered":"https:\/\/soydeaqui.ddns.net\/pachuca\/index.php\/producto\/bala-ip-5-megapixel-lente-2-8-mm-lente-fijo-50-mts-ir-exterior-ip66-h-265-poe-micro-sd-wdr-120-db-hlc-onvif-ndaa-serie-35\/"},"modified":"2026-03-20T14:00:32","modified_gmt":"2026-03-20T14:00:32","slug":"bala-ip-5-megapixel-lente-2-8-mm-lente-fijo-50-mts-ir-exterior-ip66-h-265-poe-micro-sd-wdr-120-db-hlc-onvif-ndaa-serie-35","status":"publish","type":"product","link":"https:\/\/soydeaqui.ddns.net\/pachuca\/index.php\/producto\/bala-ip-5-megapixel-lente-2-8-mm-lente-fijo-50-mts-ir-exterior-ip66-h-265-poe-micro-sd-wdr-120-db-hlc-onvif-ndaa-serie-35\/","title":{"rendered":"Bala IP 5 Megapixel \/ Lente 2.8 mm  \/ Lente Fijo \/ 50 mts IR \/ Exterior IP66 \/ H.265 \/ PoE \/ Micro SD \/ WDR 120 dB \/ HLC \/ ONVIF \/ NDAA \/ Serie 35"},"content":{"rendered":"<div style='width: 100%; max-width: 1200px; margin: 0 auto; font-family: sans-serif; line-height: 1.6; color: inherit; background-color: transparent;'> <!-- Im\u00e1genes iniciales --> <\/p>\n<div style='width: 100%; display: flex; flex-direction: column; gap: 15px; margin-bottom: 30px;'> <img style='width: 100%; height: auto; border: 1px solid rgba(150&comma;150&comma;150&comma;0.3); border-radius: 8px;' src='https:\/\/ftp3.syscom.mx\/usuarios\/pnunez\/Honeywell\/HC30WE5R2\/Imagenes\/banner-honeywell.jpg' alt='Banner Honeywell'> <img style='width: 100%; height: auto; border: 1px solid rgba(150&comma;150&comma;150&comma;0.3); border-radius: 8px;' src='https:\/\/ftp3.syscom.mx\/usuarios\/pnunez\/Honeywell\/Banners\/syscom-stock-disponible%20%281%29.jpg' alt='Stock Disponible'> <\/div>\n<p> <!-- T\u00edtulo --> <\/p>\n<h2 style='color: #817e7e; font-size: 24px; margin-bottom: 30px;'>Camara Bala IP 5MP<\/h2>\n<p> <!-- Secci\u00f3n de caracter\u00edsticas en grid --> <\/p>\n<div style='display: flex; flex-wrap: wrap; gap: 30px; margin-bottom: 30px;'> <!-- Caracter\u00edsticas de la C\u00e1mara --> <\/p>\n<div style='flex: 1 1 300px; min-width: 280px;'>\n<div style='border: 1px solid rgba(150&comma;150&comma;150&comma;0.4); border-radius: 8px; overflow: hidden; display: flex; flex-direction: column; height: 100%;'>\n<div style='padding: 15px; border-bottom: 1px solid rgba(150&comma;150&comma;150&comma;0.2); font-weight: bold; font-size: 18px; background-color: rgba(178&comma;49&comma;49&comma;0.1); color: inherit;'>Caracter\u00edsticas de la C\u00e1mara:<\/div>\n<div style='padding: 15px; color: inherit; flex: 1;'>\n<ul style='padding-left: 20px; margin: 0; font-size: 14px; list-style-type: disc;'>\n<li style='margin-bottom: 8px;'>Resoluci\u00f3n m\u00e1xima: <strong>5 Megap\u00edxel<\/strong> (2592 x 1944) a 30 FPS.<\/li>\n<li style='margin-bottom: 8px;'>Sensor de imagen: <strong>1\/2.8 Scan Progresivo CMOS<\/strong><\/li>\n<li style='margin-bottom: 8px;'>Iluminaci\u00f3n m\u00ednima: Color: 0.0007 Lux&comma; B\/N: 0Lux con IR encendido @F2.0<\/li>\n<li style='margin-bottom: 8px;'>D\u00eda \/ Noche autom\u00e1tico \/ B\/N \/ Color<\/li>\n<li style='margin-bottom: 8px;'>Lente fijo: <strong>2.8 mm<\/strong><\/li>\n<li style='margin-bottom: 8px;'>Compensaci\u00f3n de luz: <strong>WDR 120 dB<\/strong>&comma; BLC&comma; HLC<\/li>\n<\/ul><\/div>\n<\/p><\/div>\n<\/p><\/div>\n<p> <!-- Caracter\u00edsticas Generales --> <\/p>\n<div style='flex: 1 1 300px; min-width: 280px;'>\n<div style='border: 1px solid rgba(150&comma;150&comma;150&comma;0.4); border-radius: 8px; overflow: hidden; display: flex; flex-direction: column; height: 100%;'>\n<div style='padding: 15px; border-bottom: 1px solid rgba(150&comma;150&comma;150&comma;0.2); font-weight: bold; font-size: 18px; background-color: rgba(178&comma;49&comma;49&comma;0.1); color: inherit;'>Caracter\u00edsticas Generales:<\/div>\n<div style='padding: 15px; color: inherit; flex: 1;'>\n<ul style='padding-left: 20px; margin: 0; font-size: 14px; list-style-type: disc;'>\n<li style='margin-bottom: 8px;'>Distancia de IR: <strong>50m IR inteligente<\/strong><\/li>\n<li style='margin-bottom: 8px;'>Compresi\u00f3n: <strong>H.265 HEVC\/H.264\/MJPEG<\/strong>&comma; Codec Inteligente<\/li>\n<li style='margin-bottom: 8px;'><strong>Certificaci\u00f3n NDAA<\/strong><\/li>\n<\/ul>\n<p style='margin: 15px 0 8px 0; font-weight: bold;'>Funciones de Red y Almacenamiento:<\/p>\n<ul style='padding-left: 20px; margin: 0; font-size: 14px; list-style-type: disc;'>\n<li style='margin-bottom: 8px;'>Almacenamiento: <strong>Soporta microSD de hasta 256 GB<\/strong> (no incluida)<\/li>\n<li style='margin-bottom: 8px;'>Puerto Ethernet <strong>RJ45 10\/100 Mbps<\/strong><\/li>\n<li style='margin-bottom: 8px;'><strong>ONVIF:<\/strong> Profile G \/ S \/ T<\/li>\n<\/ul><\/div>\n<\/p><\/div>\n<\/p><\/div>\n<p> <!-- Caracter\u00edsticas F\u00edsicas y El\u00e9ctricas --> <\/p>\n<div style='flex: 1 1 300px; min-width: 280px;'>\n<div style='border: 1px solid rgba(150&comma;150&comma;150&comma;0.4); border-radius: 8px; overflow: hidden; display: flex; flex-direction: column; height: 100%;'>\n<div style='padding: 15px; border-bottom: 1px solid rgba(150&comma;150&comma;150&comma;0.2); font-weight: bold; font-size: 18px; background-color: rgba(178&comma;49&comma;49&comma;0.1); color: inherit;'>Caracter\u00edsticas F\u00edsicas y El\u00e9ctricas:<\/div>\n<div style='padding: 15px; color: inherit; flex: 1;'>\n<ul style='padding-left: 20px; margin: 0; font-size: 14px; list-style-type: disc;'>\n<li style='margin-bottom: 8px;'>Temperatura de operaci\u00f3n: <strong>-40 a 60 \u00b0C<\/strong><\/li>\n<li style='margin-bottom: 8px;'>Alimentaci\u00f3n: <strong>12 Vcc&comma; PoE (802.3 af) Clase 0 \/ 6 W<\/strong><\/li>\n<li style='margin-bottom: 8px;'>Protecci\u00f3n: <strong>IP66\/ IP67<\/strong><\/li>\n<li style='margin-bottom: 8px;'>Dimensiones: <strong>87.0 \u00d7 197.3 mm<\/strong><\/li>\n<li style='margin-bottom: 8px;'>Peso: <strong>0.7 Kg<\/strong><\/li>\n<li style='margin-bottom: 8px;'>Alarma: <strong>1 Entrada \/ 1 Salida<\/strong><\/li>\n<li style='margin-bottom: 8px;'>Audio: <strong>1 Entrada \/ 1 Salida<\/strong><\/li>\n<li style='margin-bottom: 8px;'><strong>Garant\u00eda 5 a\u00f1os<\/strong><\/li>\n<\/ul><\/div>\n<\/p><\/div>\n<\/p><\/div>\n<\/p><\/div>\n<p> <!-- Imagen de dimensiones --> <\/p>\n<div style='width: 100%; margin: 30px 0;'> <img style='width: 100%; height: auto; border: 1px solid rgba(150&comma;150&comma;150&comma;0.3); border-radius: 8px;' src='https:\/\/ftp3.syscom.mx\/usuarios\/pnunez\/Honeywell\/HC30WB5R1\/medidashc30wb5r1.PNG' alt='Dimensiones de la c\u00e1mara'> <\/div>\n<p> <!-- Separador --> <\/p>\n<hr style='border: 0; border-top: 1px solid rgba(150&comma;150&comma;150&comma;0.3); margin: 30px 0;'> <!-- Imagen NDAA --> <\/p>\n<div style='width: 100%; margin: 30px 0;'> <img style='width: 100%; height: auto; border: 1px solid rgba(150&comma;150&comma;150&comma;0.3); border-radius: 8px;' src='https:\/\/ftp3.syscom.mx\/usuarios\/pnunez\/Honeywell\/NDAA\/NDAA-HONEYWELL.jpg' alt='Certificaci\u00f3n NDAA'> <\/div>\n<p> <!-- Video de YouTube --> <\/p>\n<div style='position: relative; padding-bottom: 56.25%; height: 0; overflow: hidden; margin: 30px 0;'>   <\/div>\n<\/p><\/div>\n","protected":false},"excerpt":{"rendered":"<p>Bala IP 5 Megapixel \/ Lente 2.8 mm  \/ Lente Fijo \/ 50 mts IR \/ Exterior IP66 \/ H.265 \/ PoE \/ Micro SD \/ WDR 120 dB \/ HLC \/ ONVIF \/ NDAA \/ Serie 35<\/p>\n","protected":false},"featured_media":103781,"comment_status":"open","ping_status":"closed","template":"","meta":[],"product_brand":[],"product_cat":[438],"product_tag":[439,122,209],"class_list":{"0":"post-103782","1":"product","2":"type-product","3":"status-publish","4":"has-post-thumbnail","6":"product_cat-bala","7":"product_tag-bala","8":"product_tag-camaras-ip-y-nvrs","9":"product_tag-honeywell","11":"first","12":"instock","13":"sale","14":"shipping-taxable","15":"purchasable","16":"product-type-simple"},"_links":{"self":[{"href":"https:\/\/soydeaqui.ddns.net\/pachuca\/index.php\/wp-json\/wp\/v2\/product\/103782","targetHints":{"allow":["GET"]}}],"collection":[{"href":"https:\/\/soydeaqui.ddns.net\/pachuca\/index.php\/wp-json\/wp\/v2\/product"}],"about":[{"href":"https:\/\/soydeaqui.ddns.net\/pachuca\/index.php\/wp-json\/wp\/v2\/types\/product"}],"replies":[{"embeddable":true,"href":"https:\/\/soydeaqui.ddns.net\/pachuca\/index.php\/wp-json\/wp\/v2\/comments?post=103782"}],"wp:featuredmedia":[{"embeddable":true,"href":"https:\/\/soydeaqui.ddns.net\/pachuca\/index.php\/wp-json\/wp\/v2\/media\/103781"}],"wp:attachment":[{"href":"https:\/\/soydeaqui.ddns.net\/pachuca\/index.php\/wp-json\/wp\/v2\/media?parent=103782"}],"wp:term":[{"taxonomy":"product_brand","embeddable":true,"href":"https:\/\/soydeaqui.ddns.net\/pachuca\/index.php\/wp-json\/wp\/v2\/product_brand?post=103782"},{"taxonomy":"product_cat","embeddable":true,"href":"https:\/\/soydeaqui.ddns.net\/pachuca\/index.php\/wp-json\/wp\/v2\/product_cat?post=103782"},{"taxonomy":"product_tag","embeddable":true,"href":"https:\/\/soydeaqui.ddns.net\/pachuca\/index.php\/wp-json\/wp\/v2\/product_tag?post=103782"}],"curies":[{"name":"wp","href":"https:\/\/api.w.org\/{rel}","templated":true}]}}