{"id":103778,"date":"2026-03-20T14:00:21","date_gmt":"2026-03-20T14:00:21","guid":{"rendered":"https:\/\/soydeaqui.ddns.net\/pachuca\/index.php\/producto\/domo-ip-8-mp-lente-mot-3-6-a-11-mm-h-265-ndaa-onvif-ik10-wdr-130-db-ia-avanzado-deteccion-sabotaje-movimiento-rostros-intrusion-merodeo-objeto-abandonado-alarma-y-audio-i-o\/"},"modified":"2026-03-20T14:00:22","modified_gmt":"2026-03-20T14:00:22","slug":"domo-ip-8-mp-lente-mot-3-6-a-11-mm-h-265-ndaa-onvif-ik10-wdr-130-db-ia-avanzado-deteccion-sabotaje-movimiento-rostros-intrusion-merodeo-objeto-abandonado-alarma-y-audio-i-o","status":"publish","type":"product","link":"https:\/\/soydeaqui.ddns.net\/pachuca\/index.php\/producto\/domo-ip-8-mp-lente-mot-3-6-a-11-mm-h-265-ndaa-onvif-ik10-wdr-130-db-ia-avanzado-deteccion-sabotaje-movimiento-rostros-intrusion-merodeo-objeto-abandonado-alarma-y-audio-i-o\/","title":{"rendered":"Domo IP 8 MP \/ Lente Mot. 3.6  a 11 mm \/ H.265 \/ NDAA \/ ONVIF \/ IK10 \/ WDR 130 dB \/ IA Avanzado Detecci\u00f3n Sabotaje \/ Movimiento \/ Rostros \/ Intrusi\u00f3n \/ Merodeo \/ Objeto Abandonado \/ Alarma y Audio I\/O \/ PoE \/ Serie 70 \/ Honeywell Security"},"content":{"rendered":"<div style='width: 100%; max-width: 1200px; margin: 0 auto; font-family: sans-serif; line-height: 1.6; color: inherit; background-color: transparent;'> <!-- Im\u00e1genes iniciales --> <\/p>\n<div style='margin-bottom: 20px;'> <img style='width: 100%; height: auto; border: 1px solid rgba(150&comma;150&comma;150&comma;0.3); border-radius: 8px; margin-bottom: 20px;' src='https:\/\/ftp3.syscom.mx\/usuarios\/pnunez\/Honeywell\/HC30WE5R2\/Imagenes\/banner-honeywell.jpg' alt='Banner Honeywell'> <img style='width: 100%; height: auto; border: 1px solid rgba(150&comma;150&comma;150&comma;0.3); border-radius: 8px;' src='https:\/\/ftp3.syscom.mx\/usuarios\/pnunez\/Honeywell\/Banners\/syscom-stock-disponible%20%281%29.jpg' alt='Stock Disponible'> <\/div>\n<p> <!-- Secci\u00f3n de caracter\u00edsticas --> <\/p>\n<div style='display: flex; flex-wrap: wrap; gap: 30px; margin-bottom: 30px;'>\n<div style='flex: 1 1 300px; min-width: 280px;'>\n<h3 style='font-size: 22px; border-bottom: 2px solid currentColor; padding-bottom: 5px; margin-top: 0; color: inherit; opacity: 0.8;'>Caracter\u00edsticas de la C\u00e1mara:<\/h3>\n<ul style='padding-left: 20px; font-size: 15px; color: inherit;'>\n<li style='margin-bottom: 5px;'>Resoluci\u00f3n m\u00e1xima: <strong>8 Megap\u00edxel (3840 x 2160)<\/strong><\/li>\n<li style='margin-bottom: 5px;'>Sensor de imagen: <strong>1\/1.8 Scan Progresivo CMOS<\/strong><\/li>\n<li style='margin-bottom: 5px;'>Iluminaci\u00f3n m\u00ednima: <strong>Color: 0.005 Lux Color&comma; B\/N: 0 Lux con IR encendido @F1.5<\/strong><\/li>\n<li style='margin-bottom: 5px;'>D\u00eda \/ Noche: <strong>Calendarizable<\/strong><\/li>\n<li style='margin-bottom: 5px;'>Lente: <strong>Varifocal Motorizado 3.6 &#8211; 11mm<\/strong><\/li>\n<li style='margin-bottom: 5px;'>Distancia de IR: <strong>40m IR Inteligente<\/strong><\/li>\n<li style='margin-bottom: 5px;'>Compresi\u00f3n: <strong>H.265&comma; H.264&comma; MJPEG<\/strong><\/li>\n<li style='margin-bottom: 5px;'>Conectividad: <strong>Soporta wi-fi dongle<\/strong><\/li>\n<\/ul><\/div>\n<div style='flex: 1 1 300px; min-width: 280px;'>\n<h3 style='font-size: 22px; border-bottom: 2px solid currentColor; padding-bottom: 5px; margin-top: 0; color: inherit; opacity: 0.8;'>Caracter\u00edsticas Generales:<\/h3>\n<ul style='padding-left: 20px; font-size: 15px; color: inherit;'>\n<li style='margin-bottom: 5px;'>Compensaci\u00f3n de luz: <strong>WDR 130dB&comma; HLC&comma; 3D DNR<\/strong><\/li>\n<li style='margin-bottom: 5px;'>Video anal\u00edticos: <strong>Detecci\u00f3n Sabotaje (Tampering)&comma; Movimiento&comma; Intrusi\u00f3n&comma; merodeo&comma; objeto abandonado\/perdido&comma; detecci\u00f3n de rostro<\/strong><\/li>\n<li style='margin-bottom: 5px;'>Almacenamiento: <strong>Soporta 2 microSD de hasta 1 TB cada uno (no incluidos)<\/strong><\/li>\n<li style='margin-bottom: 5px;'>M\u00e1scara de privacidad: <strong>5 zonas<\/strong><\/li>\n<li style='margin-bottom: 5px;'>ONVIF: <strong>Profile S&comma; G&comma; T<\/strong><\/li>\n<li style='margin-bottom: 5px;'><strong>Certificaci\u00f3n NDAA<\/strong><\/li>\n<li style='margin-bottom: 5px;'><strong>Garant\u00eda 5 a\u00f1os<\/strong><\/li>\n<\/ul><\/div>\n<div style='flex: 1 1 300px; min-width: 280px;'>\n<h3 style='font-size: 22px; border-bottom: 2px solid currentColor; padding-bottom: 5px; margin-top: 0; color: inherit; opacity: 0.8;'>Caracter\u00edsticas F\u00edsicas y El\u00e9ctricas:<\/h3>\n<ul style='padding-left: 20px; font-size: 15px; color: inherit;'>\n<li style='margin-bottom: 5px;'>Temperatura de operaci\u00f3n: <strong>-40 a 60 \u00b0C<\/strong><\/li>\n<li style='margin-bottom: 5px;'>Alimentaci\u00f3n: <strong>24Vac&comma; PoE (802.3at) Clase 3 \/ 13 W<\/strong><\/li>\n<li style='margin-bottom: 5px;'>Protecci\u00f3n: <strong>IP67 \/ IK10 \/ NEMA 4X<\/strong><\/li>\n<li style='margin-bottom: 5px;'>Dimensiones: <strong>147.9 x 147.9 x 124.1 mm<\/strong><\/li>\n<li style='margin-bottom: 5px;'>Peso: <strong>1.08 Kg<\/strong><\/li>\n<li style='margin-bottom: 5px;'>Puerto Ethernet: <strong>RJ45 10\/100 Mbps<\/strong><\/li>\n<li style='margin-bottom: 5px;'>Entrada\/Salida de audio: <strong>L\u00ednea<\/strong><\/li>\n<li style='margin-bottom: 5px;'>I\/O: <strong>1 Entrada\/1 Salida de alarma<\/strong><\/li>\n<\/ul><\/div>\n<\/p><\/div>\n<p> <!-- Separador --> <\/p>\n<hr style='border: 0; border-top: 1px solid rgba(150&comma; 150&comma; 150&comma; 0.3); margin: 30px 0;'> <!-- Secci\u00f3n de im\u00e1genes y video --> <\/p>\n<div style='display: flex; flex-direction: column; gap: 20px;'> <img style='width: 100%; height: auto; border: 1px solid rgba(150&comma;150&comma;150&comma;0.3); border-radius: 8px;' src='https:\/\/ftp3.syscom.mx\/usuarios\/diego.ramirez\/Honeywell\/HC60W45R4\/HC60W45R4medidas.png' alt='Diagrama de dimensiones'> <img style='width: 100%; height: auto; border: 1px solid rgba(150&comma;150&comma;150&comma;0.3); border-radius: 8px;' src='https:\/\/ftp3.syscom.mx\/usuarios\/pnunez\/Honeywell\/NDAA\/NDAA-HONEYWELL.jpg' alt='Certificaci\u00f3n NDAA'> <\/p>\n<div style='position: relative; padding-bottom: 56.25%; height: 0; overflow: hidden; margin-bottom: 30px;'>   <\/div>\n<\/p><\/div>\n<\/p><\/div>\n","protected":false},"excerpt":{"rendered":"<p>Domo IP 8 MP \/ Lente Mot. 3.6  a 11 mm \/ H.265 \/ NDAA \/ ONVIF \/ IK10 \/ WDR 130 dB \/ IA Avanzado Detecci\u00f3n Sabotaje \/ Movimiento \/ Rostros \/ Intrusi\u00f3n \/ Merodeo \/ Objeto Abandonado \/ Alarma y Audio I\/O \/ PoE \/ Serie 70 \/ Honeywell Security<\/p>\n","protected":false},"featured_media":103777,"comment_status":"open","ping_status":"closed","template":"","meta":[],"product_brand":[],"product_cat":[2056],"product_tag":[122,2057,209],"class_list":{"0":"post-103778","1":"product","2":"type-product","3":"status-publish","4":"has-post-thumbnail","6":"product_cat-domo-eyeball-turret","7":"product_tag-camaras-ip-y-nvrs","8":"product_tag-domo-eyeball-turret","9":"product_tag-honeywell","11":"first","12":"outofstock","13":"sale","14":"shipping-taxable","15":"purchasable","16":"product-type-simple"},"_links":{"self":[{"href":"https:\/\/soydeaqui.ddns.net\/pachuca\/index.php\/wp-json\/wp\/v2\/product\/103778","targetHints":{"allow":["GET"]}}],"collection":[{"href":"https:\/\/soydeaqui.ddns.net\/pachuca\/index.php\/wp-json\/wp\/v2\/product"}],"about":[{"href":"https:\/\/soydeaqui.ddns.net\/pachuca\/index.php\/wp-json\/wp\/v2\/types\/product"}],"replies":[{"embeddable":true,"href":"https:\/\/soydeaqui.ddns.net\/pachuca\/index.php\/wp-json\/wp\/v2\/comments?post=103778"}],"wp:featuredmedia":[{"embeddable":true,"href":"https:\/\/soydeaqui.ddns.net\/pachuca\/index.php\/wp-json\/wp\/v2\/media\/103777"}],"wp:attachment":[{"href":"https:\/\/soydeaqui.ddns.net\/pachuca\/index.php\/wp-json\/wp\/v2\/media?parent=103778"}],"wp:term":[{"taxonomy":"product_brand","embeddable":true,"href":"https:\/\/soydeaqui.ddns.net\/pachuca\/index.php\/wp-json\/wp\/v2\/product_brand?post=103778"},{"taxonomy":"product_cat","embeddable":true,"href":"https:\/\/soydeaqui.ddns.net\/pachuca\/index.php\/wp-json\/wp\/v2\/product_cat?post=103778"},{"taxonomy":"product_tag","embeddable":true,"href":"https:\/\/soydeaqui.ddns.net\/pachuca\/index.php\/wp-json\/wp\/v2\/product_tag?post=103778"}],"curies":[{"name":"wp","href":"https:\/\/api.w.org\/{rel}","templated":true}]}}