{"id":103776,"date":"2026-03-20T14:00:15","date_gmt":"2026-03-20T14:00:15","guid":{"rendered":"https:\/\/soydeaqui.ddns.net\/pachuca\/index.php\/producto\/ptz-ip-5-megapixel-30x-zoom-200-mts-ir-h-265-ia-filtro-de-humanos-y-vehiculos-merodeo-poe-exterior-ip67-ik10-onvif-ndaa-serie-35-256-gb-microsd-audio-e-s-alarma-e-s-w\/"},"modified":"2026-03-20T14:00:17","modified_gmt":"2026-03-20T14:00:17","slug":"ptz-ip-5-megapixel-30x-zoom-200-mts-ir-h-265-ia-filtro-de-humanos-y-vehiculos-merodeo-poe-exterior-ip67-ik10-onvif-ndaa-serie-35-256-gb-microsd-audio-e-s-alarma-e-s-w","status":"publish","type":"product","link":"https:\/\/soydeaqui.ddns.net\/pachuca\/index.php\/producto\/ptz-ip-5-megapixel-30x-zoom-200-mts-ir-h-265-ia-filtro-de-humanos-y-vehiculos-merodeo-poe-exterior-ip67-ik10-onvif-ndaa-serie-35-256-gb-microsd-audio-e-s-alarma-e-s-w\/","title":{"rendered":"PTZ IP 5 Megapixel \/ 30X Zoom \/ 200 mts IR \/ H.265 \/ IA (Filtro de Humanos y Vehiculos) \/ Merodeo \/ PoE++ \/ Exterior IP67 \/ IK10 \/ ONVIF \/ NDAA \/ Serie 35 \/ 256 GB microSD \/ Audio E\/S \/ Alarma E\/S \/ Wiper \/ Honeywell Security"},"content":{"rendered":"<div style='width: 100%; max-width: 1200px; margin: 0 auto; font-family: sans-serif; line-height: 1.6; color: inherit; background-color: transparent;'> <!-- Im\u00e1genes banner --> <\/p>\n<div style='width: 100%; margin-bottom: 30px;'> <img style='width: 100%; height: auto; border: 1px solid rgba(150&comma;150&comma;150&comma;0.3); border-radius: 8px;' src='https:\/\/ftp3.syscom.mx\/usuarios\/pnunez\/Honeywell\/HC30WE5R2\/Imagenes\/banner-honeywell.jpg' alt='Banner Honeywell'> <\/div>\n<div style='width: 100%; margin-bottom: 30px;'> <img style='width: 100%; height: auto; border: 1px solid rgba(150&comma;150&comma;150&comma;0.3); border-radius: 8px;' src='https:\/\/ftp3.syscom.mx\/usuarios\/pnunez\/Honeywell\/Banners\/syscom-stock-disponible%20%281%29.jpg' alt='Stock Disponible'> <\/div>\n<p> <!-- Secci\u00f3n principal con flex --> <\/p>\n<div style='display: flex; flex-wrap: wrap; gap: 30px; margin-bottom: 30px;'> <!-- Columna 1 --> <\/p>\n<div style='flex: 1 1 300px; min-width: 280px;'>\n<h3 style='font-size: 22px; border-bottom: 2px solid currentColor; padding-bottom: 5px; margin-top: 0; color: inherit; opacity: 0.8;'>Caracter\u00edsticas de la C\u00e1mara:<\/h3>\n<ul style='padding-left: 20px; font-size: 15px; color: inherit;'>\n<li style='margin-bottom: 5px;'><strong>Resoluci\u00f3n m\u00e1xima:<\/strong> 5 Megapixel (2592 x 1944).<\/li>\n<li style='margin-bottom: 5px;'><strong>Compresi\u00f3n:<\/strong> H.265&comma; H.264.<\/li>\n<li style='margin-bottom: 5px;'><strong>Iluminaci\u00f3n m\u00ednima:<\/strong> Color 0.005 Lux&comma; B\/N 0.0 Lux @ (F1.6).<\/li>\n<li style='margin-bottom: 5px;'><strong>Distancia focal:<\/strong> 5.3 a 159 mm (30X Zoom \u00f3ptico \/ 16X Zoom digital).<\/li>\n<li style='margin-bottom: 5px;'><strong>Distancia IR:<\/strong> 200 mts.<\/li>\n<li style='margin-bottom: 5px;'><strong>Funciones est\u00e1ndar:<\/strong> WDR real 120dB&comma; 3D-DNR&comma; BLC&comma; HLC&comma; Defog&comma; Mascara de privacidad.<\/li>\n<\/ul>\n<h3 style='font-size: 22px; border-bottom: 2px solid currentColor; padding-bottom: 5px; margin-top: 20px; color: inherit; opacity: 0.8;'>Caracter\u00edsticas PTZ:<\/h3>\n<ul style='padding-left: 20px; font-size: 15px; color: inherit;'>\n<li style='margin-bottom: 5px;'><strong>Giro panor\u00e1mico:<\/strong> 360\u00ba.<\/li>\n<li style='margin-bottom: 5px;'><strong>Giro vertical:<\/strong> -10\u00ba a +90\u00ba.<\/li>\n<li style='margin-bottom: 5px;'>256 Preset<\/li>\n<li style='margin-bottom: 5px;'>12 Patrullajes y 6 patrones<\/li>\n<li style='margin-bottom: 5px;'><strong>Funciones especiales:<\/strong> Regreso a posici\u00f3n de casa.<\/li>\n<\/ul><\/div>\n<p> <!-- Columna 2 --> <\/p>\n<div style='flex: 1 1 300px; min-width: 280px;'>\n<h3 style='font-size: 22px; border-bottom: 2px solid currentColor; padding-bottom: 5px; margin-top: 0; color: inherit; opacity: 0.8;'>Caracter\u00edsticas Generales:<\/h3>\n<ul style='padding-left: 20px; font-size: 15px; color: inherit;'>\n<li style='margin-bottom: 5px;'><strong>Video an\u00e1lisis:<\/strong> Contador de personas&comma; merodeo m\u00faltiple&comma; intrusi\u00f3n&comma; manipulaci\u00f3n&comma; detecci\u00f3n de movimiento inteligente (SMD)&comma; detecci\u00f3n de movimiento.<\/li>\n<li style='margin-bottom: 5px;'><strong>Protecci\u00f3n:<\/strong> IP66 \/ IK10 \/ IP67.<\/li>\n<li style='margin-bottom: 5px;'><strong>Certificaci\u00f3n NDAA.<\/strong><\/li>\n<li style='margin-bottom: 5px;'><strong>ONVIF:<\/strong> Profile S&comma; G &comma; T.<\/li>\n<li style='margin-bottom: 5px;'><strong>Garant\u00eda 5 a\u00f1os.<\/strong><\/li>\n<\/ul>\n<h3 style='font-size: 22px; border-bottom: 2px solid currentColor; padding-bottom: 5px; margin-top: 20px; color: inherit; opacity: 0.8;'>Funciones de Red y Almacenamiento:<\/h3>\n<ul style='padding-left: 20px; font-size: 15px; color: inherit;'>\n<li style='margin-bottom: 5px;'>Soporta micro SD de hasta 256 GB (no incluida).<\/li>\n<li style='margin-bottom: 5px;'><strong>Puerto Ethernet:<\/strong> RJ45 10\/100 Mbps.<\/li>\n<li style='margin-bottom: 5px;'><strong>M\u00e1ximo:<\/strong> 10 usuarios.<\/li>\n<\/ul><\/div>\n<p> <!-- Columna 3 --> <\/p>\n<div style='flex: 1 1 300px; min-width: 280px;'>\n<h3 style='font-size: 22px; border-bottom: 2px solid currentColor; padding-bottom: 5px; margin-top: 0; color: inherit; opacity: 0.8;'>Caracter\u00edsticas F\u00edsicas y El\u00e9ctricas:<\/h3>\n<ul style='padding-left: 20px; font-size: 15px; color: inherit;'>\n<li style='margin-bottom: 5px;'><strong>Temperatura de operaci\u00f3n:<\/strong> -40 a 60 \u00b0C.<\/li>\n<li style='margin-bottom: 5px;'><strong>Alimentaci\u00f3n:<\/strong> AC 24 V~&comma; 3 A; PoE++ 50-57 V&comma; MAX 45 W.<\/li>\n<li style='margin-bottom: 5px;'><strong>Dimensiones:<\/strong> 226.1 mm x 362.8 mm.<\/li>\n<li style='margin-bottom: 5px;'><strong>Peso:<\/strong> 5.20 Kg.<\/li>\n<li style='margin-bottom: 5px;'><strong>Alarma:<\/strong> 7 Entrada \/ 2 Salida.<\/li>\n<li style='margin-bottom: 5px;'><strong>Audio:<\/strong> 1 Entrada \/ 1 Salida.<\/li>\n<\/ul><\/div>\n<\/p><\/div>\n<p> <!-- Imagen de dimensiones --> <\/p>\n<div style='width: 100%; margin: 30px 0;'> <img style='width: 100%; height: auto; border: 1px solid rgba(150&comma;150&comma;150&comma;0.3); border-radius: 8px;' src='https:\/\/ftp3.syscom.mx\/usuarios\/pnunez\/Honeywell\/HC35WZ5R30W\/HC35WZ5R30W%20medidas.png' alt='Dimensiones del producto'> <\/div>\n<p> <!-- Banner NDAA --> <\/p>\n<div style='width: 100%; margin: 30px 0;'> <img style='width: 100%; height: auto; border: 1px solid rgba(150&comma;150&comma;150&comma;0.3); border-radius: 8px;' src='https:\/\/ftp3.syscom.mx\/usuarios\/pnunez\/Honeywell\/NDAA\/NDAA-HONEYWELL.jpg' alt='Certificaci\u00f3n NDAA'> <\/div>\n<p> <!-- Video de YouTube --> <\/p>\n<div style='position: relative; padding-bottom: 56.25%; height: 0; overflow: hidden; margin: 30px 0;'>   <\/div>\n<\/p><\/div>\n","protected":false},"excerpt":{"rendered":"<p>PTZ IP 5 Megapixel \/ 30X Zoom \/ 200 mts IR \/ H.265 \/ IA (Filtro de Humanos y Vehiculos) \/ Merodeo \/ PoE++ \/ Exterior IP67 \/ IK10 \/ ONVIF \/ NDAA \/ Serie 35 \/ 256 GB microSD \/ Audio E\/S \/ Alarma E\/S \/ Wiper \/ Honeywell Security<\/p>\n","protected":false},"featured_media":103775,"comment_status":"open","ping_status":"closed","template":"","meta":[],"product_brand":[],"product_cat":[438],"product_tag":[439,122,209],"class_list":{"0":"post-103776","1":"product","2":"type-product","3":"status-publish","4":"has-post-thumbnail","6":"product_cat-bala","7":"product_tag-bala","8":"product_tag-camaras-ip-y-nvrs","9":"product_tag-honeywell","11":"first","12":"outofstock","13":"sale","14":"shipping-taxable","15":"purchasable","16":"product-type-simple"},"_links":{"self":[{"href":"https:\/\/soydeaqui.ddns.net\/pachuca\/index.php\/wp-json\/wp\/v2\/product\/103776","targetHints":{"allow":["GET"]}}],"collection":[{"href":"https:\/\/soydeaqui.ddns.net\/pachuca\/index.php\/wp-json\/wp\/v2\/product"}],"about":[{"href":"https:\/\/soydeaqui.ddns.net\/pachuca\/index.php\/wp-json\/wp\/v2\/types\/product"}],"replies":[{"embeddable":true,"href":"https:\/\/soydeaqui.ddns.net\/pachuca\/index.php\/wp-json\/wp\/v2\/comments?post=103776"}],"wp:featuredmedia":[{"embeddable":true,"href":"https:\/\/soydeaqui.ddns.net\/pachuca\/index.php\/wp-json\/wp\/v2\/media\/103775"}],"wp:attachment":[{"href":"https:\/\/soydeaqui.ddns.net\/pachuca\/index.php\/wp-json\/wp\/v2\/media?parent=103776"}],"wp:term":[{"taxonomy":"product_brand","embeddable":true,"href":"https:\/\/soydeaqui.ddns.net\/pachuca\/index.php\/wp-json\/wp\/v2\/product_brand?post=103776"},{"taxonomy":"product_cat","embeddable":true,"href":"https:\/\/soydeaqui.ddns.net\/pachuca\/index.php\/wp-json\/wp\/v2\/product_cat?post=103776"},{"taxonomy":"product_tag","embeddable":true,"href":"https:\/\/soydeaqui.ddns.net\/pachuca\/index.php\/wp-json\/wp\/v2\/product_tag?post=103776"}],"curies":[{"name":"wp","href":"https:\/\/api.w.org\/{rel}","templated":true}]}}