{"id":103766,"date":"2026-03-20T13:59:45","date_gmt":"2026-03-20T13:59:45","guid":{"rendered":"https:\/\/soydeaqui.ddns.net\/pachuca\/index.php\/producto\/nvr-honeywell-maxpro-se-standard-32-canales-4tb-4k-16gb-ram\/"},"modified":"2026-03-20T13:59:47","modified_gmt":"2026-03-20T13:59:47","slug":"nvr-honeywell-maxpro-se-standard-32-canales-4tb-4k-16gb-ram","status":"publish","type":"product","link":"https:\/\/soydeaqui.ddns.net\/pachuca\/index.php\/producto\/nvr-honeywell-maxpro-se-standard-32-canales-4tb-4k-16gb-ram\/","title":{"rendered":"NVR Honeywell Maxpro SE Standard \/ 32 Canales \/4TB \/ 4K \/ 16GB RAM"},"content":{"rendered":"<div style='width: 100%; max-width: 1200px; margin: 0 auto; font-family: sans-serif; line-height: 1.6; color: inherit; background-color: transparent;'> <!-- Banner imagen --> <img style='width: 100%; height: auto; border: 1px solid rgba(150&comma;150&comma;150&comma;0.3); border-radius: 8px; margin-bottom: 20px;' src='https:\/\/ftp3.syscom.mx\/usuarios\/pnunez\/Honeywell\/HC30WE5R2\/Imagenes\/banner-honeywell.jpg' alt=''> <!-- T\u00edtulo principal --> <\/p>\n<h2 style='font-size: 24px; margin-bottom: 20px; color: #817e7e; text-align: center;'>NVR MAXPRO SE 32 Canales<\/h2>\n<p> <!-- Secci\u00f3n de caracter\u00edsticas con grid --> <\/p>\n<div style='display: grid; grid-template-columns: repeat(auto-fit&comma; minmax(280px&comma; 1fr)); gap: 30px; margin-bottom: 30px;'> <!-- Caracter\u00edsticas de la C\u00e1mara --> <\/p>\n<div style='border-left: 5px solid #b23131; border-radius: 5px; padding: 15px; box-shadow: 2px 2px 10px rgba(216&comma; 216&comma; 216&comma; 0.5); min-height: 320px; background-color: rgba(240&comma; 240&comma; 240&comma; 0.1);'>\n<h3 style='font-size: 20px; margin-top: 0; margin-bottom: 15px; color: inherit; font-family: Arial&comma; Helvetica&comma; sans-serif;'><strong>Caracter\u00edsticas de la C\u00e1mara:<\/strong><\/h3>\n<ul style='padding-left: 20px; font-size: 15px; color: inherit; list-style-type: disc;'>\n<li style='margin-bottom: 10px;'>32 Canales de video<\/li>\n<li style='margin-bottom: 10px;'>Compresi\u00f3n de v\u00eddeo: MJPEG&comma; MPEG-4&comma; H.264&comma; H.265<\/li>\n<li style='margin-bottom: 10px;'>Sistema operativo Windows 10<\/li>\n<li style='margin-bottom: 10px;'>Procesador Intel\u00ae Core\u2122 i7-8700K&comma; 3.2 GHz&comma; Intel HD Graphics 630<\/li>\n<li style='margin-bottom: 10px;'>16 GB de RAM<\/li>\n<li style='margin-bottom: 10px;'>Base de datos SQL Server 2019 Express<\/li>\n<li style='margin-bottom: 10px;'>Soporta mouse USB para operar<\/li>\n<li style='margin-bottom: 10px;'>Almacenamiento de 2TB (incluido)<\/li>\n<\/ul><\/div>\n<p> <!-- Caracter\u00edsticas Generales --> <\/p>\n<div style='border-left: 5px solid #b23131; border-radius: 5px; padding: 15px; box-shadow: 2px 2px 10px rgba(216&comma; 216&comma; 216&comma; 0.5); min-height: 320px; background-color: rgba(240&comma; 240&comma; 240&comma; 0.1);'>\n<h3 style='font-size: 20px; margin-top: 0; margin-bottom: 15px; color: inherit; font-family: Arial&comma; Helvetica&comma; sans-serif;'><strong>Caracter\u00edsticas Generales:<\/strong><\/h3>\n<ul style='padding-left: 20px; font-size: 15px; color: inherit; list-style-type: disc;'>\n<li style='margin-bottom: 10px;'>Monitor: 1 HDMI&comma; 1 DVI&comma; 1 VGA<\/li>\n<li style='margin-bottom: 10px;'>Compatibilidad con navegadores IE&comma; Safari&comma; Chrome (ietab)<\/li>\n<li style='margin-bottom: 10px;'>Soporta m\u00faltiples marcas v\u00eda protocolo ONVIF<\/li>\n<li style='margin-bottom: 10px;'>C\u00e1maras soportadas: C\u00e1maras IP Performance IP&comma; serie equIP\u00ae y serie 30\/60\/70 de Honeywell<\/li>\n<li style='margin-bottom: 10px;'><strong>Certificaci\u00f3n NDAA<\/strong><\/li>\n<\/ul>\n<h4 style='font-size: 18px; margin-top: 20px; margin-bottom: 10px; color: inherit; font-family: Arial&comma; Helvetica&comma; sans-serif;'><strong>Funciones de Red y Almacenamiento:<\/strong><\/h4>\n<ul style='padding-left: 20px; font-size: 15px; color: inherit; list-style-type: disc;'>\n<li style='margin-bottom: 10px;'>Throughput entrada: 160 Mbps<\/li>\n<li style='margin-bottom: 10px;'>Throughput salida: 280 Mbps<\/li>\n<li style='margin-bottom: 10px;'>Puerto Ethernet: 2xRJ45<\/li>\n<\/ul><\/div>\n<p> <!-- Caracter\u00edsticas F\u00edsicas y El\u00e9ctricas --> <\/p>\n<div style='border-left: 5px solid #b23131; border-radius: 5px; padding: 15px; box-shadow: 2px 2px 10px rgba(216&comma; 216&comma; 216&comma; 0.5); min-height: 320px; background-color: rgba(240&comma; 240&comma; 240&comma; 0.1);'>\n<h3 style='font-size: 20px; margin-top: 0; margin-bottom: 15px; color: inherit; font-family: Arial&comma; Helvetica&comma; sans-serif;'><strong>Caracter\u00edsticas F\u00edsicas y El\u00e9ctricas:<\/strong><\/h3>\n<ul style='padding-left: 20px; font-size: 15px; color: inherit; list-style-type: disc;'>\n<li style='margin-bottom: 10px;'>Temperatura de operaci\u00f3n: 5\u00b0C a 40\u00b0C<\/li>\n<li style='margin-bottom: 10px;'>Alimentaci\u00f3n: 100-240 V ~ 50\/60 Hz &#8211; m\u00e1x. 500 W&comma; conmutaci\u00f3n autom\u00e1tica<\/li>\n<li style='margin-bottom: 10px;'>Dimensiones: 437 mm x 88 mm x 660 mm<\/li>\n<li style='margin-bottom: 10px;'>Peso: 19.5kg<\/li>\n<li style='margin-bottom: 10px;'><strong>Garant\u00eda 5 a\u00f1os<\/strong><\/li>\n<\/ul><\/div>\n<\/p><\/div>\n<p> <!-- Imagen de dimensiones --> <\/p>\n<div style='margin: 30px 0;'> <img style='width: 100%; height: auto; border: 1px solid rgba(150&comma;150&comma;150&comma;0.3); border-radius: 8px;' src='https:\/\/ftp3.syscom.mx\/usuarios\/pnunez\/Honeywell\/HNMSE64D04T\/HNMSE64D04T%20medidas.png' alt=''> <\/div>\n<p> <!-- Imagen NDAA --> <\/p>\n<div style='margin: 30px 0;'> <img style='width: 100%; height: auto; border: 1px solid rgba(150&comma;150&comma;150&comma;0.3); border-radius: 8px;' src='https:\/\/ftp3.syscom.mx\/usuarios\/pnunez\/Honeywell\/NDAA\/NDAA-HONEYWELL.jpg' alt=''> <\/div>\n<p> <!-- Video de YouTube --> <\/p>\n<div style='position: relative; padding-bottom: 56.25%; height: 0; overflow: hidden; margin: 30px 0;'>   <\/div>\n<\/p><\/div>\n","protected":false},"excerpt":{"rendered":"<p>NVR Honeywell Maxpro SE Standard \/ 32 Canales \/4TB \/ 4K \/ 16GB RAM<\/p>\n","protected":false},"featured_media":103765,"comment_status":"open","ping_status":"closed","template":"","meta":[],"product_brand":[],"product_cat":[2234],"product_tag":[122,209,2235],"class_list":{"0":"post-103766","1":"product","2":"type-product","3":"status-publish","4":"has-post-thumbnail","6":"product_cat-nvrs-network-video-recorders","7":"product_tag-camaras-ip-y-nvrs","8":"product_tag-honeywell","9":"product_tag-nvrs-network-video-recorders","11":"first","12":"outofstock","13":"sale","14":"shipping-taxable","15":"purchasable","16":"product-type-simple"},"_links":{"self":[{"href":"https:\/\/soydeaqui.ddns.net\/pachuca\/index.php\/wp-json\/wp\/v2\/product\/103766","targetHints":{"allow":["GET"]}}],"collection":[{"href":"https:\/\/soydeaqui.ddns.net\/pachuca\/index.php\/wp-json\/wp\/v2\/product"}],"about":[{"href":"https:\/\/soydeaqui.ddns.net\/pachuca\/index.php\/wp-json\/wp\/v2\/types\/product"}],"replies":[{"embeddable":true,"href":"https:\/\/soydeaqui.ddns.net\/pachuca\/index.php\/wp-json\/wp\/v2\/comments?post=103766"}],"wp:featuredmedia":[{"embeddable":true,"href":"https:\/\/soydeaqui.ddns.net\/pachuca\/index.php\/wp-json\/wp\/v2\/media\/103765"}],"wp:attachment":[{"href":"https:\/\/soydeaqui.ddns.net\/pachuca\/index.php\/wp-json\/wp\/v2\/media?parent=103766"}],"wp:term":[{"taxonomy":"product_brand","embeddable":true,"href":"https:\/\/soydeaqui.ddns.net\/pachuca\/index.php\/wp-json\/wp\/v2\/product_brand?post=103766"},{"taxonomy":"product_cat","embeddable":true,"href":"https:\/\/soydeaqui.ddns.net\/pachuca\/index.php\/wp-json\/wp\/v2\/product_cat?post=103766"},{"taxonomy":"product_tag","embeddable":true,"href":"https:\/\/soydeaqui.ddns.net\/pachuca\/index.php\/wp-json\/wp\/v2\/product_tag?post=103766"}],"curies":[{"name":"wp","href":"https:\/\/api.w.org\/{rel}","templated":true}]}}