{"id":103661,"date":"2026-03-20T13:54:32","date_gmt":"2026-03-20T13:54:32","guid":{"rendered":"https:\/\/soydeaqui.ddns.net\/pachuca\/index.php\/producto\/colorvu-bala-turbohd-2-megapixel-1080p-imagen-a-color-24-7-lente-2-8-mm-microfono-integrado-luz-blanca-20-mts-ip66-metalica\/"},"modified":"2026-03-20T13:54:45","modified_gmt":"2026-03-20T13:54:45","slug":"colorvu-bala-turbohd-2-megapixel-1080p-imagen-a-color-24-7-lente-2-8-mm-microfono-integrado-luz-blanca-20-mts-ip66-metalica","status":"publish","type":"product","link":"https:\/\/soydeaqui.ddns.net\/pachuca\/index.php\/producto\/colorvu-bala-turbohd-2-megapixel-1080p-imagen-a-color-24-7-lente-2-8-mm-microfono-integrado-luz-blanca-20-mts-ip66-metalica\/","title":{"rendered":"[ColorVu] Bala TURBOHD 2 Megapixel (1080p) \/ Imagen a Color 24\/7 \/ Lente 2.8 mm \/ Microfono Integrado \/ Luz Blanca 20 mts \/ IP66 \/ Met\u00e1lica"},"content":{"rendered":"<div style='width: 100%; max-width: 1200px; margin: 0 auto; font-family: sans-serif; line-height: 1.6; color: inherit; background-color: transparent;'> <!-- Hero\/Banner --> <\/p>\n<div style='width: 100%; margin-bottom: 30px;'> <img style='width: 100%; height: auto; border: 1px solid rgba(150&comma;150&comma;150&comma;0.3); border-radius: 8px;' src='https:\/\/ftp3.syscom.mx\/usuarios\/gmagos\/HIK\/banners\/HiLook\/BANNER-PRODUCTOS%20Colorvu%20Lite.png' alt='ColorVu Lite'> <\/div>\n<p> <!--------------------------------- Galer\u00eda -----------------------------------------------------------------------------------------------------------------------------> <\/p>\n<div style='width: 100%; margin-bottom: 30px;'>\n<div style='display: flex; flex-wrap: wrap; gap: 15px;'>\n<div style='flex: 1 1 30%; min-width: 280px;'> <a href='https:\/\/ftp3.syscom.mx\/usuarios\/jsosa\/HIKVISION\/imagenes\/colorvu\/1.png' style='display: block;'> <img style='width: 100%; height: auto; border: 1px solid rgba(150&comma;150&comma;150&comma;0.3); border-radius: 8px;' src='https:\/\/ftp3.syscom.mx\/usuarios\/jsosa\/HIKVISION\/imagenes\/colorvu\/1.png' alt='ColorVu 1'> <\/a> <\/div>\n<div style='flex: 1 1 30%; min-width: 280px;'> <a href='https:\/\/ftp3.syscom.mx\/usuarios\/jsosa\/HIKVISION\/imagenes\/colorvu\/4.png' style='display: block;'> <img style='width: 100%; height: auto; border: 1px solid rgba(150&comma;150&comma;150&comma;0.3); border-radius: 8px;' src='https:\/\/ftp3.syscom.mx\/usuarios\/jsosa\/HIKVISION\/imagenes\/colorvu\/4.png' alt='ColorVu 4'> <\/a> <\/div>\n<div style='flex: 1 1 30%; min-width: 280px;'> <a href='https:\/\/ftp3.syscom.mx\/usuarios\/jsosa\/HIKVISION\/imagenes\/colorvu\/3.png' style='display: block;'> <img style='width: 100%; height: auto; border: 1px solid rgba(150&comma;150&comma;150&comma;0.3); border-radius: 8px;' src='https:\/\/ftp3.syscom.mx\/usuarios\/jsosa\/HIKVISION\/imagenes\/colorvu\/3.png' alt='ColorVu 3'> <\/a> <\/div>\n<div style='flex: 1 1 30%; min-width: 280px;'> <a href='https:\/\/ftp3.syscom.mx\/usuarios\/jsosa\/HIKVISION\/imagenes\/colorvu\/2.png' style='display: block;'> <img style='width: 100%; height: auto; border: 1px solid rgba(150&comma;150&comma;150&comma;0.3); border-radius: 8px;' src='https:\/\/ftp3.syscom.mx\/usuarios\/jsosa\/HIKVISION\/imagenes\/colorvu\/2.png' alt='ColorVu 2'> <\/a> <\/div>\n<div style='flex: 1 1 30%; min-width: 280px;'> <a href='https:\/\/ftp3.syscom.mx\/usuarios\/jsosa\/HIKVISION\/imagenes\/colorvu\/5.png' style='display: block;'> <img style='width: 100%; height: auto; border: 1px solid rgba(150&comma;150&comma;150&comma;0.3); border-radius: 8px;' src='https:\/\/ftp3.syscom.mx\/usuarios\/jsosa\/HIKVISION\/imagenes\/colorvu\/5.png' alt='ColorVu 5'> <\/a> <\/div>\n<div style='flex: 1 1 30%; min-width: 280px;'> <a href='https:\/\/ftp3.syscom.mx\/usuarios\/jsosa\/HIKVISION\/imagenes\/colorvu\/6.png' style='display: block;'> <img style='width: 100%; height: auto; border: 1px solid rgba(150&comma;150&comma;150&comma;0.3); border-radius: 8px;' src='https:\/\/ftp3.syscom.mx\/usuarios\/jsosa\/HIKVISION\/imagenes\/colorvu\/6.png' alt='ColorVu 6'> <\/a> <\/div>\n<\/p><\/div>\n<\/p><\/div>\n<p> <!-- Videos --> <\/p>\n<div style='width: 100%; margin-bottom: 30px;'>\n<div style='width: 100%; max-width: 800px; margin: 0 auto 30px auto;'>\n<div style='position: relative; padding-bottom: 56.25%; height: 0; overflow: hidden;'>   <\/div>\n<\/p><\/div>\n<div style='display: flex; flex-wrap: wrap; gap: 20px; justify-content: center;'>\n<div style='flex: 1 1 45%; min-width: 300px; max-width: 600px;'>\n<div style='position: relative; padding-bottom: 56.25%; height: 0; overflow: hidden;'>   <\/div>\n<\/p><\/div>\n<div style='flex: 1 1 45%; min-width: 300px; max-width: 600px;'>\n<div style='position: relative; padding-bottom: 56.25%; height: 0; overflow: hidden;'>   <\/div>\n<\/p><\/div>\n<\/p><\/div>\n<\/p><\/div>\n<p> <!------------------------------------ Tarjetas ---------------------------------------------------------------------------------------> <\/p>\n<div style='width: 100%; margin-bottom: 30px;'>\n<div style='display: flex; flex-wrap: wrap; gap: 20px;'>\n<div style='flex: 1 1 45%; min-width: 300px;'>\n<div style='border: 1px solid rgba(150&comma;150&comma;150&comma;0.4); border-radius: 8px; overflow: hidden; display: flex; flex-direction: column; margin-bottom: 20px;'>\n<div style='padding: 15px; border-bottom: 1px solid rgba(150&comma;150&comma;150&comma;0.2); font-weight: bold; font-size: 18px; color: inherit; background-color: #266CA9; color: white;'> Caracter\u00edsticas Principales <\/div>\n<div style='padding: 15px; color: inherit;'>\n<ul style='padding-left: 20px; margin: 0; font-size: 14px; list-style-type: disc;'>\n<li style='margin-bottom: 5px;'>Resoluci\u00f3n M\u00e1xima 1920 x 1080 (2 MP).<\/li>\n<li style='margin-bottom: 5px;'>Iluminaci\u00f3n m\u00ednima: 0.001 Lux @ (F1.0&comma; AGC ON&comma; 0 Lux con Luz blanca).<\/li>\n<li style='margin-bottom: 5px;'>Lente fijo: 2.8mm (\u00c1ngulo de apertura 105\u00b0).<\/li>\n<li style='margin-bottom: 5px;'>20 metros de luz blanca.<\/li>\n<li style='margin-bottom: 5px;'>Micr\u00f3fono de alta ganancia integrado.<\/li>\n<li style='margin-bottom: 5px;'>Soporta 4 Tecnolog\u00edas (HD-TVI&comma; HD-CVI&comma; AHD&comma; CVBS).<\/li>\n<li style='margin-bottom: 5px;'>DWDR.<\/li>\n<\/ul><\/div>\n<\/p><\/div>\n<div style='border: 1px solid rgba(150&comma;150&comma;150&comma;0.4); border-radius: 8px; overflow: hidden; display: flex; flex-direction: column; margin-bottom: 20px;'>\n<div style='padding: 15px; border-bottom: 1px solid rgba(150&comma;150&comma;150&comma;0.2); font-weight: bold; font-size: 18px; color: inherit; background-color: #266CA9; color: white;'> Caracter\u00edsticas Destacadas <\/div>\n<div style='padding: 15px; color: inherit;'>\n<p style='margin: 0; font-size: 14px;'>Las c\u00e1maras ColorVu\u2026 imagen a color 24\/7\u2026<\/p>\n<\/p><\/div>\n<\/p><\/div>\n<\/p><\/div>\n<div style='flex: 1 1 45%; min-width: 300px;'>\n<div style='border: 1px solid rgba(150&comma;150&comma;150&comma;0.4); border-radius: 8px; overflow: hidden; display: flex; flex-direction: column; margin-bottom: 20px;'>\n<div style='padding: 15px; border-bottom: 1px solid rgba(150&comma;150&comma;150&comma;0.2); font-weight: bold; font-size: 18px; color: inherit; background-color: #266CA9; color: white;'> Caracter\u00edsticas F\u00edsicas y El\u00e9ctricas <\/div>\n<div style='padding: 15px; color: inherit;'>\n<ul style='padding-left: 20px; margin: 0; font-size: 14px; list-style-type: disc;'>\n<li style='margin-bottom: 5px;'>Temperatura de Operaci\u00f3n: -40\u00b0C a 60\u00b0C.<\/li>\n<li style='margin-bottom: 5px;'>Alimentaci\u00f3n: 12Vcc \/ 2.4 W.<\/li>\n<li style='margin-bottom: 5px;'>Protecci\u00f3n: Interior \/ Exterior IP66.<\/li>\n<li style='margin-bottom: 5px;'>Dimensiones: 82.65 \u00d7 91.0 \u00d7 69.16 mm.<\/li>\n<li style='margin-bottom: 5px;'>Peso: 238.5 g.<\/li>\n<\/ul><\/div>\n<\/p><\/div>\n<div style='border: 1px solid rgba(150&comma;150&comma;150&comma;0.4); border-radius: 8px; overflow: hidden; display: flex; flex-direction: column; margin-bottom: 20px;'>\n<div style='padding: 15px; border-bottom: 1px solid rgba(150&comma;150&comma;150&comma;0.2); font-weight: bold; font-size: 18px; color: inherit; background-color: #266CA9; color: white;'> Accesorios Opcionales <\/div>\n<div style='padding: 15px; color: inherit;'>\n<ul style='padding-left: 20px; margin: 0; font-size: 14px; list-style-type: disc;'>\n<li style='margin-bottom: 5px;'> <a href='https:\/\/www.syscom.mx\/producto\/DS-1280ZJ-XS-HIKVISION-84491.html' target='_blank' rel='noopener' style='color: #266CA9; text-decoration: none; font-weight: normal;'> Caja de conexiones: DS-1280ZJ-XS <\/a> <\/li>\n<\/ul><\/div>\n<\/p><\/div>\n<\/p><\/div>\n<\/p><\/div>\n<\/p><\/div>\n<p> <!----------------------------------------------------------------------- Banner final ---------------------------------------------------------------------> <\/p>\n<div style='width: 100%; margin-bottom: 30px;'> <img style='width: 100%; height: auto; border: 1px solid rgba(150&comma;150&comma;150&comma;0.3); border-radius: 8px;' src='https:\/\/ftp3.syscom.mx\/usuarios\/yvalenzuela\/Hilook\/hiklook.jpg' alt='HiLook'> <\/div>\n<\/p><\/div>\n","protected":false},"excerpt":{"rendered":"<p>[ColorVu] Bala TURBOHD 2 Megapixel (1080p) \/ Imagen a Color 24\/7 \/ Lente 2.8 mm \/ Microfono Integrado \/ Luz Blanca 20 mts \/ IP66 \/ Met\u00e1lica<\/p>\n","protected":false},"featured_media":103660,"comment_status":"open","ping_status":"closed","template":"","meta":[],"product_brand":[],"product_cat":[2268],"product_tag":[439,2255,715],"class_list":{"0":"post-103661","1":"product","2":"type-product","3":"status-publish","4":"has-post-thumbnail","6":"product_cat-bala-camaras-y-dvrs-hd-turbohd-ahd-hd-tvi","7":"product_tag-bala","8":"product_tag-camaras-y-dvrs-hd-turbohd-ahd-hd-tvi","9":"product_tag-hilook-by-hikvision","11":"first","12":"instock","13":"sale","14":"shipping-taxable","15":"purchasable","16":"product-type-simple"},"_links":{"self":[{"href":"https:\/\/soydeaqui.ddns.net\/pachuca\/index.php\/wp-json\/wp\/v2\/product\/103661","targetHints":{"allow":["GET"]}}],"collection":[{"href":"https:\/\/soydeaqui.ddns.net\/pachuca\/index.php\/wp-json\/wp\/v2\/product"}],"about":[{"href":"https:\/\/soydeaqui.ddns.net\/pachuca\/index.php\/wp-json\/wp\/v2\/types\/product"}],"replies":[{"embeddable":true,"href":"https:\/\/soydeaqui.ddns.net\/pachuca\/index.php\/wp-json\/wp\/v2\/comments?post=103661"}],"wp:featuredmedia":[{"embeddable":true,"href":"https:\/\/soydeaqui.ddns.net\/pachuca\/index.php\/wp-json\/wp\/v2\/media\/103660"}],"wp:attachment":[{"href":"https:\/\/soydeaqui.ddns.net\/pachuca\/index.php\/wp-json\/wp\/v2\/media?parent=103661"}],"wp:term":[{"taxonomy":"product_brand","embeddable":true,"href":"https:\/\/soydeaqui.ddns.net\/pachuca\/index.php\/wp-json\/wp\/v2\/product_brand?post=103661"},{"taxonomy":"product_cat","embeddable":true,"href":"https:\/\/soydeaqui.ddns.net\/pachuca\/index.php\/wp-json\/wp\/v2\/product_cat?post=103661"},{"taxonomy":"product_tag","embeddable":true,"href":"https:\/\/soydeaqui.ddns.net\/pachuca\/index.php\/wp-json\/wp\/v2\/product_tag?post=103661"}],"curies":[{"name":"wp","href":"https:\/\/api.w.org\/{rel}","templated":true}]}}