{"id":103634,"date":"2026-03-20T13:53:17","date_gmt":"2026-03-20T13:53:17","guid":{"rendered":"https:\/\/soydeaqui.ddns.net\/pachuca\/index.php\/producto\/intercomunicador-ip-2-lineas-sip-2-relevadores-con-boton-para-llamada-anti-vandalico-ip65-e-ik10-poe-3\/"},"modified":"2026-03-20T13:53:25","modified_gmt":"2026-03-20T13:53:25","slug":"intercomunicador-ip-2-lineas-sip-2-relevadores-con-boton-para-llamada-anti-vandalico-ip65-e-ik10-poe-3","status":"publish","type":"product","link":"https:\/\/soydeaqui.ddns.net\/pachuca\/index.php\/producto\/intercomunicador-ip-2-lineas-sip-2-relevadores-con-boton-para-llamada-anti-vandalico-ip65-e-ik10-poe-3\/","title":{"rendered":"Intercomunicador IP, 2 l\u00edneas SIP, 2 relevadores con bot\u00f3n para llamada, anti-vand\u00e1lico, IP65 e IK10, PoE"},"content":{"rendered":"<div style='width: 100%; max-width: 1200px; margin: 0 auto; font-family: sans-serif; line-height: 1.6; color: inherit; background-color: transparent;'> <!-- Encabezado rojo con t\u00edtulo --> <\/p>\n<div style='background-color: #cb3234; color: white; text-align: center; padding: 30px 15px;'>\n<h1 style='margin: 0; font-size: 32px; color: inherit; opacity: 1;'>Intercomunicador SIP Fanvil i16S<\/h1>\n<p style='margin: 0; font-size: 18px; color: inherit; opacity: 0.9;'>Exterior IP65\/IK10 | Audio HD | 2 cuentas SIP | PoE<\/p>\n<\/p><\/div>\n<p> <!-- Descripci\u00f3n general --> <\/p>\n<section style='margin: 30px 0;'>\n<p style='font-size: 16px; text-align: justify; color: inherit; opacity: 0.85;'> El intercomunicador SIP Fanvil i16S est\u00e1 dise\u00f1ado para escenarios al aire libre con alta fiabilidad&comma; HD Audio y grado de protecci\u00f3n IP65\/IK10. Combina funcionalidades de seguridad&comma; intercomunicaci\u00f3n audio y broadcasting ofreciendo la mejor comunicaci\u00f3n. El modelo i16S de intercoms SIP puede ser f\u00e1cilmente configurada en varias aplicaciones y escenarios como bancos&comma; escuelas&comma; miner\u00eda&comma; ciudades&comma; etc. <\/p>\n<\/section>\n<p> <!-- Caracter\u00edsticas --> <\/p>\n<div style='display: flex; flex-wrap: wrap; gap: 30px; margin-top: 40px;'> <!-- Caracter\u00edsticas generales --> <\/p>\n<div style='flex: 1 1 300px; min-width: 280px;'>\n<div style='border-left: 3px solid #cb3234; padding: 15px; border-radius: 8px; background-color: rgba(203&comma; 50&comma; 52&comma; 0.05);'>\n<h3 style='font-size: 20px; border-bottom: 2px solid rgba(203&comma; 50&comma; 52&comma; 0.3); padding-bottom: 8px; margin-top: 0; margin-bottom: 15px; color: #cb3234; opacity: 0.95;'>General<\/h3>\n<ul style='padding-left: 20px; font-size: 14px; color: inherit;'>\n<li style='margin-bottom: 5px;'>2 Cuentas SIP<\/li>\n<li style='margin-bottom: 5px;'>PoE Habilitado<\/li>\n<li style='margin-bottom: 5px;'>Calidad de voz HD con altavoz de 3 W integrado<\/li>\n<li style='margin-bottom: 5px;'>Bot\u00f3n DSS Intelligente (Speed Dial\/intercom etc)<\/li>\n<li style='margin-bottom: 5px;'>Reducci\u00f3n de Ruido integrado con MICs dual<\/li>\n<li style='margin-bottom: 5px;'>Omnidirectional pickup<\/li>\n<li style='margin-bottom: 5px;'>Alarma anti-desmantelamiento integrada<\/li>\n<li style='margin-bottom: 5px;'>Energizaci\u00f3n con fuente de poder externa<\/li>\n<li style='margin-bottom: 5px;'>Multicast<\/li>\n<li style='margin-bottom: 5px;'>Interfaz de salida de grabaci\u00f3n de llamadas<\/li>\n<li style='margin-bottom: 5px;'>All in ONE intercom and paging service<\/li>\n<li style='margin-bottom: 5px;'>Montaje sobre muro<\/li>\n<\/ul><\/div>\n<\/p><\/div>\n<p> <!-- Funciones de llamada --> <\/p>\n<div style='flex: 1 1 300px; min-width: 280px;'>\n<div style='border-left: 3px solid #cb3234; padding: 15px; border-radius: 8px; background-color: rgba(203&comma; 50&comma; 52&comma; 0.05);'>\n<h3 style='font-size: 20px; border-bottom: 2px solid rgba(203&comma; 50&comma; 52&comma; 0.3); padding-bottom: 8px; margin-top: 0; margin-bottom: 15px; color: #cb3234; opacity: 0.95;'>Funciones de Llamada<\/h3>\n<ul style='padding-left: 20px; font-size: 14px; color: inherit;'>\n<li style='margin-bottom: 5px;'>Voz Intercom<\/li>\n<li style='margin-bottom: 5px;'>Marcaci\u00f3n r\u00e1pida (speed dial key)<\/li>\n<li style='margin-bottom: 5px;'>Auto-contestado (por linea)<\/li>\n<li style='margin-bottom: 5px;'>Mensaje de Voz (sobre servidor)<\/li>\n<li style='margin-bottom: 5px;'>Barge in and calls switched automatically<\/li>\n<li style='margin-bottom: 5px;'>Conferencia local de 3 v\u00edas<\/li>\n<\/ul><\/div>\n<\/p><\/div>\n<p> <!-- Caracter\u00edsticas de red --> <\/p>\n<div style='flex: 1 1 300px; min-width: 280px;'>\n<div style='border-left: 3px solid #cb3234; padding: 15px; border-radius: 8px; background-color: rgba(203&comma; 50&comma; 52&comma; 0.05);'>\n<h3 style='font-size: 20px; border-bottom: 2px solid rgba(203&comma; 50&comma; 52&comma; 0.3); padding-bottom: 8px; margin-top: 0; margin-bottom: 15px; color: #cb3234; opacity: 0.95;'>Caracter\u00edsticas de Red<\/h3>\n<ul style='padding-left: 20px; font-size: 14px; color: inherit;'>\n<li style='margin-bottom: 5px;'>802.3af PoE<\/li>\n<li style='margin-bottom: 5px;'>Configuraciones IP: Static \/ DHCP \/ PPPoE<\/li>\n<li style='margin-bottom: 5px;'>Control de acceso a la red: 802.1x<\/li>\n<li style='margin-bottom: 5px;'>VPN: L2TP \/ PPTP \/ IPSec<\/li>\n<li style='margin-bottom: 5px;'>VLAN: 802.1p\/q<\/li>\n<li style='margin-bottom: 5px;'>QoS: DSCP<\/li>\n<li style='margin-bottom: 5px;'>SIP2.0 sobre UDP\/TCP\/TLS<\/li>\n<li style='margin-bottom: 5px;'>RTP\/RTCP\/SRTP<\/li>\n<li style='margin-bottom: 5px;'>STUN<\/li>\n<li style='margin-bottom: 5px;'>DHCP<\/li>\n<li style='margin-bottom: 5px;'>PPPoE<\/li>\n<li style='margin-bottom: 5px;'>802.1x<\/li>\n<li style='margin-bottom: 5px;'>OpenVPN<\/li>\n<\/ul><\/div>\n<\/p><\/div>\n<\/p><\/div>\n<p> <!-- Especificaciones f\u00edsicas --> <\/p>\n<div style='margin-top: 40px;'>\n<div style='border-left: 3px solid #cb3234; padding: 15px; border-radius: 8px; background-color: rgba(203&comma; 50&comma; 52&comma; 0.05);'>\n<h3 style='font-size: 20px; border-bottom: 2px solid rgba(203&comma; 50&comma; 52&comma; 0.3); padding-bottom: 8px; margin-top: 0; margin-bottom: 15px; color: #cb3234; opacity: 0.95;'>Especificaciones F\u00edsicas<\/h3>\n<div style='display: flex; flex-wrap: wrap; gap: 20px;'>\n<ul style='flex: 1 1 40%; padding-left: 20px; font-size: 14px; color: inherit;'>\n<li style='margin-bottom: 5px;'>Keypad: 1 Bot\u00f3n DSS (Speed Dial)<\/li>\n<li style='margin-bottom: 5px;'>2 Interfaces Ethernet<\/li>\n<li style='margin-bottom: 5px;'>Main Chipset: Broadcom<\/li>\n<li style='margin-bottom: 5px;'>SDRAM: 1GB DDR3<\/li>\n<li style='margin-bottom: 5px;'>Interfaz de salida para bocina activa<\/li>\n<li style='margin-bottom: 5px;'>Interfaz de salida para grabaci\u00f3n de audio<\/li>\n<li style='margin-bottom: 5px;'>2 relevadores de salida a 12V DC<\/li>\n<li style='margin-bottom: 5px;'>Amplificador de audio: 2.5W<\/li>\n<\/ul>\n<ul style='flex: 1 1 40%; padding-left: 20px; font-size: 14px; color: inherit;'>\n<li style='margin-bottom: 5px;'>Bocina: 2W \/ 4 Ohms<\/li>\n<li style='margin-bottom: 5px;'>Cables: CAT5 o mejor<\/li>\n<li style='margin-bottom: 5px;'>Fuente de alimentaci\u00f3n: 9-16Vcc&comma; 1.0A o PoE 802.3af<\/li>\n<li style='margin-bottom: 5px;'>Material de carcasa: cubierta de aluminio<\/li>\n<li style='margin-bottom: 5px;'>Nivel de protecci\u00f3n: IP65 e Ik10<\/li>\n<li style='margin-bottom: 5px;'>Temperatura de almacenamiento: -40~70\u00b0C<\/li>\n<li style='margin-bottom: 5px;'>Humedad para operaci\u00f3n: 10~90%<\/li>\n<li style='margin-bottom: 5px;'>Dimensiones generales: 195 x 120 x 39 mm<\/li>\n<li style='margin-bottom: 5px;'>Peso: 0.85 Kg<\/li>\n<\/ul><\/div>\n<\/p><\/div>\n<\/p><\/div>\n<p> <!-- Topolog\u00eda de conexi\u00f3n --> <\/p>\n<section style='margin-top: 40px;'>\n<h2 style='font-size: 22px; border-bottom: 2px solid currentColor; padding-bottom: 5px; margin-top: 0; margin-bottom: 20px; color: inherit; opacity: 0.8;'>Topolog\u00eda de conexi\u00f3n de bot\u00f3n de p\u00e1nico<\/h2>\n<div style='text-align: center; margin: 20px 0;'> <img style='width: 100%; height: auto; border: 1px solid rgba(150&comma;150&comma;150&comma;0.3); border-radius: 8px;' src='https:\/\/ftp3.syscom.mx\/usuarios\/esanchez\/FANVIL\/I12\/Captura%20de%20pantalla%202019-11-01%20a%20la%28s%29%2013.51.37.png' alt='Topolog\u00eda de conexi\u00f3n'> <\/div>\n<p style='font-size: 14px; color: inherit; opacity: 0.7; margin-top: 10px; text-align: center;'> * Se puede utilizar sin conmutador IP o con conmutador IP para funciones especiales (grupo de timbrado&comma; contestar desde el celular por medio de softphone&comma; etc.) <\/p>\n<\/section>\n<p> <!-- Garant\u00eda --> <\/p>\n<div style='margin-top: 40px; text-align: center; font-size: 16px; padding: 15px; border: 1px solid rgba(150&comma;150&comma;150&comma;0.2); border-radius: 8px; background-color: rgba(203&comma; 50&comma; 52&comma; 0.05);'>\n<p style='margin: 0; color: inherit; opacity: 0.7;'>\n<\/p><\/div>\n<\/p><\/div>\n","protected":false},"excerpt":{"rendered":"<p>Intercomunicador IP, 2 l\u00edneas SIP, 2 relevadores con bot\u00f3n para llamada, anti-vand\u00e1lico, IP65 e IK10, PoE<\/p>\n","protected":false},"featured_media":103633,"comment_status":"open","ping_status":"closed","template":"","meta":[],"product_brand":[],"product_cat":[907],"product_tag":[859,908,557],"class_list":{"0":"post-103634","1":"product","2":"type-product","3":"status-publish","4":"has-post-thumbnail","6":"product_cat-interfones","7":"product_tag-fanvil","8":"product_tag-interfones","9":"product_tag-videoporteros-e-interfonos","11":"first","12":"outofstock","13":"sale","14":"shipping-taxable","15":"purchasable","16":"product-type-simple"},"_links":{"self":[{"href":"https:\/\/soydeaqui.ddns.net\/pachuca\/index.php\/wp-json\/wp\/v2\/product\/103634","targetHints":{"allow":["GET"]}}],"collection":[{"href":"https:\/\/soydeaqui.ddns.net\/pachuca\/index.php\/wp-json\/wp\/v2\/product"}],"about":[{"href":"https:\/\/soydeaqui.ddns.net\/pachuca\/index.php\/wp-json\/wp\/v2\/types\/product"}],"replies":[{"embeddable":true,"href":"https:\/\/soydeaqui.ddns.net\/pachuca\/index.php\/wp-json\/wp\/v2\/comments?post=103634"}],"wp:featuredmedia":[{"embeddable":true,"href":"https:\/\/soydeaqui.ddns.net\/pachuca\/index.php\/wp-json\/wp\/v2\/media\/103633"}],"wp:attachment":[{"href":"https:\/\/soydeaqui.ddns.net\/pachuca\/index.php\/wp-json\/wp\/v2\/media?parent=103634"}],"wp:term":[{"taxonomy":"product_brand","embeddable":true,"href":"https:\/\/soydeaqui.ddns.net\/pachuca\/index.php\/wp-json\/wp\/v2\/product_brand?post=103634"},{"taxonomy":"product_cat","embeddable":true,"href":"https:\/\/soydeaqui.ddns.net\/pachuca\/index.php\/wp-json\/wp\/v2\/product_cat?post=103634"},{"taxonomy":"product_tag","embeddable":true,"href":"https:\/\/soydeaqui.ddns.net\/pachuca\/index.php\/wp-json\/wp\/v2\/product_tag?post=103634"}],"curies":[{"name":"wp","href":"https:\/\/api.w.org\/{rel}","templated":true}]}}