{"id":103630,"date":"2026-03-20T13:53:04","date_gmt":"2026-03-20T13:53:04","guid":{"rendered":"https:\/\/soydeaqui.ddns.net\/pachuca\/index.php\/producto\/tapa-p-interruptor-serie-xs-d-2-polos-20-a-120-277-v-ca\/"},"modified":"2026-03-20T13:53:06","modified_gmt":"2026-03-20T13:53:06","slug":"tapa-p-interruptor-serie-xs-d-2-polos-20-a-120-277-v-ca","status":"publish","type":"product","link":"https:\/\/soydeaqui.ddns.net\/pachuca\/index.php\/producto\/tapa-p-interruptor-serie-xs-d-2-polos-20-a-120-277-v-ca\/","title":{"rendered":"Tapa P\/Interruptor Serie XS D\/ 2 Polos 20 A 120\/277 V CA."},"content":{"rendered":"<div style='width: 100%; max-width: 1200px; margin: 0 auto; font-family: sans-serif; line-height: 1.6; color: inherit; background-color: transparent;'>\n<div style='display: flex; flex-wrap: wrap; gap: 30px; margin-bottom: 30px;'>\n<div style='flex: 1 1 300px; min-width: 280px;'>\n<h3 style='font-size: 22px; border-bottom: 2px solid currentColor; padding-bottom: 5px; margin-top: 0; color: inherit; opacity: 0.8;'>Clavija entrada recta serie UGP<\/h3>\n<h4 style='font-size: 18px; margin-top: 20px; margin-bottom: 10px; color: inherit;'>Especificaciones:<\/h4>\n<ul style='padding-left: 20px; font-size: 15px; color: inherit;'>\n<li style='margin-bottom: 5px;'>Serie Acceptor construida en aluminio libre de cobre.<\/li>\n<li style='margin-bottom: 5px;'>Acabado con una pintura ep\u00f3xica aplicada electrost\u00e1ticamente y con un terminado de una pel\u00edcula de resina.<\/li>\n<li style='margin-bottom: 5px;'>Aprobado su uso en \u00e1reas h\u00famedas y NEMA 3&comma;7 (B&comma;C&comma;D)&comma; 9 (F&comma;G).<\/li>\n<li style='margin-bottom: 5px;'>Enchufe para cableado r\u00e1pido<\/li>\n<li style='margin-bottom: 5px;'>Orificios transparentes para entrada de cable para una f\u00e1cil conexi\u00f3n.<\/li>\n<li style='margin-bottom: 5px;'>Tornillo de apriete en las caras de las entradas transparentes.<\/li>\n<\/ul><\/div>\n<\/p><\/div>\n<div style='display: flex; flex-wrap: wrap; gap: 20px; margin-bottom: 30px;'>\n<div style='flex: 1 1 250px; border: 1px solid rgba(150&comma; 150&comma; 150&comma; 0.4); border-radius: 8px; overflow: hidden; display: flex; flex-direction: column;'>\n<div style='padding: 15px; border-bottom: 1px solid rgba(150&comma; 150&comma; 150&comma; 0.2); font-weight: bold; font-size: 18px; color: inherit;'>General<\/div>\n<div style='padding: 15px; color: inherit;'>\n<ul style='padding-left: 20px; margin: 0; font-size: 14px; list-style-type: disc;'>\n<li style='margin-bottom: 5px;'><strong>Aplicaci\u00f3n:<\/strong> Refiner\u00edas de petr\u00f3leo&comma; plantas qu\u00edmicas&comma; \u00e1reas mojadas\/h\u00famedas&comma; ambientes corrosivos&comma; plantas de petr\u00f3leo&comma; elevadores de granos\/molinos de alimentos&comma; molinos de harina y alimentos y ubicaciones exteriores o interiores.<\/li>\n<li style='margin-bottom: 5px;'><strong>Color:<\/strong> Gris<\/li>\n<li style='margin-bottom: 5px;'><strong>Material:<\/strong> Aluminio libre de cobre (menos de 4\/10 o 1%)<\/li>\n<li style='margin-bottom: 5px;'><strong>Series:<\/strong> UGP<\/li>\n<li style='margin-bottom: 5px;'><strong>Tipo:<\/strong> Entrada recta.<\/li>\n<li style='margin-bottom: 5px;'><strong>Dimensiones:<\/strong> in x in x in<\/li>\n<li style='margin-bottom: 5px;'><strong>Alto:<\/strong> in<\/li>\n<li style='margin-bottom: 5px;'><strong>Largo:<\/strong> in<\/li>\n<li style='margin-bottom: 5px;'><strong>Ancho:<\/strong> in<\/li>\n<li style='margin-bottom: 5px;'><strong>Amperaje:<\/strong> A<\/li>\n<li style='margin-bottom: 5px;'><strong>N\u00famero de cables:<\/strong><\/li>\n<li style='margin-bottom: 5px;'><strong>Calibre de cable:<\/strong><\/li>\n<\/ul><\/div>\n<\/p><\/div>\n<div style='flex: 1 1 250px; border: 1px solid rgba(150&comma; 150&comma; 150&comma; 0.4); border-radius: 8px; overflow: hidden; display: flex; flex-direction: column;'>\n<div style='padding: 15px; border-bottom: 1px solid rgba(150&comma; 150&comma; 150&comma; 0.2); font-weight: bold; font-size: 18px; color: inherit;'>\u00c1reas Clasificadas<\/div>\n<div style='padding: 15px; color: inherit;'>\n<ul style='padding-left: 20px; margin: 0; font-size: 14px; list-style-type: disc;'>\n<li style='margin-bottom: 5px;'>Clase I&comma; Divisiones 1 &#038; 2&comma; Grupos B&comma;C&comma;D<\/li>\n<li style='margin-bottom: 5px;'>Clase I&comma; Zona 1 &#038; 2&comma; Grupos II B+H2&comma; IIA<\/li>\n<li style='margin-bottom: 5px;'>Clase II&comma; Divisiones 1&#038;2&comma; Grupos F&comma;G<\/li>\n<li style='margin-bottom: 5px;'>Clase III&comma; Divisiones 1&#038;2<\/li>\n<li style='margin-bottom: 5px;'>NEMA 3&comma;7 (B&comma;C&comma;D)&comma; 9 (F&comma;G).<\/li>\n<\/ul><\/div>\n<\/p><\/div>\n<\/p><\/div>\n<hr style='border: 0; border-top: 1px solid rgba(150&comma; 150&comma; 150&comma; 0.3); margin: 30px 0;'> <\/div>\n","protected":false},"excerpt":{"rendered":"<p>Tapa P\/Interruptor Serie XS D\/ 2 Polos 20 A 120\/277 V CA.<\/p>\n","protected":false},"featured_media":103629,"comment_status":"open","ping_status":"closed","template":"","meta":[],"product_brand":[],"product_cat":[1076],"product_tag":[1078,1077,704],"class_list":{"0":"post-103630","1":"product","2":"type-product","3":"status-publish","4":"has-post-thumbnail","6":"product_cat-gabinetes-y-accesorios-antiexplosion","7":"product_tag-gabinetes-y-accesorios-antiexplosion","8":"product_tag-gabinetes-y-cajas","9":"product_tag-hubbell-killark","11":"first","12":"outofstock","13":"sale","14":"shipping-taxable","15":"purchasable","16":"product-type-simple"},"_links":{"self":[{"href":"https:\/\/soydeaqui.ddns.net\/pachuca\/index.php\/wp-json\/wp\/v2\/product\/103630","targetHints":{"allow":["GET"]}}],"collection":[{"href":"https:\/\/soydeaqui.ddns.net\/pachuca\/index.php\/wp-json\/wp\/v2\/product"}],"about":[{"href":"https:\/\/soydeaqui.ddns.net\/pachuca\/index.php\/wp-json\/wp\/v2\/types\/product"}],"replies":[{"embeddable":true,"href":"https:\/\/soydeaqui.ddns.net\/pachuca\/index.php\/wp-json\/wp\/v2\/comments?post=103630"}],"wp:featuredmedia":[{"embeddable":true,"href":"https:\/\/soydeaqui.ddns.net\/pachuca\/index.php\/wp-json\/wp\/v2\/media\/103629"}],"wp:attachment":[{"href":"https:\/\/soydeaqui.ddns.net\/pachuca\/index.php\/wp-json\/wp\/v2\/media?parent=103630"}],"wp:term":[{"taxonomy":"product_brand","embeddable":true,"href":"https:\/\/soydeaqui.ddns.net\/pachuca\/index.php\/wp-json\/wp\/v2\/product_brand?post=103630"},{"taxonomy":"product_cat","embeddable":true,"href":"https:\/\/soydeaqui.ddns.net\/pachuca\/index.php\/wp-json\/wp\/v2\/product_cat?post=103630"},{"taxonomy":"product_tag","embeddable":true,"href":"https:\/\/soydeaqui.ddns.net\/pachuca\/index.php\/wp-json\/wp\/v2\/product_tag?post=103630"}],"curies":[{"name":"wp","href":"https:\/\/api.w.org\/{rel}","templated":true}]}}