{"id":103628,"date":"2026-03-20T13:53:00","date_gmt":"2026-03-20T13:53:00","guid":{"rendered":"https:\/\/soydeaqui.ddns.net\/pachuca\/index.php\/producto\/ptz-ip-2-megapixel-25x-zoom-150-mts-ir-ultra-baja-iluminacion-h-265-ia-filtro-de-humanos-y-vehiculos-merodeo-poe-exterior-ip67-ik10-onvif-ndaa-serie-35-honeywell-security\/"},"modified":"2026-03-20T13:53:01","modified_gmt":"2026-03-20T13:53:01","slug":"ptz-ip-2-megapixel-25x-zoom-150-mts-ir-ultra-baja-iluminacion-h-265-ia-filtro-de-humanos-y-vehiculos-merodeo-poe-exterior-ip67-ik10-onvif-ndaa-serie-35-honeywell-security","status":"publish","type":"product","link":"https:\/\/soydeaqui.ddns.net\/pachuca\/index.php\/producto\/ptz-ip-2-megapixel-25x-zoom-150-mts-ir-ultra-baja-iluminacion-h-265-ia-filtro-de-humanos-y-vehiculos-merodeo-poe-exterior-ip67-ik10-onvif-ndaa-serie-35-honeywell-security\/","title":{"rendered":"PTZ IP 2 Megapixel \/ 25X Zoom \/ 150 mts IR \/ Ultra Baja Iluminaci\u00f3n \/ H.265 \/ IA (Filtro de Humanos y Vehiculos) \/ Merodeo \/ PoE+ \/ Exterior IP67 \/ IK10 \/ ONVIF \/ NDAA \/ Serie 35 \/ Honeywell Security"},"content":{"rendered":"<div style='width: 100%; max-width: 1200px; margin: 0 auto; font-family: sans-serif; line-height: 1.6; color: inherit; background-color: transparent;'>\n<div style='width: 100%; margin-bottom: 30px;'> <img style='width: 100%; height: auto; border: 1px solid rgba(150&comma;150&comma;150&comma;0.3); border-radius: 8px;' src='https:\/\/ftp3.syscom.mx\/usuarios\/pnunez\/Honeywell\/HC30WE5R2\/Imagenes\/banner-honeywell.jpg' alt=''> <\/div>\n<div style='width: 100%; margin-bottom: 30px;'> <img style='width: 100%; height: auto; border: 1px solid rgba(150&comma;150&comma;150&comma;0.3); border-radius: 8px;' src='https:\/\/ftp3.syscom.mx\/usuarios\/pnunez\/Honeywell\/Banners\/syscom-stock-disponible%20%281%29.jpg' alt=''> <\/div>\n<div style='display: flex; flex-wrap: wrap; gap: 30px; margin-bottom: 30px;'>\n<div style='flex: 1 1 300px; min-width: 280px;'>\n<h3 style='font-size: 22px; border-bottom: 2px solid currentColor; padding-bottom: 5px; margin-top: 0; color: inherit; opacity: 0.8;'>Caracter\u00edsticas de la C\u00e1mara<\/h3>\n<ul style='padding-left: 20px; font-size: 15px; color: inherit;'>\n<li style='margin-bottom: 5px;'><strong>Resoluci\u00f3n M\u00e1xima:<\/strong> 2 Megapixel (1920 x 1080).<\/li>\n<li style='margin-bottom: 5px;'><strong>Iluminaci\u00f3n M\u00ednima:<\/strong> Color 0.005 Lux&comma; B\/N 0.0 Lux @ (F1.6)<\/li>\n<li style='margin-bottom: 5px;'><strong>Funciones estandar:<\/strong> WDR real 120 dB&comma; 3D-DNR&comma; BLC&comma; HLC&comma; Defog&comma; EIS (estabilizador de imagen)&comma; Mascara de privacidad.<\/li>\n<li style='margin-bottom: 5px;'><strong>Distancia focal:<\/strong> 5 a 125 mm (25X Zoom \u00f3ptico \/ 16X Zoom digital).<\/li>\n<li style='margin-bottom: 5px;'><strong>Distancia IR:<\/strong> 150 mts.<\/li>\n<li style='margin-bottom: 5px;'><strong>Compresi\u00f3n:<\/strong> H.265&comma; H.264&comma; MJPEG.<\/li>\n<\/ul><\/div>\n<div style='flex: 1 1 300px; min-width: 280px;'>\n<h3 style='font-size: 22px; border-bottom: 2px solid currentColor; padding-bottom: 5px; margin-top: 0; color: inherit; opacity: 0.8;'>Caracter\u00edsticas PTZ<\/h3>\n<ul style='padding-left: 20px; font-size: 15px; color: inherit;'>\n<li style='margin-bottom: 5px;'><strong>Giro panor\u00e1mico:<\/strong> 360\u00ba.<\/li>\n<li style='margin-bottom: 5px;'><strong>Giro vertical:<\/strong> -110\u00ba a +110\u00ba.<\/li>\n<li style='margin-bottom: 5px;'>256 Preset \/ 128 presets por Tour.<\/li>\n<li style='margin-bottom: 5px;'>12 Patrullajes y 6 patrones.<\/li>\n<li style='margin-bottom: 5px;'><strong>Funciones especiales:<\/strong> Regreso a posici\u00f3n de casa&comma; direcci\u00f3n de c\u00e1mara (G-Sensor).<\/li>\n<\/ul><\/div>\n<div style='flex: 1 1 300px; min-width: 280px;'>\n<h3 style='font-size: 22px; border-bottom: 2px solid currentColor; padding-bottom: 5px; margin-top: 0; color: inherit; opacity: 0.8;'>Caracter\u00edsticas Generales<\/h3>\n<ul style='padding-left: 20px; font-size: 15px; color: inherit;'>\n<li style='margin-bottom: 5px;'><strong>Video anal\u00edticos embebidos:<\/strong> Intrusi\u00f3n&comma; Cruce&comma; Merodeo&comma; Conteo&comma; Tampering.<\/li>\n<li style='margin-bottom: 5px;'><strong>Certificaci\u00f3n NDAA.<\/strong><\/li>\n<li style='margin-bottom: 5px;'><strong>ONVIF:<\/strong> Profile S&comma; Profile G&comma; Profile T.<\/li>\n<li style='margin-bottom: 5px;'><strong>Entradas\/ Salidas de Alarma:<\/strong> 2\/2.<\/li>\n<li style='margin-bottom: 5px;'><strong>Entrada\/ Salida de Audio:<\/strong> 1\/1.<\/li>\n<li style='margin-bottom: 5px;'><strong>Garant\u00eda:<\/strong> 5 a\u00f1os.<\/li>\n<\/ul><\/div>\n<\/p><\/div>\n<div style='display: flex; flex-wrap: wrap; gap: 30px; margin-bottom: 30px;'>\n<div style='flex: 1 1 300px; min-width: 280px;'>\n<h3 style='font-size: 22px; border-bottom: 2px solid currentColor; padding-bottom: 5px; margin-top: 0; color: inherit; opacity: 0.8;'>Funciones de Red<\/h3>\n<ul style='padding-left: 20px; font-size: 15px; color: inherit;'>\n<li style='margin-bottom: 5px;'><strong>Almacenamiento:<\/strong> Soporta micro SD de hasta 256 GB (no incluida).<\/li>\n<li style='margin-bottom: 5px;'>Puerto Ethernet RJ45 10\/100 Mbps PoE+.<\/li>\n<li style='margin-bottom: 5px;'>M\u00e1ximo 10 usuarios.<\/li>\n<\/ul><\/div>\n<div style='flex: 1 1 300px; min-width: 280px;'>\n<h3 style='font-size: 22px; border-bottom: 2px solid currentColor; padding-bottom: 5px; margin-top: 0; color: inherit; opacity: 0.8;'>Caracter\u00edsticas F\u00edsicas y El\u00e9ctricas<\/h3>\n<ul style='padding-left: 20px; font-size: 15px; color: inherit;'>\n<li style='margin-bottom: 5px;'><strong>Alimentaci\u00f3n:<\/strong> 24VCA 24 Watts&comma; PoE+ (IEEE 802.3at) Clase 4.<\/li>\n<li style='margin-bottom: 5px;'><strong>Temperatura de operaci\u00f3n:<\/strong> -40\u00baC a 60\u00baC.<\/li>\n<li style='margin-bottom: 5px;'><strong>Protecci\u00f3n:<\/strong> Interior \/ Exterior&comma; IP66 \/ IP67 \/ IK10.<\/li>\n<li style='margin-bottom: 5px;'><strong>Dimensiones:<\/strong> 173.2 x 173.2 x 292.6 mm.<\/li>\n<li style='margin-bottom: 5px;'><strong>Peso:<\/strong> 3.5 Kg.<\/li>\n<li style='margin-bottom: 5px;'><strong>Accesorios de montaje (No incu\u00eddos):<\/strong><\/li>\n<li style='margin-bottom: 5px;'><a href='https:\/\/www.syscom.mx\/producto\/HA60WLMZ-HONEYWELL-190684.html' style='color: inherit; text-decoration: underline;'>HA60WLMZ (pared) o HA60WLMZI<\/a><\/li>\n<li style='margin-bottom: 5px;'>HA60PLMZ (poste).<\/li>\n<li style='margin-bottom: 5px;'><strong>No incluye fuente de alimentaci\u00f3n.<\/strong><\/li>\n<\/ul><\/div>\n<\/p><\/div>\n<div style='width: 100%; margin-bottom: 30px;'> <img style='width: 100%; height: auto; border: 1px solid rgba(150&comma;150&comma;150&comma;0.3); border-radius: 8px;' src='https:\/\/ftp3.syscom.mx\/usuarios\/emendoza\/elesbanmch\/HONEYWELL\/IMAGENES\/esquematico%20modelo%20HC35WZ2R25.png' alt=''> <\/div>\n<div style='width: 100%; margin-bottom: 30px;'> <img style='width: 100%; height: auto; border: 1px solid rgba(150&comma;150&comma;150&comma;0.3); border-radius: 8px;' src='https:\/\/ftp3.syscom.mx\/usuarios\/pnunez\/Honeywell\/NDAA\/NDAA-HONEYWELL.jpg' alt=''> <\/div>\n<div style='position: relative; padding-bottom: 56.25%; height: 0; overflow: hidden; margin-bottom: 30px;'>   <\/div>\n<hr style='border: 0; border-top: 1px solid rgba(150&comma; 150&comma; 150&comma; 0.3); margin: 30px 0;'> <\/div>\n","protected":false},"excerpt":{"rendered":"<p>PTZ IP 2 Megapixel \/ 25X Zoom \/ 150 mts IR \/ Ultra Baja Iluminaci\u00f3n \/ H.265 \/ IA (Filtro de Humanos y Vehiculos) \/ Merodeo \/ PoE+ \/ Exterior IP67 \/ IK10 \/ ONVIF \/ NDAA \/ Serie 35 \/ Honeywell Security<\/p>\n","protected":false},"featured_media":103627,"comment_status":"open","ping_status":"closed","template":"","meta":[],"product_brand":[],"product_cat":[1224],"product_tag":[122,209,1225],"class_list":{"0":"post-103628","1":"product","2":"type-product","3":"status-publish","4":"has-post-thumbnail","6":"product_cat-ptz","7":"product_tag-camaras-ip-y-nvrs","8":"product_tag-honeywell","9":"product_tag-ptz","11":"first","12":"instock","13":"sale","14":"shipping-taxable","15":"purchasable","16":"product-type-simple"},"_links":{"self":[{"href":"https:\/\/soydeaqui.ddns.net\/pachuca\/index.php\/wp-json\/wp\/v2\/product\/103628","targetHints":{"allow":["GET"]}}],"collection":[{"href":"https:\/\/soydeaqui.ddns.net\/pachuca\/index.php\/wp-json\/wp\/v2\/product"}],"about":[{"href":"https:\/\/soydeaqui.ddns.net\/pachuca\/index.php\/wp-json\/wp\/v2\/types\/product"}],"replies":[{"embeddable":true,"href":"https:\/\/soydeaqui.ddns.net\/pachuca\/index.php\/wp-json\/wp\/v2\/comments?post=103628"}],"wp:featuredmedia":[{"embeddable":true,"href":"https:\/\/soydeaqui.ddns.net\/pachuca\/index.php\/wp-json\/wp\/v2\/media\/103627"}],"wp:attachment":[{"href":"https:\/\/soydeaqui.ddns.net\/pachuca\/index.php\/wp-json\/wp\/v2\/media?parent=103628"}],"wp:term":[{"taxonomy":"product_brand","embeddable":true,"href":"https:\/\/soydeaqui.ddns.net\/pachuca\/index.php\/wp-json\/wp\/v2\/product_brand?post=103628"},{"taxonomy":"product_cat","embeddable":true,"href":"https:\/\/soydeaqui.ddns.net\/pachuca\/index.php\/wp-json\/wp\/v2\/product_cat?post=103628"},{"taxonomy":"product_tag","embeddable":true,"href":"https:\/\/soydeaqui.ddns.net\/pachuca\/index.php\/wp-json\/wp\/v2\/product_tag?post=103628"}],"curies":[{"name":"wp","href":"https:\/\/api.w.org\/{rel}","templated":true}]}}