{"id":103617,"date":"2026-03-20T13:52:28","date_gmt":"2026-03-20T13:52:28","guid":{"rendered":"https:\/\/soydeaqui.ddns.net\/pachuca\/index.php\/producto\/kit-solar-ip-all-in-one-camara-bala-colorvu-4-megapixel-lente-4-mm-panel-solar-bateria-de-respaldo-de-litio-23-2ah-hasta-24-dias-conexion-4g-accesorios-de-instalacion\/"},"modified":"2026-03-20T13:52:45","modified_gmt":"2026-03-20T13:52:45","slug":"kit-solar-ip-all-in-one-camara-bala-colorvu-4-megapixel-lente-4-mm-panel-solar-bateria-de-respaldo-de-litio-23-2ah-hasta-24-dias-conexion-4g-accesorios-de-instalacion","status":"publish","type":"product","link":"https:\/\/soydeaqui.ddns.net\/pachuca\/index.php\/producto\/kit-solar-ip-all-in-one-camara-bala-colorvu-4-megapixel-lente-4-mm-panel-solar-bateria-de-respaldo-de-litio-23-2ah-hasta-24-dias-conexion-4g-accesorios-de-instalacion\/","title":{"rendered":"Kit Solar IP All in One \/ C\u00e1mara Bala ColorVu 4 Megapixel \/ Lente 4 mm \/ Panel Solar \/ Bater\u00eda de Respaldo de Litio 23.2Ah (Hasta 24 D\u00edas) \/ Conexi\u00f3n 4G \/ Accesorios de Instalaci\u00f3n"},"content":{"rendered":"<div style='width: 100%; max-width: 1200px; margin: 0 auto; font-family: sans-serif; line-height: 1.6; color: inherit; background-color: transparent;'> <!-- Logo Hikvision --> <\/p>\n<div style='width: 100%; text-align: center; margin: 30px 0;'> <img style='width: 45%; height: auto; border: 1px solid rgba(150&comma;150&comma;150&comma;0.3); border-radius: 8px;' src='https:\/\/ftp3.syscom.mx\/usuarios\/jsosa\/HIKVISION\/imagenes\/logo\/hikvision%20see%20far.png' alt='Logo Hikvision'> <\/div>\n<p> <!-- Videos --> <\/p>\n<div style='display: flex; flex-wrap: wrap; gap: 30px; margin-bottom: 30px;'>\n<div style='position: relative; padding-bottom: 56.25%; height: 0; overflow: hidden; flex: 1 1 400px; min-width: 300px;'>   <\/div>\n<div style='position: relative; padding-bottom: 56.25%; height: 0; overflow: hidden; flex: 1 1 400px; min-width: 300px;'>   <\/div>\n<\/p><\/div>\n<p> <!-- Imagen principal --> <\/p>\n<div style='width: 100%; text-align: center; margin-bottom: 30px;'> <img style='width: 100%; max-width: 768px; height: auto; border: 1px solid rgba(150&comma;150&comma;150&comma;0.3); border-radius: 8px;' src='https:\/\/ftp3.syscom.mx\/usuarios\/fotos\/DS2XS2T47G0LDH\/4G\/C18S40\/204349-camara-alimentada-energia-solar-serie-estandar-2000x1500.jpeg' alt='Kit Solar IP All in One'> <\/div>\n<p> <!-- Caracter\u00edsticas principales --> <\/p>\n<div style='display: flex; flex-wrap: wrap; gap: 30px; margin-bottom: 30px;'>\n<div style='flex: 1 1 300px; min-width: 280px;'>\n<h3 style='font-size: 22px; border-bottom: 2px solid currentColor; padding-bottom: 5px; margin-top: 0; color: inherit; opacity: 0.8;'>Caracter\u00edsticas Principales<\/h3>\n<ul style='padding-left: 20px; font-size: 15px; color: inherit;'>\n<li style='margin-bottom: 5px;'>Sensor de imagen: 1\/3&#8242; CMOS Scan Progresivo<\/li>\n<li style='margin-bottom: 5px;'>Iluminaci\u00f3n m\u00ednima: Color: 0.0005 Lux @ (F1.0&comma; AGC ON)<\/li>\n<li style='margin-bottom: 5px;'>Distancia focal: 4 mm<\/li>\n<li style='margin-bottom: 5px;'>Distancia luz: 30 m luz blanca<\/li>\n<li style='margin-bottom: 5px;'>Dia \/ Noche real (filtro ICR)<\/li>\n<li style='margin-bottom: 5px;'>Funciones: WDR real (120 dB) \/ 3D-DNR \/ EIS \/ HLC \/ BLC<\/li>\n<li style='margin-bottom: 5px;'>Detecci\u00f3n de movimiento<\/li>\n<li style='margin-bottom: 5px;'>Ranura para SIM de datos (4G)<\/li>\n<\/ul><\/div>\n<div style='flex: 1 1 300px; min-width: 280px;'>\n<h3 style='font-size: 22px; border-bottom: 2px solid currentColor; padding-bottom: 5px; margin-top: 0; color: inherit; opacity: 0.8;'>Entradas y Salidas<\/h3>\n<ul style='padding-left: 20px; font-size: 15px; color: inherit;'>\n<li style='margin-bottom: 5px;'>Red: 1 puerto RJ45 (10 \/ 100 Mbps) para configuraci\u00f3n<\/li>\n<li style='margin-bottom: 5px;'>Soporta Micro SD de hasta 256 GB (no incluida)<\/li>\n<li style='margin-bottom: 5px;'>Micr\u00f3fono y altavoz integrado (audio de 2 v\u00edas)<\/li>\n<\/ul><\/div>\n<div style='flex: 1 1 300px; min-width: 280px;'>\n<h3 style='font-size: 22px; border-bottom: 2px solid currentColor; padding-bottom: 5px; margin-top: 0; color: inherit; opacity: 0.8;'>Caracter\u00edsticas F\u00edsicas y El\u00e9ctricas<\/h3>\n<ul style='padding-left: 20px; font-size: 15px; color: inherit;'>\n<li style='margin-bottom: 5px;'>Aplicaci\u00f3n: Interior \/ Exterior<\/li>\n<li style='margin-bottom: 5px;'>Protecci\u00f3n: IP67<\/li>\n<li style='margin-bottom: 5px;'>Temperatura de operaci\u00f3n: -20\u00b0C a 50\u00b0C<\/li>\n<li style='margin-bottom: 5px;'>Alimentaci\u00f3n \/ Consumo: 12 Vcc<\/li>\n<li style='margin-bottom: 5px;'>Dimensiones: 679 mm \u00d7 443 mm \u00d7 760 mm<\/li>\n<li style='margin-bottom: 5px;'>Peso: 11.570 kgs<\/li>\n<li style='margin-bottom: 5px;'><strong>Incluye:<\/strong> c\u00e1mara&comma; panel solar&comma; bater\u00eda de respaldo&comma; montaje de poste&comma; brazo para camara y panel<\/li>\n<\/ul><\/div>\n<div style='flex: 1 1 300px; min-width: 280px;'>\n<h3 style='font-size: 22px; border-bottom: 2px solid currentColor; padding-bottom: 5px; margin-top: 0; color: inherit; opacity: 0.8;'>Caracter\u00edsticas de la Bater\u00eda<\/h3>\n<ul style='padding-left: 20px; font-size: 15px; color: inherit;'>\n<li style='margin-bottom: 5px;'>Tipo: Litio<\/li>\n<li style='margin-bottom: 5px;'>Capacidad de carga: 8.4 Ah x 2<\/li>\n<li style='margin-bottom: 5px;'>Voltaje m\u00e1ximo de carga: 12.6 V<\/li>\n<li style='margin-bottom: 5px;'>Temperatura de operaci\u00f3n: -20\u00b0C a 55\u00b0C<\/li>\n<li style='margin-bottom: 5px;'>Ciclos de vida: +500<\/li>\n<\/ul><\/div>\n<\/p><\/div>\n<p> <!-- Consideraciones --> <\/p>\n<div style='margin-bottom: 30px;'>\n<h3 style='font-size: 22px; border-bottom: 2px solid currentColor; padding-bottom: 5px; margin-top: 0; color: inherit; opacity: 0.8;'>Consideraciones<\/h3>\n<ul style='padding-left: 20px; font-size: 15px; color: inherit;'>\n<li style='margin-bottom: 5px; font-weight: bold;'>El SIM no est\u00e1 incluido en el kit&comma; debe ser adquirido por separado<\/li>\n<\/ul><\/div>\n<p> <!-- Secci\u00f3n con im\u00e1genes adicionales --> <\/p>\n<div style='display: flex; flex-wrap: wrap; gap: 30px; margin-bottom: 30px;'>\n<div style='flex: 1 1 300px; min-width: 280px;'> <img style='width: 100%; height: auto; border: 1px solid rgba(150&comma;150&comma;150&comma;0.3); border-radius: 8px;' src='https:\/\/ftp3.syscom.mx\/usuarios\/gmagos\/HIK\/IP\/IPC\/Solar\/imagenes%20\/a-easy-power-solution-with-a-solar-panel-and-a-battery.jpg' alt='Soluci\u00f3n de energ\u00eda'> <\/div>\n<div style='flex: 1 1 300px; min-width: 280px;'>\n<h3 style='font-size: 18px; margin-top: 0; color: inherit;'>No se necesitan cables el\u00e9ctricos ni de red<\/h3>\n<p style='font-size: 14px; color: inherit;'>Al funcionar con energ\u00eda solar&comma; este equipo se instala sin ning\u00fan tipo de cableado el\u00e9ctrico. La bater\u00eda incorporada permite una gesti\u00f3n inteligente de la energ\u00eda y su almacenamiento a largo plazo. Los usuarios pueden disfrutar de hasta 7 d\u00edas de funcionamiento continuo en ausencia de luz solar directa.<\/p>\n<p style='font-size: 14px; color: inherit;'>Al ser compatible con m\u00faltiples est\u00e1ndares&comma; como GSM&comma; WCDMA y 4G LTE&comma; las c\u00e1maras se conectan a internet f\u00e1cilmente y sin cables a trav\u00e9s de redes m\u00f3viles.<\/p>\n<\/p><\/div>\n<\/p><\/div>\n<p> <!-- Instalaci\u00f3n f\u00e1cil --> <\/p>\n<div style='display: flex; flex-wrap: wrap; gap: 30px; margin-bottom: 30px;'>\n<div style='flex: 1 1 300px; min-width: 280px;'>\n<h3 style='font-size: 18px; margin-top: 0; color: inherit;'>Instalaci\u00f3n f\u00e1cil<\/h3>\n<p style='font-size: 14px; color: inherit;'>La ligereza y el dise\u00f1o modular profesional hacen posible el montaje sin equipos mec\u00e1nicos&comma; lo que reduce enormemente los costos y el tiempo de instalaci\u00f3n.<\/p>\n<\/p><\/div>\n<div style='flex: 1 1 300px; min-width: 280px;'> <img style='width: 100%; height: auto; border: 1px solid rgba(150&comma;150&comma;150&comma;0.3); border-radius: 8px;' src='https:\/\/ftp3.syscom.mx\/usuarios\/gmagos\/HIK\/IP\/IPC\/Solar\/imagenes%20\/Bad-weather-No-problem.-.jpg' alt='Instalaci\u00f3n f\u00e1cil'> <\/div>\n<\/p><\/div>\n<p> <!-- Resistencia al clima --> <\/p>\n<div style='display: flex; flex-wrap: wrap; gap: 30px; margin-bottom: 30px;'>\n<div style='flex: 1 1 300px; min-width: 280px;'> <img style='width: 100%; height: auto; border: 1px solid rgba(150&comma;150&comma;150&comma;0.3); border-radius: 8px;' src='https:\/\/ftp3.syscom.mx\/usuarios\/gmagos\/HIK\/IP\/IPC\/Solar\/imagenes%20\/Easy%20installation.jpg' alt='Resistencia al clima'> <\/div>\n<div style='flex: 1 1 300px; min-width: 280px;'>\n<h3 style='font-size: 18px; margin-top: 0; color: inherit;'>\u00bfHace mal tiempo? No hay problema<\/h3>\n<p style='font-size: 14px; color: inherit;'>Al estar dise\u00f1adas para el exterior&comma; las instalaciones de c\u00e1maras a base de energ\u00eda solar son propensas a sufrir condiciones meteorol\u00f3gicas extremas&comma; como fuertes vientos y tormentas. No hay problema. Las c\u00e1maras solares de Hikvision son robustas y estables.<\/p>\n<\/p><\/div>\n<\/p><\/div>\n<p> <!-- Temperaturas extremas --> <\/p>\n<div style='display: flex; flex-wrap: wrap; gap: 30px; margin-bottom: 30px;'>\n<div style='flex: 1 1 300px; min-width: 280px;'>\n<h3 style='font-size: 18px; margin-top: 0; color: inherit;'>\u00bfLas temperaturas son extremadamente bajas? No hay problema<\/h3>\n<p style='font-size: 14px; color: inherit;'>Las bater\u00edas convencionales suelen perder potencia o quedan completamente inutilizadas en invierno&comma; sobre todo a altitudes elevadas. Sin embargo&comma; estas c\u00e1maras a base de energ\u00eda solar vienen con una bater\u00eda que funciona a temperaturas de hasta -20\u00b0 Celsius (-4 \u00b0F).<\/p>\n<\/p><\/div>\n<div style='flex: 1 1 300px; min-width: 280px;'> <img style='width: 100%; height: auto; border: 1px solid rgba(150&comma;150&comma;150&comma;0.3); border-radius: 8px;' src='https:\/\/ftp3.syscom.mx\/usuarios\/gmagos\/HIK\/IP\/IPC\/Solar\/imagenes%20\/Extremely-low-temperatures.jpg' alt='Temperaturas extremas'> <\/div>\n<\/p><\/div>\n<p> <!-- Banner final --> <\/p>\n<div style='width: 100%; text-align: center; margin: 30px 0;'> <img style='width: 100%; height: auto; border: 1px solid rgba(150&comma;150&comma;150&comma;0.3); border-radius: 8px;' src='https:\/\/ftp3.syscom.mx\/usuarios\/jsosa\/HIKVISION\/imagenes\/banners\/solution%20complete.png' alt='Soluci\u00f3n completa'> <\/div>\n<\/p><\/div>\n","protected":false},"excerpt":{"rendered":"<p>Kit Solar IP All in One \/ C\u00e1mara Bala ColorVu 4 Megapixel \/ Lente 4 mm \/ Panel Solar \/ Bater\u00eda de Respaldo de Litio 23.2Ah (Hasta 24 D\u00edas) \/ Conexi\u00f3n 4G \/ Accesorios de Instalaci\u00f3n<\/p>\n","protected":false},"featured_media":103616,"comment_status":"open","ping_status":"closed","template":"","meta":[],"product_brand":[],"product_cat":[438],"product_tag":[439,122,54],"class_list":{"0":"post-103617","1":"product","2":"type-product","3":"status-publish","4":"has-post-thumbnail","6":"product_cat-bala","7":"product_tag-bala","8":"product_tag-camaras-ip-y-nvrs","9":"product_tag-hikvision","11":"first","12":"instock","13":"sale","14":"shipping-taxable","15":"purchasable","16":"product-type-simple"},"_links":{"self":[{"href":"https:\/\/soydeaqui.ddns.net\/pachuca\/index.php\/wp-json\/wp\/v2\/product\/103617","targetHints":{"allow":["GET"]}}],"collection":[{"href":"https:\/\/soydeaqui.ddns.net\/pachuca\/index.php\/wp-json\/wp\/v2\/product"}],"about":[{"href":"https:\/\/soydeaqui.ddns.net\/pachuca\/index.php\/wp-json\/wp\/v2\/types\/product"}],"replies":[{"embeddable":true,"href":"https:\/\/soydeaqui.ddns.net\/pachuca\/index.php\/wp-json\/wp\/v2\/comments?post=103617"}],"wp:featuredmedia":[{"embeddable":true,"href":"https:\/\/soydeaqui.ddns.net\/pachuca\/index.php\/wp-json\/wp\/v2\/media\/103616"}],"wp:attachment":[{"href":"https:\/\/soydeaqui.ddns.net\/pachuca\/index.php\/wp-json\/wp\/v2\/media?parent=103617"}],"wp:term":[{"taxonomy":"product_brand","embeddable":true,"href":"https:\/\/soydeaqui.ddns.net\/pachuca\/index.php\/wp-json\/wp\/v2\/product_brand?post=103617"},{"taxonomy":"product_cat","embeddable":true,"href":"https:\/\/soydeaqui.ddns.net\/pachuca\/index.php\/wp-json\/wp\/v2\/product_cat?post=103617"},{"taxonomy":"product_tag","embeddable":true,"href":"https:\/\/soydeaqui.ddns.net\/pachuca\/index.php\/wp-json\/wp\/v2\/product_tag?post=103617"}],"curies":[{"name":"wp","href":"https:\/\/api.w.org\/{rel}","templated":true}]}}