{"id":103601,"date":"2026-03-20T13:51:40","date_gmt":"2026-03-20T13:51:40","guid":{"rendered":"https:\/\/soydeaqui.ddns.net\/pachuca\/index.php\/producto\/doble-poder-de-decodificacion-nvr-32-megapixel-8k-32-canales-ip-acusense-anpr-conteo-de-personas-heat-map-8-bahias-de-disco-duro-2-tarjetas-de-red-soporta-raid-con-hot-swap-2-hdm\/"},"modified":"2026-03-20T13:51:54","modified_gmt":"2026-03-20T13:51:54","slug":"doble-poder-de-decodificacion-nvr-32-megapixel-8k-32-canales-ip-acusense-anpr-conteo-de-personas-heat-map-8-bahias-de-disco-duro-2-tarjetas-de-red-soporta-raid-con-hot-swap-2-hdm","status":"publish","type":"product","link":"https:\/\/soydeaqui.ddns.net\/pachuca\/index.php\/producto\/doble-poder-de-decodificacion-nvr-32-megapixel-8k-32-canales-ip-acusense-anpr-conteo-de-personas-heat-map-8-bahias-de-disco-duro-2-tarjetas-de-red-soporta-raid-con-hot-swap-2-hdm\/","title":{"rendered":"[Doble Poder de Decodificaci\u00f3n] NVR 32 Megapixel (8K) \/ 32 Canales IP \/ AcuSense \/ ANPR \/ Conteo de Personas \/ Heat Map \/ 8 Bah\u00edas de Disco Duro \/ 2 Tarjetas de Red \/ Soporta RAID con Hot Swap \/ 2 HDMI en 8K \/ Soporta POS \/ Alarmas I\/O \/ ACU"},"content":{"rendered":"<div style='width: 100%; max-width: 1200px; margin: 0 auto; font-family: sans-serif; line-height: 1.6; color: inherit; background-color: transparent;'> <!-- Banner inicial --> <\/p>\n<div style='text-align: center; margin: 30px 0;'> <img style='width: 45%; height: auto; border: 1px solid rgba(150&comma;150&comma;150&comma;0.3); border-radius: 8px;' src='https:\/\/ftp3.syscom.mx\/usuarios\/jsosa\/HIKVISION\/imagenes\/logo\/hikvision%20see%20far.png' alt='Banner Inicial'> <\/div>\n<p> <!-- Videos Secci\u00f3n 1 --> <\/p>\n<div style='display: flex; flex-wrap: wrap; gap: 30px; margin-bottom: 30px;'>\n<div style='flex: 1 1 45%; min-width: 300px;'>\n<h3 style='font-size: 20px; border-bottom: 2px solid currentColor; padding-bottom: 5px; margin-top: 0; color: inherit; opacity: 0.8; text-align: center;'>Smart Search + Acusense<\/h3>\n<div style='position: relative; padding-bottom: 56.25%; height: 0; overflow: hidden; margin-bottom: 30px;'>   <\/div>\n<\/p><\/div>\n<div style='flex: 1 1 45%; min-width: 300px;'>\n<h3 style='font-size: 20px; border-bottom: 2px solid currentColor; padding-bottom: 5px; margin-top: 0; color: inherit; opacity: 0.8; text-align: center;'>Enlace de audio y video para una respuesta instant\u00e1nea!<\/h3>\n<div style='position: relative; padding-bottom: 56.25%; height: 0; overflow: hidden; margin-bottom: 30px;'>   <\/div>\n<\/p><\/div>\n<\/p><\/div>\n<p> <!-- Secci\u00f3n de caracter\u00edsticas --> <\/p>\n<div style='display: flex; flex-wrap: wrap; gap: 30px; margin-bottom: 30px;'>\n<div style='flex: 1 1 45%; min-width: 280px;'>\n<div style='border: 1px solid rgba(150&comma; 150&comma; 150&comma; 0.4); border-radius: 8px; overflow: hidden; display: flex; flex-direction: column; margin-bottom: 20px;'>\n<div style='padding: 15px; border-bottom: 1px solid rgba(150&comma; 150&comma; 150&comma; 0.2); font-weight: bold; font-size: 18px; background: #df001e; color: white;'>Caracter\u00edsticas Principales:<\/div>\n<div style='padding: 15px; color: inherit;'>\n<ul style='padding-left: 20px; margin: 0; font-size: 14px; list-style-type: disc;'>\n<li style='margin-bottom: 5px;'>Compresi\u00f3n de video: H.265+ \/ H.265 \/ H.264+ \/ H.264.<\/li>\n<li style='margin-bottom: 5px;'>Soporta mouse USB para operar (incluido).<\/li>\n<li style='margin-bottom: 5px;'>Soporta 8 HDD\u00b4s de hasta 16 TB. (no incluidos).<\/li>\n<li style='margin-bottom: 5px;'>Soporta Hot Swap con arreglo RAID 0&comma;1&comma;5&comma;6&comma;10.<\/li>\n<li style='margin-bottom: 5px;'>Soporta b\u00fasqueda de agenda en forma local o remota.<\/li>\n<li style='margin-bottom: 5px;'>Soporta Hot Spare para que nunca se pierda la grabaci\u00f3n en caso de que el NVR este fallando (se requiere otro NVR que tambi\u00e9n soporte la funci\u00f3n).<\/li>\n<li style='margin-bottom: 5px;'>Soporta DDNS (Hik-Connect&comma; DynDNS&comma; No-IP&comma; etc).<\/li>\n<li style='margin-bottom: 5px;'>Soporta Hik-Connect (P2P) (<a style='color: inherit; text-decoration: none;' href='https:\/\/appstore.hikvision.com\/' target='_blank' rel='noopener'>https:\/\/appstore.hikvision.com\/<\/a>).<\/li>\n<li style='margin-bottom: 5px;'>Acceso remoto v\u00eda tel\u00e9fono: Android&comma; iPhone&comma; iPad (Hik-Connect).<\/li>\n<li style='margin-bottom: 5px;'>Software cliente IVMS-4200 (gratuito).<\/li>\n<\/ul><\/div>\n<\/p><\/div>\n<div style='border: 1px solid rgba(150&comma; 150&comma; 150&comma; 0.4); border-radius: 8px; overflow: hidden; display: flex; flex-direction: column; margin-bottom: 20px;'>\n<div style='padding: 15px; border-bottom: 1px solid rgba(150&comma; 150&comma; 150&comma; 0.2); font-weight: bold; font-size: 18px; background: #df001e; color: white;'>Interfaces Entradas y Salidas:<\/div>\n<div style='padding: 15px; color: inherit;'>\n<ul style='padding-left: 20px; margin: 0; font-size: 14px; list-style-type: disc;'>\n<li style='margin-bottom: 5px;'><strong>Salida simultanea HDMI 1 y VGA 1.<\/strong><\/li>\n<li style='margin-bottom: 5px;'><strong>Salida simultanea HDMI 2 y VGA 2.<\/strong><\/li>\n<li style='margin-bottom: 5px;'>Resoluci\u00f3n HDMI 1: 8K \/ 4K \/ 1080p \/ 720p.<\/li>\n<li style='margin-bottom: 5px;'>Resoluci\u00f3n HDMI 2: 4k \/ 1080p \/ 720p.<\/li>\n<li style='margin-bottom: 5px;'>Resoluci\u00f3n VGA 1: 1080p \/ 720p.<\/li>\n<li style='margin-bottom: 5px;'>Resoluci\u00f3n VGA 2: 1080p \/ 720p.<\/li>\n<li style='margin-bottom: 5px;'>Entrada de Audio: 1.<\/li>\n<li style='margin-bottom: 5px;'>Salida de Audio: 2.<\/li>\n<li style='margin-bottom: 5px;'>Entrada de Alarma: 16.<\/li>\n<li style='margin-bottom: 5px;'>Salida de Alarma: 9.<\/li>\n<li style='margin-bottom: 5px;'>Soporta audio bidireccional (audio de dos vias).<\/li>\n<\/ul><\/div>\n<\/p><\/div>\n<div style='border: 1px solid rgba(150&comma; 150&comma; 150&comma; 0.4); border-radius: 8px; overflow: hidden; display: flex; flex-direction: column; margin-bottom: 20px;'>\n<div style='padding: 15px; border-bottom: 1px solid rgba(150&comma; 150&comma; 150&comma; 0.2); font-weight: bold; font-size: 18px; background: #df001e; color: white;'>Capacidad de procesamiento y funciones de red:<\/div>\n<div style='padding: 15px; color: inherit;'>\n<ul style='padding-left: 20px; margin: 0; font-size: 14px; list-style-type: disc;'>\n<li style='margin-bottom: 5px;'>Throughput entrada: 320 Mbps.<\/li>\n<li style='margin-bottom: 5px;'>Throughput salida: 400 Mbps.<\/li>\n<li style='margin-bottom: 5px;'>2 Puertos red 10 \/ 100 \/ 1000 Mbps. (LAN)<\/li>\n<li style='margin-bottom: 5px;'>Configuraci\u00f3n local y remota de par\u00e1metros.<\/li>\n<li style='margin-bottom: 5px;'>Descarga y reproducci\u00f3n por red de los archivos grabados en la NVR.<\/li>\n<li style='margin-bottom: 5px;'>Soporta la descarga de bit\u00e1cora de alarmas del NVR en forma remota.<\/li>\n<\/ul><\/div>\n<\/p><\/div>\n<\/p><\/div>\n<div style='flex: 1 1 45%; min-width: 280px;'>\n<div style='border: 1px solid rgba(150&comma; 150&comma; 150&comma; 0.4); border-radius: 8px; overflow: hidden; display: flex; flex-direction: column; margin-bottom: 20px;'>\n<div style='padding: 15px; border-bottom: 1px solid rgba(150&comma; 150&comma; 150&comma; 0.2); font-weight: bold; font-size: 18px; background: #df001e; color: white;'>Caracter\u00edsticas F\u00edsicas y El\u00e9ctricas:<\/div>\n<div style='padding: 15px; color: inherit;'>\n<ul style='padding-left: 20px; margin: 0; font-size: 14px; list-style-type: disc;'>\n<li style='margin-bottom: 5px;'>Dimensiones: 445 \u00d7 465 \u00d7 93 mm (2 U Rack).<\/li>\n<li style='margin-bottom: 5px;'>Alimentaci\u00f3n: 100 a 240Vca \/ 50 W.<\/li>\n<li style='margin-bottom: 5px;'>Temperatura de operaci\u00f3n: -10\u00b0C a 55\u00b0C.<\/li>\n<li style='margin-bottom: 5px;'>Peso: 10 Kg sin HDD.<\/li>\n<\/ul><\/div>\n<\/p><\/div>\n<div style='border: 1px solid rgba(150&comma; 150&comma; 150&comma; 0.4); border-radius: 8px; overflow: hidden; display: flex; flex-direction: column; margin-bottom: 20px;'>\n<div style='padding: 15px; border-bottom: 1px solid rgba(150&comma; 150&comma; 150&comma; 0.2); font-weight: bold; font-size: 18px; background: #df001e; color: white;'>Funci\u00f3n de Grabaci\u00f3n y Visualizaci\u00f3n:<\/div>\n<div style='padding: 15px; color: inherit;'>\n<ul style='padding-left: 20px; margin: 0; font-size: 14px; list-style-type: disc;'>\n<li style='margin-bottom: 5px;'>Detecci\u00f3n de movimiento multizona.<\/li>\n<li style='margin-bottom: 5px;'>Zoom digital en visualizaci\u00f3n y grabaci\u00f3n.<\/li>\n<li style='margin-bottom: 5px;'>Dual stream (main stream y sub stream).<\/li>\n<li style='margin-bottom: 5px;'>Soporta avance r\u00e1pido&comma; lento&comma; cuadro a cuadro&comma; etc.<\/li>\n<li style='margin-bottom: 5px;'>Soporta tecnolog\u00eda de discos duros S.M.A.R.T.<\/li>\n<li style='margin-bottom: 5px;'>Soporta m\u00faltiples tipos de grabaci\u00f3n&comma; incluyendo tiempo real&comma; grabaci\u00f3n manual&comma; videosensor&comma; videosensor y alarma&comma; videosensor o alarma.<\/li>\n<li style='margin-bottom: 5px;'>Soporta grabaci\u00f3n c\u00edclica (sobreescritura) y no c\u00edclica.<\/li>\n<\/ul><\/div>\n<\/p><\/div>\n<div style='border: 1px solid rgba(150&comma; 150&comma; 150&comma; 0.4); border-radius: 8px; overflow: hidden; display: flex; flex-direction: column; margin-bottom: 20px;'>\n<div style='padding: 15px; border-bottom: 1px solid rgba(150&comma; 150&comma; 150&comma; 0.2); font-weight: bold; font-size: 18px; background: #df001e; color: white;'>Resoluci\u00f3n de Grabaci\u00f3n por Canal (recomendado con H.265):<\/div>\n<div style='padding: 15px; color: inherit;'>\n<ul style='padding-left: 20px; margin: 0; font-size: 14px; list-style-type: disc;'>\n<li style='margin-bottom: 5px;'>2 MP (1080P): 32 Canales &#8211; 30 IPS.<\/li>\n<li style='margin-bottom: 5px;'>4 MP: 32 Canales &#8211; 30 IPS.<\/li>\n<li style='margin-bottom: 5px;'>5 MP: 32 Canales &#8211; 30 IPS.<\/li>\n<li style='margin-bottom: 5px;'>6 MP: 32 Canales &#8211; 30 IPS.<\/li>\n<li style='margin-bottom: 5px;'>4K (8 MP): 32 Canales &#8211; 30 IPS.<\/li>\n<li style='margin-bottom: 5px;'>8K (12 MP): 32 Canales &#8211; 22 IPS.<\/li>\n<li style='margin-bottom: 5px;'>Reproducci\u00f3n s\u00edncrona en canales: 16 Canales.<\/li>\n<\/ul><\/div>\n<\/p><\/div>\n<\/p><\/div>\n<\/p><\/div>\n<p> <!-- Caracter\u00edsticas destacadas --> <\/p>\n<div style='border: 1px solid rgba(150&comma; 150&comma; 150&comma; 0.4); border-radius: 8px; overflow: hidden; display: flex; flex-direction: column; margin-bottom: 30px;'>\n<div style='padding: 15px; border-bottom: 1px solid rgba(150&comma; 150&comma; 150&comma; 0.2); font-weight: bold; font-size: 18px; background: #df001e; color: white;'>Caracter\u00edsticas destacadas:<\/div>\n<div style='padding: 15px; color: inherit;'>\n<div style='margin-bottom: 15px;'>\n<h4 style='margin-top: 0; margin-bottom: 10px; font-size: 16px; color: inherit;'><strong>ACUSENSE (Filtro de Falsas Alarmas):<\/strong><\/h4>\n<ul style='padding-left: 20px; margin: 0; font-size: 14px; list-style-type: disc;'>\n<li style='margin-bottom: 5px;'>Con tecnolog\u00eda ACUSENSE podemos evitar falsas alarmas como movimiento de \u00e1rboles&comma; animales&comma; etc.<\/li>\n<li style='margin-bottom: 5px;'>Al activar la tecnolog\u00eda ACUSENSE solo detecta cuerpo humano y veh\u00edculos para detectar realmente eventos importantes y as\u00ed eliminar falsas alarmas.<\/li>\n<li style='margin-bottom: 5px;'>Soporta hasta 32 canales con ACUSENSE utilizando c\u00e1maras: DS-2CD2XX7G2 \/ DS-2CD2XX3G2 \/ IDS-2CD7 \/ DS-2CD3XXG2 \/ DS-2CD3XX7G2 (que soporte ACUSENSE).<\/li>\n<li style='margin-bottom: 5px;'>Soporta hasta 32 canales con la tecnolog\u00eda ACUSENSE Lite (humano y veh\u00edculo pero con detecci\u00f3n de movimiento&comma; no anal\u00edticos) usando c\u00e1maras DS-2CD1XX3G2 y DS-2CD1XX3G7G2 (que soporte ACUSENSE Lite).<\/li>\n<\/ul><\/div>\n<div style='margin-bottom: 15px;'>\n<h4 style='margin-top: 0; margin-bottom: 10px; font-size: 16px; color: inherit;'><strong>Soporta POS (Punto de Venta):<\/strong><\/h4>\n<ul style='padding-left: 20px; margin: 0; font-size: 14px; list-style-type: disc;'>\n<li style='margin-bottom: 5px;'>Soporta 16 canales con la integraci\u00f3n POS. El sistema de POS a integrar se recomienda que soporte dos impresiones&comma; una f\u00edsica (ticket de la compra) y una digital (para mandar el texto al NVR).<\/li>\n<\/ul><\/div>\n<div style='margin-bottom: 15px;'>\n<h4 style='margin-top: 0; margin-bottom: 10px; font-size: 16px; color: inherit;'><strong>Heat Map (Mapa de Calor):<\/strong><\/h4>\n<ul style='padding-left: 20px; margin: 0; font-size: 14px; list-style-type: disc;'>\n<li style='margin-bottom: 5px;'>Usando c\u00e1maras fisheye o domos IP que soporten la anal\u00edtica de calor para poder realizar an\u00e1lisis del movimiento seg\u00fan el escenario por medio de pixeles (paleta de colores)&comma; eso nos permite tomar una decisi\u00f3n de los movimientos m\u00e1s frecuentes seg\u00fan el escenario.<\/li>\n<\/ul><\/div>\n<div style='margin-bottom: 15px;'>\n<h4 style='margin-top: 0; margin-bottom: 10px; font-size: 16px; color: inherit;'><strong>People Counting (Conteo de Personas):<\/strong><\/h4>\n<ul style='padding-left: 20px; margin: 0; font-size: 14px; list-style-type: disc;'>\n<li style='margin-bottom: 5px;'>Usando c\u00e1maras IP con anal\u00edtica de conteo de personas podemos realizar un conteo de personas por medio de la captura facial.<\/li>\n<\/ul><\/div>\n<div style='margin-bottom: 15px;'>\n<h4 style='margin-top: 0; margin-bottom: 10px; font-size: 16px; color: inherit;'><strong>ANPR (Lectura de Placas):<\/strong><\/h4>\n<ul style='padding-left: 20px; margin: 0; font-size: 14px; list-style-type: disc;'>\n<li style='margin-bottom: 5px;'>Usando c\u00e1maras con anal\u00edtica de ANPR podemos tener lectura de placas (base de datos) y podemos tener tambien diferentes caracter\u00edsticas del autom\u00f3vil como tipo del veh\u00edculo&comma; color&comma; tama\u00f1o&comma; etc&#8230;<\/li>\n<\/ul><\/div>\n<div style='margin-bottom: 15px;'>\n<h4 style='margin-top: 0; margin-bottom: 10px; font-size: 16px; color: inherit;'><strong>Consideraciones:<\/strong><\/h4>\n<ul style='padding-left: 20px; margin: 0; font-size: 14px; list-style-type: disc;'>\n<li style='margin-bottom: 5px;'>La serie de grabadores DS-96XXNI-M permite visualizar directo al HDMI cierto n\u00famero de c\u00e1maras simult\u00e1neas hacia el monitor&comma; el NVR su funci\u00f3n principal est\u00e1 en la grabaci\u00f3n por lo que no podr\u00e1 ver todas las c\u00e1maras en la salida HDMI.<\/li>\n<li style='margin-bottom: 5px;'>Para poder optimizar la visualizaci\u00f3n se recomienda usar un software cliente (iVMS-4200&comma; interfaz web o Hik-Central)&comma; por lo que es necesario workstation para su correcto funcionamiento&comma; cualquier duda favor de comunicarse al departamento de ingenier\u00eda seguridad.<\/li>\n<li style='margin-bottom: 5px;'>Para soportar arreglo RAID es necesario manejar como m\u00ednimo discos duros de 4 TB y por lo menos 3 unidades.<\/li>\n<\/ul><\/div>\n<\/p><\/div>\n<\/p><\/div>\n<p> <!-- Videos Secci\u00f3n 2 --> <\/p>\n<div style='display: flex; flex-wrap: wrap; gap: 30px; margin-bottom: 30px;'>\n<div style='flex: 1 1 45%; min-width: 300px;'>\n<h3 style='font-size: 20px; border-bottom: 2px solid currentColor; padding-bottom: 5px; margin-top: 0; color: inherit; opacity: 0.8; text-align: center;'>Gestion de entradas y salidas<\/h3>\n<div style='position: relative; padding-bottom: 56.25%; height: 0; overflow: hidden; margin-bottom: 30px;'>   <\/div>\n<\/p><\/div>\n<div style='flex: 1 1 45%; min-width: 300px;'>\n<h3 style='font-size: 20px; border-bottom: 2px solid currentColor; padding-bottom: 5px; margin-top: 0; color: inherit; opacity: 0.8; text-align: center;'>Configuraci\u00f3n de eventos<\/h3>\n<div style='position: relative; padding-bottom: 56.25%; height: 0; overflow: hidden; margin-bottom: 30px;'>   <\/div>\n<\/p><\/div>\n<\/p><\/div>\n<p> <!-- Banner final --> <\/p>\n<div style='margin: 30px 0; text-align: center;'> <img style='width: 100%; height: auto; border: 1px solid rgba(150&comma;150&comma;150&comma;0.3); border-radius: 8px;' src='https:\/\/ftp3.syscom.mx\/usuarios\/jsosa\/HIKVISION\/imagenes\/banners\/solution%20complete.png' alt='Banner Final'> <\/div>\n<\/p><\/div>\n","protected":false},"excerpt":{"rendered":"<p>[Doble Poder de Decodificaci\u00f3n] NVR 32 Megapixel (8K) \/ 32 Canales IP \/ AcuSense \/ ANPR \/ Conteo de Personas \/ Heat Map \/ 8 Bah\u00edas de Disco Duro \/ 2 Tarjetas de Red \/ Soporta RAID con Hot Swap \/ 2 HDMI en 8K \/ Soporta POS \/ Alarmas I\/O \/ ACU<\/p>\n","protected":false},"featured_media":103600,"comment_status":"open","ping_status":"closed","template":"","meta":[],"product_brand":[],"product_cat":[2234],"product_tag":[122,54,2235],"class_list":{"0":"post-103601","1":"product","2":"type-product","3":"status-publish","4":"has-post-thumbnail","6":"product_cat-nvrs-network-video-recorders","7":"product_tag-camaras-ip-y-nvrs","8":"product_tag-hikvision","9":"product_tag-nvrs-network-video-recorders","11":"first","12":"instock","13":"sale","14":"shipping-taxable","15":"purchasable","16":"product-type-simple"},"_links":{"self":[{"href":"https:\/\/soydeaqui.ddns.net\/pachuca\/index.php\/wp-json\/wp\/v2\/product\/103601","targetHints":{"allow":["GET"]}}],"collection":[{"href":"https:\/\/soydeaqui.ddns.net\/pachuca\/index.php\/wp-json\/wp\/v2\/product"}],"about":[{"href":"https:\/\/soydeaqui.ddns.net\/pachuca\/index.php\/wp-json\/wp\/v2\/types\/product"}],"replies":[{"embeddable":true,"href":"https:\/\/soydeaqui.ddns.net\/pachuca\/index.php\/wp-json\/wp\/v2\/comments?post=103601"}],"wp:featuredmedia":[{"embeddable":true,"href":"https:\/\/soydeaqui.ddns.net\/pachuca\/index.php\/wp-json\/wp\/v2\/media\/103600"}],"wp:attachment":[{"href":"https:\/\/soydeaqui.ddns.net\/pachuca\/index.php\/wp-json\/wp\/v2\/media?parent=103601"}],"wp:term":[{"taxonomy":"product_brand","embeddable":true,"href":"https:\/\/soydeaqui.ddns.net\/pachuca\/index.php\/wp-json\/wp\/v2\/product_brand?post=103601"},{"taxonomy":"product_cat","embeddable":true,"href":"https:\/\/soydeaqui.ddns.net\/pachuca\/index.php\/wp-json\/wp\/v2\/product_cat?post=103601"},{"taxonomy":"product_tag","embeddable":true,"href":"https:\/\/soydeaqui.ddns.net\/pachuca\/index.php\/wp-json\/wp\/v2\/product_tag?post=103601"}],"curies":[{"name":"wp","href":"https:\/\/api.w.org\/{rel}","templated":true}]}}