{"id":10360,"date":"2026-03-18T07:34:48","date_gmt":"2026-03-18T07:34:48","guid":{"rendered":"https:\/\/soydeaqui.ddns.net\/pachuca\/index.php\/producto\/jumper-de-fibra-ptica-multimodo-50-125-xglo-om3-lc-sc-duplex-ofnr-color-aqua-10-metros-32-81-pies\/"},"modified":"2026-03-18T07:34:48","modified_gmt":"2026-03-18T07:34:48","slug":"jumper-de-fibra-ptica-multimodo-50-125-xglo-om3-lc-sc-duplex-ofnr-color-aqua-10-metros-32-81-pies","status":"publish","type":"product","link":"https:\/\/soydeaqui.ddns.net\/pachuca\/index.php\/producto\/jumper-de-fibra-ptica-multimodo-50-125-xglo-om3-lc-sc-duplex-ofnr-color-aqua-10-metros-32-81-pies\/","title":{"rendered":"Jumper de Fibra ?ptica Multimodo 50\/125 XGLO OM3, LC-SC Duplex, OFNR, Color Aqua, 10 Metros (32.81 Pies)"},"content":{"rendered":"<div style='width: 100%; max-width: 1200px; margin: 0 auto; font-family: sans-serif; line-height: 1.6; color: inherit; background-color: transparent;'> <!-- Secci\u00f3n de introducci\u00f3n --> <\/p>\n<div style='margin-bottom: 30px;'>\n<p>Los cables de Fibra \u00d3ptica XGLO son ideales para aplicaciones de fibra con soporte de 10 Gigabits a trav\u00e9s de distancias extendidas y redes troncales de pr\u00f3xima generaci\u00f3n.<\/p>\n<\/p><\/div>\n<p> <!-- Secci\u00f3n de est\u00e1ndares y certificaciones --> <\/p>\n<div style='margin-bottom: 30px;'>\n<h3 style='font-size: 22px; border-bottom: 2px solid currentColor; padding-bottom: 5px; margin-top: 0; color: inherit; opacity: 0.8;'>Especificaciones y Cumplimiento<\/h3>\n<ul style='padding-left: 20px; font-size: 15px; color: inherit;'>\n<li>Cumple con el est\u00e1ndar Gigabit IEEE 802.3<\/li>\n<li>Conforme a IEC-60793-2-10<\/li>\n<li>Cumple con TIA-492AAAC (OM3) y TIA-492AAAD (OM4)<\/li>\n<li>Conforme a RoHS<\/li>\n<\/ul><\/div>\n<p> <!-- Secci\u00f3n de caracter\u00edsticas t\u00e9cnicas --> <\/p>\n<div style='margin-bottom: 30px;'>\n<h3 style='font-size: 22px; border-bottom: 2px solid currentColor; padding-bottom: 5px; margin-top: 0; color: inherit; opacity: 0.8;'>Caracter\u00edsticas T\u00e9cnicas<\/h3>\n<ul style='padding-left: 20px; font-size: 15px; color: inherit;'>\n<li>Cable multimodo 50\/125\u00b5m OM3<\/li>\n<li>Conector LC-SC Duplex<\/li>\n<li>Tipo de revestimiento: OFNR<\/li>\n<li>Color: Aqua<\/li>\n<li>Longitud: 10 Metros<\/li>\n<li>Perdida de inserci\u00f3n m\u00e1xima: 0.25 dB (0.10 dB t\u00edpico)<\/li>\n<li>P\u00e9rdida de retorno m\u00ednima: 30 dB (35 dB t\u00edpico)<\/li>\n<\/ul><\/div>\n<p> <!-- Secci\u00f3n de especificaciones de rendimiento --> <\/p>\n<div style='margin-bottom: 30px;'>\n<h3 style='font-size: 22px; border-bottom: 2px solid currentColor; padding-bottom: 5px; margin-top: 0; color: inherit; opacity: 0.8;'>Especificaciones de Rendimiento<\/h3>\n<div style='overflow-x: auto;'>\n<table style='width: 100%; border-collapse: collapse; font-size: 14px; color: inherit;'>\n<thead>\n<tr style='background-color: rgba(150&comma; 150&comma; 150&comma; 0.1);'>\n<th style='border: 1px solid rgba(150&comma; 150&comma; 150&comma; 0.3); padding: 12px; text-align: left;'>Especificaci\u00f3n<\/th>\n<th style='border: 1px solid rgba(150&comma; 150&comma; 150&comma; 0.3); padding: 12px; text-align: left;'>Valor<\/th>\n<\/tr>\n<\/thead>\n<tbody>\n<tr>\n<td style='border: 1px solid rgba(150&comma; 150&comma; 150&comma; 0.3); padding: 8px;'>Banda ancha m\u00ednima (MHz.km) &#8211; OFL 850nm<\/td>\n<td style='border: 1px solid rgba(150&comma; 150&comma; 150&comma; 0.3); padding: 8px;'>1500<\/td>\n<\/tr>\n<tr>\n<td style='border: 1px solid rgba(150&comma; 150&comma; 150&comma; 0.3); padding: 8px;'>Banda ancha m\u00ednima (MHz.km) &#8211; OFL 1300nm<\/td>\n<td style='border: 1px solid rgba(150&comma; 150&comma; 150&comma; 0.3); padding: 8px;'>500<\/td>\n<\/tr>\n<tr>\n<td style='border: 1px solid rgba(150&comma; 150&comma; 150&comma; 0.3); padding: 8px;'>P\u00e9rdida de inserci\u00f3n m\u00e1xima (dB)<\/td>\n<td style='border: 1px solid rgba(150&comma; 150&comma; 150&comma; 0.3); padding: 8px;'>0.25 (0.10 T\u00edpico)<\/td>\n<\/tr>\n<tr>\n<td style='border: 1px solid rgba(150&comma; 150&comma; 150&comma; 0.3); padding: 8px;'>P\u00e9rdida de retorno m\u00ednima (dB)<\/td>\n<td style='border: 1px solid rgba(150&comma; 150&comma; 150&comma; 0.3); padding: 8px;'>30 (35 T\u00edpico)<\/td>\n<\/tr>\n<tr>\n<td style='border: 1px solid rgba(150&comma; 150&comma; 150&comma; 0.3); padding: 8px;'>Cumplimiento de est\u00e1ndares<\/td>\n<td style='border: 1px solid rgba(150&comma; 150&comma; 150&comma; 0.3); padding: 8px;'>IEEE 802.3&comma; IEC-60793-2-10&comma; TIA-492AAAC (OM3)&comma; TIA-492AAAD (OM4)<\/td>\n<\/tr>\n<\/tbody>\n<\/table><\/div>\n<\/p><\/div>\n<p> <!-- Secci\u00f3n de caracter\u00edsticas de construcci\u00f3n --> <\/p>\n<div style='margin-bottom: 30px;'>\n<h3 style='font-size: 22px; border-bottom: 2px solid currentColor; padding-bottom: 5px; margin-top: 0; color: inherit; opacity: 0.8;'>Caracter\u00edsticas de Construcci\u00f3n<\/h3>\n<ul style='padding-left: 20px; font-size: 15px; color: inherit;'>\n<li>Optimizado para l\u00e1ser: Reducci\u00f3n de impurezas en el n\u00facleo de la fibra<\/li>\n<li>Conectores con pulido superior que cumple con especificaciones Telcordia e ISO\/IEC<\/li>\n<li>Excede los requisitos ANSI\/TIA e ISO\/IEC para p\u00e9rdida de inserci\u00f3n y p\u00e9rdida de retorno<\/li>\n<li>Conectores LC color beige con revestimiento aqua para multimodo<\/li>\n<li>Incluye tapas de polvo para protecci\u00f3n<\/li>\n<li>Clip duplex SC para correcci\u00f3n de polaridad<\/li>\n<\/ul><\/div>\n<p> <!-- Secci\u00f3n de aplicaciones --> <\/p>\n<div style='margin-bottom: 30px;'>\n<h3 style='font-size: 22px; border-bottom: 2px solid currentColor; padding-bottom: 5px; margin-top: 0; color: inherit; opacity: 0.8;'>Aplicaciones<\/h3>\n<ul style='padding-left: 20px; font-size: 15px; color: inherit;'>\n<li>Redes troncales de pr\u00f3xima generaci\u00f3n<\/li>\n<li>Soporte para transmisi\u00f3n serial de 10 Gigabit Ethernet<\/li>\n<li>Redes de datos de alta velocidad<\/li>\n<li>Instalaciones de telecomunicaciones<\/li>\n<\/ul><\/div>\n<p> <!-- Secci\u00f3n de garant\u00eda y calidad --> <\/p>\n<div style='margin-bottom: 30px;'>\n<h3 style='font-size: 22px; border-bottom: 2px solid currentColor; padding-bottom: 5px; margin-top: 0; color: inherit; opacity: 0.8;'>Garant\u00eda y Calidad<\/h3>\n<ul style='padding-left: 20px; font-size: 15px; color: inherit;'>\n<li>Garant\u00eda de 20 a\u00f1os<\/li>\n<li>100% inspecci\u00f3n para asegurar rendimiento y calidad<\/li>\n<li>Excede los requisitos de envejecimiento&comma; exposici\u00f3n a humedad&comma; extremos de temperatura&comma; impacto&comma; vibraci\u00f3n&comma; resistencia al acoplamiento y tensi\u00f3n del cable<\/li>\n<\/ul><\/div>\n<p> <!-- Separador final --> <\/p>\n<hr style='border: 0; border-top: 1px solid rgba(150&comma; 150&comma; 150&comma; 0.3); margin: 30px 0;'> <\/div>\n","protected":false},"excerpt":{"rendered":"<p>Jumper de Fibra ?ptica Multimodo 50\/125 XGLO OM3, LC-SC Duplex, OFNR, Color Aqua, 10 Metros (32.81 Pies)<\/p>\n","protected":false},"featured_media":10359,"comment_status":"open","ping_status":"closed","template":"","meta":[],"product_brand":[],"product_cat":[617],"product_tag":[611,618,600],"class_list":{"0":"post-10360","1":"product","2":"type-product","3":"status-publish","4":"has-post-thumbnail","6":"product_cat-jumpers-y-pigtails","7":"product_tag-fibra-optica","8":"product_tag-jumpers-y-pigtails","9":"product_tag-siemon","11":"first","12":"instock","13":"sale","14":"shipping-taxable","15":"purchasable","16":"product-type-simple"},"_links":{"self":[{"href":"https:\/\/soydeaqui.ddns.net\/pachuca\/index.php\/wp-json\/wp\/v2\/product\/10360","targetHints":{"allow":["GET"]}}],"collection":[{"href":"https:\/\/soydeaqui.ddns.net\/pachuca\/index.php\/wp-json\/wp\/v2\/product"}],"about":[{"href":"https:\/\/soydeaqui.ddns.net\/pachuca\/index.php\/wp-json\/wp\/v2\/types\/product"}],"replies":[{"embeddable":true,"href":"https:\/\/soydeaqui.ddns.net\/pachuca\/index.php\/wp-json\/wp\/v2\/comments?post=10360"}],"wp:featuredmedia":[{"embeddable":true,"href":"https:\/\/soydeaqui.ddns.net\/pachuca\/index.php\/wp-json\/wp\/v2\/media\/10359"}],"wp:attachment":[{"href":"https:\/\/soydeaqui.ddns.net\/pachuca\/index.php\/wp-json\/wp\/v2\/media?parent=10360"}],"wp:term":[{"taxonomy":"product_brand","embeddable":true,"href":"https:\/\/soydeaqui.ddns.net\/pachuca\/index.php\/wp-json\/wp\/v2\/product_brand?post=10360"},{"taxonomy":"product_cat","embeddable":true,"href":"https:\/\/soydeaqui.ddns.net\/pachuca\/index.php\/wp-json\/wp\/v2\/product_cat?post=10360"},{"taxonomy":"product_tag","embeddable":true,"href":"https:\/\/soydeaqui.ddns.net\/pachuca\/index.php\/wp-json\/wp\/v2\/product_tag?post=10360"}],"curies":[{"name":"wp","href":"https:\/\/api.w.org\/{rel}","templated":true}]}}