{"id":103595,"date":"2026-03-20T13:51:23","date_gmt":"2026-03-20T13:51:23","guid":{"rendered":"https:\/\/soydeaqui.ddns.net\/pachuca\/index.php\/producto\/doble-poder-de-decodificacion-nvr-32-megapixel-8k-64-canales-ip-acusense-anpr-conteo-de-personas-heat-map-16-bahias-de-disco-duro-soporta-raid-con-hot-swap-2-hdmi-en-8k-soporta\/"},"modified":"2026-03-20T13:51:36","modified_gmt":"2026-03-20T13:51:36","slug":"doble-poder-de-decodificacion-nvr-32-megapixel-8k-64-canales-ip-acusense-anpr-conteo-de-personas-heat-map-16-bahias-de-disco-duro-soporta-raid-con-hot-swap-2-hdmi-en-8k-soporta","status":"publish","type":"product","link":"https:\/\/soydeaqui.ddns.net\/pachuca\/index.php\/producto\/doble-poder-de-decodificacion-nvr-32-megapixel-8k-64-canales-ip-acusense-anpr-conteo-de-personas-heat-map-16-bahias-de-disco-duro-soporta-raid-con-hot-swap-2-hdmi-en-8k-soporta\/","title":{"rendered":"[Doble Poder de Decodificaci\u00f3n] NVR 32 Megapixel (8K) \/ 64 Canales IP \/ AcuSense \/ ANPR \/ Conteo de Personas \/ Heat Map \/ 16 Bah\u00edas de Disco Duro \/  Soporta RAID con Hot Swap \/ 2 HDMI en 8K \/ Soporta POS \/ Alarmas I\/O  \/ Smart Search"},"content":{"rendered":"<div style='width: 100%; max-width: 1200px; margin: 0 auto; font-family: sans-serif; line-height: 1.6; color: inherit; background-color: transparent;'> <!-- Logo --> <\/p>\n<p style='text-align: center; margin: 20px 0;'><img style='width: 45%; height: auto; border: 1px solid rgba(150&comma;150&comma;150&comma;0.3); border-radius: 8px;' src='https:\/\/ftp3.syscom.mx\/usuarios\/jsosa\/HIKVISION\/imagenes\/logo\/hikvision%20see%20far.png' alt='Logo Hikvision'><\/p>\n<p> <!-- Secci\u00f3n principal con dos columnas --> <\/p>\n<div style='display: flex; flex-wrap: wrap; gap: 30px; margin: 30px 0;'> <!-- Columna izquierda --> <\/p>\n<div style='flex: 1 1 400px; min-width: 300px;'> <!-- Caracter\u00edsticas Principales --> <\/p>\n<div style='border: 1px solid rgba(150&comma;150&comma;150&comma;0.4); border-radius: 8px; overflow: hidden; margin-bottom: 20px;'>\n<div style='padding: 15px; background-color: #df001e; color: white; font-weight: bold; font-size: 18px; border-bottom: 1px solid rgba(150&comma;150&comma;150&comma;0.2);'>Caracter\u00edsticas Principales:<\/div>\n<div style='padding: 15px;'>\n<ul style='padding-left: 20px; margin: 0; font-size: 14px; list-style-type: disc;'>\n<li style='margin-bottom: 5px;'>Compresi\u00f3n de video: H.265+ \/ H.265 \/ H.264+ \/ H.264<\/li>\n<li style='margin-bottom: 5px;'>Soporta mouse USB para operar (incluido)<\/li>\n<li style='margin-bottom: 5px;'>Soporta 16 HDD\u00b4s de hasta 16 TB (no incluidos)<\/li>\n<li style='margin-bottom: 5px;'>Soporta Hot Swap con arreglo RAID 0&comma;1&comma;5&comma;6&comma;10<\/li>\n<li style='margin-bottom: 5px;'>Soporta b\u00fasqueda de agenda en forma local o remota<\/li>\n<li style='margin-bottom: 5px;'>Soporta Hot Spare para nunca perder la grabaci\u00f3n (requiere otro NVR compatible)<\/li>\n<li style='margin-bottom: 5px;'>Soporta DDNS (Hik-Connect&comma; DynDNS&comma; No-IP&comma; etc)<\/li>\n<li style='margin-bottom: 5px;'>Soporta Hik-Connect (P2P) <a style='color: #df001e; text-decoration: none;' href='https:\/\/appstore.hikvision.com\/' target='_blank' rel='noopener'>https:\/\/appstore.hikvision.com\/<\/a><\/li>\n<li style='margin-bottom: 5px;'>Acceso remoto v\u00eda tel\u00e9fono: Android&comma; iPhone&comma; iPad (Hik-Connect)<\/li>\n<li style='margin-bottom: 5px;'>Software cliente IVMS-4200 (gratuito)<\/li>\n<li style='margin-bottom: 5px;'>Soporta m\u00faltiples marcas usando el protocolo ONVIF<\/li>\n<\/ul><\/div>\n<\/p><\/div>\n<p> <!-- Interfaces Entradas y Salidas --> <\/p>\n<div style='border: 1px solid rgba(150&comma;150&comma;150&comma;0.4); border-radius: 8px; overflow: hidden; margin-bottom: 20px;'>\n<div style='padding: 15px; background-color: #df001e; color: white; font-weight: bold; font-size: 18px; border-bottom: 1px solid rgba(150&comma;150&comma;150&comma;0.2);'>Interfaces Entradas y Salidas:<\/div>\n<div style='padding: 15px;'>\n<ul style='padding-left: 20px; margin: 0; font-size: 14px; list-style-type: disc;'>\n<li style='margin-bottom: 5px;'>Salida simult\u00e1nea HDMI 1 y VGA 1<\/li>\n<li style='margin-bottom: 5px;'>Salida simult\u00e1nea HDMI 2 y VGA 2<\/li>\n<li style='margin-bottom: 5px;'>Resoluci\u00f3n HDMI 1: 8K \/ 4K \/ 1080p \/ 720p<\/li>\n<li style='margin-bottom: 5px;'>Resoluci\u00f3n HDMI 2: 4K \/ 1080p \/ 720p<\/li>\n<li style='margin-bottom: 5px;'>Resoluci\u00f3n VGA 1: 1080p \/ 720p<\/li>\n<li style='margin-bottom: 5px;'>Resoluci\u00f3n VGA 2: 1080p \/ 720p<\/li>\n<li style='margin-bottom: 5px;'>Entrada de Audio: 1<\/li>\n<li style='margin-bottom: 5px;'>Salida de Audio: 2<\/li>\n<li style='margin-bottom: 5px;'>Entrada de Alarma: 16<\/li>\n<li style='margin-bottom: 5px;'>Salida de Alarma: 9<\/li>\n<li style='margin-bottom: 5px;'>Soporta audio bidireccional (audio de dos vias)<\/li>\n<\/ul><\/div>\n<\/p><\/div>\n<p> <!-- Capacidad de procesamiento y funciones de red --> <\/p>\n<div style='border: 1px solid rgba(150&comma;150&comma;150&comma;0.4); border-radius: 8px; overflow: hidden; margin-bottom: 20px;'>\n<div style='padding: 15px; background-color: #df001e; color: white; font-weight: bold; font-size: 18px; border-bottom: 1px solid rgba(150&comma;150&comma;150&comma;0.2);'>Capacidad de procesamiento y funciones de red:<\/div>\n<div style='padding: 15px;'>\n<ul style='padding-left: 20px; margin: 0; font-size: 14px; list-style-type: disc;'>\n<li style='margin-bottom: 5px;'>Throughput entrada: 400 Mbps<\/li>\n<li style='margin-bottom: 5px;'>Throughput salida: 400 Mbps<\/li>\n<li style='margin-bottom: 5px;'>2 Puertos red 10 \/ 100 \/ 1000 Mbps (LAN)<\/li>\n<li style='margin-bottom: 5px;'>Funciones de las tarjetas de red: balanceo de carga y multi-direcci\u00f3n<\/li>\n<li style='margin-bottom: 5px;'>Configuraci\u00f3n local y remota de par\u00e1metros<\/li>\n<li style='margin-bottom: 5px;'>Descarga y reproducci\u00f3n por red de los archivos grabados en la NVR<\/li>\n<li style='margin-bottom: 5px;'>Soporta la descarga de bit\u00e1cora de alarmas del NVR en forma remota<\/li>\n<\/ul><\/div>\n<\/p><\/div>\n<\/p><\/div>\n<p> <!-- Columna derecha --> <\/p>\n<div style='flex: 1 1 400px; min-width: 300px;'> <!-- Caracter\u00edsticas F\u00edsicas y El\u00e9ctricas --> <\/p>\n<div style='border: 1px solid rgba(150&comma;150&comma;150&comma;0.4); border-radius: 8px; overflow: hidden; margin-bottom: 20px;'>\n<div style='padding: 15px; background-color: #df001e; color: white; font-weight: bold; font-size: 18px; border-bottom: 1px solid rgba(150&comma;150&comma;150&comma;0.2);'>Caracter\u00edsticas F\u00edsicas y El\u00e9ctricas:<\/div>\n<div style='padding: 15px;'>\n<ul style='padding-left: 20px; margin: 0; font-size: 14px; list-style-type: disc;'>\n<li style='margin-bottom: 5px;'>Dimensiones: 445 \u00d7 496 \u00d7 150 mm (3 U Rack)<\/li>\n<li style='margin-bottom: 5px;'>Alimentaci\u00f3n: 100 a 240Vca \/ 50 W<\/li>\n<li style='margin-bottom: 5px;'>Temperatura de operaci\u00f3n: -10\u00b0C a 55\u00b0C<\/li>\n<li style='margin-bottom: 5px;'>Peso: 12.5 Kg sin HDD<\/li>\n<\/ul><\/div>\n<\/p><\/div>\n<p> <!-- Funci\u00f3n de Grabaci\u00f3n y Visualizaci\u00f3n --> <\/p>\n<div style='border: 1px solid rgba(150&comma;150&comma;150&comma;0.4); border-radius: 8px; overflow: hidden; margin-bottom: 20px;'>\n<div style='padding: 15px; background-color: #df001e; color: white; font-weight: bold; font-size: 18px; border-bottom: 1px solid rgba(150&comma;150&comma;150&comma;0.2);'>Funci\u00f3n de Grabaci\u00f3n y Visualizaci\u00f3n:<\/div>\n<div style='padding: 15px;'>\n<ul style='padding-left: 20px; margin: 0; font-size: 14px; list-style-type: disc;'>\n<li style='margin-bottom: 5px;'>Detecci\u00f3n de movimiento multizona<\/li>\n<li style='margin-bottom: 5px;'>Zoom digital en visualizaci\u00f3n y grabaci\u00f3n<\/li>\n<li style='margin-bottom: 5px;'>Dual stream (main stream y sub stream)<\/li>\n<li style='margin-bottom: 5px;'>Soporta avance r\u00e1pido&comma; lento&comma; cuadro a cuadro&comma; etc.<\/li>\n<li style='margin-bottom: 5px;'>Soporta tecnolog\u00eda de discos duros S.M.A.R.T.<\/li>\n<li style='margin-bottom: 5px;'>Soporta m\u00faltiples tipos de grabaci\u00f3n: tiempo real&comma; manual&comma; videosensor&comma; videosensor y alarma&comma; videosensor o alarma<\/li>\n<li style='margin-bottom: 5px;'>Soporta grabaci\u00f3n c\u00edclica (sobreescritura) y no c\u00edclica<\/li>\n<\/ul><\/div>\n<\/p><\/div>\n<p> <!-- Resoluci\u00f3n de Grabaci\u00f3n por Canal --> <\/p>\n<div style='border: 1px solid rgba(150&comma;150&comma;150&comma;0.4); border-radius: 8px; overflow: hidden; margin-bottom: 20px;'>\n<div style='padding: 15px; background-color: #df001e; color: white; font-weight: bold; font-size: 18px; border-bottom: 1px solid rgba(150&comma;150&comma;150&comma;0.2);'>Resoluci\u00f3n de Grabaci\u00f3n por Canal (recomendado con H.265):<\/div>\n<div style='padding: 15px;'>\n<ul style='padding-left: 20px; margin: 0; font-size: 14px; list-style-type: disc;'>\n<li style='margin-bottom: 5px;'>2 MP (1080P): 64 Canales &#8211; 30 IPS<\/li>\n<li style='margin-bottom: 5px;'>4 MP: 64 Canales &#8211; 30 IPS<\/li>\n<li style='margin-bottom: 5px;'>5 MP: 64 Canales &#8211; 30 IPS<\/li>\n<li style='margin-bottom: 5px;'>6 MP: 64 Canales &#8211; 30 IPS<\/li>\n<li style='margin-bottom: 5px;'>4K (8 MP): 64 Canales &#8211; 18 IPS<\/li>\n<li style='margin-bottom: 5px;'>8K (12 MP): 64 Canales &#8211; 16 IPS<\/li>\n<li style='margin-bottom: 5px;'>Reproducci\u00f3n s\u00edncrona en canales: 16 Canales<\/li>\n<\/ul><\/div>\n<\/p><\/div>\n<\/p><\/div>\n<\/p><\/div>\n<p> <!-- Secci\u00f3n de caracter\u00edsticas destacadas --> <\/p>\n<div style='border: 1px solid rgba(150&comma;150&comma;150&comma;0.4); border-radius: 8px; overflow: hidden; margin: 30px 0;'>\n<div style='padding: 15px; background-color: #df001e; color: white; font-weight: bold; font-size: 18px; border-bottom: 1px solid rgba(150&comma;150&comma;150&comma;0.2);'>Caracter\u00edsticas destacadas:<\/div>\n<div style='padding: 15px;'> <!-- ACUSENSE --> <\/p>\n<div style='margin-bottom: 20px;'>\n<h3 style='font-size: 18px; border-bottom: 2px solid currentColor; padding-bottom: 5px; margin-top: 0; color: inherit; opacity: 0.8;'>ACUSENSE (Filtro de Falsas Alarmas)<\/h3>\n<ul style='padding-left: 20px; font-size: 14px; color: inherit;'>\n<li style='margin-bottom: 5px;'>Evita falsas alarmas como movimiento de \u00e1rboles&comma; animales&comma; etc.<\/li>\n<li style='margin-bottom: 5px;'>Detecta cuerpo humano y veh\u00edculos para eventos importantes<\/li>\n<li style='margin-bottom: 5px;'>Soporta hasta 64 canales con ACUSENSE usando c\u00e1maras DS-2CD2XX7G2 \/ DS-2CD2XX3G2 \/ IDS-2CD7 \/ DS-2CD3XXG2 \/ DS-2CD3XX7G2<\/li>\n<li style='margin-bottom: 5px;'>Soporta hasta 64 canales con ACUSENSE Lite usando c\u00e1maras DS-2CD1XX3G2 y DS-2CD1XX3G7G2<\/li>\n<\/ul><\/div>\n<p> <!-- Soporta POS --> <\/p>\n<div style='margin-bottom: 20px;'>\n<h3 style='font-size: 18px; border-bottom: 2px solid currentColor; padding-bottom: 5px; margin-top: 0; color: inherit; opacity: 0.8;'>Soporta POS (Punto de Venta)<\/h3>\n<ul style='padding-left: 20px; font-size: 14px; color: inherit;'>\n<li style='margin-bottom: 5px;'>Soporta 32 canales con integraci\u00f3n POS<\/li>\n<li style='margin-bottom: 5px;'>Se recomienda sistema POS que soporte impresi\u00f3n f\u00edsica y digital<\/li>\n<\/ul><\/div>\n<p> <!-- Heat Map --> <\/p>\n<div style='margin-bottom: 20px;'>\n<h3 style='font-size: 18px; border-bottom: 2px solid currentColor; padding-bottom: 5px; margin-top: 0; color: inherit; opacity: 0.8;'>Heat Map (Mapa de Calor)<\/h3>\n<ul style='padding-left: 20px; font-size: 14px; color: inherit;'>\n<li style='margin-bottom: 5px;'>Usa c\u00e1maras fisheye o domos IP con anal\u00edtica de calor<\/li>\n<li style='margin-bottom: 5px;'>Permite an\u00e1lisis de movimiento seg\u00fan escenario por medio de pixeles (paleta de colores)<\/li>\n<\/ul><\/div>\n<p> <!-- People Counting --> <\/p>\n<div style='margin-bottom: 20px;'>\n<h3 style='font-size: 18px; border-bottom: 2px solid currentColor; padding-bottom: 5px; margin-top: 0; color: inherit; opacity: 0.8;'>People Counting (Conteo de Personas)<\/h3>\n<ul style='padding-left: 20px; font-size: 14px; color: inherit;'>\n<li style='margin-bottom: 5px;'>Usa c\u00e1maras IP con anal\u00edtica de conteo de personas<\/li>\n<li style='margin-bottom: 5px;'>Permite conteo de personas por captura facial<\/li>\n<li style='margin-bottom: 5px;'>Tipos de an\u00e1lisis: entrada&comma; salida y duplicados<\/li>\n<li style='margin-bottom: 5px;'>Permite excepciones para no contar ciertos rostros<\/li>\n<\/ul><\/div>\n<p> <!-- ANPR --> <\/p>\n<div style='margin-bottom: 20px;'>\n<h3 style='font-size: 18px; border-bottom: 2px solid currentColor; padding-bottom: 5px; margin-top: 0; color: inherit; opacity: 0.8;'>ANPR (Lectura de Placas)<\/h3>\n<ul style='padding-left: 20px; font-size: 14px; color: inherit;'>\n<li style='margin-bottom: 5px;'>Usa c\u00e1maras con anal\u00edtica de ANPR<\/li>\n<li style='margin-bottom: 5px;'>Permite lectura de placas con datos del veh\u00edculo (tipo&comma; color&comma; tama\u00f1o)<\/li>\n<\/ul><\/div>\n<p> <!-- Consideraciones --> <\/p>\n<div>\n<h3 style='font-size: 18px; border-bottom: 2px solid currentColor; padding-bottom: 5px; margin-top: 0; color: inherit; opacity: 0.8;'>Consideraciones<\/h3>\n<ul style='padding-left: 20px; font-size: 14px; color: inherit;'>\n<li style='margin-bottom: 5px;'>La serie DS-96XXNI-M permite visualizaci\u00f3n HDMI limitada&comma; funci\u00f3n principal es grabaci\u00f3n<\/li>\n<li style='margin-bottom: 5px;'>Para optimizar visualizaci\u00f3n usar software cliente (iVMS-4200&comma; interfaz web o Hik-Central) con workstation<\/li>\n<li style='margin-bottom: 5px;'>Para soportar RAID m\u00ednimo 3 discos duros de 4 TB<\/li>\n<\/ul><\/div>\n<\/p><\/div>\n<\/p><\/div>\n<p> <!-- Banner soluci\u00f3n completa --> <\/p>\n<p style='text-align: center; margin: 30px 0;'><img style='width: 100%; height: auto; border: 1px solid rgba(150&comma;150&comma;150&comma;0.3); border-radius: 8px;' src='https:\/\/ftp3.syscom.mx\/usuarios\/jsosa\/HIKVISION\/imagenes\/banners\/solution%20complete.png' alt='Soluci\u00f3n completa Hikvision'><\/p>\n<\/p><\/div>\n","protected":false},"excerpt":{"rendered":"<p>[Doble Poder de Decodificaci\u00f3n] NVR 32 Megapixel (8K) \/ 64 Canales IP \/ AcuSense \/ ANPR \/ Conteo de Personas \/ Heat Map \/ 16 Bah\u00edas de Disco Duro \/  Soporta RAID con Hot Swap \/ 2 HDMI en 8K \/ Soporta POS \/ Alarmas I\/O  \/ Smart Search<\/p>\n","protected":false},"featured_media":103594,"comment_status":"open","ping_status":"closed","template":"","meta":[],"product_brand":[],"product_cat":[2234],"product_tag":[122,54,2235],"class_list":{"0":"post-103595","1":"product","2":"type-product","3":"status-publish","4":"has-post-thumbnail","6":"product_cat-nvrs-network-video-recorders","7":"product_tag-camaras-ip-y-nvrs","8":"product_tag-hikvision","9":"product_tag-nvrs-network-video-recorders","11":"first","12":"instock","13":"sale","14":"shipping-taxable","15":"purchasable","16":"product-type-simple"},"_links":{"self":[{"href":"https:\/\/soydeaqui.ddns.net\/pachuca\/index.php\/wp-json\/wp\/v2\/product\/103595","targetHints":{"allow":["GET"]}}],"collection":[{"href":"https:\/\/soydeaqui.ddns.net\/pachuca\/index.php\/wp-json\/wp\/v2\/product"}],"about":[{"href":"https:\/\/soydeaqui.ddns.net\/pachuca\/index.php\/wp-json\/wp\/v2\/types\/product"}],"replies":[{"embeddable":true,"href":"https:\/\/soydeaqui.ddns.net\/pachuca\/index.php\/wp-json\/wp\/v2\/comments?post=103595"}],"wp:featuredmedia":[{"embeddable":true,"href":"https:\/\/soydeaqui.ddns.net\/pachuca\/index.php\/wp-json\/wp\/v2\/media\/103594"}],"wp:attachment":[{"href":"https:\/\/soydeaqui.ddns.net\/pachuca\/index.php\/wp-json\/wp\/v2\/media?parent=103595"}],"wp:term":[{"taxonomy":"product_brand","embeddable":true,"href":"https:\/\/soydeaqui.ddns.net\/pachuca\/index.php\/wp-json\/wp\/v2\/product_brand?post=103595"},{"taxonomy":"product_cat","embeddable":true,"href":"https:\/\/soydeaqui.ddns.net\/pachuca\/index.php\/wp-json\/wp\/v2\/product_cat?post=103595"},{"taxonomy":"product_tag","embeddable":true,"href":"https:\/\/soydeaqui.ddns.net\/pachuca\/index.php\/wp-json\/wp\/v2\/product_tag?post=103595"}],"curies":[{"name":"wp","href":"https:\/\/api.w.org\/{rel}","templated":true}]}}