{"id":103589,"date":"2026-03-20T13:51:05","date_gmt":"2026-03-20T13:51:05","guid":{"rendered":"https:\/\/soydeaqui.ddns.net\/pachuca\/index.php\/producto\/doble-poder-de-decodificacion-nvr-32-megapixel-8k-64-canales-ip-acusense-anpr-conteo-de-personas-heat-map-8-bahias-de-disco-duro-soporta-raid-con-hot-swap-2-hdmi-en-8k-soporta-p-2\/"},"modified":"2026-03-20T13:51:19","modified_gmt":"2026-03-20T13:51:19","slug":"doble-poder-de-decodificacion-nvr-32-megapixel-8k-64-canales-ip-acusense-anpr-conteo-de-personas-heat-map-8-bahias-de-disco-duro-soporta-raid-con-hot-swap-2-hdmi-en-8k-soporta-p-2","status":"publish","type":"product","link":"https:\/\/soydeaqui.ddns.net\/pachuca\/index.php\/producto\/doble-poder-de-decodificacion-nvr-32-megapixel-8k-64-canales-ip-acusense-anpr-conteo-de-personas-heat-map-8-bahias-de-disco-duro-soporta-raid-con-hot-swap-2-hdmi-en-8k-soporta-p-2\/","title":{"rendered":"[Doble Poder de Decodificaci\u00f3n] NVR 32 Megapixel (8K) \/ 64 Canales IP \/ AcuSense \/ ANPR \/ Conteo de Personas \/ Heat Map \/ 8 Bah\u00edas de Disco Duro  \/ Soporta RAID con Hot Swap \/ 2 HDMI en 8K \/ Soporta POS \/ Alarmas I\/O  \/ Smart Search"},"content":{"rendered":"<div style='width: 100%; max-width: 1200px; margin: 0 auto; font-family: sans-serif; line-height: 1.6; color: inherit; background-color: transparent;'> <!-- Banner inicial --> <\/p>\n<p style='text-align: center; margin: 0; padding: 15px 0;'><span style='font-family: verdana&comma; geneva&comma; sans-serif;'><img style='width: 45%; height: auto; border: 1px solid rgba(150&comma;150&comma;150&comma;0.3); border-radius: 8px;' src='https:\/\/ftp3.syscom.mx\/usuarios\/jsosa\/HIKVISION\/imagenes\/logo\/hikvision%20see%20far.png' alt='Banner Inicial Hikvision'><\/span><\/p>\n<p> <!-- Videos Secci\u00f3n 1 --> <\/p>\n<div style='display: flex; flex-wrap: wrap; gap: 30px; margin: 30px 0;'>\n<div style='flex: 1 1 500px; min-width: 300px;'>\n<h3 style='font-size: 20px; border-bottom: 2px solid currentColor; padding-bottom: 5px; margin-top: 0; color: inherit; opacity: 0.8; text-align: center;'>Smart Search + Acusense<\/h3>\n<div style='position: relative; padding-bottom: 56.25%; height: 0; overflow: hidden; margin-bottom: 30px;'>   <\/div>\n<\/p><\/div>\n<div style='flex: 1 1 500px; min-width: 300px;'>\n<h3 style='font-size: 20px; border-bottom: 2px solid currentColor; padding-bottom: 5px; margin-top: 0; color: inherit; opacity: 0.8; text-align: center;'>Enlace de audio y video para una respuesta instant\u00e1nea!<\/h3>\n<div style='position: relative; padding-bottom: 56.25%; height: 0; overflow: hidden; margin-bottom: 30px;'>   <\/div>\n<\/p><\/div>\n<\/p><\/div>\n<p> <!-- Secci\u00f3n de caracter\u00edsticas principales --> <\/p>\n<div style='display: flex; flex-wrap: wrap; gap: 20px; margin-bottom: 30px;'>\n<div style='flex: 1 1 500px; min-width: 280px;'>\n<div style='border: 1px solid rgba(150&comma; 150&comma; 150&comma; 0.4); border-radius: 8px; overflow: hidden; display: flex; flex-direction: column;'>\n<div style='padding: 15px; border-bottom: 1px solid rgba(150&comma; 150&comma; 150&comma; 0.2); font-weight: bold; font-size: 18px; color: inherit; background-color: #df001e; color: white;'> Caracter\u00edsticas Principales: <\/div>\n<div style='padding: 15px; color: inherit;'>\n<ul style='padding-left: 20px; margin: 0; font-size: 14px; list-style-type: disc;'>\n<li style='margin-bottom: 5px;'><span style='font-family: verdana&comma; geneva&comma; sans-serif;'>Compresi\u00f3n de video: H.265+ \/ H.265 \/ H.264+ \/ H.264.<\/span><\/li>\n<li style='margin-bottom: 5px;'><span style='font-family: verdana&comma; geneva&comma; sans-serif;'>Soporta mouse USB para operar (incluido).<\/span><\/li>\n<li style='margin-bottom: 5px;'><span style='font-family: verdana&comma; geneva&comma; sans-serif;'>Soporta 8 HDD\u00b4s de hasta 16 TB. (no incluidos).<\/span><\/li>\n<li style='margin-bottom: 5px;'><span style='font-family: verdana&comma; geneva&comma; sans-serif;'>Soporta Hot Swap con arreglo RAID 0&comma;1&comma;5&comma;6&comma;10.<\/span><\/li>\n<li style='margin-bottom: 5px;'><span style='font-family: verdana&comma; geneva&comma; sans-serif;'>Soporta b\u00fasqueda de agenda en forma local o remota.<\/span><\/li>\n<li style='margin-bottom: 5px;'><span style='font-family: verdana&comma; geneva&comma; sans-serif;'>Soporta DDNS (Hik-Connect&comma; DynDNS&comma; No-IP&comma; etc).<\/span><\/li>\n<li style='margin-bottom: 5px;'><span style='font-family: verdana&comma; geneva&comma; sans-serif;'>Soporta Hik-Connect (P2P) (<a style='color: inherit; text-decoration: none;' href='https:\/\/appstore.hikvision.com\/' target='_blank' rel='noopener'>https:\/\/appstore.hikvision.com\/<\/a>).<\/span><\/li>\n<li style='margin-bottom: 5px;'><span style='font-family: verdana&comma; geneva&comma; sans-serif;'>Acceso remoto v\u00eda tel\u00e9fono: Android&comma; iPhone&comma; iPad (Hik-Connect)<\/span><span style='font-family: verdana&comma; geneva&comma; sans-serif;'>.<\/span><\/li>\n<li style='margin-bottom: 5px;'><span style='font-family: verdana&comma; geneva&comma; sans-serif;'>Software cliente IVMS-4200 (gratuito).<\/span><\/li>\n<\/ul><\/div>\n<\/p><\/div>\n<\/p><\/div>\n<div style='flex: 1 1 500px; min-width: 280px;'>\n<div style='border: 1px solid rgba(150&comma; 150&comma; 150&comma; 0.4); border-radius: 8px; overflow: hidden; display: flex; flex-direction: column;'>\n<div style='padding: 15px; border-bottom: 1px solid rgba(150&comma; 150&comma; 150&comma; 0.2); font-weight: bold; font-size: 18px; color: inherit; background-color: #df001e; color: white;'> Interfaces Entradas y Salidas: <\/div>\n<div style='padding: 15px; color: inherit;'>\n<ul style='padding-left: 20px; margin: 0; font-size: 14px; list-style-type: disc;'>\n<li style='margin-bottom: 5px;'><strong><span style='font-family: verdana&comma; geneva&comma; sans-serif;'>Salida simult\u00e1nea HDMI 1 y VGA 1.<\/span><\/strong><\/li>\n<li style='margin-bottom: 5px;'><strong><span style='font-family: verdana&comma; geneva&comma; sans-serif;'>Salida simult\u00e1nea HDMI 2 y VGA 2.<\/span><\/strong><\/li>\n<li style='margin-bottom: 5px;'><span style='font-family: verdana&comma; geneva&comma; sans-serif;'>Resoluci\u00f3n HDMI 1: 8K \/ 4K \/ 1080p \/ 720p.<\/span><\/li>\n<li style='margin-bottom: 5px;'><span style='font-family: verdana&comma; geneva&comma; sans-serif;'>Resoluci\u00f3n HDMI 2: 4k \/ 1080p \/ 720p.<\/span><\/li>\n<li style='margin-bottom: 5px;'><span style='font-family: verdana&comma; geneva&comma; sans-serif;'>Resoluci\u00f3n VGA 1: 1080p \/ 720p.<\/span><\/li>\n<li style='margin-bottom: 5px;'><span style='font-family: verdana&comma; geneva&comma; sans-serif;'>Resoluci\u00f3n VGA 2: 1080p \/ 720p.<\/span><\/li>\n<li style='margin-bottom: 5px;'><span style='font-family: verdana&comma; geneva&comma; sans-serif;'>Entrada de Audio: 1.<\/span><\/li>\n<li style='margin-bottom: 5px;'><span style='font-family: verdana&comma; geneva&comma; sans-serif;'>Salida de Audio: 2.<\/span><\/li>\n<li style='margin-bottom: 5px;'><span style='font-family: verdana&comma; geneva&comma; sans-serif;'>Entrada de Alarma: 16.<\/span><\/li>\n<li style='margin-bottom: 5px;'><span style='font-family: verdana&comma; geneva&comma; sans-serif;'>Salida de Alarma: 9<\/span><\/li>\n<li style='margin-bottom: 5px;'><span style='font-family: verdana&comma; geneva&comma; sans-serif;'>Soporta audio bidireccional (audio de dos v\u00edas).<\/span><\/li>\n<\/ul><\/div>\n<\/p><\/div>\n<\/p><\/div>\n<\/p><\/div>\n<p> <!-- Secci\u00f3n de capacidad de procesamiento y f\u00edsicas --> <\/p>\n<div style='display: flex; flex-wrap: wrap; gap: 20px; margin-bottom: 30px;'>\n<div style='flex: 1 1 500px; min-width: 280px;'>\n<div style='border: 1px solid rgba(150&comma; 150&comma; 150&comma; 0.4); border-radius: 8px; overflow: hidden; display: flex; flex-direction: column;'>\n<div style='padding: 15px; border-bottom: 1px solid rgba(150&comma; 150&comma; 150&comma; 0.2); font-weight: bold; font-size: 18px; color: inherit; background-color: #df001e; color: white;'> Capacidad de procesamiento y funciones de red: <\/div>\n<div style='padding: 15px; color: inherit;'>\n<ul style='padding-left: 20px; margin: 0; font-size: 14px; list-style-type: disc;'>\n<li style='margin-bottom: 5px;'><span style='font-family: verdana&comma; geneva&comma; sans-serif;'>Throughput entrada: 400 Mbps.<\/span><\/li>\n<li style='margin-bottom: 5px;'><span style='font-family: verdana&comma; geneva&comma; sans-serif;'>Throughput salida: 400 Mbps..<\/span><\/li>\n<li style='margin-bottom: 5px;'><span style='font-family: verdana&comma; geneva&comma; sans-serif;'>2 Puertos red 10 \/ 100 \/ 1000 Mbps. (LAN)<\/span><\/li>\n<li style='margin-bottom: 5px;'><span style='font-family: verdana&comma; geneva&comma; sans-serif;'>Configuraci\u00f3n local y remota de par\u00e1metros.<\/span><\/li>\n<\/ul><\/div>\n<\/p><\/div>\n<\/p><\/div>\n<div style='flex: 1 1 500px; min-width: 280px;'>\n<div style='border: 1px solid rgba(150&comma; 150&comma; 150&comma; 0.4); border-radius: 8px; overflow: hidden; display: flex; flex-direction: column;'>\n<div style='padding: 15px; border-bottom: 1px solid rgba(150&comma; 150&comma; 150&comma; 0.2); font-weight: bold; font-size: 18px; color: inherit; background-color: #df001e; color: white;'> Caracter\u00edsticas F\u00edsicas y El\u00e9ctricas: <\/div>\n<div style='padding: 15px; color: inherit;'>\n<ul style='padding-left: 20px; margin: 0; font-size: 14px; list-style-type: disc;'>\n<li style='margin-bottom: 5px;'><span style='font-family: verdana&comma; geneva&comma; sans-serif;'>Dimensiones: 445 \u00d7 465 \u00d7 93 mm (2 U Rack).<\/span><\/li>\n<li style='margin-bottom: 5px;'><span style='font-family: verdana&comma; geneva&comma; sans-serif;'>Alimentaci\u00f3n: 100 a 240Vca \/ 50 W.<\/span><\/li>\n<li style='margin-bottom: 5px;'><span style='font-family: verdana&comma; geneva&comma; sans-serif;'>Temperatura de operaci\u00f3n: -10\u00b0C a 55\u00b0C.<\/span><\/li>\n<li style='margin-bottom: 5px;'><span style='font-family: verdana&comma; geneva&comma; sans-serif;'>Peso: 10 Kg sin HDD.<\/span><\/li>\n<\/ul><\/div>\n<\/p><\/div>\n<\/p><\/div>\n<\/p><\/div>\n<p> <!-- Secci\u00f3n de funciones avanzadas --> <\/p>\n<div style='display: flex; flex-wrap: wrap; gap: 20px; margin-bottom: 30px;'>\n<div style='flex: 1 1 500px; min-width: 280px;'>\n<div style='border: 1px solid rgba(150&comma; 150&comma; 150&comma; 0.4); border-radius: 8px; overflow: hidden; display: flex; flex-direction: column;'>\n<div style='padding: 15px; border-bottom: 1px solid rgba(150&comma; 150&comma; 150&comma; 0.2); font-weight: bold; font-size: 18px; color: inherit; background-color: #df001e; color: white;'> Funci\u00f3n de Grabaci\u00f3n y Visualizaci\u00f3n: <\/div>\n<div style='padding: 15px; color: inherit;'>\n<ul style='padding-left: 20px; margin: 0; font-size: 14px; list-style-type: disc;'>\n<li style='margin-bottom: 5px;'><span style='font-family: verdana&comma; geneva&comma; sans-serif;'>Detecci\u00f3n de movimiento multizona.<\/span><\/li>\n<li style='margin-bottom: 5px;'><span style='font-family: verdana&comma; geneva&comma; sans-serif;'>Zoom digital en visualizaci\u00f3n y grabaci\u00f3n.<\/span><\/li>\n<li style='margin-bottom: 5px;'><span style='font-family: verdana&comma; geneva&comma; sans-serif;'>Dual stream (main stream y sub stream).<\/span><\/li>\n<li style='margin-bottom: 5px;'><span style='font-family: verdana&comma; geneva&comma; sans-serif;'>Soporta avance r\u00e1pido&comma; lento&comma; cuadro a cuadro&comma; etc.<\/span><\/li>\n<li style='margin-bottom: 5px;'><span style='font-family: verdana&comma; geneva&comma; sans-serif;'>Soporta tecnolog\u00eda de discos duros S.M.A.R.T.<\/span><\/li>\n<li style='margin-bottom: 5px;'><span style='font-family: verdana&comma; geneva&comma; sans-serif;'>Soporta m\u00faltiples tipos de grabaci\u00f3n&comma; incluyendo tiempo real&comma; grabaci\u00f3n manual&comma; videosensor&comma; videosensor y alarma&comma; videosensor o alarma.<\/span><\/li>\n<li style='margin-bottom: 5px;'><span style='font-family: verdana&comma; geneva&comma; sans-serif;'>Soporta grabaci\u00f3n c\u00edclica (sobreescritura) y no c\u00edclica.<\/span><\/li>\n<\/ul><\/div>\n<\/p><\/div>\n<\/p><\/div>\n<div style='flex: 1 1 500px; min-width: 280px;'>\n<div style='border: 1px solid rgba(150&comma; 150&comma; 150&comma; 0.4); border-radius: 8px; overflow: hidden; display: flex; flex-direction: column;'>\n<div style='padding: 15px; border-bottom: 1px solid rgba(150&comma; 150&comma; 150&comma; 0.2); font-weight: bold; font-size: 18px; color: inherit; background-color: #df001e; color: white;'> Resoluci\u00f3n de Grabaci\u00f3n por Canal (recomendado con H.265): <\/div>\n<div style='padding: 15px; color: inherit;'>\n<ul style='padding-left: 20px; margin: 0; font-size: 14px; list-style-type: disc;'>\n<li style='margin-bottom: 5px;'><span style='font-family: verdana&comma; geneva&comma; sans-serif;'>2 MP (1080P): 64 Canales &#8211; 30 IPS.<\/span><\/li>\n<li style='margin-bottom: 5px;'><span style='font-family: verdana&comma; geneva&comma; sans-serif;'>4 MP: 64 Canales &#8211; 30 IPS.<\/span><\/li>\n<li style='margin-bottom: 5px;'><span style='font-family: verdana&comma; geneva&comma; sans-serif;'>5 MP: 64 Canales &#8211; 30 IPS.<\/span><\/li>\n<li style='margin-bottom: 5px;'><span style='font-family: verdana&comma; geneva&comma; sans-serif;'>6 MP: 64 Canales &#8211; 30 IPS.<\/span><\/li>\n<li style='margin-bottom: 5px;'><span style='font-family: verdana&comma; geneva&comma; sans-serif;'>4K (8 MP): 64 Canales &#8211; 18 IPS.<\/span><\/li>\n<li style='margin-bottom: 5px;'><span style='font-family: verdana&comma; geneva&comma; sans-serif;'>8K (12 MP): 64 Canales &#8211; 16 IPS.<\/span><\/li>\n<li style='margin-bottom: 5px;'><span style='font-family: verdana&comma; geneva&comma; sans-serif;'>Reproducci\u00f3n s\u00edncrona en canales: 16 Canales.<\/span><\/li>\n<\/ul><\/div>\n<\/p><\/div>\n<\/p><\/div>\n<\/p><\/div>\n<p> <!-- Secci\u00f3n de caracter\u00edsticas destacadas --> <\/p>\n<div style='border: 1px solid rgba(150&comma; 150&comma; 150&comma; 0.4); border-radius: 8px; overflow: hidden; margin-bottom: 30px;'>\n<div style='padding: 15px; border-bottom: 1px solid rgba(150&comma; 150&comma; 150&comma; 0.2); font-weight: bold; font-size: 18px; color: inherit; background-color: #df001e; color: white;'> Caracter\u00edsticas destacadas: <\/div>\n<div style='padding: 15px; color: inherit;'>\n<h4 style='margin-top: 0; margin-bottom: 10px; font-size: 16px; font-weight: bold; color: inherit;'><span style='font-family: verdana&comma; geneva&comma; sans-serif;'>ACUSENSE (Filtro de Falsas Alarmas):<\/span><\/h4>\n<ul style='padding-left: 20px; margin: 0 0 20px 20px; font-size: 14px; list-style-type: disc;'>\n<li style='margin-bottom: 5px;'><span style='font-family: verdana&comma; geneva&comma; sans-serif;'>Con tecnolog\u00eda ACUSENSE podemos evitar falsas alarmas como movimiento de \u00e1rboles&comma; animales&comma; etc.<\/span><\/li>\n<li style='margin-bottom: 5px;'><span style='font-family: verdana&comma; geneva&comma; sans-serif;'>Al activar la tecnolog\u00eda ACUSENSE s\u00f3lo detecta cuerpo humano y veh\u00edculos para detectar realmente eventos importantes y as\u00ed eliminar falsas alarmas.<\/span><\/li>\n<li style='margin-bottom: 5px;'><span style='font-family: verdana&comma; geneva&comma; sans-serif;'>Soporta hasta 64 canales con ACUSENSE utilizando c\u00e1maras: DS-2CD2XX7G2 \/ DS-2CD2XX3G2 \/ IDS-2CD7 \/ DS-2CD3XXG2 \/ DS-2CD3XX7G2 (que soporte ACUSENSE).<\/span><\/li>\n<li style='margin-bottom: 5px;'><span style='font-family: verdana&comma; geneva&comma; sans-serif;'>Soporta hasta 64 canales con la tecnolog\u00eda ACUSENSE Lite (humano y veh\u00edculo pero con detecci\u00f3n de movimiento&comma; no anal\u00edticos) usando c\u00e1maras DS-2CD1XX3G2 y DS-2CD1XX3G7G2 (que soporte ACUSENSE Lite).<\/span><\/li>\n<\/ul>\n<h4 style='margin-top: 0; margin-bottom: 10px; font-size: 16px; font-weight: bold; color: inherit;'><span style='font-family: verdana&comma; geneva&comma; sans-serif;'>Soporta POS (Punto de Venta):<\/span><\/h4>\n<ul style='padding-left: 20px; margin: 0 0 20px 20px; font-size: 14px; list-style-type: disc;'>\n<li style='margin-bottom: 5px;'><span style='font-family: verdana&comma; geneva&comma; sans-serif;'>Soporta 32 canales con la integraci\u00f3n POS. El sistema de POS a integrar se recomienda que soporte dos impresiones&comma; una f\u00edsica (ticket de la compra) y una digital (para mandar el texto al NVR).<\/span><\/li>\n<\/ul>\n<h4 style='margin-top: 0; margin-bottom: 10px; font-size: 16px; font-weight: bold; color: inherit;'><span style='font-family: verdana&comma; geneva&comma; sans-serif;'>Heat Map (Mapa de Calor):<\/span><\/h4>\n<ul style='padding-left: 20px; margin: 0 0 20px 20px; font-size: 14px; list-style-type: disc;'>\n<li style='margin-bottom: 5px;'><span style='font-family: verdana&comma; geneva&comma; sans-serif;'>Usando c\u00e1maras fisheye o domos IP que soporten la anal\u00edtica de calor para poder realizar an\u00e1lisis del movimiento seg\u00fan el escenario por medio de pixeles (paleta de colores)&comma; eso nos permite tomar una decisi\u00f3n de los movimientos m\u00e1s frecuentes seg\u00fan el escenario.<\/span><\/li>\n<\/ul>\n<h4 style='margin-top: 0; margin-bottom: 10px; font-size: 16px; font-weight: bold; color: inherit;'><span style='font-family: verdana&comma; geneva&comma; sans-serif;'>People Counting (Conteo de Personas):<\/span><\/h4>\n<ul style='padding-left: 20px; margin: 0 0 20px 20px; font-size: 14px; list-style-type: disc;'>\n<li style='margin-bottom: 5px;'><span style='font-family: verdana&comma; geneva&comma; sans-serif;'>Usando c\u00e1maras IP con anal\u00edtica de conteo de personas (base de datos) podemos realizar un conteo de personas por medio de la captura facial&comma; esto hace que nos permita tener una efectividad mayor para evitar posibles duplicaciones. Podemos tener diferentes tipos de an\u00e1lisis como entrada&comma; salida y duplicados (varias veces entran y salen). Podemos tener excepciones de rostros que no cuenten por ser miembros o personas dentro del mismo local.<\/span><\/li>\n<\/ul>\n<h4 style='margin-top: 0; margin-bottom: 10px; font-size: 16px; font-weight: bold; color: inherit;'><span style='font-family: verdana&comma; geneva&comma; sans-serif;'>ANPR (Lectura de Placas):<\/span><\/h4>\n<ul style='padding-left: 20px; margin: 0 0 20px 20px; font-size: 14px; list-style-type: disc;'>\n<li style='margin-bottom: 5px;'><span style='font-family: verdana&comma; geneva&comma; sans-serif;'>Usando c\u00e1maras con anal\u00edtica de ANPR podemos tener lectura de placas (base de datos) y podemos tener tambien diferentes caracter\u00edsticas del autom\u00f3vil como tipo del veh\u00edculo&comma; color&comma; tama\u00f1o&comma; etc&#8230;<\/span><\/li>\n<\/ul>\n<h4 style='margin-top: 0; margin-bottom: 10px; font-size: 16px; font-weight: bold; color: inherit;'><span style='font-family: verdana&comma; geneva&comma; sans-serif;'>Consideraciones:<\/span><\/h4>\n<ul style='padding-left: 20px; margin: 0 0 0 20px; font-size: 14px; list-style-type: disc;'>\n<li style='margin-bottom: 5px;'><span style='font-family: verdana&comma; geneva&comma; sans-serif;'>La serie de grabadores DS-96XXNI-M permite visualizar directo al HDMI cierto n\u00famero de c\u00e1maras simult\u00e1neas hacia el monitor&comma; el NVR su funci\u00f3n principal est\u00e1 en la grabaci\u00f3n por lo que no podr\u00e1 ver todas las c\u00e1maras en la salida HDMI.<\/span><\/li>\n<li style='margin-bottom: 5px;'><span style='font-family: verdana&comma; geneva&comma; sans-serif;'>Para poder optimizar la visualizaci\u00f3n se recomienda usar un software cliente (iVMS-4200&comma; interfaz web o Hik-Central)&comma; por lo que es necesario workstation para su correcto funcionamiento&comma; cualquier duda favor de comunicarse al departamento de ingenier\u00eda seguridad.<\/span><\/li>\n<li style='margin-bottom: 5px;'><span style='font-family: verdana&comma; geneva&comma; sans-serif;'>Para soportar arreglo RAID es necesario manejar como m\u00ednimo discos duros de 4 TB y por lo menos 3 unidades.<\/span><\/li>\n<\/ul><\/div>\n<\/p><\/div>\n<p> <!-- Videos Secci\u00f3n 2 --> <\/p>\n<div style='display: flex; flex-wrap: wrap; gap: 30px; margin: 30px 0;'>\n<div style='flex: 1 1 500px; min-width: 300px;'>\n<h3 style='font-size: 20px; border-bottom: 2px solid currentColor; padding-bottom: 5px; margin-top: 0; color: inherit; opacity: 0.8; text-align: center;'>Gesti\u00f3n de entradas y salidas<\/h3>\n<div style='position: relative; padding-bottom: 56.25%; height: 0; overflow: hidden; margin-bottom: 30px;'>   <\/div>\n<\/p><\/div>\n<div style='flex: 1 1 500px; min-width: 300px;'>\n<h3 style='font-size: 20px; border-bottom: 2px solid currentColor; padding-bottom: 5px; margin-top: 0; color: inherit; opacity: 0.8; text-align: center;'>Configuraci\u00f3n de eventos<\/h3>\n<div style='position: relative; padding-bottom: 56.25%; height: 0; overflow: hidden; margin-bottom: 30px;'>   <\/div>\n<\/p><\/div>\n<\/p><\/div>\n<p> <!-- Banner final --> <\/p>\n<p style='margin: 30px 0 0 0; padding: 0; text-align: center;'><span style='font-family: verdana&comma; geneva&comma; sans-serif;'><img style='width: 100%; height: auto; border: 1px solid rgba(150&comma;150&comma;150&comma;0.3); border-radius: 8px;' src='https:\/\/ftp3.syscom.mx\/usuarios\/jsosa\/HIKVISION\/imagenes\/banners\/solution%20complete.png' alt='Banner Final Hikvision'><\/span><\/p>\n<\/p><\/div>\n","protected":false},"excerpt":{"rendered":"<p>[Doble Poder de Decodificaci\u00f3n] NVR 32 Megapixel (8K) \/ 64 Canales IP \/ AcuSense \/ ANPR \/ Conteo de Personas \/ Heat Map \/ 8 Bah\u00edas de Disco Duro  \/ Soporta RAID con Hot Swap \/ 2 HDMI en 8K \/ Soporta POS \/ Alarmas I\/O  \/ Smart Search<\/p>\n","protected":false},"featured_media":103588,"comment_status":"open","ping_status":"closed","template":"","meta":[],"product_brand":[],"product_cat":[2234],"product_tag":[122,54,2235],"class_list":{"0":"post-103589","1":"product","2":"type-product","3":"status-publish","4":"has-post-thumbnail","6":"product_cat-nvrs-network-video-recorders","7":"product_tag-camaras-ip-y-nvrs","8":"product_tag-hikvision","9":"product_tag-nvrs-network-video-recorders","11":"first","12":"outofstock","13":"sale","14":"shipping-taxable","15":"purchasable","16":"product-type-simple"},"_links":{"self":[{"href":"https:\/\/soydeaqui.ddns.net\/pachuca\/index.php\/wp-json\/wp\/v2\/product\/103589","targetHints":{"allow":["GET"]}}],"collection":[{"href":"https:\/\/soydeaqui.ddns.net\/pachuca\/index.php\/wp-json\/wp\/v2\/product"}],"about":[{"href":"https:\/\/soydeaqui.ddns.net\/pachuca\/index.php\/wp-json\/wp\/v2\/types\/product"}],"replies":[{"embeddable":true,"href":"https:\/\/soydeaqui.ddns.net\/pachuca\/index.php\/wp-json\/wp\/v2\/comments?post=103589"}],"wp:featuredmedia":[{"embeddable":true,"href":"https:\/\/soydeaqui.ddns.net\/pachuca\/index.php\/wp-json\/wp\/v2\/media\/103588"}],"wp:attachment":[{"href":"https:\/\/soydeaqui.ddns.net\/pachuca\/index.php\/wp-json\/wp\/v2\/media?parent=103589"}],"wp:term":[{"taxonomy":"product_brand","embeddable":true,"href":"https:\/\/soydeaqui.ddns.net\/pachuca\/index.php\/wp-json\/wp\/v2\/product_brand?post=103589"},{"taxonomy":"product_cat","embeddable":true,"href":"https:\/\/soydeaqui.ddns.net\/pachuca\/index.php\/wp-json\/wp\/v2\/product_cat?post=103589"},{"taxonomy":"product_tag","embeddable":true,"href":"https:\/\/soydeaqui.ddns.net\/pachuca\/index.php\/wp-json\/wp\/v2\/product_tag?post=103589"}],"curies":[{"name":"wp","href":"https:\/\/api.w.org\/{rel}","templated":true}]}}