{"id":103587,"date":"2026-03-20T13:50:59","date_gmt":"2026-03-20T13:50:59","guid":{"rendered":"https:\/\/soydeaqui.ddns.net\/pachuca\/index.php\/producto\/bala-ip-2-megapixel-anti-explosion-lente-4-mm-30-mts-ir-wdr-120-db-ip68-ik08-onvif-poe-ultra-baja-iluminacion\/"},"modified":"2026-03-20T13:51:01","modified_gmt":"2026-03-20T13:51:01","slug":"bala-ip-2-megapixel-anti-explosion-lente-4-mm-30-mts-ir-wdr-120-db-ip68-ik08-onvif-poe-ultra-baja-iluminacion","status":"publish","type":"product","link":"https:\/\/soydeaqui.ddns.net\/pachuca\/index.php\/producto\/bala-ip-2-megapixel-anti-explosion-lente-4-mm-30-mts-ir-wdr-120-db-ip68-ik08-onvif-poe-ultra-baja-iluminacion\/","title":{"rendered":"Bala IP 2 Megapixel \/ Anti-Explosi\u00f3n \/ Lente 4 mm \/ 30 mts IR \/ WDR 120 dB \/ IP68 \/ IK08 \/ Onvif \/ PoE \/ Ultra Baja Iluminaci\u00f3n"},"content":{"rendered":"<div style='width: 100%; max-width: 1200px; margin: 0 auto; font-family: sans-serif; line-height: 1.6; color: inherit; background-color: transparent;'>\n<p style='text-align: center;'><img style='width: 100%; max-width: 400px; height: auto; border: 1px solid rgba(150&comma;150&comma;150&comma;0.3); border-radius: 8px;' src='https:\/\/ftp3.syscom.mx\/usuarios\/jsosa\/HIKVISION\/imagenes\/logo\/hikvision%20see%20far.png' alt='Logo Hikvision'><\/p>\n<div style='display: flex; flex-wrap: wrap; gap: 30px; margin-top: 30px;'>\n<div style='flex: 1 1 300px; min-width: 280px;'>\n<h3 style='font-size: 22px; border-bottom: 2px solid currentColor; padding-bottom: 5px; margin-top: 0; color: inherit; opacity: 0.8;'>Caracter\u00edsticas principales<\/h3>\n<ul style='padding-left: 20px; font-size: 15px; color: inherit;'>\n<li style='margin-bottom: 5px;'>Sensor de imagen: 1\/3&#8242; CMOS Scan Progresivo.<\/li>\n<li style='margin-bottom: 5px;'>Iluminaci\u00f3n m\u00ednima: 0.009 Lux @ (F1.6&comma;AGC ON).<\/li>\n<li style='margin-bottom: 5px;'>Velocidad de Shutter: 1\/3 s to 1\/100&comma;000 s.<\/li>\n<li style='margin-bottom: 5px;'>Lente fijo: 4mm&comma; \u00e1ngulo de visi\u00f3n 82.6\u00b0.<\/li>\n<li style='margin-bottom: 5px;'>Soporta WDR real 120dB&comma; 3D-DNR.<\/li>\n<\/ul><\/div>\n<div style='flex: 1 1 300px; min-width: 280px;'>\n<h3 style='font-size: 22px; border-bottom: 2px solid currentColor; padding-bottom: 5px; margin-top: 0; color: inherit; opacity: 0.8;'>Caracter\u00edsticas F\u00edsicas y El\u00e9ctricas<\/h3>\n<ul style='padding-left: 20px; font-size: 15px; color: inherit;'>\n<li style='margin-bottom: 5px;'>Temperatura de operaci\u00f3n: -30\u00b0C a 60\u00b0C&comma; Humedad 95%.<\/li>\n<li style='margin-bottom: 5px;'>Alimentaci\u00f3n: 24 Vcc \/ PoE (802.3af).<\/li>\n<li style='margin-bottom: 5px;'>Consumo m\u00e1ximo: 7.5 W.<\/li>\n<li style='margin-bottom: 5px;'>Distancia de IR: 30 metros<\/li>\n<li style='margin-bottom: 5px;'>Protecci\u00f3n IK08 \/ IP68<\/li>\n<li style='margin-bottom: 5px;'>Gabinete antiexplosi\u00f3n.<\/li>\n<li style='margin-bottom: 5px;'>Dimensiones: 173.5 x 137.8 x 137.8 mm.<\/li>\n<li style='margin-bottom: 5px;'>Peso: 2.14 kg.<\/li>\n<\/ul><\/div>\n<div style='flex: 1 1 300px; min-width: 280px;'>\n<h3 style='font-size: 22px; border-bottom: 2px solid currentColor; padding-bottom: 5px; margin-top: 0; color: inherit; opacity: 0.8;'>Compresi\u00f3n de video e Imagen<\/h3>\n<ul style='padding-left: 20px; font-size: 15px; color: inherit;'>\n<li style='margin-bottom: 5px;'>Soporta H.265+ \/ H.265 \/ H.264+ \/ H.264.<\/li>\n<li style='margin-bottom: 5px;'>Resoluci\u00f3n m\u00e1xima: 2 Megapixel (1920 x 1080).<\/li>\n<li style='margin-bottom: 5px;'>Main Stream: 60Hz: 30fps (1920 x 1080 \/ 1280 x 960 \/ 1280 x 720).<\/li>\n<li style='margin-bottom: 5px;'>Sub Stream: 60Hz: 30fps (704 x 480 \/ 640 x 480 \/ 352 x 240 \/ 320 x 240).<\/li>\n<li style='margin-bottom: 5px;'>Tercer Stream: 30fps (1920 x 1080 \/ 1280 x 960 \/ 1280 x 720 \/ 704 x 480 \/ 640 x 480 \/ 352 x 240 \/ 320 x 240).<\/li>\n<\/ul><\/div>\n<\/p><\/div>\n<div style='display: flex; flex-wrap: wrap; gap: 30px; margin-top: 30px;'>\n<div style='flex: 1 1 300px; min-width: 280px;'>\n<h3 style='font-size: 22px; border-bottom: 2px solid currentColor; padding-bottom: 5px; margin-top: 0; color: inherit; opacity: 0.8;'>Interfaces y Red<\/h3>\n<ul style='padding-left: 20px; font-size: 15px; color: inherit;'>\n<li style='margin-bottom: 5px;'>Soporta ONVIF (PROFILE S&comma; PROFILE G) \/ ISAPI \/ SDK<\/li>\n<li style='margin-bottom: 5px;'>1 Puerto RJ45 (10 \/ 100 Mbps).<\/li>\n<li style='margin-bottom: 5px;'>1 entrada de alarma.<\/li>\n<li style='margin-bottom: 5px;'>1 salida de alarma.<\/li>\n<li style='margin-bottom: 5px;'>1 Entrada de audio.<\/li>\n<li style='margin-bottom: 5px;'>1 Salida de audio.<\/li>\n<\/ul><\/div>\n<div style='flex: 1 1 300px; min-width: 280px;'>\n<h3 style='font-size: 22px; border-bottom: 2px solid currentColor; padding-bottom: 5px; margin-top: 0; color: inherit; opacity: 0.8;'>V\u00eddeo an\u00e1lisis avanzados<\/h3>\n<ul style='padding-left: 20px; font-size: 15px; color: inherit;'>\n<li style='margin-bottom: 5px;'>Cruce de l\u00ednea.<\/li>\n<li style='margin-bottom: 5px;'>Intrusi\u00f3n de \u00e1rea.<\/li>\n<li style='margin-bottom: 5px;'>Entrada \/ Salida de regi\u00f3n.<\/li>\n<li style='margin-bottom: 5px;'>Objeto removido<\/li>\n<li style='margin-bottom: 5px;'>Objeto olvidado<\/li>\n<li style='margin-bottom: 5px;'>Detecci\u00f3n de rostro.<\/li>\n<li style='margin-bottom: 5px;'>Cambio de escena.<\/li>\n<\/ul><\/div>\n<\/p><\/div>\n<hr style='border: 0; border-top: 1px solid rgba(150&comma; 150&comma; 150&comma; 0.3); margin: 30px 0;'>\n<p style='text-align: center;'><img style='width: 100%; max-width: 1200px; height: auto; border: 1px solid rgba(150&comma;150&comma;150&comma;0.3); border-radius: 8px;' src='https:\/\/ftp3.syscom.mx\/usuarios\/jsosa\/HIKVISION\/imagenes\/banners\/solution%20complete.png' alt='Soluci\u00f3n completa Hikvision'><\/p>\n<\/p><\/div>\n","protected":false},"excerpt":{"rendered":"<p>Bala IP 2 Megapixel \/ Anti-Explosi\u00f3n \/ Lente 4 mm \/ 30 mts IR \/ WDR 120 dB \/ IP68 \/ IK08 \/ Onvif \/ PoE \/ Ultra Baja Iluminaci\u00f3n<\/p>\n","protected":false},"featured_media":103586,"comment_status":"open","ping_status":"closed","template":"","meta":[],"product_brand":[],"product_cat":[2258],"product_tag":[2259,122,54],"class_list":{"0":"post-103587","1":"product","2":"type-product","3":"status-publish","4":"has-post-thumbnail","6":"product_cat-antiexplosion","7":"product_tag-antiexplosion","8":"product_tag-camaras-ip-y-nvrs","9":"product_tag-hikvision","11":"first","12":"outofstock","13":"sale","14":"shipping-taxable","15":"purchasable","16":"product-type-simple"},"_links":{"self":[{"href":"https:\/\/soydeaqui.ddns.net\/pachuca\/index.php\/wp-json\/wp\/v2\/product\/103587","targetHints":{"allow":["GET"]}}],"collection":[{"href":"https:\/\/soydeaqui.ddns.net\/pachuca\/index.php\/wp-json\/wp\/v2\/product"}],"about":[{"href":"https:\/\/soydeaqui.ddns.net\/pachuca\/index.php\/wp-json\/wp\/v2\/types\/product"}],"replies":[{"embeddable":true,"href":"https:\/\/soydeaqui.ddns.net\/pachuca\/index.php\/wp-json\/wp\/v2\/comments?post=103587"}],"wp:featuredmedia":[{"embeddable":true,"href":"https:\/\/soydeaqui.ddns.net\/pachuca\/index.php\/wp-json\/wp\/v2\/media\/103586"}],"wp:attachment":[{"href":"https:\/\/soydeaqui.ddns.net\/pachuca\/index.php\/wp-json\/wp\/v2\/media?parent=103587"}],"wp:term":[{"taxonomy":"product_brand","embeddable":true,"href":"https:\/\/soydeaqui.ddns.net\/pachuca\/index.php\/wp-json\/wp\/v2\/product_brand?post=103587"},{"taxonomy":"product_cat","embeddable":true,"href":"https:\/\/soydeaqui.ddns.net\/pachuca\/index.php\/wp-json\/wp\/v2\/product_cat?post=103587"},{"taxonomy":"product_tag","embeddable":true,"href":"https:\/\/soydeaqui.ddns.net\/pachuca\/index.php\/wp-json\/wp\/v2\/product_tag?post=103587"}],"curies":[{"name":"wp","href":"https:\/\/api.w.org\/{rel}","templated":true}]}}