{"id":103553,"date":"2026-03-20T13:49:15","date_gmt":"2026-03-20T13:49:15","guid":{"rendered":"https:\/\/soydeaqui.ddns.net\/pachuca\/index.php\/producto\/monitor-ip-lite-touch-7-para-videoportero-ip-video-en-vivo-poe-estandar-apertura-remota-llamada-entre-monitores-audio-de-dos-vias\/"},"modified":"2026-03-20T13:49:33","modified_gmt":"2026-03-20T13:49:33","slug":"monitor-ip-lite-touch-7-para-videoportero-ip-video-en-vivo-poe-estandar-apertura-remota-llamada-entre-monitores-audio-de-dos-vias","status":"publish","type":"product","link":"https:\/\/soydeaqui.ddns.net\/pachuca\/index.php\/producto\/monitor-ip-lite-touch-7-para-videoportero-ip-video-en-vivo-poe-estandar-apertura-remota-llamada-entre-monitores-audio-de-dos-vias\/","title":{"rendered":"Monitor IP Lite TOUCH 7&#8243; para Videoportero IP \/ V\u00eddeo en Vivo \/ PoE Est\u00e1ndar \/ Apertura Remota \/ Llamada Entre Monitores \/ Audio de dos v\u00edas"},"content":{"rendered":"<div style='width: 100%; max-width: 1200px; margin: 0 auto; font-family: sans-serif; line-height: 1.6; color: inherit; background-color: transparent;'> <!-- Banner principal --> <\/p>\n<div style='width: 100%; margin-bottom: 30px; text-align: center;'> <a href='http:\/\/soporte.syscom.mx\/control-de-acceso#hikvision' target='_blank' rel='noopener' style='display: inline-block; width: 100%; max-width: 1200px;'> <img style='width: 100%; height: auto; border: 1px solid rgba(150&comma;150&comma;150&comma;0.3); border-radius: 8px;' src='https:\/\/ftp3.syscom.mx\/usuarios\/ftp\/web_img\/web_banners\/videoporteros.jpg' alt='Videoporteros Hikvision'> <\/a> <\/div>\n<p> <!-- Videos Section --> <\/p>\n<div style='display: flex; flex-wrap: wrap; gap: 20px; margin-bottom: 30px;'>\n<div style='flex: 1 1 300px; min-width: 280px; position: relative; padding-bottom: 56.25%; height: 0; overflow: hidden;'>   <\/div>\n<div style='flex: 1 1 300px; min-width: 280px; position: relative; padding-bottom: 56.25%; height: 0; overflow: hidden;'>   <\/div>\n<div style='flex: 1 1 300px; min-width: 280px; position: relative; padding-bottom: 56.25%; height: 0; overflow: hidden;'>   <\/div>\n<\/p><\/div>\n<p> <!-- Caracter\u00edsticas en 3 columnas --> <\/p>\n<div style='display: flex; flex-wrap: wrap; gap: 30px; margin-bottom: 30px;'> <!-- Columna 1 --> <\/p>\n<div style='flex: 1 1 300px; min-width: 280px; display: flex; flex-direction: column;'>\n<div style='padding: 15px; border-bottom: 2px solid rgba(255&comma; 0&comma; 0&comma; 0.8); font-weight: bold; font-size: 18px; color: inherit; background-color: rgba(255&comma; 0&comma; 0&comma; 0.1);'>Caracter\u00edsticas de monitor DS-KH6320LE1:<\/div>\n<ul style='padding: 15px; margin: 0; font-size: 14px; list-style-type: disc; color: inherit; flex-grow: 1; background-color: rgba(255&comma; 255&comma; 255&comma; 0.05); border: 1px solid rgba(150&comma; 150&comma; 150&comma; 0.3); border-radius: 0 0 8px 8px;'>\n<li style='margin-bottom: 8px;'>PoE est\u00e1ndar<\/li>\n<li style='margin-bottom: 8px;'>Pantalla Touch 7&#8242;<\/li>\n<li style='margin-bottom: 8px;'>Apertura remota y visualizaci\u00f3n en vivo<\/li>\n<li style='margin-bottom: 8px;'>Resoluci\u00f3n: 1024 x 600<\/li>\n<li style='margin-bottom: 8px;'>Conexi\u00f3n TCP\/IP cableado<\/li>\n<li style='margin-bottom: 8px;'>8 Entradas de Alarma<\/li>\n<li style='margin-bottom: 8px; color: #ff4444; font-weight: bold;'>No es Wifi<\/li>\n<li style='margin-bottom: 8px; color: #ff4444; font-weight: bold;'>No soporta P2P\/HikConnect<\/li>\n<\/ul><\/div>\n<p> <!-- Columna 2 --> <\/p>\n<div style='flex: 1 1 300px; min-width: 280px; display: flex; flex-direction: column;'>\n<div style='padding: 15px; border-bottom: 2px solid rgba(255&comma; 0&comma; 0&comma; 0.8); font-weight: bold; font-size: 18px; color: inherit; background-color: rgba(255&comma; 0&comma; 0&comma; 0.1);'>Caracter\u00edsticas F\u00edsicas y El\u00e9ctricas:<\/div>\n<ul style='padding: 15px; margin: 0; font-size: 14px; list-style-type: disc; color: inherit; flex-grow: 1; background-color: rgba(255&comma; 255&comma; 255&comma; 0.05); border: 1px solid rgba(150&comma; 150&comma; 150&comma; 0.3); border-radius: 0 0 8px 8px;'>\n<li style='margin-bottom: 8px;'>Voltaje de operaci\u00f3n: 12Vcc&comma; 1 A (fuente no incluida) PoE Standar IEEE802.3af<\/li>\n<li style='margin-bottom: 8px;'>Consumo el\u00e9ctrico: 6W<\/li>\n<li style='margin-bottom: 8px;'>Material: Pl\u00e1stico<\/li>\n<li style='margin-bottom: 8px;'>Temperatura de operaci\u00f3n: -10\u00b0C to 55\u00b0C<\/li>\n<li style='margin-bottom: 8px;'>Dimensiones: 200 mm \u00d7 140 mm \u00d7 15.1 mm<\/li>\n<li style='margin-bottom: 8px;'>Peso: 683 g (empacado) 355 g (sin empaque)<\/li>\n<\/ul><\/div>\n<p> <!-- Columna 3 --> <\/p>\n<div style='flex: 1 1 300px; min-width: 280px; display: flex; flex-direction: column;'>\n<div style='padding: 15px; border-bottom: 2px solid rgba(255&comma; 0&comma; 0&comma; 0.8); font-weight: bold; font-size: 18px; color: inherit; background-color: rgba(255&comma; 0&comma; 0&comma; 0.1);'>Caracter\u00edsticas Destacadas:<\/div>\n<ul style='padding: 15px; margin: 0; font-size: 14px; list-style-type: disc; color: inherit; flex-grow: 1; background-color: rgba(255&comma; 255&comma; 255&comma; 0.05); border: 1px solid rgba(150&comma; 150&comma; 150&comma; 0.3); border-radius: 0 0 8px 8px;'>\n<li style='margin-bottom: 8px;'>El n\u00famero de frentes de calle soportados depende del modelo del mismo<\/li>\n<li style='margin-bottom: 8px;'>Soporta hasta 5 monitores como extensi\u00f3n&comma; <strong style='color: #ff4444;'>s\u00f3lo del mismo modelo<\/strong><\/li>\n<li style='margin-bottom: 8px;'>Soporta 16 canales de video<\/li>\n<li style='margin-bottom: 8px;'>Compatibilidad con frentes de calle IP Hikvision<\/li>\n<\/ul><\/div>\n<\/p><\/div>\n<p> <!-- Soporte t\u00e9cnico --> <\/p>\n<div style='margin-bottom: 30px;'>\n<div style='padding: 15px; border-bottom: 2px solid rgba(255&comma; 0&comma; 0&comma; 0.8); font-weight: bold; font-size: 18px; color: inherit; background-color: rgba(255&comma; 0&comma; 0&comma; 0.1); margin-bottom: 15px;'>Soporte T\u00e9cnico:<\/div>\n<ul style='padding: 15px; margin: 0; font-size: 14px; list-style-type: disc; color: inherit; background-color: rgba(255&comma; 255&comma; 255&comma; 0.05); border: 1px solid rgba(150&comma; 150&comma; 150&comma; 0.3); border-radius: 8px;'>\n<li style='margin-bottom: 8px;'>Si requiere soporte t\u00e9cnico de clic <a href='https:\/\/soporte.syscom.mx\/es\/articles\/10706576-hikvision-repositorio-configuracion-videoporteros' target='_blank' rel='noopener' style='color: #ff4444;'>aqu\u00ed<\/a><\/li>\n<li style='margin-bottom: 8px;'>El correcto funcionamiento del Wi-Fi depende del sitio&comma; interferencias&comma; obst\u00e1culos y distancia al router<\/li>\n<\/ul><\/div>\n<p> <!-- Separador --> <\/p>\n<hr style='border: 0; border-top: 1px solid rgba(150&comma; 150&comma; 150&comma; 0.3); margin: 30px 0;'> <!-- Imagen de diagrama --> <\/p>\n<div style='margin-bottom: 30px; text-align: center;'>\n<div style='margin-bottom: 15px; font-size: 24px; font-weight: bold; color: inherit; display: block;'>Ejemplo de conexi\u00f3n de una cerradura magnetica o electrica:<\/div>\n<p> <img style='width: 100%; height: auto; border: 1px solid rgba(150&comma;150&comma;150&comma;0.3); border-radius: 8px; max-width: 657px;' src='https:\/\/downloads.intercomcdn.com\/i\/o\/qdpt3rxn\/1406813573\/860175acb5f95be60252993d75b3\/image.png' alt='Diagrama t\u00e9cnico'> <\/div>\n<p> <!-- Diagramas de conexi\u00f3n --> <\/p>\n<div style='margin-bottom: 30px; text-align: center;'> <img style='width: 100%; height: auto; border: 1px solid rgba(150&comma;150&comma;150&comma;0.3); border-radius: 8px;' src='https:\/\/ftp3.syscom.mx\/usuarios\/rcovarrubias\/videoporteros\/Videoportero%202daG.png' alt='Sistema modular'> <\/div>\n<div style='margin-bottom: 30px; text-align: center;'>\n<div style='margin-bottom: 15px; font-size: 18px; font-weight: bold; color: inherit; display: block;'>Diagrama de conexi\u00f3n sistema modular:<\/div>\n<p> <img style='width: 100%; height: auto; border: 1px solid rgba(150&comma;150&comma;150&comma;0.3); border-radius: 8px;' src='https:\/\/ftp3.syscom.mx\/usuarios\/rcovarrubias\/videoporteros\/diagramas%20de%20conexion\/Diagrama%20Modular%203%20Mod.jpg' alt='Diagrama modular'> <\/div>\n<div style='margin-bottom: 30px; text-align: center;'>\n<div style='margin-bottom: 15px; font-size: 18px; font-weight: bold; color: inherit; display: block;'>Diagrama de conexi\u00f3n sistema tradicional alimentado con PoE:<\/div>\n<p> <img style='width: 100%; height: auto; border: 1px solid rgba(150&comma;150&comma;150&comma;0.3); border-radius: 8px;' src='https:\/\/ftp3.syscom.mx\/usuarios\/rcovarrubias\/videoporteros\/diagramas%20de%20conexion\/Diagrama%20frente%201%20Boton%206%20monitores%20ver2.jpg' alt='Diagrama tradicional PoE'> <\/div>\n<\/p><\/div>\n","protected":false},"excerpt":{"rendered":"<p>Monitor IP Lite TOUCH 7&#8243; para Videoportero IP \/ V\u00eddeo en Vivo \/ PoE Est\u00e1ndar \/ Apertura Remota \/ Llamada Entre Monitores \/ Audio de dos v\u00edas<\/p>\n","protected":false},"featured_media":103552,"comment_status":"open","ping_status":"closed","template":"","meta":[],"product_brand":[],"product_cat":[856],"product_tag":[54,557,857],"class_list":{"0":"post-103553","1":"product","2":"type-product","3":"status-publish","4":"has-post-thumbnail","6":"product_cat-videoporteros-ip","7":"product_tag-hikvision","8":"product_tag-videoporteros-e-interfonos","9":"product_tag-videoporteros-ip","11":"first","12":"outofstock","13":"sale","14":"shipping-taxable","15":"purchasable","16":"product-type-simple"},"_links":{"self":[{"href":"https:\/\/soydeaqui.ddns.net\/pachuca\/index.php\/wp-json\/wp\/v2\/product\/103553","targetHints":{"allow":["GET"]}}],"collection":[{"href":"https:\/\/soydeaqui.ddns.net\/pachuca\/index.php\/wp-json\/wp\/v2\/product"}],"about":[{"href":"https:\/\/soydeaqui.ddns.net\/pachuca\/index.php\/wp-json\/wp\/v2\/types\/product"}],"replies":[{"embeddable":true,"href":"https:\/\/soydeaqui.ddns.net\/pachuca\/index.php\/wp-json\/wp\/v2\/comments?post=103553"}],"wp:featuredmedia":[{"embeddable":true,"href":"https:\/\/soydeaqui.ddns.net\/pachuca\/index.php\/wp-json\/wp\/v2\/media\/103552"}],"wp:attachment":[{"href":"https:\/\/soydeaqui.ddns.net\/pachuca\/index.php\/wp-json\/wp\/v2\/media?parent=103553"}],"wp:term":[{"taxonomy":"product_brand","embeddable":true,"href":"https:\/\/soydeaqui.ddns.net\/pachuca\/index.php\/wp-json\/wp\/v2\/product_brand?post=103553"},{"taxonomy":"product_cat","embeddable":true,"href":"https:\/\/soydeaqui.ddns.net\/pachuca\/index.php\/wp-json\/wp\/v2\/product_cat?post=103553"},{"taxonomy":"product_tag","embeddable":true,"href":"https:\/\/soydeaqui.ddns.net\/pachuca\/index.php\/wp-json\/wp\/v2\/product_tag?post=103553"}],"curies":[{"name":"wp","href":"https:\/\/api.w.org\/{rel}","templated":true}]}}