{"id":103543,"date":"2026-03-20T13:48:39","date_gmt":"2026-03-20T13:48:39","guid":{"rendered":"https:\/\/soydeaqui.ddns.net\/pachuca\/index.php\/producto\/dvr-32-canales-turbohd-2-canales-ip-2-megapixel-1080p-lite-acusense-evita-falsas-alarmas-audio-por-coaxitron-h-265-salida-de-video-en-full-hd\/"},"modified":"2026-03-20T13:48:58","modified_gmt":"2026-03-20T13:48:58","slug":"dvr-32-canales-turbohd-2-canales-ip-2-megapixel-1080p-lite-acusense-evita-falsas-alarmas-audio-por-coaxitron-h-265-salida-de-video-en-full-hd","status":"publish","type":"product","link":"https:\/\/soydeaqui.ddns.net\/pachuca\/index.php\/producto\/dvr-32-canales-turbohd-2-canales-ip-2-megapixel-1080p-lite-acusense-evita-falsas-alarmas-audio-por-coaxitron-h-265-salida-de-video-en-full-hd\/","title":{"rendered":"DVR 32 Canales TurboHD + 2 Canales IP \/ 2 Megapixel (1080p) Lite \/ Acusense (Evita Falsas Alarmas) \/ Audio por Coaxitron \/ H.265+ \/ Salida de Video en Full HD"},"content":{"rendered":"<div style='width: 100%; max-width: 1200px; margin: 0 auto; font-family: sans-serif; line-height: 1.6; color: inherit; background-color: transparent;'>\n<div style='display: flex; flex-wrap: wrap; gap: 30px; margin-bottom: 30px;'>\n<div style='flex: 1 1 300px; min-width: 280px;'>\n<h3 style='font-size: 22px; border-bottom: 2px solid currentColor; padding-bottom: 5px; margin-top: 0; color: inherit; opacity: 0.8;'>Caracter\u00edsticas principales<\/h3>\n<ul style='padding-left: 20px; font-size: 15px; color: inherit;'>\n<li style='margin-bottom: 5px;'>Serie Turbo HD Versi\u00f3n 5.0<\/li>\n<li style='margin-bottom: 5px;'>Permite apagar 16 canales anal\u00f3gicos TURBOHD y poder colocar c\u00e1maras IP&comma; podemos colocar hasta 18 c\u00e1maras IP en total. Por cada canal anal\u00f3gico TURBOHD que se apague se genera una canal IP adicional (M\u00e1ximo se pueden apagar 16 canales TurboHD)<\/li>\n<li style='margin-bottom: 5px;'>DVR pentah\u00edbrido: HD-TVI \/ HD-CVI \/ Anal\u00f3gico \/ IP \/ AHD.<\/li>\n<li style='margin-bottom: 5px;'>Acceso remoto: PC (WINDOWS \/ MAC)&comma; Smart Phone (iPhone&comma; iPad&comma; Android).<\/li>\n<li style='margin-bottom: 5px;'>Compatibilidad con navegador Internet Explorer.<\/li>\n<li style='margin-bottom: 5px;'>Software cliente multi sitio de hasta 64 canales (iVMS-4200).<\/li>\n<li style='margin-bottom: 5px;'>Compatible con Hik-Connect P2P<\/li>\n<li style='margin-bottom: 5px;'><strong>Funciones Avanzadas<\/strong>: Detecci\u00f3n de movimiento con filtro de humanos y veh\u00edculos por Inteligencia Artificial<\/li>\n<li style='margin-bottom: 5px;'>1 entrada y 1 salida de audio&comma; puede integrar c\u00e1maras con audio por coaxitron en todos sus canales anal\u00f3gicos.<\/li>\n<li style='margin-bottom: 5px;'>Soporta 2 HDD de hasta 10 TB (no incluido).<\/li>\n<li style='margin-bottom: 5px;'>Interfaz serial: RS-485 (HIKVISION C&comma; COAXITRON&comma; PELCO D&comma; PELCO P&comma; etc).<\/li>\n<\/ul><\/div>\n<div style='flex: 1 1 300px; min-width: 280px;'>\n<h3 style='font-size: 22px; border-bottom: 2px solid currentColor; padding-bottom: 5px; margin-top: 0; color: inherit; opacity: 0.8;'>Caracter\u00edsticas F\u00edsicas y El\u00e9ctricas<\/h3>\n<ul style='padding-left: 20px; font-size: 15px; color: inherit;'>\n<li style='margin-bottom: 5px;'>Alimentaci\u00f3n: 12 Vcc (fuente incluida).<\/li>\n<li style='margin-bottom: 5px;'>Consumo sin HDD: 18 watts.<\/li>\n<li style='margin-bottom: 5px;'>Temperatura de operacion: -10 \u00baC hasta 55 \u00baC.<\/li>\n<li style='margin-bottom: 5px;'>Dimensiones: 380 \u00d7 320 \u00d7 48 mm (W \u00d7 D \u00d7 H)<\/li>\n<li style='margin-bottom: 5px;'>Peso: 2.2 Kg sin HDD.<\/li>\n<li style='margin-bottom: 5px;'>No compatible con control remoto.<\/li>\n<\/ul><\/div>\n<div style='flex: 1 1 300px; min-width: 280px;'>\n<h3 style='font-size: 22px; border-bottom: 2px solid currentColor; padding-bottom: 5px; margin-top: 0; color: inherit; opacity: 0.8;'>Compresi\u00f3n y resoluci\u00f3n<\/h3>\n<ul style='padding-left: 20px; font-size: 15px; color: inherit;'>\n<li style='margin-bottom: 5px;'>Compresi\u00f3n: H.265+ \/ H.265 \/ H.264+ \/ H.264.<\/li>\n<li style='margin-bottom: 5px;'>Soporta 32 canales TURBOHD \/ anal\u00f3gicos + 2 canales IP = 34 canales en total.<\/li>\n<li style='margin-bottom: 5px;'>Soporta 5 Tecnolog\u00edas (TVI \/ AHD \/ CVI \/ CVBS \/ IP):<\/li>\n<li style='margin-bottom: 5px;'>2 Megapixel Lite@ 15 IPS<\/li>\n<li style='margin-bottom: 5px;'>1 Megapixel @ 30 IPS<\/li>\n<li style='margin-bottom: 5px;'>Analogico 1200TVL (CVBS) @ 30 IPS<\/li>\n<li style='margin-bottom: 5px;'>IP hasta 5 Megapixel.<\/li>\n<\/ul><\/div>\n<\/p><\/div>\n<div style='display: flex; flex-wrap: wrap; gap: 30px; margin-bottom: 30px;'>\n<div style='flex: 1 1 300px; min-width: 280px;'>\n<h3 style='font-size: 22px; border-bottom: 2px solid currentColor; padding-bottom: 5px; margin-top: 0; color: inherit; opacity: 0.8;'>Caracter\u00edsticas Destacadas<\/h3>\n<p style='font-size: 15px; color: inherit;'>Soporta audio en todos sus canales por coaxitron utilizando c\u00e1maras con audio integrado <a href='https:\/\/www.syscom.mx\/principal\/promociones\/camaras_con_audio_por_coaxitron_2_mp-5477.html?ordenar=Relevancia&#038;pag=1' target='_blank' rel='noopener' style='color: inherit; text-decoration: underline;'>ver modelos compatibles<\/a>.<\/p>\n<p style='font-size: 15px; color: inherit;'>Para utilizar audio de 2 v\u00edas se recomienda colocar un micr\u00f3fono en la entrada de audio y una bocina preamplificada (SF775) en la salida de audio&comma; no se recomienda para audio de 2 v\u00edas una c\u00e1mara con audio por coaxitron<\/p>\n<\/p><\/div>\n<\/p><\/div>\n<div style='display: flex; flex-wrap: wrap; gap: 30px; margin-bottom: 30px;'>\n<div style='flex: 1 1 300px; min-width: 280px;'>\n<h3 style='font-size: 22px; border-bottom: 2px solid currentColor; padding-bottom: 5px; margin-top: 0; color: inherit; opacity: 0.8;'>Consideraciones<\/h3>\n<p style='font-size: 15px; color: inherit;'>Para conectar los canales IP requiere utilizar un switch\/switch poe (no incluido)<\/p>\n<\/p><\/div>\n<\/p><\/div>\n<div style='display: flex; flex-wrap: wrap; gap: 30px; margin-bottom: 30px;'>\n<div style='flex: 1 1 100%; text-align: center;'>\n<h3 style='font-size: 22px; border-bottom: 2px solid currentColor; padding-bottom: 5px; margin-top: 0; color: inherit; opacity: 0.8;'>Recursos<\/h3>\n<\/p><\/div>\n<\/p><\/div>\n<div style='display: flex; flex-wrap: wrap; gap: 30px; margin-bottom: 30px;'>\n<div style='flex: 1 1 300px; min-width: 280px; text-align: center;'> <a href='https:\/\/www.hikvision.com\/es-la\/support\/download\/software\/ivms4200-series\/?q=serie%20ivms4200&#038;position=1' target='_blank' rel='noopener' style='color: inherit; text-decoration: none;'> <img style='width: 100%; height: auto; border: 1px solid rgba(150&comma;150&comma;150&comma;0.3); border-radius: 8px;' src='https:\/\/ftp3.syscom.mx\/usuarios\/gmagos\/HIK\/IP\/IPC\/Imagenes%20pagina\/Descargas%20IVMS4200.jpg' alt='IVMS4200 Software'> <\/a> <\/div>\n<div style='flex: 1 1 300px; min-width: 280px; text-align: center;'> <a href='https:\/\/appstore.hikvision.com\/' target='_blank' rel='noopener' style='color: inherit; text-decoration: none;'> <img style='width: 100%; height: auto; border: 1px solid rgba(150&comma;150&comma;150&comma;0.3); border-radius: 8px;' src='https:\/\/ftp3.syscom.mx\/usuarios\/gmagos\/HIK\/IP\/IPC\/Imagenes%20pagina\/Descargas%20de%20app.jpg' alt='App Store Hikvision'> <\/a> <\/div>\n<div style='flex: 1 1 300px; min-width: 280px; text-align: center;'> <a href='https:\/\/ftp3.syscom.mx\/usuarios\/roberto.espino\/Specs\/DVR\/Especificaciones%20Tecnicas%20DS-7232HGHI-M2_V4.71.120_20221123.pdf' target='_blank' rel='noopener' style='color: inherit; text-decoration: none;'> <img style='width: 100%; height: auto; border: 1px solid rgba(150&comma;150&comma;150&comma;0.3); border-radius: 8px;' src='https:\/\/ftp3.syscom.mx\/usuarios\/gmagos\/HIK\/IP\/IPC\/Imagenes%20pagina\/Descarga%20de%20PDF.jpg' alt='Especificaciones T\u00e9cnicas PDF'> <\/a> <\/div>\n<\/p><\/div>\n<div style='display: flex; flex-wrap: wrap; gap: 30px; margin-bottom: 30px;'>\n<div style='flex: 1 1 100%;'> <img style='width: 100%; height: auto; border: 1px solid rgba(150&comma;150&comma;150&comma;0.3); border-radius: 8px;' src='https:\/\/ftp3.syscom.mx\/usuarios\/jsosa\/HIKVISION\/imagenes\/logo\/hikvision%20see%20far.png' alt='Logo Hikvision'> <\/div>\n<\/p><\/div>\n<div style='display: flex; flex-wrap: wrap; gap: 30px; margin-bottom: 30px;'>\n<div style='flex: 1 1 100%;'>\n<p style='text-align: center; font-weight: bold; font-size: 16px; color: inherit;'>Audio&comma; Video y Datos por el Mismo Cable<\/p>\n<p> <img style='width: 100%; height: auto; border: 1px solid rgba(150&comma;150&comma;150&comma;0.3); border-radius: 8px;' src='https:\/\/ftp3.syscom.mx\/usuarios\/jsosa\/HIKVISION\/imagenes\/coaxitron\/coaxitron.jpg' alt='Audio&comma; Video y Datos por el Mismo Cable'> <\/div>\n<\/p><\/div>\n<div style='display: flex; flex-wrap: wrap; gap: 30px;'>\n<div style='flex: 1 1 100%;'> <img style='width: 100%; height: auto; border: 1px solid rgba(150&comma;150&comma;150&comma;0.3); border-radius: 8px;' src='https:\/\/ftp3.syscom.mx\/usuarios\/jsosa\/HIKVISION\/imagenes\/banners\/solution%20complete.png' alt='Soluci\u00f3n Completa'> <\/div>\n<\/p><\/div>\n<\/p><\/div>\n","protected":false},"excerpt":{"rendered":"<p>DVR 32 Canales TurboHD + 2 Canales IP \/ 2 Megapixel (1080p) Lite \/ Acusense (Evita Falsas Alarmas) \/ Audio por Coaxitron \/ H.265+ \/ Salida de Video en Full HD<\/p>\n","protected":false},"featured_media":103542,"comment_status":"open","ping_status":"closed","template":"","meta":[],"product_brand":[],"product_cat":[2254],"product_tag":[2255,54,2256],"class_list":{"0":"post-103543","1":"product","2":"type-product","3":"status-publish","4":"has-post-thumbnail","6":"product_cat-videograbadoras-analogicas-turbohd-tvi-ahd-cvi","7":"product_tag-camaras-y-dvrs-hd-turbohd-ahd-hd-tvi","8":"product_tag-hikvision","9":"product_tag-videograbadoras-analogicas-turbohd-tvi-ahd-cvi","11":"first","12":"instock","13":"sale","14":"shipping-taxable","15":"purchasable","16":"product-type-simple"},"_links":{"self":[{"href":"https:\/\/soydeaqui.ddns.net\/pachuca\/index.php\/wp-json\/wp\/v2\/product\/103543","targetHints":{"allow":["GET"]}}],"collection":[{"href":"https:\/\/soydeaqui.ddns.net\/pachuca\/index.php\/wp-json\/wp\/v2\/product"}],"about":[{"href":"https:\/\/soydeaqui.ddns.net\/pachuca\/index.php\/wp-json\/wp\/v2\/types\/product"}],"replies":[{"embeddable":true,"href":"https:\/\/soydeaqui.ddns.net\/pachuca\/index.php\/wp-json\/wp\/v2\/comments?post=103543"}],"wp:featuredmedia":[{"embeddable":true,"href":"https:\/\/soydeaqui.ddns.net\/pachuca\/index.php\/wp-json\/wp\/v2\/media\/103542"}],"wp:attachment":[{"href":"https:\/\/soydeaqui.ddns.net\/pachuca\/index.php\/wp-json\/wp\/v2\/media?parent=103543"}],"wp:term":[{"taxonomy":"product_brand","embeddable":true,"href":"https:\/\/soydeaqui.ddns.net\/pachuca\/index.php\/wp-json\/wp\/v2\/product_brand?post=103543"},{"taxonomy":"product_cat","embeddable":true,"href":"https:\/\/soydeaqui.ddns.net\/pachuca\/index.php\/wp-json\/wp\/v2\/product_cat?post=103543"},{"taxonomy":"product_tag","embeddable":true,"href":"https:\/\/soydeaqui.ddns.net\/pachuca\/index.php\/wp-json\/wp\/v2\/product_tag?post=103543"}],"curies":[{"name":"wp","href":"https:\/\/api.w.org\/{rel}","templated":true}]}}