{"id":10354,"date":"2026-03-18T07:34:41","date_gmt":"2026-03-18T07:34:41","guid":{"rendered":"https:\/\/soydeaqui.ddns.net\/pachuca\/index.php\/producto\/jumper-de-fibra-ptica-multimodo-50-125-xglo-om3-lc-sc-duplex-ofnr-color-aqua-5-metros-16-40-pies\/"},"modified":"2026-03-18T07:34:45","modified_gmt":"2026-03-18T07:34:45","slug":"jumper-de-fibra-ptica-multimodo-50-125-xglo-om3-lc-sc-duplex-ofnr-color-aqua-5-metros-16-40-pies","status":"publish","type":"product","link":"https:\/\/soydeaqui.ddns.net\/pachuca\/index.php\/producto\/jumper-de-fibra-ptica-multimodo-50-125-xglo-om3-lc-sc-duplex-ofnr-color-aqua-5-metros-16-40-pies\/","title":{"rendered":"Jumper de Fibra ?ptica Multimodo 50\/125 XGLO OM3, LC-SC Duplex, OFNR, Color Aqua, 5 Metros (16.40 Pies)"},"content":{"rendered":"<div style='width: 100%; max-width: 1200px; margin: 0 auto; font-family: sans-serif; line-height: 1.6; color: inherit; background-color: transparent;'> <!-- Secci\u00f3n de descripci\u00f3n general --> <\/p>\n<div style='margin-bottom: 30px;'>\n<h2 style='font-size: 24px; border-bottom: 2px solid currentColor; padding-bottom: 5px; margin-top: 0; color: inherit; opacity: 0.8;'>Descripci\u00f3n General<\/h2>\n<p style='font-size: 15px; color: inherit; margin-bottom: 15px;'>Los cables de fibra \u00f3ptica XGLO son ideales para aplicaciones de fibra con soporte de 10 Gigabits a trav\u00e9s de distancias extendidas y redes troncales de pr\u00f3xima generaci\u00f3n. La fibra \u00f3ptica cumple con el est\u00e1ndar IEEE 802.3 10 Gigabit Ethernet&comma; as\u00ed como IEC-60793-2-10 y TIA-492AAAC (OM3)&comma; TIA-492AAAD (OM4) para especificaciones de ancho de banda de l\u00e1ser (DMD). Ofrece un pulido de conector superior que cumple con especificaciones estrictas de Telcordia y ISO\/IEC para geometr\u00eda de superficie y excede todos los requisitos de p\u00e9rdida de inserci\u00f3n y p\u00e9rdida de retorno ANSI\/TIA e ISO\/IEC.<\/p>\n<\/p><\/div>\n<p> <!-- Secci\u00f3n de caracter\u00edsticas principales --> <\/p>\n<div style='margin-bottom: 30px;'>\n<h2 style='font-size: 24px; border-bottom: 2px solid currentColor; padding-bottom: 5px; margin-top: 0; color: inherit; opacity: 0.8;'>Caracter\u00edsticas Principales<\/h2>\n<ul style='padding-left: 20px; font-size: 15px; color: inherit; list-style-type: disc;'>\n<li style='margin-bottom: 5px;'>Fibra \u00f3ptica para redes 10 Gigabits avanzadas<\/li>\n<li style='margin-bottom: 5px;'>Compatibilidad con est\u00e1ndar IEEE 802.3<\/li>\n<li style='margin-bottom: 5px;'>Cumple con IEC-60793-2-10 y TIA-492AAAC (OM3)<\/li>\n<li style='margin-bottom: 5px;'>Dise\u00f1ada para redes troncales de pr\u00f3xima generaci\u00f3n<\/li>\n<li style='margin-bottom: 5px;'>Soporte para distancias extendidas eficientes<\/li>\n<li style='margin-bottom: 5px;'>Conectores LC-SC duplex<\/li>\n<li style='margin-bottom: 5px;'>Vestimenta color Aqua (OFNR)<\/li>\n<li style='margin-bottom: 5px;'>Longitud de 5 metros<\/li>\n<li style='margin-bottom: 5px;'>Multimodo 50\/125 \u00b5m (OM3)<\/li>\n<\/ul><\/div>\n<p> <!-- Secci\u00f3n de especificaciones t\u00e9cnicas --> <\/p>\n<div style='margin-bottom: 30px;'>\n<h2 style='font-size: 24px; border-bottom: 2px solid currentColor; padding-bottom: 5px; margin-top: 0; color: inherit; opacity: 0.8;'>Especificaciones T\u00e9cnicas<\/h2>\n<p> <!-- Tabla de rendimiento --> <\/p>\n<div style='display: flex; flex-wrap: wrap; gap: 20px; margin-top: 20px;'>\n<div style='flex: 1 1 250px; border: 1px solid rgba(150&comma; 150&comma; 150&comma; 0.4); border-radius: 8px; overflow: hidden; display: flex; flex-direction: column;'>\n<div style='padding: 15px; border-bottom: 1px solid rgba(150&comma; 150&comma; 150&comma; 0.2); font-weight: bold; font-size: 18px; color: inherit;'>Rendimiento<\/div>\n<div style='padding: 15px; color: inherit;'>\n<ul style='padding-left: 20px; margin: 0; font-size: 14px; list-style-type: disc;'>\n<li style='margin-bottom: 5px;'><strong>Ancho de Banda (MHz\u00b7km):<\/strong> 1500 (OFL 850nm)&comma; 500 (1300nm)<\/li>\n<li style='margin-bottom: 5px;'><strong>P\u00e9rdida de Inserci\u00f3n (dB):<\/strong> 0.25 M\u00e1x (0.10 T\u00edpico)<\/li>\n<li style='margin-bottom: 5px;'><strong>P\u00e9rdida de Retorno (dB):<\/strong> 30 M\u00edn (35 T\u00edpico)<\/li>\n<li style='margin-bottom: 5px;'><strong>Est\u00e1ndares:<\/strong> IEEE 802.3&comma; IEC-60793-2-10&comma; TIA-492AAAC (OM3)<\/li>\n<\/ul><\/div>\n<\/p><\/div>\n<div style='flex: 1 1 250px; border: 1px solid rgba(150&comma; 150&comma; 150&comma; 0.4); border-radius: 8px; overflow: hidden; display: flex; flex-direction: column;'>\n<div style='padding: 15px; border-bottom: 1px solid rgba(150&comma; 150&comma; 150&comma; 0.2); font-weight: bold; font-size: 18px; color: inherit;'>Caracter\u00edsticas F\u00edsicas<\/div>\n<div style='padding: 15px; color: inherit;'>\n<ul style='padding-left: 20px; margin: 0; font-size: 14px; list-style-type: disc;'>\n<li style='margin-bottom: 5px;'><strong>Tipo de Fibra:<\/strong> Multimodo 50\/125 \u00b5m<\/li>\n<li style='margin-bottom: 5px;'><strong>Color:<\/strong> Aqua (OFNR)<\/li>\n<li style='margin-bottom: 5px;'><strong>Conectores:<\/strong> LC-SC Duplex<\/li>\n<li style='margin-bottom: 5px;'><strong>Longitud:<\/strong> 5 Metros<\/li>\n<li style='margin-bottom: 5px;'><strong>Tipo de Conector:<\/strong> LC y SC<\/li>\n<\/ul><\/div>\n<\/p><\/div>\n<div style='flex: 1 1 250px; border: 1px solid rgba(150&comma; 150&comma; 150&comma; 0.4); border-radius: 8px; overflow: hidden; display: flex; flex-direction: column;'>\n<div style='padding: 15px; border-bottom: 1px solid rgba(150&comma; 150&comma; 150&comma; 0.2); font-weight: bold; font-size: 18px; color: inherit;'>Construcci\u00f3n<\/div>\n<div style='padding: 15px; color: inherit;'>\n<ul style='padding-left: 20px; margin: 0; font-size: 14px; list-style-type: disc;'>\n<li style='margin-bottom: 5px;'><strong>Material del Conector:<\/strong> Pl\u00e1stico de alta resistencia<\/li>\n<li style='margin-bottom: 5px;'><strong>Material de la Cubierta:<\/strong> PVC (OFNR)<\/li>\n<li style='margin-bottom: 5px;'><strong>Di\u00e1metro:<\/strong> 2.0mm o 3.0mm<\/li>\n<li style='margin-bottom: 5px;'><strong>Material del Buffer:<\/strong> 900 micrones<\/li>\n<li style='margin-bottom: 5px;'><strong>Clasificaci\u00f3n de Fuego:<\/strong> OFNR (Riser)<\/li>\n<\/ul><\/div>\n<\/p><\/div>\n<\/p><\/div>\n<\/p><\/div>\n<p> <!-- Secci\u00f3n de aplicaciones --> <\/p>\n<div style='margin-bottom: 30px;'>\n<h2 style='font-size: 24px; border-bottom: 2px solid currentColor; padding-bottom: 5px; margin-top: 0; color: inherit; opacity: 0.8;'>Aplicaciones<\/h2>\n<ul style='padding-left: 20px; font-size: 15px; color: inherit; list-style-type: disc;'>\n<li style='margin-bottom: 5px;'>Redes troncales de pr\u00f3xima generaci\u00f3n<\/li>\n<li style='margin-bottom: 5px;'>Aplicaciones de 10 Gigabits a trav\u00e9s de distancias extendidas<\/li>\n<li style='margin-bottom: 5px;'>Centros de datos y salas de telecomunicaciones<\/li>\n<li style='margin-bottom: 5px;'>Sistemas de fibra \u00f3ptica de alto rendimiento<\/li>\n<li style='margin-bottom: 5px;'>Redes empresariales y campus<\/li>\n<\/ul><\/div>\n<p> <!-- Secci\u00f3n de est\u00e1ndares --> <\/p>\n<div style='margin-bottom: 30px;'>\n<h2 style='font-size: 24px; border-bottom: 2px solid currentColor; padding-bottom: 5px; margin-top: 0; color: inherit; opacity: 0.8;'>Est\u00e1ndares y Certificaciones<\/h2>\n<ul style='padding-left: 20px; font-size: 15px; color: inherit; list-style-type: disc;'>\n<li style='margin-bottom: 5px;'>IEEE 802.3 10 Gigabit Ethernet<\/li>\n<li style='margin-bottom: 5px;'>IEC-60793-2-10<\/li>\n<li style='margin-bottom: 5px;'>TIA-492AAAC (OM3)<\/li>\n<li style='margin-bottom: 5px;'>TIA-492AAAD (OM4) &#8211; Compatible<\/li>\n<li style='margin-bottom: 5px;'>Telcordia GR-326<\/li>\n<li style='margin-bottom: 5px;'>ISO\/IEC 11801<\/li>\n<li style='margin-bottom: 5px;'>ANSI\/TIA-568-C.3<\/li>\n<li style='margin-bottom: 5px;'>RoHS Compliant<\/li>\n<\/ul><\/div>\n<p> <!-- Imagen del producto --> <\/p>\n<div style='margin-bottom: 30px;'> <img style='width: 100%; height: auto; border: 1px solid rgba(150&comma;150&comma;150&comma;0.3); border-radius: 8px;' src='http:\/\/ftp3.syscom.mx\/usuarios\/fotos\/FJ2LCLC5L02AQ\/88313-foto.jpg' alt='Jumper de Fibra \u00d3ptica Multimodo 50\/125 XGLO OM3'> <\/div>\n<p> <!-- Secci\u00f3n de garant\u00eda y calidad --> <\/p>\n<div style='margin-bottom: 30px;'>\n<h2 style='font-size: 24px; border-bottom: 2px solid currentColor; padding-bottom: 5px; margin-top: 0; color: inherit; opacity: 0.8;'>Garant\u00eda y Calidad<\/h2>\n<ul style='padding-left: 20px; font-size: 15px; color: inherit; list-style-type: disc;'>\n<li style='margin-bottom: 5px;'>Garant\u00eda de 20 a\u00f1os<\/li>\n<li style='margin-bottom: 5px;'>100% inspecci\u00f3n y prueba de f\u00e1brica<\/li>\n<li style='margin-bottom: 5px;'>Cumple con pruebas de envejecimiento&comma; exposici\u00f3n a humedad&comma; extremos de temperatura&comma; impacto&comma; vibraci\u00f3n&comma; resistencia al acoplamiento y al estr\u00e9s<\/li>\n<\/ul><\/div>\n<p> <!-- Separador final --> <\/p>\n<hr style='border: 0; border-top: 1px solid rgba(150&comma; 150&comma; 150&comma; 0.3); margin: 30px 0;'> <\/div>\n","protected":false},"excerpt":{"rendered":"<p>Jumper de Fibra ?ptica Multimodo 50\/125 XGLO OM3, LC-SC Duplex, OFNR, Color Aqua, 5 Metros (16.40 Pies)<\/p>\n","protected":false},"featured_media":10353,"comment_status":"open","ping_status":"closed","template":"","meta":[],"product_brand":[],"product_cat":[617],"product_tag":[611,618,600],"class_list":{"0":"post-10354","1":"product","2":"type-product","3":"status-publish","4":"has-post-thumbnail","6":"product_cat-jumpers-y-pigtails","7":"product_tag-fibra-optica","8":"product_tag-jumpers-y-pigtails","9":"product_tag-siemon","11":"first","12":"instock","13":"sale","14":"shipping-taxable","15":"purchasable","16":"product-type-simple"},"_links":{"self":[{"href":"https:\/\/soydeaqui.ddns.net\/pachuca\/index.php\/wp-json\/wp\/v2\/product\/10354","targetHints":{"allow":["GET"]}}],"collection":[{"href":"https:\/\/soydeaqui.ddns.net\/pachuca\/index.php\/wp-json\/wp\/v2\/product"}],"about":[{"href":"https:\/\/soydeaqui.ddns.net\/pachuca\/index.php\/wp-json\/wp\/v2\/types\/product"}],"replies":[{"embeddable":true,"href":"https:\/\/soydeaqui.ddns.net\/pachuca\/index.php\/wp-json\/wp\/v2\/comments?post=10354"}],"wp:featuredmedia":[{"embeddable":true,"href":"https:\/\/soydeaqui.ddns.net\/pachuca\/index.php\/wp-json\/wp\/v2\/media\/10353"}],"wp:attachment":[{"href":"https:\/\/soydeaqui.ddns.net\/pachuca\/index.php\/wp-json\/wp\/v2\/media?parent=10354"}],"wp:term":[{"taxonomy":"product_brand","embeddable":true,"href":"https:\/\/soydeaqui.ddns.net\/pachuca\/index.php\/wp-json\/wp\/v2\/product_brand?post=10354"},{"taxonomy":"product_cat","embeddable":true,"href":"https:\/\/soydeaqui.ddns.net\/pachuca\/index.php\/wp-json\/wp\/v2\/product_cat?post=10354"},{"taxonomy":"product_tag","embeddable":true,"href":"https:\/\/soydeaqui.ddns.net\/pachuca\/index.php\/wp-json\/wp\/v2\/product_tag?post=10354"}],"curies":[{"name":"wp","href":"https:\/\/api.w.org\/{rel}","templated":true}]}}