{"id":103538,"date":"2026-03-20T13:48:25","date_gmt":"2026-03-20T13:48:25","guid":{"rendered":"https:\/\/soydeaqui.ddns.net\/pachuca\/index.php\/producto\/cable-hdmi-2-0-de-nylon-trenzado-3-metros-9-84-pies-4k60hz-hdr-3d-hec-canal-ethernet-hdmi-arc-canal-de-retorno-de-audio-color-profundo-de-48-bits-audio-de-32-canales-hdcp-2-2\/"},"modified":"2026-03-20T13:48:35","modified_gmt":"2026-03-20T13:48:35","slug":"cable-hdmi-2-0-de-nylon-trenzado-3-metros-9-84-pies-4k60hz-hdr-3d-hec-canal-ethernet-hdmi-arc-canal-de-retorno-de-audio-color-profundo-de-48-bits-audio-de-32-canales-hdcp-2-2","status":"publish","type":"product","link":"https:\/\/soydeaqui.ddns.net\/pachuca\/index.php\/producto\/cable-hdmi-2-0-de-nylon-trenzado-3-metros-9-84-pies-4k60hz-hdr-3d-hec-canal-ethernet-hdmi-arc-canal-de-retorno-de-audio-color-profundo-de-48-bits-audio-de-32-canales-hdcp-2-2\/","title":{"rendered":"Cable HDMI 2.0 de Nylon Trenzado \/ 3 Metros (9.84 Pies) \/ 4K@60Hz \/ HDR \/ 3D \/ HEC (Canal Ethernet HDMI) \/ ARC (Canal de Retorno de Audio) \/ Color Profundo de 48 Bits \/ Audio de 32 Canales \/ HDCP 2.2 \/ Audio DTS: X \/ 18 Gbps \/ Blindaje de 4 Capas"},"content":{"rendered":"<div style='width: 100%; max-width: 1200px; margin: 0 auto; font-family: sans-serif; line-height: 1.6; color: inherit; background-color: transparent;'>\n<div style='display: flex; flex-wrap: wrap; gap: 30px; margin-bottom: 30px;'>\n<div style='flex: 1 1 300px; min-width: 280px;'>\n<h3 style='font-size: 22px; border-bottom: 2px solid currentColor; padding-bottom: 5px; margin-top: 0; color: inherit; opacity: 0.8;'>Caracter\u00edsticas Principales<\/h3>\n<ul style='padding-left: 20px; font-size: 15px; color: inherit;'>\n<li style='margin-bottom: 5px;'>Resoluciones 4K@60Hz&comma; 2K@144Hz&comma; 1080P<\/li>\n<li style='margin-bottom: 5px;'>Soporta HDMI 2.0&comma; 1.4&comma; 1.3&comma; 1.2&comma; 1.1<\/li>\n<li style='margin-bottom: 5px;'>Video HDR&comma; 3D&comma; UHD&comma; FullHD&comma; HDCP 2.2&comma; HEC&comma; CEC<\/li>\n<li style='margin-bottom: 5px;'>Audio ARC&comma; Dolby Digital+\/Dolby TrueHD 7.1\/Dolby Atmos\/DTS:X<\/li>\n<li style='margin-bottom: 5px;'>Certificado HDMI Adopter<\/li>\n<\/ul><\/div>\n<div style='flex: 1 1 300px; min-width: 280px;'>\n<h3 style='font-size: 22px; border-bottom: 2px solid currentColor; padding-bottom: 5px; margin-top: 0; color: inherit; opacity: 0.8;'>Especificaciones T\u00e9cnicas<\/h3>\n<ul style='padding-left: 20px; font-size: 15px; color: inherit;'>\n<li style='margin-bottom: 5px;'><strong>N\u00facleo del cable:<\/strong> Cobre esta\u00f1ado<\/li>\n<li style='margin-bottom: 5px;'><strong>Blindaje:<\/strong> Interno m\u00faltiple<\/li>\n<li style='margin-bottom: 5px;'><strong>Tecnolog\u00eda:<\/strong> TMDS<\/li>\n<li style='margin-bottom: 5px;'><strong>Calibre:<\/strong> 30AWG OD7.0MM<\/li>\n<li style='margin-bottom: 5px;'><strong>Velocidad:<\/strong> 18 Gbps<\/li>\n<li style='margin-bottom: 5px;'><strong>Resoluci\u00f3n:<\/strong> 4K@60Hz<\/li>\n<li style='margin-bottom: 5px;'><strong>Versiones compatibles:<\/strong> HDMI 1.1 a 2.0<\/li>\n<li style='margin-bottom: 5px;'><strong>Color profundidad:<\/strong> 48 bits<\/li>\n<li style='margin-bottom: 5px;'><strong>Canales de audio:<\/strong> 32 canales<\/li>\n<li style='margin-bottom: 5px;'><strong>Funciones:<\/strong> HEC (Canal Ethernet HDMI)&comma; ARC (Canal de Retorno de Audio)<\/li>\n<\/ul><\/div>\n<div style='flex: 1 1 300px; min-width: 280px;'>\n<h3 style='font-size: 22px; border-bottom: 2px solid currentColor; padding-bottom: 5px; margin-top: 0; color: inherit; opacity: 0.8;'>Dise\u00f1o y Construcci\u00f3n<\/h3>\n<ul style='padding-left: 20px; font-size: 15px; color: inherit;'>\n<li style='margin-bottom: 5px;'>Conector chapado en oro<\/li>\n<li style='margin-bottom: 5px;'>Resistente a 10&comma;000 curvas e inserciones<\/li>\n<li style='margin-bottom: 5px;'>Funda de nylon trenzado para mayor durabilidad<\/li>\n<li style='margin-bottom: 5px;'>Blindaje de 4 capas<\/li>\n<\/ul><\/div>\n<div style='flex: 1 1 300px; min-width: 280px;'>\n<h3 style='font-size: 22px; border-bottom: 2px solid currentColor; padding-bottom: 5px; margin-top: 0; color: inherit; opacity: 0.8;'>Compatibilidad<\/h3>\n<ul style='padding-left: 20px; font-size: 15px; color: inherit;'>\n<li style='margin-bottom: 5px;'>PS5\/PS4\/PS3<\/li>\n<li style='margin-bottom: 5px;'>Xbox One\/360<\/li>\n<li style='margin-bottom: 5px;'>Reproductor Blu-ray<\/li>\n<li style='margin-bottom: 5px;'>Amplificador AV<\/li>\n<li style='margin-bottom: 5px;'>TV Box&comma; Decodificador TNT<\/li>\n<li style='margin-bottom: 5px;'>Raspberry PI 3<\/li>\n<li style='margin-bottom: 5px;'>Nvidia Shield TV<\/li>\n<li style='margin-bottom: 5px;'>Proyector&comma; PC&comma; Port\u00e1til<\/li>\n<li style='margin-bottom: 5px;'>TV&comma; Monitor&comma; Pantalla<\/li>\n<li style='margin-bottom: 5px;'>Barra de sonido<\/li>\n<\/ul><\/div>\n<div style='flex: 1 1 300px; min-width: 280px;'>\n<h3 style='font-size: 22px; border-bottom: 2px solid currentColor; padding-bottom: 5px; margin-top: 0; color: inherit; opacity: 0.8;'>Aplicaciones<\/h3>\n<ul style='padding-left: 20px; font-size: 15px; color: inherit;'>\n<li style='margin-bottom: 5px;'>Transmisi\u00f3n de video 4K@60Hz sin compresi\u00f3n<\/li>\n<li style='margin-bottom: 5px;'>Transmisi\u00f3n de audio de alta resoluci\u00f3n<\/li>\n<li style='margin-bottom: 5px;'>Conexi\u00f3n de dispositivos AV<\/li>\n<li style='margin-bottom: 5px;'>Sistemas de cine en casa<\/li>\n<li style='margin-bottom: 5px;'>Conexi\u00f3n de consolas de videojuegos<\/li>\n<li style='margin-bottom: 5px;'>Conexi\u00f3n de dispositivos de streaming<\/li>\n<\/ul><\/div>\n<div style='flex: 1 1 300px; min-width: 280px;'>\n<h3 style='font-size: 22px; border-bottom: 2px solid currentColor; padding-bottom: 5px; margin-top: 0; color: inherit; opacity: 0.8;'>Funciones Avanzadas<\/h3>\n<ul style='padding-left: 20px; font-size: 15px; color: inherit;'>\n<li style='margin-bottom: 5px;'>Soporte para HDR (High Dynamic Range)<\/li>\n<li style='margin-bottom: 5px;'>Modo espejo y modo extendido<\/li>\n<li style='margin-bottom: 5px;'>Plug and Play (sin necesidad de controladores)<\/li>\n<li style='margin-bottom: 5px;'>Transmisi\u00f3n estable sin necesidad de Wi-Fi<\/li>\n<li style='margin-bottom: 5px;'>Soporte para Dolby Vision<\/li>\n<\/ul><\/div>\n<\/p><\/div>\n<hr style='border: 0; border-top: 1px solid rgba(150&comma; 150&comma; 150&comma; 0.3); margin: 30px 0;'>\n<div style='display: flex; flex-wrap: wrap; gap: 20px; margin-bottom: 30px;'>\n<div style='flex: 1 1 250px; border: 1px solid rgba(150&comma; 150&comma; 150&comma; 0.4); border-radius: 8px; overflow: hidden; display: flex; flex-direction: column;'>\n<div style='padding: 15px; border-bottom: 1px solid rgba(150&comma; 150&comma; 150&comma; 0.2); font-weight: bold; font-size: 18px; color: inherit;'>Conectividad<\/div>\n<div style='padding: 15px; color: inherit;'>\n<ul style='padding-left: 20px; margin: 0; font-size: 14px; list-style-type: disc;'>\n<li style='margin-bottom: 5px;'>Soporta m\u00faltiples versiones HDMI<\/li>\n<li style='margin-bottom: 5px;'>Compatible con dispositivos antiguos<\/li>\n<li style='margin-bottom: 5px;'>Soporta conexiones de audio y video simult\u00e1neas<\/li>\n<\/ul><\/div>\n<\/p><\/div>\n<div style='flex: 1 1 250px; border: 1px solid rgba(150&comma; 150&comma; 150&comma; 0.4); border-radius: 8px; overflow: hidden; display: flex; flex-direction: column;'>\n<div style='padding: 15px; border-bottom: 1px solid rgba(150&comma; 150&comma; 150&comma; 0.2); font-weight: bold; font-size: 18px; color: inherit;'>Desempe\u00f1o<\/div>\n<div style='padding: 15px; color: inherit;'>\n<ul style='padding-left: 20px; margin: 0; font-size: 14px; list-style-type: disc;'>\n<li style='margin-bottom: 5px;'>Velocidad de transmisi\u00f3n de hasta 18 Gbps<\/li>\n<li style='margin-bottom: 5px;'>Transmisi\u00f3n de video sin compresi\u00f3n<\/li>\n<li style='margin-bottom: 5px;'>Soporta m\u00faltiples formatos de audio de alta resoluci\u00f3n<\/li>\n<\/ul><\/div>\n<\/p><\/div>\n<div style='flex: 1 1 250px; border: 1px solid rgba(150&comma; 150&comma; 150&comma; 0.4); border-radius: 8px; overflow: hidden; display: flex; flex-direction: column;'>\n<div style='padding: 15px; border-bottom: 1px solid rgba(150&comma; 150&comma; 150&comma; 0.2); font-weight: bold; font-size: 18px; color: inherit;'>Construcci\u00f3n<\/div>\n<div style='padding: 15px; color: inherit;'>\n<ul style='padding-left: 20px; margin: 0; font-size: 14px; list-style-type: disc;'>\n<li style='margin-bottom: 5px;'>N\u00facleo de cobre esta\u00f1ado<\/li>\n<li style='margin-bottom: 5px;'>Blindaje de 4 capas<\/li>\n<li style='margin-bottom: 5px;'>Conector chapado en oro<\/li>\n<li style='margin-bottom: 5px;'>Funda de nylon trenzado<\/li>\n<\/ul><\/div>\n<\/p><\/div>\n<div style='flex: 1 1 250px; border: 1px solid rgba(150&comma; 150&comma; 150&comma; 0.4); border-radius: 8px; overflow: hidden; display: flex; flex-direction: column;'>\n<div style='padding: 15px; border-bottom: 1px solid rgba(150&comma; 150&comma; 150&comma; 0.2); font-weight: bold; font-size: 18px; color: inherit;'>Condiciones de Uso<\/div>\n<div style='padding: 15px; color: inherit;'>\n<ul style='padding-left: 20px; margin: 0; font-size: 14px; list-style-type: disc;'>\n<li style='margin-bottom: 5px;'>Temperatura de operaci\u00f3n: 0\u00b0C a 50\u00b0C<\/li>\n<li style='margin-bottom: 5px;'>Humedad de operaci\u00f3n: 5% a 80% RH<\/li>\n<li style='margin-bottom: 5px;'>Almacenamiento: -10\u00b0C a 60\u00b0C<\/li>\n<\/ul><\/div>\n<\/p><\/div>\n<\/p><\/div>\n<hr style='border: 0; border-top: 1px solid rgba(150&comma; 150&comma; 150&comma; 0.3); margin: 30px 0;'>\n<div style='display: flex; flex-wrap: wrap; gap: 30px; margin-bottom: 30px;'>\n<div style='flex: 1 1 300px; min-width: 280px;'>\n<h3 style='font-size: 22px; border-bottom: 2px solid currentColor; padding-bottom: 5px; margin-top: 0; color: inherit; opacity: 0.8;'>Caracter\u00edsticas de Video<\/h3>\n<ul style='padding-left: 20px; font-size: 15px; color: inherit;'>\n<li style='margin-bottom: 5px;'>4K@60Hz<\/li>\n<li style='margin-bottom: 5px;'>2K@144Hz<\/li>\n<li style='margin-bottom: 5px;'>1080P<\/li>\n<li style='margin-bottom: 5px;'>HDR (High Dynamic Range)<\/li>\n<li style='margin-bottom: 5px;'>3D<\/li>\n<li style='margin-bottom: 5px;'>UHD<\/li>\n<li style='margin-bottom: 5px;'>FullHD<\/li>\n<li style='margin-bottom: 5px;'>HDCP 2.2<\/li>\n<\/ul><\/div>\n<div style='flex: 1 1 300px; min-width: 280px;'>\n<h3 style='font-size: 22px; border-bottom: 2px solid currentColor; padding-bottom: 5px; margin-top: 0; color: inherit; opacity: 0.8;'>Caracter\u00edsticas de Audio<\/h3>\n<ul style='padding-left: 20px; font-size: 15px; color: inherit;'>\n<li style='margin-bottom: 5px;'>ARC (Canal de Retorno de Audio)<\/li>\n<li style='margin-bottom: 5px;'>Dolby Digital+<\/li>\n<li style='margin-bottom: 5px;'>Dolby TrueHD 7.1<\/li>\n<li style='margin-bottom: 5px;'>Dolby Atmos<\/li>\n<li style='margin-bottom: 5px;'>DTS:X<\/li>\n<li style='margin-bottom: 5px;'>32 canales de audio<\/li>\n<li style='margin-bottom: 5px;'>Profundidad de color de 48 bits<\/li>\n<\/ul><\/div>\n<div style='flex: 1 1 300px; min-width: 280px;'>\n<h3 style='font-size: 22px; border-bottom: 2px solid currentColor; padding-bottom: 5px; margin-top: 0; color: inherit; opacity: 0.8;'>Caracter\u00edsticas Adicionales<\/h3>\n<ul style='padding-left: 20px; font-size: 15px; color: inherit;'>\n<li style='margin-bottom: 5px;'>HEC (Canal Ethernet HDMI)<\/li>\n<li style='margin-bottom: 5px;'>CEC (Control de Consumo Energ\u00e9tico)<\/li>\n<li style='margin-bottom: 5px;'>Modo espejo y modo extendido<\/li>\n<li style='margin-bottom: 5px;'>Plug and Play<\/li>\n<li style='margin-bottom: 5px;'>Transmisi\u00f3n estable sin Wi-Fi<\/li>\n<li style='margin-bottom: 5px;'>Soporte para Dolby Vision<\/li>\n<\/ul><\/div>\n<\/p><\/div>\n<hr style='border: 0; border-top: 1px solid rgba(150&comma; 150&comma; 150&comma; 0.3); margin: 30px 0;'>\n<div style='display: flex; flex-wrap: wrap; gap: 30px; margin-bottom: 30px;'>\n<div style='flex: 1 1 300px; min-width: 280px;'>\n<h3 style='font-size: 22px; border-bottom: 2px solid currentColor; padding-bottom: 5px; margin-top: 0; color: inherit; opacity: 0.8;'>Conectores<\/h3>\n<ul style='padding-left: 20px; font-size: 15px; color: inherit;'>\n<li style='margin-bottom: 5px;'>Conector HDMI tipo A macho a macho<\/li>\n<li style='margin-bottom: 5px;'>Chapado en oro de alta calidad<\/li>\n<li style='margin-bottom: 5px;'>Resistente a la corrosi\u00f3n<\/li>\n<li style='margin-bottom: 5px;'>Dise\u00f1o sin p\u00e9rdida de se\u00f1al<\/li>\n<\/ul><\/div>\n<div style='flex: 1 1 300px; min-width: 280px;'>\n<h3 style='font-size: 22px; border-bottom: 2px solid currentColor; padding-bottom: 5px; margin-top: 0; color: inherit; opacity: 0.8;'>Certificaciones<\/h3>\n<ul style='padding-left: 20px; font-size: 15px; color: inherit;'>\n<li style='margin-bottom: 5px;'>Certificado HDMI Adopter<\/li>\n<li style='margin-bottom: 5px;'>Cumple con est\u00e1ndares HDMI 2.0<\/li>\n<li style='margin-bottom: 5px;'>Compatible con HDCP 2.2<\/li>\n<\/ul><\/div>\n<\/p><\/div>\n<hr style='border: 0; border-top: 1px solid rgba(150&comma; 150&comma; 150&comma; 0.3); margin: 30px 0;'>\n<div style='display: flex; flex-wrap: wrap; gap: 30px; margin-bottom: 30px;'>\n<div style='flex: 1 1 300px; min-width: 280px;'>\n<h3 style='font-size: 22px; border-bottom: 2px solid currentColor; padding-bottom: 5px; margin-top: 0; color: inherit; opacity: 0.8;'>Contenido del Paquete<\/h3>\n<ul style='padding-left: 20px; font-size: 15px; color: inherit;'>\n<li style='margin-bottom: 5px;'>1 x Cable HDMI 2.0 de 3 metros<\/li>\n<li style='margin-bottom: 5px;'>1 x Bolsa de aluminio para almacenamiento<\/li>\n<\/ul><\/div>\n<\/p><\/div>\n<\/p><\/div>\n","protected":false},"excerpt":{"rendered":"<p>Cable HDMI 2.0 de Nylon Trenzado \/ 3 Metros (9.84 Pies) \/ 4K@60Hz \/ HDR \/ 3D \/ HEC (Canal Ethernet HDMI) \/ ARC (Canal de Retorno de Audio) \/ Color Profundo de 48 Bits \/ Audio de 32 Canales \/ HDCP 2.2 \/ Audio DTS: X \/ 18 Gbps \/ Blindaje de 4 Capas<\/p>\n","protected":false},"featured_media":103537,"comment_status":"open","ping_status":"closed","template":"","meta":[],"product_brand":[],"product_cat":[2130],"product_tag":[488,650,2131],"class_list":{"0":"post-103538","1":"product","2":"type-product","3":"status-publish","4":"has-post-thumbnail","6":"product_cat-vga-dvi-hdmi","7":"product_tag-cables-y-conectores","8":"product_tag-ugreen","9":"product_tag-vga-dvi-hdmi","11":"first","12":"instock","13":"sale","14":"shipping-taxable","15":"purchasable","16":"product-type-simple"},"_links":{"self":[{"href":"https:\/\/soydeaqui.ddns.net\/pachuca\/index.php\/wp-json\/wp\/v2\/product\/103538","targetHints":{"allow":["GET"]}}],"collection":[{"href":"https:\/\/soydeaqui.ddns.net\/pachuca\/index.php\/wp-json\/wp\/v2\/product"}],"about":[{"href":"https:\/\/soydeaqui.ddns.net\/pachuca\/index.php\/wp-json\/wp\/v2\/types\/product"}],"replies":[{"embeddable":true,"href":"https:\/\/soydeaqui.ddns.net\/pachuca\/index.php\/wp-json\/wp\/v2\/comments?post=103538"}],"wp:featuredmedia":[{"embeddable":true,"href":"https:\/\/soydeaqui.ddns.net\/pachuca\/index.php\/wp-json\/wp\/v2\/media\/103537"}],"wp:attachment":[{"href":"https:\/\/soydeaqui.ddns.net\/pachuca\/index.php\/wp-json\/wp\/v2\/media?parent=103538"}],"wp:term":[{"taxonomy":"product_brand","embeddable":true,"href":"https:\/\/soydeaqui.ddns.net\/pachuca\/index.php\/wp-json\/wp\/v2\/product_brand?post=103538"},{"taxonomy":"product_cat","embeddable":true,"href":"https:\/\/soydeaqui.ddns.net\/pachuca\/index.php\/wp-json\/wp\/v2\/product_cat?post=103538"},{"taxonomy":"product_tag","embeddable":true,"href":"https:\/\/soydeaqui.ddns.net\/pachuca\/index.php\/wp-json\/wp\/v2\/product_tag?post=103538"}],"curies":[{"name":"wp","href":"https:\/\/api.w.org\/{rel}","templated":true}]}}