{"id":103493,"date":"2026-03-20T13:46:15","date_gmt":"2026-03-20T13:46:15","guid":{"rendered":"https:\/\/soydeaqui.ddns.net\/pachuca\/index.php\/producto\/bala-turbohd-4k-8-megapixeles-gran-angular-102o-lente-2-8-mm-exterior-ip67-ir-exir-60-mts-dwdr-2\/"},"modified":"2026-03-20T13:46:28","modified_gmt":"2026-03-20T13:46:28","slug":"bala-turbohd-4k-8-megapixeles-gran-angular-102o-lente-2-8-mm-exterior-ip67-ir-exir-60-mts-dwdr-2","status":"publish","type":"product","link":"https:\/\/soydeaqui.ddns.net\/pachuca\/index.php\/producto\/bala-turbohd-4k-8-megapixeles-gran-angular-102o-lente-2-8-mm-exterior-ip67-ir-exir-60-mts-dwdr-2\/","title":{"rendered":"Bala TURBOHD 4K (8 Megapixeles) \/ Gran Angular 102\u00ba \/ Lente 2.8 mm \/ Exterior IP67 \/ IR EXIR 60 mts \/ dWDR"},"content":{"rendered":"<div style='width: 100%; max-width: 1200px; margin: 0 auto; font-family: sans-serif; line-height: 1.6; color: inherit; background-color: transparent;'>\n<p style='text-align: center;'><img style='width: 45%; height: auto; border: 1px solid rgba(150&comma;150&comma;150&comma;0.3); border-radius: 8px;' src='https:\/\/ftp3.syscom.mx\/usuarios\/jsosa\/HIKVISION\/imagenes\/logo\/hikvision%20see%20far.png' alt='Logo Hikvision' \/><\/p>\n<div style='display: flex; flex-wrap: wrap; gap: 30px; margin-top: 30px;'>\n<div style='flex: 1 1 300px; min-width: 280px;'>\n<h3 style='font-size: 22px; border-bottom: 2px solid currentColor; padding-bottom: 5px; margin-top: 0; color: inherit; opacity: 0.8;'>Caracter\u00edsticas principales<\/h3>\n<ul style='padding-left: 20px; font-size: 15px; color: inherit;'>\n<li style='margin-bottom: 5px;'>Resoluci\u00f3n m\u00e1xima: 8.29 Megap\u00edxel (3840 x 2160)<\/li>\n<li style='margin-bottom: 5px;'>Sensor CMOS scan progresivo<\/li>\n<li style='margin-bottom: 5px;'>Lente fijo: 2.8 mm (\u00e1ngulo de visi\u00f3n 102.9\u00ba)<\/li>\n<li style='margin-bottom: 5px;'>60 mts IR EXIR<\/li>\n<li style='margin-bottom: 5px;'>Soporta 4 tecnolog\u00edas (TVI \/ AHD \/ CVI \/ CVBS)<\/li>\n<li style='margin-bottom: 5px;'>Permite seleccionar la resoluci\u00f3n\n<ul style='padding-left: 20px; margin-top: 5px; margin-bottom: 5px;'>\n<li style='margin-bottom: 5px;'>TVI: <a href='mailto:8MP@12.5fps&comma;'>8MP@12.5fps&comma;<\/a> <a href='mailto:4MP@30fps&comma;'>4MP@30fps&comma; <\/a><a href='mailto:2MP@30fps&comma;'>2MP@30fps.<\/a><\/li>\n<li style='margin-bottom: 5px;'>CVI: <a href='mailto:8MP@12.5fps&comma;'>8MP@12.5fps.<\/a><\/li>\n<li style='margin-bottom: 5px;'>AHD: <a href='mailto:8MP@12fps&comma;'>8MP@12fps.<\/a><\/li>\n<li style='margin-bottom: 5px;'>CVBS: PAL\/NTSC<\/li>\n<\/ul>\n<\/li>\n<li style='margin-bottom: 5px;'>Funciones: dWDR \/ BLC \/ DNR \/ Mirror<\/li>\n<li style='margin-bottom: 5px;'>El cambio de tecnolog\u00eda (TVI-AHD-CVBS-CVI) se puede realizar \u00fanicamente cuando la c\u00e1mara est\u00e1 en su resoluci\u00f3n m\u00e1xima (8MP)&comma; no se puede cambiar la tecnolog\u00eda si la c\u00e1mara no esta en su resoluci\u00f3n m\u00e1xima<\/li>\n<\/ul><\/div>\n<div style='flex: 1 1 300px; min-width: 280px;'>\n<h3 style='font-size: 22px; border-bottom: 2px solid currentColor; padding-bottom: 5px; margin-top: 0; color: inherit; opacity: 0.8;'>Caracter\u00edsticas F\u00edsicas y El\u00e9ctricas<\/h3>\n<ul style='padding-left: 20px; font-size: 15px; color: inherit;'>\n<li style='margin-bottom: 5px;'>Temperatura de operaci\u00f3n: -40\u00baC a 60\u00baC<\/li>\n<li style='margin-bottom: 5px;'>Alimentaci\u00f3n: 12 Vcc \/ 2.9 Watts<\/li>\n<li style='margin-bottom: 5px;'>Protecci\u00f3n: IP67<\/li>\n<li style='margin-bottom: 5px;'>Fabricado en metal y policarbonato<\/li>\n<li style='margin-bottom: 5px;'>Dimensiones: 81.9 x 86.7 x 217.9mm<\/li>\n<li style='margin-bottom: 5px;'>Peso: 420 gramos<\/li>\n<\/ul><\/div>\n<div style='flex: 1 1 300px; min-width: 280px;'>\n<h3 style='font-size: 22px; border-bottom: 2px solid currentColor; padding-bottom: 5px; margin-top: 0; color: inherit; opacity: 0.8;'>M\u00e1xima compatibilidad<\/h3>\n<div style='display: flex; justify-content: center; margin: 15px 0;'> <img style='width: 85%; height: auto; border: 1px solid rgba(150&comma;150&comma;150&comma;0.3); border-radius: 8px;' src='http:\/\/ftp3.syscom.mx\/usuarios\/anavarrete\/Noe\/imagen1.png' alt='Gr\u00e1fico de compatibilidad' \/> <\/div>\n<\/p><\/div>\n<\/p><\/div>\n<div style='margin-top: 30px;'>\n<h3 style='font-size: 22px; border-bottom: 2px solid currentColor; padding-bottom: 5px; margin-top: 0; color: inherit; opacity: 0.8;'>Consideraciones<\/h3>\n<ul style='padding-left: 20px; font-size: 15px; color: inherit;'>\n<li style='margin-bottom: 5px;'>Se recomienda colocar una fuente con filtro de ruido<\/li>\n<li style='margin-bottom: 5px;'>La distancia m\u00e1xima de instalaci\u00f3n es de 100 metros para la se\u00f1al de video<\/li>\n<\/ul><\/div>\n<div style='margin-top: 30px;'> <img style='width: 100%; height: auto; border: 1px solid rgba(150&comma;150&comma;150&comma;0.3); border-radius: 8px;' src='https:\/\/ftp3.syscom.mx\/usuarios\/jsosa\/GIF\/4Ka.jpg' alt='Producto' \/> <\/div>\n<\/p><\/div>\n","protected":false},"excerpt":{"rendered":"<p>Bala TURBOHD 4K (8 Megapixeles) \/ Gran Angular 102\u00ba \/ Lente 2.8 mm \/ Exterior IP67 \/ IR EXIR 60 mts \/ dWDR<\/p>\n","protected":false},"featured_media":103492,"comment_status":"open","ping_status":"closed","template":"","meta":[],"product_brand":[],"product_cat":[2268],"product_tag":[439,2255,54],"class_list":{"0":"post-103493","1":"product","2":"type-product","3":"status-publish","4":"has-post-thumbnail","6":"product_cat-bala-camaras-y-dvrs-hd-turbohd-ahd-hd-tvi","7":"product_tag-bala","8":"product_tag-camaras-y-dvrs-hd-turbohd-ahd-hd-tvi","9":"product_tag-hikvision","11":"first","12":"instock","13":"sale","14":"shipping-taxable","15":"purchasable","16":"product-type-simple"},"_links":{"self":[{"href":"https:\/\/soydeaqui.ddns.net\/pachuca\/index.php\/wp-json\/wp\/v2\/product\/103493","targetHints":{"allow":["GET"]}}],"collection":[{"href":"https:\/\/soydeaqui.ddns.net\/pachuca\/index.php\/wp-json\/wp\/v2\/product"}],"about":[{"href":"https:\/\/soydeaqui.ddns.net\/pachuca\/index.php\/wp-json\/wp\/v2\/types\/product"}],"replies":[{"embeddable":true,"href":"https:\/\/soydeaqui.ddns.net\/pachuca\/index.php\/wp-json\/wp\/v2\/comments?post=103493"}],"wp:featuredmedia":[{"embeddable":true,"href":"https:\/\/soydeaqui.ddns.net\/pachuca\/index.php\/wp-json\/wp\/v2\/media\/103492"}],"wp:attachment":[{"href":"https:\/\/soydeaqui.ddns.net\/pachuca\/index.php\/wp-json\/wp\/v2\/media?parent=103493"}],"wp:term":[{"taxonomy":"product_brand","embeddable":true,"href":"https:\/\/soydeaqui.ddns.net\/pachuca\/index.php\/wp-json\/wp\/v2\/product_brand?post=103493"},{"taxonomy":"product_cat","embeddable":true,"href":"https:\/\/soydeaqui.ddns.net\/pachuca\/index.php\/wp-json\/wp\/v2\/product_cat?post=103493"},{"taxonomy":"product_tag","embeddable":true,"href":"https:\/\/soydeaqui.ddns.net\/pachuca\/index.php\/wp-json\/wp\/v2\/product_tag?post=103493"}],"curies":[{"name":"wp","href":"https:\/\/api.w.org\/{rel}","templated":true}]}}