{"id":103478,"date":"2026-03-20T13:45:24","date_gmt":"2026-03-20T13:45:24","guid":{"rendered":"https:\/\/soydeaqui.ddns.net\/pachuca\/index.php\/producto\/domo-ip-4-megapixel-lente-mot-2-8-12-mm-40-mts-ir-exir-ip67-ik10-h-265-conteo-de-personas-por-deteccion-de-rostro-base-de-datos-wdr-140-db-deepinview-2-microfonos-integrados\/"},"modified":"2026-03-20T13:45:47","modified_gmt":"2026-03-20T13:45:47","slug":"domo-ip-4-megapixel-lente-mot-2-8-12-mm-40-mts-ir-exir-ip67-ik10-h-265-conteo-de-personas-por-deteccion-de-rostro-base-de-datos-wdr-140-db-deepinview-2-microfonos-integrados","status":"publish","type":"product","link":"https:\/\/soydeaqui.ddns.net\/pachuca\/index.php\/producto\/domo-ip-4-megapixel-lente-mot-2-8-12-mm-40-mts-ir-exir-ip67-ik10-h-265-conteo-de-personas-por-deteccion-de-rostro-base-de-datos-wdr-140-db-deepinview-2-microfonos-integrados\/","title":{"rendered":"Domo IP 4 Megapixel \/ Lente Mot. 2.8 &#8211; 12 mm \/ 40 mts IR EXIR \/ IP67 \/ IK10 \/ H.265+ \/ Conteo de Personas por Detecci\u00f3n de Rostro (Base de Datos) \/ WDR 140 dB \/ DeepinView \/ 2 Micr\u00f3fonos Integrados"},"content":{"rendered":"<div style='width: 100%; max-width: 1200px; margin: 0 auto; font-family: sans-serif; line-height: 1.6; color: inherit; background-color: transparent;'>\n<div style='width: 100%; text-align: center; margin-bottom: 30px;'> <img style='width: 100%; max-width: 583px; height: auto; border: 1px solid rgba(150&comma;150&comma;150&comma;0.3); border-radius: 8px;' src='https:\/\/ftp3.syscom.mx\/usuarios\/jsosa\/HIKVISION\/imagenes\/logo\/hikvision%20see%20far.png' alt='Logo Hikvision'> <\/div>\n<div style='display: flex; flex-wrap: wrap; gap: 30px; margin-bottom: 30px;'>\n<div style='flex: 1 1 300px; min-width: 280px;'>\n<h3 style='font-size: 22px; border-bottom: 2px solid currentColor; padding-bottom: 5px; margin-top: 0; color: inherit; opacity: 0.8;'>Caracter\u00edsticas Principales<\/h3>\n<ul style='padding-left: 20px; font-size: 15px; color: inherit;'>\n<li style='margin-bottom: 5px;'>Resoluci\u00f3n m\u00e1xima: <strong>4 Megapixel (2560 x 1440)<\/strong><\/li>\n<li style='margin-bottom: 5px;'>Iluminaci\u00f3n m\u00ednima: <strong>color 0.001 Lux @ (F1.2&comma; AGC ON)<\/strong><\/li>\n<li style='margin-bottom: 5px;'>D\u00eda \/ Noche Real (<strong>filtro ICR<\/strong>)<\/li>\n<li style='margin-bottom: 5px;'>Distancia motorizado: <strong>2.8 a 12 mm<\/strong> (\u00e1ngulo de visi\u00f3n 114.5\u00b0 a 41.8\u00b0)<\/li>\n<li style='margin-bottom: 5px;'>Distancia de infrarrojo: <strong>30 mts Smart IR<\/strong><\/li>\n<li style='margin-bottom: 5px;'>Funciones: <strong>WDR 140dB \/ BLC \/ HLC \/ 3D DNR \/ Defog \/ EIS<\/strong><\/li>\n<li style='margin-bottom: 5px;'>Compresi\u00f3n: <strong>H.265+ \/ H.265 \/ H.264+ \/ H.264<\/strong><\/li>\n<li style='margin-bottom: 5px;'>Compatible con: <strong>plataforma Hik-Connect<\/strong><\/li>\n<li style='margin-bottom: 5px;'>Micr\u00f3fono: <strong>integrado<\/strong><\/li>\n<\/ul><\/div>\n<div style='flex: 1 1 300px; min-width: 280px;'>\n<h3 style='font-size: 22px; border-bottom: 2px solid currentColor; padding-bottom: 5px; margin-top: 0; color: inherit; opacity: 0.8;'>Entradas y Salidas<\/h3>\n<ul style='padding-left: 20px; font-size: 15px; color: inherit;'>\n<li style='margin-bottom: 5px;'>Entradas de alarma: <strong>1<\/strong><\/li>\n<li style='margin-bottom: 5px;'>Salidas de alarma: <strong>1<\/strong><\/li>\n<li style='margin-bottom: 5px;'>Entradas de audio: <strong>1<\/strong><\/li>\n<li style='margin-bottom: 5px;'>Salidas de audio: <strong>1<\/strong><\/li>\n<li style='margin-bottom: 5px;'>Puerto de red: <strong>1 (10 \/ 100 \/ 1000 Mbps \/ PoE 802.3af)<\/strong><\/li>\n<li style='margin-bottom: 5px;'>Compatibilidad: <strong>ONVIF (PROFILE S&comma; PROFILE G&comma; PROFILE T) \/ ISAPI \/ SDK \/ ISUP<\/strong><\/li>\n<\/ul><\/div>\n<div style='flex: 1 1 300px; min-width: 280px;'>\n<h3 style='font-size: 22px; border-bottom: 2px solid currentColor; padding-bottom: 5px; margin-top: 0; color: inherit; opacity: 0.8;'>Caracter\u00edsticas Generales<\/h3>\n<ul style='padding-left: 20px; font-size: 15px; color: inherit;'>\n<li style='margin-bottom: 5px;'>Main Stream: <strong>30fps (2680 x 1520 \/ 2560 x 1440 \/ 1920 x 1080 \/ 1280 x 720)<\/strong><\/li>\n<li style='margin-bottom: 5px;'>Sub Steam: <strong>30fps (704 x 480 \/ 640 x 480)<\/strong><\/li>\n<li style='margin-bottom: 5px;'>Usuarios simult\u00e1neos: <strong>hasta 20<\/strong><\/li>\n<\/ul><\/div>\n<div style='flex: 1 1 300px; min-width: 280px;'>\n<h3 style='font-size: 22px; border-bottom: 2px solid currentColor; padding-bottom: 5px; margin-top: 0; color: inherit; opacity: 0.8;'>Caracter\u00edsticas F\u00edsicas y El\u00e9ctricas<\/h3>\n<ul style='padding-left: 20px; font-size: 15px; color: inherit;'>\n<li style='margin-bottom: 5px;'>Alimentaci\u00f3n: <strong>12 Vcc \/ 24 VCA \/ PoE 802.3 af \/ 12 W<\/strong><\/li>\n<li style='margin-bottom: 5px;'>Temperatura operaci\u00f3n: <strong>-30\u00b0C a 60\u00b0C \/ Humedad al 95% m\u00e1ximo<\/strong><\/li>\n<li style='margin-bottom: 5px;'>Resistencia: <strong>IK10<\/strong><\/li>\n<li style='margin-bottom: 5px;'>Dimensiones: <strong>140.5 x 122.6 mm<\/strong><\/li>\n<li style='margin-bottom: 5px;'>Peso: <strong>950 gramos<\/strong><\/li>\n<\/ul><\/div>\n<\/p><\/div>\n<hr style='border: 0; border-top: 1px solid rgba(150&comma; 150&comma; 150&comma; 0.3); margin: 30px 0;'>\n<div style='display: flex; flex-wrap: wrap; gap: 20px; margin-bottom: 30px;'>\n<div style='flex: 1 1 100%; border: 1px solid rgba(150&comma; 150&comma; 150&comma; 0.4); border-radius: 8px; overflow: hidden; display: flex; flex-direction: column;'>\n<div style='padding: 15px; border-bottom: 1px solid rgba(150&comma; 150&comma; 150&comma; 0.2); font-weight: bold; font-size: 18px; color: inherit;'>Caracter\u00edsticas Destacadas<\/div>\n<div style='padding: 15px; color: inherit;'>\n<ul style='padding-left: 20px; margin: 0; font-size: 14px; list-style-type: disc;'>\n<li style='margin-bottom: 15px;'> <strong>Conteo de personas multidimensional:<\/strong> Con los algoritmos de aprendizaje profundo integrados&comma; la c\u00e1mara combina m\u00faltiples inteligencias. Cuenta personas y muestrea las caracter\u00edsticas faciales simult\u00e1neamente&comma; y las compara con la biblioteca facial incorporada para eliminar a las personas duplicadas. Cuenta personas e informa una alarma facial al mismo tiempo para lograr tanto el control de entrada como el conteo de personas. <\/li>\n<li style='margin-bottom: 15px;'> <strong>Protecci\u00f3n perimetral:<\/strong> Con algoritmos integrados de detecci\u00f3n y clasificaci\u00f3n de objetivos basados en aprendizaje profundo&comma; la c\u00e1mara lleva a cabo el deber de protecci\u00f3n del per\u00edmetro&comma; control de las acciones de cruce de l\u00ednea&comma; intrusi\u00f3n&comma; entrada y salida de la regi\u00f3n. Los algoritmos filtran en gran medida la alarma err\u00f3nea causada por la interferencia de hojas&comma; luces&comma; animales&comma; banderas&comma; etc. <\/li>\n<\/ul><\/div>\n<\/p><\/div>\n<\/p><\/div>\n<hr style='border: 0; border-top: 1px solid rgba(150&comma; 150&comma; 150&comma; 0.3); margin: 30px 0;'>\n<div style='display: flex; flex-wrap: wrap; gap: 20px; margin-bottom: 30px;'>\n<div style='flex: 1 1 100%; border: 1px solid rgba(150&comma; 150&comma; 150&comma; 0.4); border-radius: 8px; overflow: hidden; display: flex; flex-direction: column;'>\n<div style='padding: 15px; border-bottom: 1px solid rgba(150&comma; 150&comma; 150&comma; 0.2); font-weight: bold; font-size: 18px; color: inherit;'>C\u00e1maras totalmente cargadas con Inteligencia Artificial<\/div>\n<div style='padding: 15px; color: inherit;'>\n<p style='margin-bottom: 15px;'>La l\u00ednea de c\u00e1maras DeepinView de segunda generaci\u00f3n de Hikvision presenta la \u00faltima tecnolog\u00eda de an\u00e1lisis de video IA y aprendizaje profundo. Las c\u00e1maras est\u00e1n equipadas para detectar m\u00faltiples atributos como el color de la ropa y los accesorios con una precisi\u00f3n excepcional. Puede detectar y proporcionar alertas autom\u00e1ticas para actividades inusuales en una escena llena de gente&comma; lo que reduce las falsas alarmas en m\u00e1s del 95%.<\/p>\n<p style='margin-bottom: 15px;'>Las c\u00e1maras DeepinView tienen un potente algoritmo de aprendizaje profundo seleccionable 6 en 1 en una misma c\u00e1mara que proporciona datos comerciales y operativos detallados y valiosos. Esto ayuda a los usuarios a ubicar r\u00e1pidamente informaci\u00f3n cr\u00edtica y evidencia en video para tomar medidas inmediatas.<\/p>\n<p> <img style='width: 100%; height: auto; border: 1px solid rgba(150&comma;150&comma;150&comma;0.3); border-radius: 8px;' src='https:\/\/ftp3.syscom.mx\/usuarios\/fotos\/IDS2CD7146G0IZS(C)\/200974-deepinview3.png' alt='DeepinView'> <\/div>\n<\/p><\/div>\n<\/p><\/div>\n<hr style='border: 0; border-top: 1px solid rgba(150&comma; 150&comma; 150&comma; 0.3); margin: 30px 0;'>\n<div style='display: flex; flex-wrap: wrap; gap: 20px; margin-bottom: 30px;'>\n<div style='flex: 1 1 100%; border: 1px solid rgba(150&comma; 150&comma; 150&comma; 0.4); border-radius: 8px; overflow: hidden; display: flex; flex-direction: column;'>\n<div style='padding: 15px; border-bottom: 1px solid rgba(150&comma; 150&comma; 150&comma; 0.2); font-weight: bold; font-size: 18px; color: inherit;'>Caracter\u00edsticas de la aplicaci\u00f3n<\/div>\n<div style='padding: 15px; color: inherit;'>\n<p style='margin-bottom: 15px;'><em>Clasifica los objetivos y realiza la b\u00fasqueda de atributos:<\/em><br \/>Las c\u00e1maras de la serie DeepinView pueden detectar m\u00faltiples tipos de objetos&comma; como una persona&comma; un veh\u00edculo y placas de matr\u00edcula. Hasta 15 diferentes atributos que se pueden buscar e identificar r\u00e1pidamente&comma; como el color de la ropa&comma; la edad y si una persona lleva gafas o lleva un objeto. Las c\u00e1maras DeepinView son totalmente compatibles con el VMS HikCentral Professional para garantizar una b\u00fasqueda forense de video efectiva&comma; mientras que protege la privacidad individual&comma; para reducir el tiempo de respuesta a incidentes y el costo de resolver las investigaciones.<\/p>\n<\/p><\/div>\n<\/p><\/div>\n<\/p><\/div>\n<\/p><\/div>\n","protected":false},"excerpt":{"rendered":"<p>Domo IP 4 Megapixel \/ Lente Mot. 2.8 &#8211; 12 mm \/ 40 mts IR EXIR \/ IP67 \/ IK10 \/ H.265+ \/ Conteo de Personas por Detecci\u00f3n de Rostro (Base de Datos) \/ WDR 140 dB \/ DeepinView \/ 2 Micr\u00f3fonos Integrados<\/p>\n","protected":false},"featured_media":103477,"comment_status":"open","ping_status":"closed","template":"","meta":[],"product_brand":[],"product_cat":[2056],"product_tag":[122,2057,54],"class_list":{"0":"post-103478","1":"product","2":"type-product","3":"status-publish","4":"has-post-thumbnail","6":"product_cat-domo-eyeball-turret","7":"product_tag-camaras-ip-y-nvrs","8":"product_tag-domo-eyeball-turret","9":"product_tag-hikvision","11":"first","12":"outofstock","13":"sale","14":"shipping-taxable","15":"purchasable","16":"product-type-simple"},"_links":{"self":[{"href":"https:\/\/soydeaqui.ddns.net\/pachuca\/index.php\/wp-json\/wp\/v2\/product\/103478","targetHints":{"allow":["GET"]}}],"collection":[{"href":"https:\/\/soydeaqui.ddns.net\/pachuca\/index.php\/wp-json\/wp\/v2\/product"}],"about":[{"href":"https:\/\/soydeaqui.ddns.net\/pachuca\/index.php\/wp-json\/wp\/v2\/types\/product"}],"replies":[{"embeddable":true,"href":"https:\/\/soydeaqui.ddns.net\/pachuca\/index.php\/wp-json\/wp\/v2\/comments?post=103478"}],"wp:featuredmedia":[{"embeddable":true,"href":"https:\/\/soydeaqui.ddns.net\/pachuca\/index.php\/wp-json\/wp\/v2\/media\/103477"}],"wp:attachment":[{"href":"https:\/\/soydeaqui.ddns.net\/pachuca\/index.php\/wp-json\/wp\/v2\/media?parent=103478"}],"wp:term":[{"taxonomy":"product_brand","embeddable":true,"href":"https:\/\/soydeaqui.ddns.net\/pachuca\/index.php\/wp-json\/wp\/v2\/product_brand?post=103478"},{"taxonomy":"product_cat","embeddable":true,"href":"https:\/\/soydeaqui.ddns.net\/pachuca\/index.php\/wp-json\/wp\/v2\/product_cat?post=103478"},{"taxonomy":"product_tag","embeddable":true,"href":"https:\/\/soydeaqui.ddns.net\/pachuca\/index.php\/wp-json\/wp\/v2\/product_tag?post=103478"}],"curies":[{"name":"wp","href":"https:\/\/api.w.org\/{rel}","templated":true}]}}