{"id":103468,"date":"2026-03-20T13:44:54","date_gmt":"2026-03-20T13:44:54","guid":{"rendered":"https:\/\/soydeaqui.ddns.net\/pachuca\/index.php\/producto\/domo-ip-8-megapixel-lente-mot-2-8-12-mm-dual-light-30-mts-ir-30-mts-luz-blanca-ik10-ip67-reconocimiento-facial-wdr-140-db-deepinview-busqueda-por-atributos-heat-map-acusense\/"},"modified":"2026-03-20T13:44:57","modified_gmt":"2026-03-20T13:44:57","slug":"domo-ip-8-megapixel-lente-mot-2-8-12-mm-dual-light-30-mts-ir-30-mts-luz-blanca-ik10-ip67-reconocimiento-facial-wdr-140-db-deepinview-busqueda-por-atributos-heat-map-acusense","status":"publish","type":"product","link":"https:\/\/soydeaqui.ddns.net\/pachuca\/index.php\/producto\/domo-ip-8-megapixel-lente-mot-2-8-12-mm-dual-light-30-mts-ir-30-mts-luz-blanca-ik10-ip67-reconocimiento-facial-wdr-140-db-deepinview-busqueda-por-atributos-heat-map-acusense\/","title":{"rendered":"Domo IP 8 Megapixel \/ Lente Mot. 2.8 &#8211; 12 mm \/ Dual Light (30 mts IR + 30 mts Luz Blanca) \/ IK10 \/ IP67 \/ Reconocimiento Facial \/ WDR 140 dB \/ DeepinView \/ B\u00fasqueda por Atributos \/ Heat Map \/ ACUSENSE \/ DARKFIGHTER S \/ Audio de Dos V\u00edas"},"content":{"rendered":"<div style='width: 100%; max-width: 1200px; margin: 0 auto; font-family: sans-serif; line-height: 1.6; color: inherit; background-color: transparent;'>\n<div style='display: flex; flex-wrap: wrap; gap: 30px; margin-bottom: 30px;'>\n<div style='flex: 1 1 300px; min-width: 280px; text-align: center;'> <img style='width: 100%; height: auto; border: 1px solid rgba(150&comma;150&comma;150&comma;0.3); border-radius: 8px;' src='https:\/\/ftp3.syscom.mx\/usuarios\/jsosa\/HIKVISION\/imagenes\/logo\/hikvision%20see%20far.png' alt='Logo Hikvision'> <\/div>\n<\/p><\/div>\n<div style='display: flex; flex-wrap: wrap; gap: 20px; margin-bottom: 30px;'>\n<div style='flex: 1 1 250px; border: 1px solid rgba(150&comma; 150&comma; 150&comma; 0.4); border-radius: 8px; overflow: hidden; display: flex; flex-direction: column;'>\n<div style='padding: 15px; border-bottom: 1px solid rgba(150&comma; 150&comma; 150&comma; 0.2); font-weight: bold; font-size: 18px; color: inherit; background-color: #df001e; color: white;'>Caracter\u00edsticas Principales:<\/div>\n<div style='padding: 15px; color: inherit;'>\n<ul style='padding-left: 20px; margin: 0; font-size: 14px; list-style-type: disc;'>\n<li style='margin-bottom: 5px;'><span style='font-family: verdana&comma; geneva&comma; sans-serif;'>Compresi\u00f3n de video: H.265+ \/ H.265 \/ H.264+ \/ H.264.<\/span><\/li>\n<li style='margin-bottom: 5px;'><span style='font-family: verdana&comma; geneva&comma; sans-serif;'>Lente Motorizado: 2.8 a 12 mm (104.2\u00b0 a 44.1\u00b0).<\/span><\/li>\n<li style='margin-bottom: 5px;'><span style='font-family: verdana&comma; geneva&comma; sans-serif;'>Velocidad del shutter: 1 s a 1\/100&comma;000 s&comma; soporta Slow Shutter.<\/span><\/li>\n<li style='margin-bottom: 5px;'><span style='font-family: verdana&comma; geneva&comma; sans-serif;'>Iluminaci\u00f3n m\u00ednima DARKFIGHTER S\u00e2\u02dc\u00bd :0.0005 Lux @(F1.0&comma;AGC ON).<\/span><\/li>\n<li style='margin-bottom: 5px;'><span style='font-family: verdana&comma; geneva&comma; sans-serif;'>Distancia de IR: 30 mts IR EXIR.<\/span><\/li>\n<li style='margin-bottom: 5px;'><span style='font-family: verdana&comma; geneva&comma; sans-serif;'>Distancia de luz blanca: 30 metros. <\/span><\/li>\n<li style='margin-bottom: 5px;'><span style='font-family: verdana&comma; geneva&comma; sans-serif;'>1 puerto de red: 10 \/ 100 \/ 1000 Mbps.<\/span><\/li>\n<li style='margin-bottom: 5px;'><span style='font-family: verdana&comma; geneva&comma; sans-serif;'>Soporta micro SD de hasta 1 TB (no incluida).<\/span><\/li>\n<li style='margin-bottom: 5px;'><span style='font-family: verdana&comma; geneva&comma; sans-serif;'>Resoluci\u00f3n m\u00e1xima: 60 Hz: 30 fps (3840 \u00d7 2160&comma; 3072 \u00d7 1728&comma; 2560 \u00d7 1440&comma; 1920 \u00d7 1080&comma; 1280 \u00d7 720). <\/span><\/li>\n<li style='margin-bottom: 5px;'><span style='font-family: verdana&comma; geneva&comma; sans-serif;'>Funciones: WDR real 140 dB \/ BLC \/ HLC \/ 3D DNR \/ Defog \/ EIS.<\/span><\/li>\n<li style='margin-bottom: 5px;'><span style='font-family: verdana&comma; geneva&comma; sans-serif;'>Protocolos: ONVIF (PROFILE S&comma; PROFILE G&comma; PROFILE T) \/ ISAPI \/ SDK \/ ISUP<\/span><\/li>\n<li style='margin-bottom: 5px;'><span style='font-family: verdana&comma; geneva&comma; sans-serif;'>Audio de dos v\u00edas (2 microfonos para tener mejor captacion de audio y bocina integrada). <\/span><\/li>\n<\/ul><\/div>\n<\/p><\/div>\n<div style='flex: 1 1 250px; border: 1px solid rgba(150&comma; 150&comma; 150&comma; 0.4); border-radius: 8px; overflow: hidden; display: flex; flex-direction: column;'>\n<div style='padding: 15px; border-bottom: 1px solid rgba(150&comma; 150&comma; 150&comma; 0.2); font-weight: bold; font-size: 18px; color: inherit; background-color: #df001e; color: white;'>Caracter\u00edsticas F\u00edsicas y El\u00e9ctricas<\/div>\n<div style='padding: 15px; color: inherit;'>\n<ul style='padding-left: 20px; margin: 0; font-size: 14px; list-style-type: disc;'>\n<li style='margin-bottom: 5px;'><span style='font-family: verdana&comma; geneva&comma; sans-serif;'>Dimensiones: 160 \u00d7 159.5 mm<\/span><\/li>\n<li style='margin-bottom: 5px;'><span style='font-family: verdana&comma; geneva&comma; sans-serif;'>Consumo \/ alimentaci\u00f3n: 12 Vcc \/ PoE (802.3 at) \/ 25.43 Watts.<\/span><\/li>\n<li style='margin-bottom: 5px;'><span style='font-family: verdana&comma; geneva&comma; sans-serif;'>Protecci\u00f3n: IP67 (interior \/ exterior).<\/span><\/li>\n<li style='margin-bottom: 5px;'><span style='font-family: verdana&comma; geneva&comma; sans-serif;'>Antivand\u00e1lico: IK10.<\/span><\/li>\n<li style='margin-bottom: 5px;'><span style='font-family: verdana&comma; geneva&comma; sans-serif;'>Peso: 2100 gramos.<\/span><\/li>\n<\/ul><\/div>\n<\/p><\/div>\n<\/p><\/div>\n<div style='display: flex; flex-wrap: wrap; gap: 20px; margin-bottom: 30px;'>\n<div style='flex: 1 1 250px; border: 1px solid rgba(150&comma; 150&comma; 150&comma; 0.4); border-radius: 8px; overflow: hidden; display: flex; flex-direction: column;'>\n<div style='padding: 15px; border-bottom: 1px solid rgba(150&comma; 150&comma; 150&comma; 0.2); font-weight: bold; font-size: 18px; color: inherit; background-color: #df001e; color: white;'>Caracter\u00edsticas Destacadas:<\/div>\n<div style='padding: 15px; color: inherit;'>\n<ul style='padding-left: 20px; margin: 0; font-size: 14px; list-style-type: disc;'>\n<li style='margin-bottom: 5px;'><span style='font-family: verdana&comma; geneva&comma; sans-serif;'>Reconocimiento facial:<\/span>\n<p style='margin-top: 8px; margin-bottom: 12px; text-align: justify; font-size: 14px;'> <span style='font-family: verdana&comma; geneva&comma; sans-serif;'>Con algoritmos integrados basados en aprendizaje profundo&comma; la c\u00e1mara puede dar la mejor toma de la cara de un objetivo a trav\u00e9s de la detecci\u00f3n&comma; seguimiento&comma; captura&comma; calificaci\u00f3n y selecci\u00f3n. La c\u00e1mara captura la cara y emite las caracter\u00edsticas&comma; como el sexo&comma; la edad y expresi\u00f3n.<\/span> <\/p>\n<\/li>\n<li style='margin-bottom: 5px;'><span style='font-family: verdana&comma; geneva&comma; sans-serif;'>Proteccion perimetral (ACUSENSE):<\/span>\n<p style='margin-top: 8px; margin-bottom: 12px; text-align: justify; font-size: 14px;'> <span style='font-family: verdana&comma; geneva&comma; sans-serif;'>Con algoritmos integrados de detecci\u00f3n y clasificaci\u00f3n de objetivos basados en aprendizaje profundo&comma; la c\u00e1mara lleva a cabo el deber de protecci\u00f3n del per\u00edmetro&comma; control de las acciones de cruce de l\u00ednea&comma; intrusi\u00f3n&comma; entrada y salida de la regi\u00f3n. los algoritmos Filtra en gran medida la alarma err\u00f3nea causada por la interferencia de hojas&comma; luces&comma; animales&comma; banderas&comma; etc.<\/span> <\/p>\n<\/li>\n<li style='margin-bottom: 5px;'><span style='font-family: verdana&comma; geneva&comma; sans-serif;'>Deteccion de atributos.<\/span>\n<p style='margin-top: 8px; margin-bottom: 12px; text-align: justify; font-size: 14px;'> <span style='font-family: verdana&comma; geneva&comma; sans-serif;'>Con los algoritmos de aprendizaje profundo incorporados&comma; la c\u00e1mara detecta y captura la cara&comma; el cuerpo humano&comma; el veh\u00edculo en el regi\u00f3n especificada y genera las caracter\u00edsticas&comma; como g\u00e9nero&comma; edad&comma; color superior y tipo de veh\u00edculo<\/span> <\/p>\n<\/li>\n<li style='margin-bottom: 5px;'> <span style='font-family: verdana&comma; geneva&comma; sans-serif;'>Soporta la tecnolog\u00eda Dual Light&comma; podemos tener en la noche la imagen de B\/N con los IR encendidos y cuando detecte movimiento por medio del anal\u00edtico de ACUSENSE Lite (filtro de humanos y veh\u00edculos) encendera la luz blanca para poder tener el evento a color&comma; cuando pase el evento se vuelve a colocar la imagen en B\/N.<\/span> <\/li>\n<\/ul><\/div>\n<\/p><\/div>\n<\/p><\/div>\n<div style='display: flex; flex-wrap: wrap; gap: 30px; margin-bottom: 30px;'>\n<div style='flex: 1 1 300px; min-width: 280px; text-align: center;'> <img style='width: 100%; height: auto; border: 1px solid rgba(150&comma;150&comma;150&comma;0.3); border-radius: 8px;' src='https:\/\/ftp3.syscom.mx\/usuarios\/jsosa\/HIKVISION\/imagenes\/banners\/solution%20complete.png' alt='Soluci\u00f3n completa'> <\/div>\n<\/p><\/div>\n<\/p><\/div>\n","protected":false},"excerpt":{"rendered":"<p>Domo IP 8 Megapixel \/ Lente Mot. 2.8 &#8211; 12 mm \/ Dual Light (30 mts IR + 30 mts Luz Blanca) \/ IK10 \/ IP67 \/ Reconocimiento Facial \/ WDR 140 dB \/ DeepinView \/ B\u00fasqueda por Atributos \/ Heat Map \/ ACUSENSE \/ DARKFIGHTER S \/ Audio de Dos V\u00edas<\/p>\n","protected":false},"featured_media":103467,"comment_status":"open","ping_status":"closed","template":"","meta":[],"product_brand":[],"product_cat":[2056],"product_tag":[122,2057,54],"class_list":{"0":"post-103468","1":"product","2":"type-product","3":"status-publish","4":"has-post-thumbnail","6":"product_cat-domo-eyeball-turret","7":"product_tag-camaras-ip-y-nvrs","8":"product_tag-domo-eyeball-turret","9":"product_tag-hikvision","11":"first","12":"outofstock","13":"sale","14":"shipping-taxable","15":"purchasable","16":"product-type-simple"},"_links":{"self":[{"href":"https:\/\/soydeaqui.ddns.net\/pachuca\/index.php\/wp-json\/wp\/v2\/product\/103468","targetHints":{"allow":["GET"]}}],"collection":[{"href":"https:\/\/soydeaqui.ddns.net\/pachuca\/index.php\/wp-json\/wp\/v2\/product"}],"about":[{"href":"https:\/\/soydeaqui.ddns.net\/pachuca\/index.php\/wp-json\/wp\/v2\/types\/product"}],"replies":[{"embeddable":true,"href":"https:\/\/soydeaqui.ddns.net\/pachuca\/index.php\/wp-json\/wp\/v2\/comments?post=103468"}],"wp:featuredmedia":[{"embeddable":true,"href":"https:\/\/soydeaqui.ddns.net\/pachuca\/index.php\/wp-json\/wp\/v2\/media\/103467"}],"wp:attachment":[{"href":"https:\/\/soydeaqui.ddns.net\/pachuca\/index.php\/wp-json\/wp\/v2\/media?parent=103468"}],"wp:term":[{"taxonomy":"product_brand","embeddable":true,"href":"https:\/\/soydeaqui.ddns.net\/pachuca\/index.php\/wp-json\/wp\/v2\/product_brand?post=103468"},{"taxonomy":"product_cat","embeddable":true,"href":"https:\/\/soydeaqui.ddns.net\/pachuca\/index.php\/wp-json\/wp\/v2\/product_cat?post=103468"},{"taxonomy":"product_tag","embeddable":true,"href":"https:\/\/soydeaqui.ddns.net\/pachuca\/index.php\/wp-json\/wp\/v2\/product_tag?post=103468"}],"curies":[{"name":"wp","href":"https:\/\/api.w.org\/{rel}","templated":true}]}}