{"id":103461,"date":"2026-03-20T13:44:33","date_gmt":"2026-03-20T13:44:33","guid":{"rendered":"https:\/\/soydeaqui.ddns.net\/pachuca\/index.php\/producto\/bala-ip-8-megapixel-lente-mot-2-8-12-mm-50-mts-ir-exir-ik10-reconocimiento-facial-wdr-140-db-deepinview-busqueda-por-atributos-heat-map-acusense\/"},"modified":"2026-03-20T13:44:35","modified_gmt":"2026-03-20T13:44:35","slug":"bala-ip-8-megapixel-lente-mot-2-8-12-mm-50-mts-ir-exir-ik10-reconocimiento-facial-wdr-140-db-deepinview-busqueda-por-atributos-heat-map-acusense","status":"publish","type":"product","link":"https:\/\/soydeaqui.ddns.net\/pachuca\/index.php\/producto\/bala-ip-8-megapixel-lente-mot-2-8-12-mm-50-mts-ir-exir-ik10-reconocimiento-facial-wdr-140-db-deepinview-busqueda-por-atributos-heat-map-acusense\/","title":{"rendered":"Bala IP 8 Megapixel \/ Lente Mot. 2.8 &#8211; 12 mm \/ 50 mts IR EXIR \/ IK10 \/ Reconocimiento Facial \/ WDR 140 dB \/ DeepinView \/ B\u00fasqueda por Atributos \/ Heat Map \/ ACUSENSE"},"content":{"rendered":"<div style='width: 100%; max-width: 1200px; margin: 0 auto; font-family: sans-serif; line-height: 1.6; color: inherit; background-color: transparent;'>\n<p style='text-align: center; margin: 0 0 20px 0;'><img style='width: 100%; max-width: 400px; height: auto; border: 1px solid rgba(150&comma;150&comma;150&comma;0.3); border-radius: 8px;' src='https:\/\/ftp3.syscom.mx\/usuarios\/jsosa\/HIKVISION\/imagenes\/logo\/hikvision%20see%20far.png' alt='Logo Hikvision'><\/p>\n<div style='display: flex; flex-wrap: wrap; gap: 30px; margin-bottom: 30px;'>\n<div style='flex: 1 1 300px; min-width: 280px;'>\n<h3 style='font-size: 22px; border-bottom: 2px solid currentColor; padding-bottom: 5px; margin-top: 0; color: inherit; opacity: 0.8;'>Caracter\u00edsticas Principales<\/h3>\n<ul style='padding-left: 20px; font-size: 15px; color: inherit;'>\n<li style='margin-bottom: 5px;'><strong>Compresi\u00f3n de video:<\/strong> H.265+ \/ H.265 \/ H.264+ \/ H.264 \/ MJPEG<\/li>\n<li style='margin-bottom: 5px;'><strong>Lente Motorizado:<\/strong> 2.8 a 12 mm (113.8\u00b0 a 51.1\u00b0)<\/li>\n<li style='margin-bottom: 5px;'><strong>Velocidad del shutter:<\/strong> 1 s a 1\/100&comma;000 s&comma; soporta Slow Shutter<\/li>\n<li style='margin-bottom: 5px;'><strong>Iluminaci\u00f3n m\u00ednima DARKFIGHTER:<\/strong> 0.0005 Lux @(F1.0&comma;AGC ON) (modo color); 0 Lux con IR<\/li>\n<li style='margin-bottom: 5px;'><strong>Distancia de IR:<\/strong> 50 m IR EXIR<\/li>\n<li style='margin-bottom: 5px;'><strong>Resoluci\u00f3n m\u00e1xima:<\/strong> 60Hz: 30fps (3840 \u00d7 2160&comma; 3072 \u00d7 1728&comma; 2560 \u00d7 1440&comma; 1920 \u00d7 1080&comma; 1280 \u00d7 720)<\/li>\n<li style='margin-bottom: 5px;'><strong>Funciones:<\/strong> WDR real 140 dB \/ BLC \/ HLC \/ 3D DNR \/ Defog \/ EIS \/ ROI \/ Smart IR<\/li>\n<li style='margin-bottom: 5px;'><strong>Protocolos:<\/strong> ONVIF (PROFILE S&comma; PROFILE G&comma; PROFILE T&comma; PROFILE M) \/ ISAPI \/ SDK \/ ISUP \/ RTSP \/ HTTPS \/ IPv6<\/li>\n<\/ul><\/div>\n<div style='flex: 1 1 300px; min-width: 280px;'>\n<h3 style='font-size: 22px; border-bottom: 2px solid currentColor; padding-bottom: 5px; margin-top: 0; color: inherit; opacity: 0.8;'>Entradas y Salidas \/ Alarmas \/ Red \/ Almacenamiento<\/h3>\n<ul style='padding-left: 20px; font-size: 15px; color: inherit;'>\n<li style='margin-bottom: 5px;'><strong>Entradas de alarma:<\/strong> 2<\/li>\n<li style='margin-bottom: 5px;'><strong>Salidas de alarma:<\/strong> 2 (max. 24VDC\/24VAC&comma; 1 A)<\/li>\n<li style='margin-bottom: 5px;'><strong>Entradas de audio:<\/strong> 1<\/li>\n<li style='margin-bottom: 5px;'><strong>Salidas de audio:<\/strong> 1<\/li>\n<li style='margin-bottom: 5px;'><strong>Puerto de red:<\/strong> 1 RJ45 10\/100\/1000 Mbps (Gigabit) \/ PoE 802.3at<\/li>\n<li style='margin-bottom: 5px;'><strong>Almacenamiento:<\/strong> Soporta memoria micro SD hasta 1 TB (no incluida)<\/li>\n<\/ul><\/div>\n<div style='flex: 1 1 300px; min-width: 280px;'>\n<h3 style='font-size: 22px; border-bottom: 2px solid currentColor; padding-bottom: 5px; margin-top: 0; color: inherit; opacity: 0.8;'>Caracter\u00edsticas F\u00edsicas y El\u00e9ctricas<\/h3>\n<ul style='padding-left: 20px; font-size: 15px; color: inherit;'>\n<li style='margin-bottom: 5px;'><strong>Dimensiones:<\/strong> \u00d8140 mm \u00d7 378.4 mm<\/li>\n<li style='margin-bottom: 5px;'><strong>Consumo \/ alimentaci\u00f3n:<\/strong> 12 VDC (22.7 W) \/ PoE 802.3at (24.7 W)<\/li>\n<li style='margin-bottom: 5px;'><strong>Protecci\u00f3n:<\/strong> IP67 (Interior\/Exterior)<\/li>\n<li style='margin-bottom: 5px;'><strong>Antivand\u00e1lico:<\/strong> IK10<\/li>\n<li style='margin-bottom: 5px;'><strong>Peso:<\/strong> 2280 gramos<\/li>\n<\/ul><\/div>\n<div style='flex: 1 1 300px; min-width: 280px;'>\n<h3 style='font-size: 22px; border-bottom: 2px solid currentColor; padding-bottom: 5px; margin-top: 0; color: inherit; opacity: 0.8;'>Accesorios Compatibles<\/h3>\n<ul style='padding-left: 20px; font-size: 15px; color: inherit;'>\n<li style='margin-bottom: 5px;'><a href='https:\/\/ftp3.syscom.mx\/usuarios\/roberto.espino\/Specs\/Modelos%2006-25%20-%2007-25\/Especificaciones%20Tecnicas%20iDS-2CD7A87G0-XZHSY_20240508.pdf?_gl=1*1l5gedb*_gcl_au*NTA4MzI1MjQ1LjE3NTMxMjEwMDI.' target='_blank' rel='noopener noreferrer' style='color: inherit; text-decoration: underline;'>Consulte la ficha t\u00e9cnica para validar los accesorios compatibles<\/a><\/li>\n<\/ul><\/div>\n<\/p><\/div>\n<hr style='border: 0; border-top: 1px solid rgba(150&comma; 150&comma; 150&comma; 0.3); margin: 30px 0;'>\n<div style='display: flex; flex-wrap: wrap; gap: 30px; margin-bottom: 30px;'>\n<div style='flex: 1 1 300px; min-width: 280px;'>\n<h3 style='font-size: 22px; border-bottom: 2px solid currentColor; padding-bottom: 5px; margin-top: 0; color: inherit; opacity: 0.8;'>Reconocimiento facial<\/h3>\n<ul style='padding-left: 20px; font-size: 15px; color: inherit;'>\n<li style='margin-bottom: 5px;'>Con algoritmos integrados basados en aprendizaje profundo&comma; la c\u00e1mara puede dar la mejor toma de la cara de un objetivo a trav\u00e9s de la detecci\u00f3n&comma; seguimiento&comma; captura&comma; calificaci\u00f3n y selecci\u00f3n<\/li>\n<li style='margin-bottom: 5px;'>La c\u00e1mara captura la cara y emite las caracter\u00edsticas&comma; como el sexo&comma; la edad y expresi\u00f3n<\/li>\n<li style='margin-bottom: 5px;'>10 bibliotecas de caras con 30&comma;000 caras cada una<\/li>\n<\/ul><\/div>\n<div style='flex: 1 1 300px; min-width: 280px;'>\n<h3 style='font-size: 22px; border-bottom: 2px solid currentColor; padding-bottom: 5px; margin-top: 0; color: inherit; opacity: 0.8;'>Protecci\u00f3n perimetral<\/h3>\n<ul style='padding-left: 20px; font-size: 15px; color: inherit;'>\n<li style='margin-bottom: 5px;'>Con algoritmos integrados de detecci\u00f3n y clasificaci\u00f3n de objetivos basados en aprendizaje profundo<\/li>\n<li style='margin-bottom: 5px;'>Control de las acciones de cruce de l\u00ednea&comma; intrusi\u00f3n&comma; entrada y salida de la regi\u00f3n<\/li>\n<li style='margin-bottom: 5px;'>Los algoritmos filtran en gran medida la alarma err\u00f3nea causada por la interferencia de hojas&comma; luces&comma; animales&comma; banderas&comma; etc.<\/li>\n<\/ul><\/div>\n<div style='flex: 1 1 300px; min-width: 280px;'>\n<h3 style='font-size: 22px; border-bottom: 2px solid currentColor; padding-bottom: 5px; margin-top: 0; color: inherit; opacity: 0.8;'>Detecci\u00f3n de atributos<\/h3>\n<ul style='padding-left: 20px; font-size: 15px; color: inherit;'>\n<li style='margin-bottom: 5px;'>Con los algoritmos de aprendizaje profundo incorporados<\/li>\n<li style='margin-bottom: 5px;'>Detecta y captura la cara&comma; el cuerpo humano&comma; el veh\u00edculo en la regi\u00f3n especificada<\/li>\n<li style='margin-bottom: 5px;'>Genera las caracter\u00edsticas&comma; como g\u00e9nero&comma; edad&comma; color superior y tipo de veh\u00edculo<\/li>\n<\/ul><\/div>\n<div style='flex: 1 1 300px; min-width: 280px;'>\n<h3 style='font-size: 22px; border-bottom: 2px solid currentColor; padding-bottom: 5px; margin-top: 0; color: inherit; opacity: 0.8;'>Conteo por rostro<\/h3>\n<ul style='padding-left: 20px; font-size: 15px; color: inherit;'>\n<li style='margin-bottom: 5px;'>Contando el n\u00famero de personas que entran y salen<\/li>\n<li style='margin-bottom: 5px;'>La repetici\u00f3n se agregar\u00e1 si la persona que ingresa es un empleado o un cliente habitual<\/li>\n<li style='margin-bottom: 5px;'>El tiempo m\u00e1ximo de duplicaci\u00f3n de conteo de personas se puede establecer de 0s a 23h59min59s (Para clientes habituales)<\/li>\n<\/ul><\/div>\n<\/p><\/div>\n<hr style='border: 0; border-top: 1px solid rgba(150&comma; 150&comma; 150&comma; 0.3); margin: 30px 0;'>\n<div style='display: flex; flex-wrap: wrap; gap: 30px; margin-bottom: 30px;'>\n<div style='flex: 1 1 300px; min-width: 280px;'>\n<h3 style='font-size: 22px; border-bottom: 2px solid currentColor; padding-bottom: 5px; margin-top: 0; color: inherit; opacity: 0.8;'>\u00bfQU\u00c9 ES DEEPINVIEW?<\/h3>\n<p style='margin: 15px 0;'><img style='width: 100%; height: auto; border: 1px solid rgba(150&comma;150&comma;150&comma;0.3); border-radius: 8px;' src='https:\/\/ftp3.syscom.mx\/usuarios\/jsosa\/HIKVISION\/videos\/ids\/facial%20recognition.gif' alt='DeepinView'><\/p>\n<\/p><\/div>\n<div style='flex: 1 1 300px; min-width: 280px;'>\n<h3 style='font-size: 22px; border-bottom: 2px solid currentColor; padding-bottom: 5px; margin-top: 0; color: inherit; opacity: 0.8;'>Aplicaciones de reconocimiento facial<\/h3>\n<ul style='padding-left: 20px; font-size: 15px; color: inherit;'>\n<li style='margin-bottom: 5px;'>Hoteles&comma; tiendas&comma; etc.<\/li>\n<li style='margin-bottom: 5px;'>Mejorar la calidad del servicio a trav\u00e9s del reconocimiento VIP del cliente<\/li>\n<li style='margin-bottom: 5px;'>Bancos&comma; parques industriales&comma; escuelas&comma; ciudad segura&comma; etc.<\/li>\n<li style='margin-bottom: 5px;'>Mejora la seguridad de las \u00e1reas p\u00fablicas a trav\u00e9s de la lista de alarmas<\/li>\n<\/ul><\/div>\n<div style='flex: 1 1 300px; min-width: 280px;'>\n<p style='margin: 15px 0;'><img style='width: 100%; height: auto; border: 1px solid rgba(150&comma;150&comma;150&comma;0.3); border-radius: 8px;' src='https:\/\/ftp3.syscom.mx\/usuarios\/jsosa\/HIKVISION\/videos\/ids\/04.gif' alt='Conteo de personas'><\/p>\n<\/p><\/div>\n<\/p><\/div>\n<\/p><\/div>\n","protected":false},"excerpt":{"rendered":"<p>Bala IP 8 Megapixel \/ Lente Mot. 2.8 &#8211; 12 mm \/ 50 mts IR EXIR \/ IK10 \/ Reconocimiento Facial \/ WDR 140 dB \/ DeepinView \/ B\u00fasqueda por Atributos \/ Heat Map \/ ACUSENSE<\/p>\n","protected":false},"featured_media":103460,"comment_status":"open","ping_status":"closed","template":"","meta":[],"product_brand":[],"product_cat":[438],"product_tag":[439,122,54],"class_list":{"0":"post-103461","1":"product","2":"type-product","3":"status-publish","4":"has-post-thumbnail","6":"product_cat-bala","7":"product_tag-bala","8":"product_tag-camaras-ip-y-nvrs","9":"product_tag-hikvision","11":"first","12":"outofstock","13":"sale","14":"shipping-taxable","15":"purchasable","16":"product-type-simple"},"_links":{"self":[{"href":"https:\/\/soydeaqui.ddns.net\/pachuca\/index.php\/wp-json\/wp\/v2\/product\/103461","targetHints":{"allow":["GET"]}}],"collection":[{"href":"https:\/\/soydeaqui.ddns.net\/pachuca\/index.php\/wp-json\/wp\/v2\/product"}],"about":[{"href":"https:\/\/soydeaqui.ddns.net\/pachuca\/index.php\/wp-json\/wp\/v2\/types\/product"}],"replies":[{"embeddable":true,"href":"https:\/\/soydeaqui.ddns.net\/pachuca\/index.php\/wp-json\/wp\/v2\/comments?post=103461"}],"wp:featuredmedia":[{"embeddable":true,"href":"https:\/\/soydeaqui.ddns.net\/pachuca\/index.php\/wp-json\/wp\/v2\/media\/103460"}],"wp:attachment":[{"href":"https:\/\/soydeaqui.ddns.net\/pachuca\/index.php\/wp-json\/wp\/v2\/media?parent=103461"}],"wp:term":[{"taxonomy":"product_brand","embeddable":true,"href":"https:\/\/soydeaqui.ddns.net\/pachuca\/index.php\/wp-json\/wp\/v2\/product_brand?post=103461"},{"taxonomy":"product_cat","embeddable":true,"href":"https:\/\/soydeaqui.ddns.net\/pachuca\/index.php\/wp-json\/wp\/v2\/product_cat?post=103461"},{"taxonomy":"product_tag","embeddable":true,"href":"https:\/\/soydeaqui.ddns.net\/pachuca\/index.php\/wp-json\/wp\/v2\/product_tag?post=103461"}],"curies":[{"name":"wp","href":"https:\/\/api.w.org\/{rel}","templated":true}]}}