{"id":103423,"date":"2026-03-20T13:42:44","date_gmt":"2026-03-20T13:42:44","guid":{"rendered":"https:\/\/soydeaqui.ddns.net\/pachuca\/index.php\/producto\/bala-wifi-2-megapixel-deteccion-humana-microfono-integrado-micro-sd-excelente-vision-nocturna-exterior\/"},"modified":"2026-03-20T13:43:03","modified_gmt":"2026-03-20T13:43:03","slug":"bala-wifi-2-megapixel-deteccion-humana-microfono-integrado-micro-sd-excelente-vision-nocturna-exterior","status":"publish","type":"product","link":"https:\/\/soydeaqui.ddns.net\/pachuca\/index.php\/producto\/bala-wifi-2-megapixel-deteccion-humana-microfono-integrado-micro-sd-excelente-vision-nocturna-exterior\/","title":{"rendered":"Bala WiFi \/ 2  Megapixel \/ Detecci\u00f3n humana \/ Micr\u00f3fono Integrado \/ Micro SD \/ Excelente Vision Nocturna \/ Exterior"},"content":{"rendered":"<div style='width: 100%; max-width: 1200px; margin: 0 auto; font-family: sans-serif; line-height: 1.6; color: inherit; background-color: transparent;'>\n<div style='width: 100%; margin-bottom: 30px;'> <a href='#link' target='_blank' rel='noopener' style='display: block; width: 100%;'> <img style='width: 100%; height: auto; border: 1px solid rgba(150&comma;150&comma;150&comma;0.3); border-radius: 8px;' src='https:\/\/ftp3.syscom.mx\/usuarios\/rcovarrubias\/EZVIZ\/Bannerspag\/SerieH.png' alt='Banner SerieH'> <\/a> <\/div>\n<div style='display: flex; flex-wrap: wrap; gap: 30px; margin-bottom: 30px;'>\n<div style='flex: 1 1 300px; min-width: 280px;'>\n<div style='border-left: 5px solid #42BB1A; border-radius: 5px; padding: 15px; box-shadow: 2px 2px 10px rgba(216&comma;216&comma;216&comma;0.5);'>\n<h3 style='font-size: 22px; margin-top: 0; color: inherit; opacity: 0.8;'>Caracter\u00edsticas principales<\/h3>\n<ul style='padding-left: 20px; font-size: 15px; color: inherit; list-style-type: disc;'>\n<li style='margin-bottom: 8px;'>Resoluci\u00f3n: 2 Megapixel (1920 x 1080)<\/li>\n<li style='margin-bottom: 8px;'>Lente: 4 mm&comma; 82\u00b0 de visi\u00f3n<\/li>\n<li style='margin-bottom: 8px;'>Micr\u00f3fono integrado<\/li>\n<li style='margin-bottom: 8px;'>dWDR \/ 3D-DNR<\/li>\n<li style='margin-bottom: 8px;'>Compresi\u00f3n: H.264 \/ H.265<\/li>\n<li style='margin-bottom: 8px;'>Conexi\u00f3n WiFi (2.4 GHz)<\/li>\n<li style='margin-bottom: 8px;'>Entrada micro SD de 512 GB para grabaci\u00f3n local (memoria no incluida)<\/li>\n<li style='margin-bottom: 8px;'>Protecci\u00f3n IP67<\/li>\n<\/ul><\/div>\n<\/p><\/div>\n<div style='flex: 1 1 300px; min-width: 280px;'>\n<div style='border-left: 5px solid #42BB1A; border-radius: 5px; padding: 15px; box-shadow: 2px 2px 10px rgba(216&comma;216&comma;216&comma;0.5);'>\n<h3 style='font-size: 22px; margin-top: 0; color: inherit; opacity: 0.8;'>Caracter\u00edsticas F\u00edsicas y El\u00e9ctricas<\/h3>\n<ul style='padding-left: 20px; font-size: 15px; color: inherit; list-style-type: disc;'>\n<li style='margin-bottom: 8px;'>Alimentaci\u00f3n: 12V&comma; 1A&comma; Fuente incluida<\/li>\n<li style='margin-bottom: 8px;'><strong style='color: inherit;'>3 A\u00f1os de garant\u00eda<\/strong><\/li>\n<\/ul><\/div>\n<\/p><\/div>\n<div style='flex: 1 1 300px; min-width: 280px;'>\n<div style='border-left: 5px solid #42BB1A; border-radius: 5px; padding: 15px; box-shadow: 2px 2px 10px rgba(216&comma;216&comma;216&comma;0.5);'>\n<h3 style='font-size: 22px; margin-top: 0; color: inherit; opacity: 0.8;'>Caracter\u00edsticas Destacadas<\/h3>\n<ul style='padding-left: 20px; font-size: 15px; color: inherit; list-style-type: disc;'>\n<li style='margin-bottom: 8px;'>Soporta grabaci\u00f3n en nube de EZVIZ (el cobro se realiza directo en la aplicaci\u00f3n EZVIZ)<\/li>\n<\/ul>\n<h4 style='color: #e74c3c; margin-top: 20px; margin-bottom: 10px;'>Notas:<\/h4>\n<ul style='padding-left: 20px; font-size: 15px; color: #e74c3c; list-style-type: square;'>\n<li style='margin-bottom: 8px;'>Configuraci\u00f3n \u00fanicamente mediante aplicaci\u00f3n EZVIZ<\/li>\n<li style='margin-bottom: 8px;'><strong style='color: #3598db; font-family: verdana&comma; geneva&comma; sans-serif;'>Compatible con Alexa&comma; Google Home y IFTTT<\/strong><\/li>\n<\/ul><\/div>\n<\/p><\/div>\n<\/p><\/div>\n<div style='width: 100%; margin-bottom: 30px;'> <img style='width: 100%; height: auto; border: 1px solid rgba(150&comma;150&comma;150&comma;0.3); border-radius: 8px;' src='https:\/\/ftp3.syscom.mx\/usuarios\/rcovarrubias\/EZVIZ\/Banner%20COMPATIBLE-ALEXA-GOOGLE.jpg' alt='Banner Compatible Alexa Google'> <\/div>\n<div style='width: 100%; margin-bottom: 30px; text-align: center;'>\n<h2 style='font-size: 24px; color: #e74c3c; margin: 0 0 20px; color: inherit;'><strong>Videos sobre conexi\u00f3n con Alexa y Google Home<\/strong><\/h2>\n<div style='display: flex; flex-wrap: wrap; gap: 30px; justify-content: center; margin-top: 20px;'>\n<div style='flex: 1 1 400px; min-width: 300px;'>\n<h3 style='text-align: center; color: #2880b9; margin-top: 0; color: inherit;'>Conexi\u00f3n con Google Home<\/h3>\n<div style='position: relative; padding-bottom: 56.25%; height: 0; overflow: hidden;'> <video style='position: absolute; top: 0; left: 0; width: 100%; height: 100%; border: 1px solid rgba(150&comma;150&comma;150&comma;0.3); border-radius: 8px;' loop muted controls><source src='https:\/\/ftp3.syscom.mx\/usuarios\/rcovarrubias\/EZVIZ\/videos\/Conecta%20Equipos%20EZVIZ%20a%20Tu%20Dispositivo%20Google%20Home%202019.mp4' type='video\/mp4'>Tu navegador no soporta el elemento de video.<\/video> <\/div>\n<\/p><\/div>\n<div style='flex: 1 1 400px; min-width: 300px;'>\n<h3 style='text-align: center; color: #2880b9; margin-top: 0; color: inherit;'>Conexi\u00f3n con Alexa<\/h3>\n<div style='position: relative; padding-bottom: 56.25%; height: 0; overflow: hidden;'> <video style='position: absolute; top: 0; left: 0; width: 100%; height: 100%; border: 1px solid rgba(150&comma;150&comma;150&comma;0.3); border-radius: 8px;' loop muted controls><source src='https:\/\/ftp3.syscom.mx\/usuarios\/rcovarrubias\/EZVIZ\/videos\/Activa%20Habilidad%20EZVIZ%20en%20Tu%20Dispositivo%20Amazon%20Alexa.mp4' type='video\/mp4'>Tu navegador no soporta el elemento de video.<\/video> <\/div>\n<\/p><\/div>\n<\/p><\/div>\n<h3 style='font-size: 20px; margin-top: 30px; margin-bottom: 20px; color: #e74c3c; color: inherit;'><strong>Crea una vida segura mediante dispositivos inteligentes<\/strong><\/h3>\n<div style='position: relative; padding-bottom: 56.25%; height: 0; overflow: hidden; max-width: 800px; margin: 0 auto 30px;'>   <\/div>\n<\/p><\/div>\n<\/p><\/div>\n","protected":false},"excerpt":{"rendered":"<p>Bala WiFi \/ 2  Megapixel \/ Detecci\u00f3n humana \/ Micr\u00f3fono Integrado \/ Micro SD \/ Excelente Vision Nocturna \/ Exterior<\/p>\n","protected":false},"featured_media":103422,"comment_status":"open","ping_status":"closed","template":"","meta":[],"product_brand":[],"product_cat":[2231],"product_tag":[111,2233,2232],"class_list":{"0":"post-103423","1":"product","2":"type-product","3":"status-publish","4":"has-post-thumbnail","6":"product_cat-ip-megapixel","7":"product_tag-ezviz","8":"product_tag-ip-megapixel","9":"product_tag-kits-sistemas-completos","11":"first","12":"instock","13":"sale","14":"shipping-taxable","15":"purchasable","16":"product-type-simple"},"_links":{"self":[{"href":"https:\/\/soydeaqui.ddns.net\/pachuca\/index.php\/wp-json\/wp\/v2\/product\/103423","targetHints":{"allow":["GET"]}}],"collection":[{"href":"https:\/\/soydeaqui.ddns.net\/pachuca\/index.php\/wp-json\/wp\/v2\/product"}],"about":[{"href":"https:\/\/soydeaqui.ddns.net\/pachuca\/index.php\/wp-json\/wp\/v2\/types\/product"}],"replies":[{"embeddable":true,"href":"https:\/\/soydeaqui.ddns.net\/pachuca\/index.php\/wp-json\/wp\/v2\/comments?post=103423"}],"wp:featuredmedia":[{"embeddable":true,"href":"https:\/\/soydeaqui.ddns.net\/pachuca\/index.php\/wp-json\/wp\/v2\/media\/103422"}],"wp:attachment":[{"href":"https:\/\/soydeaqui.ddns.net\/pachuca\/index.php\/wp-json\/wp\/v2\/media?parent=103423"}],"wp:term":[{"taxonomy":"product_brand","embeddable":true,"href":"https:\/\/soydeaqui.ddns.net\/pachuca\/index.php\/wp-json\/wp\/v2\/product_brand?post=103423"},{"taxonomy":"product_cat","embeddable":true,"href":"https:\/\/soydeaqui.ddns.net\/pachuca\/index.php\/wp-json\/wp\/v2\/product_cat?post=103423"},{"taxonomy":"product_tag","embeddable":true,"href":"https:\/\/soydeaqui.ddns.net\/pachuca\/index.php\/wp-json\/wp\/v2\/product_tag?post=103423"}],"curies":[{"name":"wp","href":"https:\/\/api.w.org\/{rel}","templated":true}]}}