{"id":103421,"date":"2026-03-20T13:42:39","date_gmt":"2026-03-20T13:42:39","guid":{"rendered":"https:\/\/soydeaqui.ddns.net\/pachuca\/index.php\/producto\/desarmador-plano-6-5-x-125\/"},"modified":"2026-03-20T13:42:41","modified_gmt":"2026-03-20T13:42:41","slug":"desarmador-plano-6-5-x-125","status":"publish","type":"product","link":"https:\/\/soydeaqui.ddns.net\/pachuca\/index.php\/producto\/desarmador-plano-6-5-x-125\/","title":{"rendered":"Desarmador Plano 6.5 x 125"},"content":{"rendered":"<div style='width: 100%; max-width: 1200px; margin: 0 auto; font-family: sans-serif; line-height: 1.6; color: inherit; background-color: transparent;'> <!-- Secci\u00f3n de descripci\u00f3n --> <\/p>\n<div style='margin-bottom: 30px;'>\n<p style='margin: 0 0 15px; color: inherit;'>Makita ofrece una variedad de desarmadores manuales&comma; dise\u00f1ados para atornillar y desatornillar tornillos sin necesidad de una fuente de energ\u00eda externa. A continuaci\u00f3n&comma; te proporciono una descripci\u00f3n t\u00e9cnica general de los desarmadores manuales de Makita:<\/p>\n<ul style='padding-left: 20px; font-size: 15px; color: inherit;'>\n<li style='margin-bottom: 5px;'>Material: Los desarmadores manuales de Makita est\u00e1n fabricados con materiales de alta calidad&comma; como acero cromado vanadio o aleaciones de titanio&comma; que los hacen duraderos y resistentes a la corrosi\u00f3n.<\/li>\n<li style='margin-bottom: 5px;'>Mango: El mango de los desarmadores manuales de Makita est\u00e1 dise\u00f1ado ergon\u00f3micamente para proporcionar un agarre c\u00f3modo y seguro durante el uso prolongado. El mango puede estar hecho de materiales como goma&comma; pl\u00e1stico o madera.<\/li>\n<li style='margin-bottom: 5px;'>Dise\u00f1o de la punta: Las puntas de los desarmadores manuales de Makita est\u00e1n dise\u00f1adas para ajustarse de forma precisa a los tornillos y evitar el deslizamiento o el desgaste de las cabezas de los tornillos. Las puntas pueden estar hechas de diferentes formas&comma; como planas&comma; Phillips&comma; Pozidriv o Torx&comma; entre otras.<\/li>\n<li style='margin-bottom: 5px;'>Tama\u00f1o y peso: Los desarmadores manuales de Makita vienen en diferentes tama\u00f1os y pesos para adaptarse a diferentes tareas y necesidades del usuario. Algunos modelos pueden ser m\u00e1s ligeros y compactos para el uso en espacios reducidos&comma; mientras que otros pueden ser m\u00e1s grandes y pesados para tareas de mayor envergadura.<\/li>\n<\/ul><\/div>\n<p> <!-- Secci\u00f3n de caracter\u00edsticas --> <\/p>\n<div style='margin-bottom: 30px;'>\n<h3 style='font-size: 22px; border-bottom: 2px solid currentColor; padding-bottom: 5px; margin-top: 0; margin-bottom: 15px; color: inherit; opacity: 0.8;'>Caracter\u00edsticas<\/h3>\n<ul style='padding-left: 20px; font-size: 15px; color: inherit;'>\n<li style='margin-bottom: 5px;'>La barra hueca permite apretar tuercas en innumerables longitudes de tornillos.<\/li>\n<li style='margin-bottom: 5px;'>Codificaci\u00f3n por color para facilitar la identificaci\u00f3n de los distintos tama\u00f1os.<\/li>\n<li style='margin-bottom: 5px;'>Dise\u00f1o apto para colocar una llave que permite aplicar mayor torsi\u00f3n.<\/li>\n<li style='margin-bottom: 5px;'>Funci\u00f3n de im\u00e1n que ayuda a retener la tuerca.<\/li>\n<li style='margin-bottom: 5px;'>Barra de alta resistencia con mango acojinado cl\u00e1sico.<\/li>\n<\/ul><\/div>\n<p> <!-- Secci\u00f3n de imagen --> <\/p>\n<div style='margin-bottom: 30px; text-align: center;'> <img style='width: 100%; max-width: 600px; height: auto; border: 1px solid rgba(150&comma;150&comma;150&comma;0.3); border-radius: 8px;' src='https:\/\/ftp3.syscom.mx\/usuarios\/fotos\/BancoFotograficasSyscom\/MAKITA\/B65903\/B65903-l.PNG' alt=''> <\/div>\n<\/p><\/div>\n","protected":false},"excerpt":{"rendered":"<p>Desarmador Plano 6.5 x 125<\/p>\n","protected":false},"featured_media":103420,"comment_status":"open","ping_status":"closed","template":"","meta":[],"product_brand":[],"product_cat":[24],"product_tag":[26,25,252],"class_list":{"0":"post-103421","1":"product","2":"type-product","3":"status-publish","4":"has-post-thumbnail","6":"product_cat-accesorios-de-instalacion","7":"product_tag-accesorios-de-instalacion","8":"product_tag-herramientas","9":"product_tag-makita","11":"first","12":"outofstock","13":"sale","14":"shipping-taxable","15":"purchasable","16":"product-type-simple"},"_links":{"self":[{"href":"https:\/\/soydeaqui.ddns.net\/pachuca\/index.php\/wp-json\/wp\/v2\/product\/103421","targetHints":{"allow":["GET"]}}],"collection":[{"href":"https:\/\/soydeaqui.ddns.net\/pachuca\/index.php\/wp-json\/wp\/v2\/product"}],"about":[{"href":"https:\/\/soydeaqui.ddns.net\/pachuca\/index.php\/wp-json\/wp\/v2\/types\/product"}],"replies":[{"embeddable":true,"href":"https:\/\/soydeaqui.ddns.net\/pachuca\/index.php\/wp-json\/wp\/v2\/comments?post=103421"}],"wp:featuredmedia":[{"embeddable":true,"href":"https:\/\/soydeaqui.ddns.net\/pachuca\/index.php\/wp-json\/wp\/v2\/media\/103420"}],"wp:attachment":[{"href":"https:\/\/soydeaqui.ddns.net\/pachuca\/index.php\/wp-json\/wp\/v2\/media?parent=103421"}],"wp:term":[{"taxonomy":"product_brand","embeddable":true,"href":"https:\/\/soydeaqui.ddns.net\/pachuca\/index.php\/wp-json\/wp\/v2\/product_brand?post=103421"},{"taxonomy":"product_cat","embeddable":true,"href":"https:\/\/soydeaqui.ddns.net\/pachuca\/index.php\/wp-json\/wp\/v2\/product_cat?post=103421"},{"taxonomy":"product_tag","embeddable":true,"href":"https:\/\/soydeaqui.ddns.net\/pachuca\/index.php\/wp-json\/wp\/v2\/product_tag?post=103421"}],"curies":[{"name":"wp","href":"https:\/\/api.w.org\/{rel}","templated":true}]}}