{"id":103415,"date":"2026-03-20T13:42:22","date_gmt":"2026-03-20T13:42:22","guid":{"rendered":"https:\/\/soydeaqui.ddns.net\/pachuca\/index.php\/producto\/cargador-dual-de-36w-2-puertos-usb-a-qualcomm-quick-charge-3-0-carga-rapida-tamano-compacto-enchufe-plegable-chip-inteligente\/"},"modified":"2026-03-20T13:42:24","modified_gmt":"2026-03-20T13:42:24","slug":"cargador-dual-de-36w-2-puertos-usb-a-qualcomm-quick-charge-3-0-carga-rapida-tamano-compacto-enchufe-plegable-chip-inteligente","status":"publish","type":"product","link":"https:\/\/soydeaqui.ddns.net\/pachuca\/index.php\/producto\/cargador-dual-de-36w-2-puertos-usb-a-qualcomm-quick-charge-3-0-carga-rapida-tamano-compacto-enchufe-plegable-chip-inteligente\/","title":{"rendered":"Cargador dual de 36W \/ 2 Puertos USB-A \/ Qualcomm Quick Charge 3.0\/ Carga R\u00e1pida \/ Tama\u00f1o Compacto \/ Enchufe Plegable \/ Chip Inteligente"},"content":{"rendered":"<div style='width: 100%; max-width: 1200px; margin: 0 auto; font-family: sans-serif; line-height: 1.6; color: inherit; background-color: transparent;'> <!-- Im\u00e1genes --> <\/p>\n<div style='display: flex; flex-wrap: wrap; gap: 15px; margin-bottom: 30px;'>\n<div style='flex: 1 1 300px; min-width: 280px;'> <img style='width: 100%; height: auto; border: 1px solid rgba(150&comma;150&comma;150&comma;0.3); border-radius: 8px;' src='http:\/\/ftp3.syscom.mx\/usuarios\/hallende\/UGREEN2\/Cargadores\/70151\/70151-1.jpg' alt=''> <\/div>\n<div style='flex: 1 1 300px; min-width: 280px;'> <img style='width: 100%; height: auto; border: 1px solid rgba(150&comma;150&comma;150&comma;0.3); border-radius: 8px;' src='http:\/\/ftp3.syscom.mx\/usuarios\/hallende\/UGREEN2\/Cargadores\/70151\/70151-2.jpg' alt=''> <\/div>\n<\/p><\/div>\n<p> <!-- Secci\u00f3n de caracter\u00edsticas principales --> <\/p>\n<div style='display: flex; flex-wrap: wrap; gap: 30px; margin-bottom: 30px;'>\n<div style='flex: 1 1 300px; min-width: 280px;'>\n<h3 style='font-size: 22px; border-bottom: 2px solid currentColor; padding-bottom: 5px; margin-top: 0; color: inherit; opacity: 0.8;'>Caracter\u00edsticas Principales<\/h3>\n<ul style='padding-left: 20px; font-size: 15px; color: inherit;'>\n<li style='margin-bottom: 5px;'>Tecnolog\u00eda avanzada Qualcomm Quick Charge 3.0<\/li>\n<li style='margin-bottom: 5px;'>Protecci\u00f3n contra sobre voltaje de entrada<\/li>\n<li style='margin-bottom: 5px;'>Protecci\u00f3n contra sobre corriente&comma; sobrecalentamiento y cortocircuito de salida<\/li>\n<li style='margin-bottom: 5px;'>Certificado con est\u00e1ndares UL&comma; FCC&comma; PSE&comma; CE<\/li>\n<\/ul><\/div>\n<p> <!-- Especificaciones t\u00e9cnicas --> <\/p>\n<div style='flex: 1 1 300px; min-width: 280px;'>\n<h3 style='font-size: 22px; border-bottom: 2px solid currentColor; padding-bottom: 5px; margin-top: 0; color: inherit; opacity: 0.8;'>Especificaciones T\u00e9cnicas<\/h3>\n<ul style='padding-left: 20px; font-size: 15px; color: inherit;'>\n<li style='margin-bottom: 5px;'><strong>Entrada:<\/strong> 100-240V\uff5e 50\/60Hz 1A M\u00e1x.<\/li>\n<li style='margin-bottom: 5px;'><strong>Salida por puerto:<\/strong> 5V\/3A&comma; 9V\/2A&comma; 12V\/1.5A<\/li>\n<li style='margin-bottom: 5px;'><strong>Salida total:<\/strong> 36W M\u00e1x.<\/li>\n<li style='margin-bottom: 5px;'><strong>N\u00famero de puertos:<\/strong> 2 USB-A<\/li>\n<li style='margin-bottom: 5px;'><strong>Tecnolog\u00eda de carga r\u00e1pida:<\/strong> Qualcomm Quick Charge 3.0<\/li>\n<li style='margin-bottom: 5px;'><strong>Protecciones:<\/strong> Sobre voltaje&comma; sobre corriente&comma; sobre temperatura&comma; cortocircuito<\/li>\n<li style='margin-bottom: 5px;'><strong>Material:<\/strong> Ign\u00edfugo<\/li>\n<li style='margin-bottom: 5px;'><strong>Caracter\u00edsticas adicionales:<\/strong> Enchufe plegable&comma; dise\u00f1o compacto port\u00e1til<\/li>\n<\/ul><\/div>\n<\/p><\/div>\n<p> <!-- Secci\u00f3n de compatibilidad --> <\/p>\n<div style='display: flex; flex-wrap: wrap; gap: 30px; margin-bottom: 30px;'>\n<div style='flex: 1 1 300px; min-width: 280px;'>\n<h3 style='font-size: 22px; border-bottom: 2px solid currentColor; padding-bottom: 5px; margin-top: 0; color: inherit; opacity: 0.8;'>Compatibilidad<\/h3>\n<ul style='padding-left: 20px; font-size: 15px; color: inherit;'>\n<li style='margin-bottom: 5px;'>Samsung Galaxy S20&comma; S10&comma; S9&comma; S8&comma; S8+&comma; Note 8<\/li>\n<li style='margin-bottom: 5px;'>A10s&comma; A21s&comma; A51<\/li>\n<li style='margin-bottom: 5px;'>Google Pixel<\/li>\n<li style='margin-bottom: 5px;'>iPhone&comma; iPad<\/li>\n<li style='margin-bottom: 5px;'>Huawei P30&comma; P20 Lite&comma; Mate 10&comma; P10&comma; Mate 9<\/li>\n<li style='margin-bottom: 5px;'>Nexus 5X&comma; 6P<\/li>\n<li style='margin-bottom: 5px;'>Moto G7&comma; G6<\/li>\n<li style='margin-bottom: 5px;'>Nokia 7.1<\/li>\n<li style='margin-bottom: 5px;'>OnePlus 7<\/li>\n<li style='margin-bottom: 5px;'>GoPro<\/li>\n<li style='margin-bottom: 5px;'>Nintendo Switch<\/li>\n<li style='margin-bottom: 5px;'>Power Bank<\/li>\n<li style='margin-bottom: 5px;'>Controlador PS4<\/li>\n<li style='margin-bottom: 5px;'>Altavoz Bluetooth<\/li>\n<\/ul><\/div>\n<p> <!-- Funcionalidades --> <\/p>\n<div style='flex: 1 1 300px; min-width: 280px;'>\n<h3 style='font-size: 22px; border-bottom: 2px solid currentColor; padding-bottom: 5px; margin-top: 0; color: inherit; opacity: 0.8;'>Funcionalidades<\/h3>\n<ul style='padding-left: 20px; font-size: 15px; color: inherit;'>\n<li style='margin-bottom: 5px;'>Carga r\u00e1pida para dos dispositivos simult\u00e1neamente<\/li>\n<li style='margin-bottom: 5px;'>Cada puerto ofrece hasta 18W de potencia<\/li>\n<li style='margin-bottom: 5px;'>Tecnolog\u00eda inteligente para carga \u00f3ptima<\/li>\n<li style='margin-bottom: 5px;'>Soporta AFC&comma; FCP y BC 1.2<\/li>\n<li style='margin-bottom: 5px;'>Dise\u00f1o compacto y port\u00e1til para viaje<\/li>\n<li style='margin-bottom: 5px;'>Carga est\u00e1ndar para dispositivos sin tecnolog\u00eda r\u00e1pida<\/li>\n<\/ul><\/div>\n<\/p><\/div>\n<p> <!-- Secci\u00f3n de seguridad --> <\/p>\n<div style='display: flex; flex-wrap: wrap; gap: 30px; margin-bottom: 30px;'>\n<div style='flex: 1 1 300px; min-width: 280px;'>\n<h3 style='font-size: 22px; border-bottom: 2px solid currentColor; padding-bottom: 5px; margin-top: 0; color: inherit; opacity: 0.8;'>Seguridad<\/h3>\n<ul style='padding-left: 20px; font-size: 15px; color: inherit;'>\n<li style='margin-bottom: 5px;'>Material ign\u00edfugo para mayor seguridad<\/li>\n<li style='margin-bottom: 5px;'>Sistema de protecci\u00f3n contra sobrecargas<\/li>\n<li style='margin-bottom: 5px;'>Protecci\u00f3n contra sobrecalentamiento<\/li>\n<li style='margin-bottom: 5px;'>Protecci\u00f3n contra cortocircuitos<\/li>\n<li style='margin-bottom: 5px;'>Cumple con est\u00e1ndares de seguridad internacionales<\/li>\n<\/ul><\/div>\n<p> <!-- Certificaciones --> <\/p>\n<div style='flex: 1 1 300px; min-width: 280px;'>\n<h3 style='font-size: 22px; border-bottom: 2px solid currentColor; padding-bottom: 5px; margin-top: 0; color: inherit; opacity: 0.8;'>Certificaciones<\/h3>\n<ul style='padding-left: 20px; font-size: 15px; color: inherit;'>\n<li style='margin-bottom: 5px;'>UL (Underwriters Laboratories)<\/li>\n<li style='margin-bottom: 5px;'>FCC (Federal Communications Commission)<\/li>\n<li style='margin-bottom: 5px;'>PSE (Product Safety Electrical Appliance &#038; Material)<\/li>\n<li style='margin-bottom: 5px;'>CE (Conformidad Europea)<\/li>\n<\/ul><\/div>\n<\/p><\/div>\n<p> <!-- Separador --> <\/p>\n<hr style='border: 0; border-top: 1px solid rgba(150&comma; 150&comma; 150&comma; 0.3); margin: 30px 0;'> <\/div>\n","protected":false},"excerpt":{"rendered":"<p>Cargador dual de 36W \/ 2 Puertos USB-A \/ Qualcomm Quick Charge 3.0\/ Carga R\u00e1pida \/ Tama\u00f1o Compacto \/ Enchufe Plegable \/ Chip Inteligente<\/p>\n","protected":false},"featured_media":32,"comment_status":"open","ping_status":"closed","template":"","meta":[],"product_brand":[],"product_cat":[1235],"product_tag":[417,1236,650],"class_list":{"0":"post-103415","1":"product","2":"type-product","3":"status-publish","4":"has-post-thumbnail","6":"product_cat-accesorios-para-computadora-y-smartphones","7":"product_tag-accesorios-generales","8":"product_tag-accesorios-para-computadora-y-smartphones","9":"product_tag-ugreen","11":"first","12":"outofstock","13":"sale","14":"shipping-taxable","15":"purchasable","16":"product-type-simple"},"_links":{"self":[{"href":"https:\/\/soydeaqui.ddns.net\/pachuca\/index.php\/wp-json\/wp\/v2\/product\/103415","targetHints":{"allow":["GET"]}}],"collection":[{"href":"https:\/\/soydeaqui.ddns.net\/pachuca\/index.php\/wp-json\/wp\/v2\/product"}],"about":[{"href":"https:\/\/soydeaqui.ddns.net\/pachuca\/index.php\/wp-json\/wp\/v2\/types\/product"}],"replies":[{"embeddable":true,"href":"https:\/\/soydeaqui.ddns.net\/pachuca\/index.php\/wp-json\/wp\/v2\/comments?post=103415"}],"wp:featuredmedia":[{"embeddable":true,"href":"https:\/\/soydeaqui.ddns.net\/pachuca\/index.php\/wp-json\/wp\/v2\/media\/32"}],"wp:attachment":[{"href":"https:\/\/soydeaqui.ddns.net\/pachuca\/index.php\/wp-json\/wp\/v2\/media?parent=103415"}],"wp:term":[{"taxonomy":"product_brand","embeddable":true,"href":"https:\/\/soydeaqui.ddns.net\/pachuca\/index.php\/wp-json\/wp\/v2\/product_brand?post=103415"},{"taxonomy":"product_cat","embeddable":true,"href":"https:\/\/soydeaqui.ddns.net\/pachuca\/index.php\/wp-json\/wp\/v2\/product_cat?post=103415"},{"taxonomy":"product_tag","embeddable":true,"href":"https:\/\/soydeaqui.ddns.net\/pachuca\/index.php\/wp-json\/wp\/v2\/product_tag?post=103415"}],"curies":[{"name":"wp","href":"https:\/\/api.w.org\/{rel}","templated":true}]}}