{"id":103413,"date":"2026-03-20T13:42:15","date_gmt":"2026-03-20T13:42:15","guid":{"rendered":"https:\/\/soydeaqui.ddns.net\/pachuca\/index.php\/producto\/domo-ip-5-megapixeles-lente-2-8-mm-40-mts-ir-ultra-baja-iluminacion-ndaa-onvif-ip67-ik10-ia-filtro-de-humanos-y-vehiculos-conteo-de-personas-merodeo-h-265-poe-alarmas-i-o\/"},"modified":"2026-03-20T13:42:16","modified_gmt":"2026-03-20T13:42:16","slug":"domo-ip-5-megapixeles-lente-2-8-mm-40-mts-ir-ultra-baja-iluminacion-ndaa-onvif-ip67-ik10-ia-filtro-de-humanos-y-vehiculos-conteo-de-personas-merodeo-h-265-poe-alarmas-i-o","status":"publish","type":"product","link":"https:\/\/soydeaqui.ddns.net\/pachuca\/index.php\/producto\/domo-ip-5-megapixeles-lente-2-8-mm-40-mts-ir-ultra-baja-iluminacion-ndaa-onvif-ip67-ik10-ia-filtro-de-humanos-y-vehiculos-conteo-de-personas-merodeo-h-265-poe-alarmas-i-o\/","title":{"rendered":"Domo IP 5 Megap\u00edxeles \/ Lente 2.8 mm \/ 40 mts IR \/ Ultra Baja Iluminaci\u00f3n \/  NDAA \/ ONVIF \/ IP67 \/ IK10 \/ IA (Filtro de Humanos y Vehiculos) \/ Conteo de Personas \/ Merodeo \/ H.265 \/ PoE \/ Alarmas I\/O \/ Serie 35 \/ Honeywell Security"},"content":{"rendered":"<div style='width: 100%; max-width: 1200px; margin: 0 auto; font-family: sans-serif; line-height: 1.6; color: inherit; background-color: transparent;'>\n<div style='width: 100%; max-width: 1200px; margin: 0 auto; font-family: sans-serif; line-height: 1.6; color: inherit; background-color: transparent;'> <img style='width: 100%; height: auto; border: 1px solid rgba(150&comma;150&comma;150&comma;0.3); border-radius: 8px;' src='https:\/\/ftp3.syscom.mx\/usuarios\/pnunez\/Honeywell\/HC30WE5R2\/Imagenes\/banner-honeywell.jpg' alt='Banner Honeywell'> <img style='width: 100%; height: auto; border: 1px solid rgba(150&comma;150&comma;150&comma;0.3); border-radius: 8px;' src='https:\/\/ftp3.syscom.mx\/usuarios\/pnunez\/Honeywell\/Banners\/syscom-stock-disponible%20%281%29.jpg' alt='Stock disponible'> <\/div>\n<div style='display: flex; flex-wrap: wrap; gap: 30px; margin-bottom: 30px;'>\n<div style='flex: 1 1 300px; min-width: 280px;'>\n<h3 style='font-size: 22px; border-bottom: 2px solid currentColor; padding-bottom: 5px; margin-top: 0; color: inherit; opacity: 0.8;'>Caracter\u00edsticas de la C\u00e1mara<\/h3>\n<ul style='padding-left: 20px; font-size: 15px; color: inherit;'>\n<li style='margin-bottom: 5px;'><strong>Resoluci\u00f3n m\u00e1xima:<\/strong> 5 Megap\u00edxel (2592 x 1944) a 30FPS.<\/li>\n<li style='margin-bottom: 5px;'><strong>Compresi\u00f3n:<\/strong> H.265 HEVC&comma;H.264&comma; MJPEG&comma; Smart Codec.<\/li>\n<li style='margin-bottom: 5px;'><strong>Lente Varifocal Motorizado:<\/strong> 2.8mm.<\/li>\n<li style='margin-bottom: 5px;'><strong>\u00c1ngulo de Visi\u00f3n:<\/strong> 93\u00b0 H \/ 68\u00b0 V.<\/li>\n<li style='margin-bottom: 5px;'><strong>Distancia de IR:<\/strong> 40m IR inteligente.<\/li>\n<li style='margin-bottom: 5px;'><strong>Sensor de imagen:<\/strong> 1\/2.8 Scan Progresivo CMOS.<\/li>\n<li style='margin-bottom: 5px;'><strong>Iluminaci\u00f3n m\u00ednima:<\/strong> Color: 0.007 Lux&comma; B\/N: 0Lux con IR encendido @F1.6<\/li>\n<li style='margin-bottom: 5px;'><strong>D\u00eda \/ Noche:<\/strong> Auto (ICR) \/ Color \/ B\/N.<\/li>\n<li style='margin-bottom: 5px;'><strong>Compensaci\u00f3n de luz:<\/strong> WDR&comma; BLC&comma; HLC.<\/li>\n<\/ul><\/div>\n<div style='flex: 1 1 300px; min-width: 280px;'>\n<h3 style='font-size: 22px; border-bottom: 2px solid currentColor; padding-bottom: 5px; margin-top: 0; color: inherit; opacity: 0.8;'>Caracter\u00edsticas Generales<\/h3>\n<ul style='padding-left: 20px; font-size: 15px; color: inherit;'>\n<li style='margin-bottom: 5px;'><strong>Video anal\u00edticos embebidos:<\/strong> Detecci\u00f3n Sabotaje (Tampering)&comma; Movimiento y Regi\u00f3n de Interes.Contador de personas&comma; Intrusi\u00f3n&comma; Manipulaci\u00f3n&comma; Detecci\u00f3n de movimiento inteligente (SMD)&comma; Detecci\u00f3n de movimiento.<\/li>\n<li style='margin-bottom: 5px;'><strong>Mascara de privacidad:<\/strong> 4 zonas.<\/li>\n<li style='margin-bottom: 5px;'><strong>Certificaci\u00f3n NDAA.<\/strong><\/li>\n<\/ul>\n<h3 style='font-size: 22px; border-bottom: 2px solid currentColor; padding-bottom: 5px; margin-top: 20px; color: inherit; opacity: 0.8;'>Funciones de Red y Almacenamiento<\/h3>\n<ul style='padding-left: 20px; font-size: 15px; color: inherit;'>\n<li style='margin-bottom: 5px;'><strong>Soporta microSD:<\/strong> Hasta 256GB (no incluida).<\/li>\n<li style='margin-bottom: 5px;'><strong>Puerto Ethernet:<\/strong> RJ45 10\/100 Mbps.<\/li>\n<li style='margin-bottom: 5px;'><strong>ONVIF:<\/strong> Profile S&comma; G&comma; T.<\/li>\n<\/ul><\/div>\n<div style='flex: 1 1 300px; min-width: 280px;'>\n<h3 style='font-size: 22px; border-bottom: 2px solid currentColor; padding-bottom: 5px; margin-top: 0; color: inherit; opacity: 0.8;'>Caracter\u00edsticas F\u00edsicas y El\u00e9ctricas<\/h3>\n<ul style='padding-left: 20px; font-size: 15px; color: inherit;'>\n<li style='margin-bottom: 5px;'><strong>Temperatura de operaci\u00f3n:<\/strong> -40 a 60 \u00b0C<\/li>\n<li style='margin-bottom: 5px;'><strong>Alimentaci\u00f3n:<\/strong> 12Vcc&comma; PoE (802.3af) Clase 0 \/ 4.08 W.<\/li>\n<li style='margin-bottom: 5px;'><strong>Protecci\u00f3n:<\/strong> IP66 \/ IP67 \/ IK10.<\/li>\n<li style='margin-bottom: 5px;'><strong>Audio I\/O<\/strong><\/li>\n<li style='margin-bottom: 5px;'><strong>Dimensiones:<\/strong> 110.0 mm \u00d7 85.6 mm.<\/li>\n<li style='margin-bottom: 5px;'><strong>Peso:<\/strong> 0.56 Kg.<\/li>\n<li style='margin-bottom: 5px;'><strong>Garant\u00eda:<\/strong> 5 a\u00f1os.<\/li>\n<\/ul><\/div>\n<\/p><\/div>\n<div style='width: 100%; max-width: 1200px; margin: 0 auto; font-family: sans-serif; line-height: 1.6; color: inherit; background-color: transparent;'> <img style='width: 100%; height: auto; border: 1px solid rgba(150&comma;150&comma;150&comma;0.3); border-radius: 8px;' src='https:\/\/ftp3.syscom.mx\/usuarios\/pnunez\/Honeywell\/HC35W45R2\/medidashc35w45r2.PNG' alt='Medidas HC35W45R2'> <img style='width: 100%; height: auto; border: 1px solid rgba(150&comma;150&comma;150&comma;0.3); border-radius: 8px;' src='https:\/\/ftp3.syscom.mx\/usuarios\/pnunez\/Honeywell\/NDAA\/NDAA-HONEYWELL.jpg' alt='Certificaci\u00f3n NDAA'> <\/div>\n<div style='width: 100%; max-width: 1200px; margin: 0 auto; font-family: sans-serif; line-height: 1.6; color: inherit; background-color: transparent;'>\n<div style='position: relative; padding-bottom: 56.25%; height: 0; overflow: hidden; margin-bottom: 30px;'>   <\/div>\n<\/p><\/div>\n<\/p><\/div>\n","protected":false},"excerpt":{"rendered":"<p>Domo IP 5 Megap\u00edxeles \/ Lente 2.8 mm \/ 40 mts IR \/ Ultra Baja Iluminaci\u00f3n \/  NDAA \/ ONVIF \/ IP67 \/ IK10 \/ IA (Filtro de Humanos y Vehiculos) \/ Conteo de Personas \/ Merodeo \/ H.265 \/ PoE \/ Alarmas I\/O \/ Serie 35 \/ Honeywell Security<\/p>\n","protected":false},"featured_media":103412,"comment_status":"open","ping_status":"closed","template":"","meta":[],"product_brand":[],"product_cat":[2056],"product_tag":[122,2057,209],"class_list":{"0":"post-103413","1":"product","2":"type-product","3":"status-publish","4":"has-post-thumbnail","6":"product_cat-domo-eyeball-turret","7":"product_tag-camaras-ip-y-nvrs","8":"product_tag-domo-eyeball-turret","9":"product_tag-honeywell","11":"first","12":"instock","13":"sale","14":"shipping-taxable","15":"purchasable","16":"product-type-simple"},"_links":{"self":[{"href":"https:\/\/soydeaqui.ddns.net\/pachuca\/index.php\/wp-json\/wp\/v2\/product\/103413","targetHints":{"allow":["GET"]}}],"collection":[{"href":"https:\/\/soydeaqui.ddns.net\/pachuca\/index.php\/wp-json\/wp\/v2\/product"}],"about":[{"href":"https:\/\/soydeaqui.ddns.net\/pachuca\/index.php\/wp-json\/wp\/v2\/types\/product"}],"replies":[{"embeddable":true,"href":"https:\/\/soydeaqui.ddns.net\/pachuca\/index.php\/wp-json\/wp\/v2\/comments?post=103413"}],"wp:featuredmedia":[{"embeddable":true,"href":"https:\/\/soydeaqui.ddns.net\/pachuca\/index.php\/wp-json\/wp\/v2\/media\/103412"}],"wp:attachment":[{"href":"https:\/\/soydeaqui.ddns.net\/pachuca\/index.php\/wp-json\/wp\/v2\/media?parent=103413"}],"wp:term":[{"taxonomy":"product_brand","embeddable":true,"href":"https:\/\/soydeaqui.ddns.net\/pachuca\/index.php\/wp-json\/wp\/v2\/product_brand?post=103413"},{"taxonomy":"product_cat","embeddable":true,"href":"https:\/\/soydeaqui.ddns.net\/pachuca\/index.php\/wp-json\/wp\/v2\/product_cat?post=103413"},{"taxonomy":"product_tag","embeddable":true,"href":"https:\/\/soydeaqui.ddns.net\/pachuca\/index.php\/wp-json\/wp\/v2\/product_tag?post=103413"}],"curies":[{"name":"wp","href":"https:\/\/api.w.org\/{rel}","templated":true}]}}