{"id":103399,"date":"2026-03-20T13:41:33","date_gmt":"2026-03-20T13:41:33","guid":{"rendered":"https:\/\/soydeaqui.ddns.net\/pachuca\/index.php\/producto\/monitor-ip-sip-para-interior-con-android-wi-fi-bluetooth-pantalla-tactil-de-7-audio-de-2-vias-poe-8-interfaces-de-entrada-de-alarma\/"},"modified":"2026-03-20T13:41:43","modified_gmt":"2026-03-20T13:41:43","slug":"monitor-ip-sip-para-interior-con-android-wi-fi-bluetooth-pantalla-tactil-de-7-audio-de-2-vias-poe-8-interfaces-de-entrada-de-alarma","status":"publish","type":"product","link":"https:\/\/soydeaqui.ddns.net\/pachuca\/index.php\/producto\/monitor-ip-sip-para-interior-con-android-wi-fi-bluetooth-pantalla-tactil-de-7-audio-de-2-vias-poe-8-interfaces-de-entrada-de-alarma\/","title":{"rendered":"Monitor IP\/SIP para interior con Android, Wi-Fi, Bluetooth, pantalla t\u00e1ctil de 7&#8243;, audio de 2 v\u00edas, PoE, 8 interfaces de entrada de alarma."},"content":{"rendered":"<div style='width: 100%; max-width: 1200px; margin: 0 auto; font-family: sans-serif; line-height: 1.6; color: inherit; background-color: transparent;'> <!-- Descripci\u00f3n principal --> <\/p>\n<div style='display: flex; flex-wrap: wrap; gap: 30px; margin-bottom: 30px;'>\n<div style='flex: 1 1 300px; min-width: 280px;'>\n<h2 style='font-size: 24px; margin-top: 0; color: inherit;'>Monitor SIP\/IP para interior con Android&comma; Wi-Fi y pantalla a t\u00e1ctil de 7 pulgadas.<\/h2>\n<p style='font-size: 15px; color: inherit;'>La estaci\u00f3n interior Fanvil i55A cuenta con una pantalla t\u00e1ctil a color de 7 pulgadas con una interfaz de usuario intuitiva. Basado en el sistema operativo Android 9.0&comma; cumple con las necesidades de personalizaci\u00f3n de aplicaciones de la industria y desarrollo secundario. Con potentes funcionalidades como apertura remota de puertas y monitoreo en tiempo real para dispositivos de seguridad&comma; i55A sirve como asistente de administraci\u00f3n para comunidades&comma; villas y edificios de oficinas.<\/p>\n<\/p><\/div>\n<\/p><\/div>\n<p> <!-- Caracter\u00edsticas principales --> <\/p>\n<div style='display: flex; flex-wrap: wrap; gap: 20px; margin-bottom: 30px;'>\n<div style='flex: 1 1 250px; border: 1px solid rgba(150&comma; 150&comma; 150&comma; 0.4); border-radius: 8px; overflow: hidden; display: flex; flex-direction: column;'>\n<div style='padding: 15px; border-bottom: 1px solid rgba(150&comma; 150&comma; 150&comma; 0.2); font-weight: bold; font-size: 18px; color: inherit;'>Caracter\u00edsticas principales<\/div>\n<div style='padding: 15px; color: inherit;'>\n<ul style='padding-left: 20px; margin: 0; font-size: 14px; list-style-type: disc;'>\n<li style='margin-bottom: 5px;'>Bluetooth 5.0 integrado y Wi-Fi de 2.4 y 5 GHz<\/li>\n<li style='margin-bottom: 5px;'>Sistema operativo Android 9.0&comma; que satisface las necesidades de personalizaci\u00f3n de las aplicaciones industriales y el desarrollo secundario.<\/li>\n<li style='margin-bottom: 5px;'>Pantalla t\u00e1ctil a color capacitiva de 7 pulgadas (1024 \u00d7 600)<\/li>\n<li style='margin-bottom: 5px;'>Dise\u00f1o de panel de aluminio y cinco botones f\u00edsicos&comma; confiable y duradero<\/li>\n<li style='margin-bottom: 5px;'>Ver video en tiempo real de videoporteros con c\u00f3dec de video H.264 y alta resoluci\u00f3n 1080P<\/li>\n<li style='margin-bottom: 5px;'>Calidad de voz HD con altavoces dobles integrados de 1&comma;5 W y eco ac\u00fastico<\/li>\n<li style='margin-bottom: 5px;'>2 L\u00edneas SIP<\/li>\n<li style='margin-bottom: 5px;'>C\u00f3dec de banda estrecha: G.711a \/ u&comma; G.729AB&comma; iLBC<\/li>\n<li style='margin-bottom: 5px;'>Admite PoE&comma; instalaci\u00f3n montada en la pared<\/li>\n<li style='margin-bottom: 5px;'>C\u00f3dec de banda ancha: G.722&comma; Opus<\/li>\n<li style='margin-bottom: 5px;'>Admite cancelador de eco ac\u00fastico (AEC)<\/li>\n<li style='margin-bottom: 5px;'>C\u00f3dec de video: H.264<\/li>\n<li style='margin-bottom: 5px;'>Resoluci\u00f3n de videollamada: CIF \/ 4CIF \/ QVGA \/ VGA \/ 720P \/ 1080P<\/li>\n<li style='margin-bottom: 5px;'>Interfaz de usuario intuitiva con iconos<\/li>\n<li style='margin-bottom: 5px;'>Compatible con las principales plataformas: Asterisk&comma; Broadsoft&comma; 3CX&comma; Metaswitch&comma; Elastix&comma; Avaya etc.<\/li>\n<li style='margin-bottom: 5px;'><strong>Garant\u00eda: 1 a\u00f1o.<\/strong><\/li>\n<\/ul><\/div>\n<\/p><\/div>\n<p> <!-- Caracter\u00edsticas F\u00edsicas y El\u00e9ctricas --> <\/p>\n<div style='flex: 1 1 250px; border: 1px solid rgba(150&comma; 150&comma; 150&comma; 0.4); border-radius: 8px; overflow: hidden; display: flex; flex-direction: column;'>\n<div style='padding: 15px; border-bottom: 1px solid rgba(150&comma; 150&comma; 150&comma; 0.2); font-weight: bold; font-size: 18px; color: inherit;'>Caracter\u00edsticas F\u00edsicas y El\u00e9ctricas<\/div>\n<div style='padding: 15px; color: inherit;'>\n<ul style='padding-left: 20px; margin: 0; font-size: 14px; list-style-type: disc;'>\n<li style='margin-bottom: 5px;'>Interfaz RJ45 x1<\/li>\n<li style='margin-bottom: 5px;'>Interfaz RS485 x1<\/li>\n<li style='margin-bottom: 5px;'>Interfaz de entrada de alarma x8<\/li>\n<li style='margin-bottom: 5px;'>Interfaz Micro USB x1<\/li>\n<li style='margin-bottom: 5px;'>Interfaz DC x1<\/li>\n<li style='margin-bottom: 5px;'>2 teclas de funci\u00f3n<\/li>\n<li style='margin-bottom: 5px;'>(tecla del centro del administrador\/tecla del monitor\/desbloqueo) Tecla\/Retorno (tecla para colgar)\/Tecla de respuesta<\/li>\n<li style='margin-bottom: 5px;'>Entrada de alimentaci\u00f3n de CC: 12V \/ 1A<\/li>\n<li style='margin-bottom: 5px;'>Consumo de energ\u00eda (PoE): 1.44 ~ 4&comma;76 W<\/li>\n<li style='margin-bottom: 5px;'>Consumo de energ\u00eda (adaptador): 1&comma;25 ~ 4&comma;09 W<\/li>\n<li style='margin-bottom: 5px;'>Temperatura de trabajo: 0 ~ 45 \u00b0C<\/li>\n<li style='margin-bottom: 5px;'>Humedad de trabajo: 10 ~ 90%<\/li>\n<li style='margin-bottom: 5px;'>Montaje en pared incluido<\/li>\n<\/ul><\/div>\n<\/p><\/div>\n<p> <!-- Caracter\u00edsticas de Red --> <\/p>\n<div style='flex: 1 1 250px; border: 1px solid rgba(150&comma; 150&comma; 150&comma; 0.4); border-radius: 8px; overflow: hidden; display: flex; flex-direction: column;'>\n<div style='padding: 15px; border-bottom: 1px solid rgba(150&comma; 150&comma; 150&comma; 0.2); font-weight: bold; font-size: 18px; color: inherit;'>Caracter\u00edsticas de Red<\/div>\n<div style='padding: 15px; color: inherit;'>\n<ul style='padding-left: 20px; margin: 0; font-size: 14px; list-style-type: disc;'>\n<li style='margin-bottom: 5px;'>Ethernet de 10\/100 Mbps<\/li>\n<li style='margin-bottom: 5px;'>Modo IP: IPv4<\/li>\n<li style='margin-bottom: 5px;'>Wi-Fi incorporado<\/li>\n<li style='margin-bottom: 5px;'>Configuraci\u00f3n de IP: IP est\u00e1tica \/ DHCP<\/li>\n<li style='margin-bottom: 5px;'>VPN: OpenVPN (requiere soporte de aplicaciones de terceros)<\/li>\n<li style='margin-bottom: 5px;'>RTCP-XR (RFC3611)<\/li>\n<li style='margin-bottom: 5px;'>SIP2.0 sobre UDP \/ TCP \/ TLS<\/li>\n<li style='margin-bottom: 5px;'>RTP \/ RTCP \/ SRTP<\/li>\n<li style='margin-bottom: 5px;'>STUN<\/li>\n<li style='margin-bottom: 5px;'>IEEE802.1x<\/li>\n<li style='margin-bottom: 5px;'>SNTP<\/li>\n<li style='margin-bottom: 5px;'>FTP \/ TFTP<\/li>\n<li style='margin-bottom: 5px;'>HTTP \/ HTTPS<\/li>\n<li style='margin-bottom: 5px;'>TR-069<\/li>\n<\/ul><\/div>\n<\/p><\/div>\n<\/p><\/div>\n<p> <!-- Im\u00e1genes principales --> <\/p>\n<div style='display: flex; flex-wrap: wrap; gap: 30px; margin-bottom: 30px; justify-content: center;'> <img style='width: 100%; height: auto; border: 1px solid rgba(150&comma;150&comma;150&comma;0.3); border-radius: 8px;' src='https:\/\/www.fanvil.com\/upload\/images\/20220809\/1651hxh8t4.jpg' alt=''> <img style='width: 100%; height: auto; border: 1px solid rgba(150&comma;150&comma;150&comma;0.3); border-radius: 8px;' src='https:\/\/www.fanvil.com\/upload\/images\/20220809\/16516200b0.jpg' alt=''> <img style='width: 100%; height: auto; border: 1px solid rgba(150&comma;150&comma;150&comma;0.3); border-radius: 8px;' src='https:\/\/www.fanvil.com\/upload\/images\/20220809\/16510rx260.jpg' alt=''> <\/div>\n<p> <!-- Compatibilidad --> <\/p>\n<div style='display: flex; flex-wrap: wrap; gap: 30px; margin-bottom: 30px;'>\n<div style='flex: 1 1 300px; min-width: 280px;'>\n<h3 style='font-size: 20px; border-bottom: 2px solid currentColor; padding-bottom: 5px; margin-top: 0; color: inherit; opacity: 0.8;'>Compatibilidad con las marcas lideres en el mercado de Comunicaciones Unificadas<\/h3>\n<p> <img style='width: 100%; height: auto; border: 1px solid rgba(150&comma;150&comma;150&comma;0.3); border-radius: 8px;' src='https:\/\/ftp3.syscom.mx\/usuarios\/fotos\/X3U\/174449-marcas.png' alt=''> <\/div>\n<div style='flex: 1 1 300px; min-width: 280px;'>\n<h3 style='font-size: 18px; margin-top: 0; color: inherit;'>Compatibilidad con IP-PBX<\/h3>\n<ul style='padding-left: 20px; font-size: 14px; color: inherit;'>\n<li style='margin-bottom: 5px;'><strong>3CX.<\/strong><\/li>\n<li style='margin-bottom: 5px;'><strong>Grandstream<\/strong> (compatibilidad total).<\/li>\n<li style='margin-bottom: 5px;'>Avaya.<\/li>\n<li style='margin-bottom: 5px;'>Yeastar.<\/li>\n<li style='margin-bottom: 5px;'>Asterisk.<\/li>\n<\/ul>\n<h3 style='font-size: 18px; margin-top: 20px; color: inherit;'>Compatibilidad con Video Porteros IP Fanvil<\/h3>\n<ul style='padding-left: 20px; font-size: 14px; color: inherit;'>\n<li style='margin-bottom: 5px;'><a href='https:\/\/www.syscom.mx\/producto\/I32V-FANVIL-170912.html' target='_blank' rel='noopener' style='color: inherit; text-decoration: underline;'>i32V<strong>.<\/strong><\/a><\/li>\n<li style='margin-bottom: 5px;'><a href='https:\/\/www.syscom.mx\/producto\/I31S-D-TL-FANVIL-140395.html' target='_blank' rel='noopener' style='color: inherit; text-decoration: underline;'>i31SDTL.<\/a><\/li>\n<li style='margin-bottom: 5px;'><a href='https:\/\/www.syscom.mx\/producto\/I30-FANVIL-94568.html' target='_blank' rel='noopener' style='color: inherit; text-decoration: underline;'>I30.<\/a><\/li>\n<li style='margin-bottom: 5px;'><a href='https:\/\/www.syscom.mx\/producto\/I10V-FANVIL-170913.html' target='_blank' rel='noopener' style='color: inherit; text-decoration: underline;'>I10V<\/a>.<\/li>\n<li style='margin-bottom: 5px;'><a href='https:\/\/www.syscom.mx\/producto\/I33V-FANVIL-170911.html' target='_blank' rel='noopener' style='color: inherit; text-decoration: underline;'>I33V.<\/a><\/li>\n<li style='margin-bottom: 5px;'><a href='https:\/\/www.syscom.mx\/producto\/I16V-FANVIL-170910.html' target='_blank' rel='noopener' style='color: inherit; text-decoration: underline;'>i16v.<\/a><\/li>\n<li style='margin-bottom: 5px;'><a href='https:\/\/www.syscom.mx\/producto\/I18-S-01-FANVIL-87813.html' target='_blank' rel='noopener' style='color: inherit; text-decoration: underline;'>i18S01.<\/a><\/li>\n<\/ul><\/div>\n<\/p><\/div>\n<p> <!-- Diagrama de Implementaciones --> <\/p>\n<h2 style='font-size: 22px; margin-top: 30px; margin-bottom: 20px; color: inherit;'>Diagrama de Implementaciones<\/h2>\n<div style='display: flex; flex-wrap: wrap; gap: 30px; margin-bottom: 30px; justify-content: center;'> <img style='width: 100%; height: auto; border: 1px solid rgba(150&comma;150&comma;150&comma;0.3); border-radius: 8px;' src='https:\/\/ftp3.syscom.mx\/usuarios\/fotos\/I51W\/190844-captura_de_pantalla_2020-09-25_a_la(s)_17.23.49.png' alt=''> <img style='width: 100%; height: auto; border: 1px solid rgba(150&comma;150&comma;150&comma;0.3); border-radius: 8px;' src='https:\/\/ftp3.syscom.mx\/usuarios\/fotos\/I51W\/190844-captura_de_pantalla_2020-09-25_a_la(s)_17.27.17.png' alt=''> <img style='width: 100%; height: auto; border: 1px solid rgba(150&comma;150&comma;150&comma;0.3); border-radius: 8px;' src='https:\/\/ftp3.syscom.mx\/usuarios\/fotos\/I51W\/190844-captura_de_pantalla_2020-09-25_a_la(s)_17.29.30.png' alt=''> <\/div>\n<p> <!-- Separador final --> <\/p>\n<hr style='border: 0; border-top: 1px solid rgba(150&comma; 150&comma; 150&comma; 0.3); margin: 30px 0;'> <\/div>\n","protected":false},"excerpt":{"rendered":"<p>Monitor IP\/SIP para interior con Android, Wi-Fi, Bluetooth, pantalla t\u00e1ctil de 7&#8243;, audio de 2 v\u00edas, PoE, 8 interfaces de entrada de alarma.<\/p>\n","protected":false},"featured_media":103398,"comment_status":"open","ping_status":"closed","template":"","meta":[],"product_brand":[],"product_cat":[894],"product_tag":[859,820,557],"class_list":{"0":"post-103399","1":"product","2":"type-product","3":"status-publish","4":"has-post-thumbnail","6":"product_cat-multiapartamentos-videoporteros-e-interfonos","7":"product_tag-fanvil","8":"product_tag-multiapartamentos","9":"product_tag-videoporteros-e-interfonos","11":"first","12":"instock","13":"sale","14":"shipping-taxable","15":"purchasable","16":"product-type-simple"},"_links":{"self":[{"href":"https:\/\/soydeaqui.ddns.net\/pachuca\/index.php\/wp-json\/wp\/v2\/product\/103399","targetHints":{"allow":["GET"]}}],"collection":[{"href":"https:\/\/soydeaqui.ddns.net\/pachuca\/index.php\/wp-json\/wp\/v2\/product"}],"about":[{"href":"https:\/\/soydeaqui.ddns.net\/pachuca\/index.php\/wp-json\/wp\/v2\/types\/product"}],"replies":[{"embeddable":true,"href":"https:\/\/soydeaqui.ddns.net\/pachuca\/index.php\/wp-json\/wp\/v2\/comments?post=103399"}],"wp:featuredmedia":[{"embeddable":true,"href":"https:\/\/soydeaqui.ddns.net\/pachuca\/index.php\/wp-json\/wp\/v2\/media\/103398"}],"wp:attachment":[{"href":"https:\/\/soydeaqui.ddns.net\/pachuca\/index.php\/wp-json\/wp\/v2\/media?parent=103399"}],"wp:term":[{"taxonomy":"product_brand","embeddable":true,"href":"https:\/\/soydeaqui.ddns.net\/pachuca\/index.php\/wp-json\/wp\/v2\/product_brand?post=103399"},{"taxonomy":"product_cat","embeddable":true,"href":"https:\/\/soydeaqui.ddns.net\/pachuca\/index.php\/wp-json\/wp\/v2\/product_cat?post=103399"},{"taxonomy":"product_tag","embeddable":true,"href":"https:\/\/soydeaqui.ddns.net\/pachuca\/index.php\/wp-json\/wp\/v2\/product_tag?post=103399"}],"curies":[{"name":"wp","href":"https:\/\/api.w.org\/{rel}","templated":true}]}}