{"id":103395,"date":"2026-03-20T13:41:23","date_gmt":"2026-03-20T13:41:23","guid":{"rendered":"https:\/\/soydeaqui.ddns.net\/pachuca\/index.php\/producto\/cargador-de-65w-serie-nexode-1-puerto-usb-c-de-carga-rapida-tecnologia-gan-power-delivery-3-0-quick-charge-4-0-chip-confiable-y-carga-inteligente-distribucion-inteligente-de-energia-mayo\/"},"modified":"2026-03-20T13:41:25","modified_gmt":"2026-03-20T13:41:25","slug":"cargador-de-65w-serie-nexode-1-puerto-usb-c-de-carga-rapida-tecnologia-gan-power-delivery-3-0-quick-charge-4-0-chip-confiable-y-carga-inteligente-distribucion-inteligente-de-energia-mayo","status":"publish","type":"product","link":"https:\/\/soydeaqui.ddns.net\/pachuca\/index.php\/producto\/cargador-de-65w-serie-nexode-1-puerto-usb-c-de-carga-rapida-tecnologia-gan-power-delivery-3-0-quick-charge-4-0-chip-confiable-y-carga-inteligente-distribucion-inteligente-de-energia-mayo\/","title":{"rendered":"Cargador de 65W serie Nexode \/ 1 Puerto USB-C de Carga R\u00e1pida \/Tecnolog\u00eda GaN \/ Power Delivery 3.0 \/ Quick Charge 4.0 \/ Chip Confiable y Carga Inteligente \/ Distribuci\u00f3n Inteligente de Energ\u00eda  \/ Mayor Eficiencia Energ\u00e9t"},"content":{"rendered":"<div style='width: 100%; max-width: 1200px; margin: 0 auto; font-family: sans-serif; line-height: 1.6; color: inherit; background-color: transparent;'> <!-- Im\u00e1genes del producto --> <\/p>\n<div style='display: flex; flex-wrap: wrap; gap: 20px; margin-bottom: 30px;'>\n<div style='flex: 1 1 300px; min-width: 280px;'> <img style='width: 100%; height: auto; border: 1px solid rgba(150&comma;150&comma;150&comma;0.3); border-radius: 8px;' src='http:\/\/ftp3.syscom.mx\/usuarios\/hallende\/UGREEN2\/Cargadores\/70816\/70816-1.jpg' alt=''> <\/div>\n<div style='flex: 1 1 300px; min-width: 280px;'> <img style='width: 100%; height: auto; border: 1px solid rgba(150&comma;150&comma;150&comma;0.3); border-radius: 8px;' src='http:\/\/ftp3.syscom.mx\/usuarios\/hallende\/UGREEN2\/Cargadores\/70816\/70816-2.jpg' alt=''> <\/div>\n<\/p><\/div>\n<p> <!-- Descripci\u00f3n general --> <\/p>\n<div style='margin-bottom: 30px;'>\n<h3 style='font-size: 22px; border-bottom: 2px solid currentColor; padding-bottom: 5px; margin-top: 0; color: inherit; opacity: 0.8;'>Descripci\u00f3n General<\/h3>\n<p style='font-size: 15px; color: inherit; margin-top: 10px; margin-bottom: 10px;'>El cargador UGREEN 65W USB-C PD proporciona suficiente energ\u00eda para cargar completamente su MacBook Pro de 13&#8242; en 2 horas. El cable de carga debe admitir una carga r\u00e1pida para activar el protocolo de suministro de energ\u00eda.<\/p>\n<p style='font-size: 15px; color: inherit; margin-top: 10px; margin-bottom: 10px;'>Dise\u00f1ado para ser compacto y eficiente&comma; este cargador utiliza tecnolog\u00eda GaN para ofrecer un rendimiento \u00f3ptimo con una menor temperatura de funcionamiento&comma; ideal para uso diario y portabilidad.<\/p>\n<\/p><\/div>\n<p> <!-- Secci\u00f3n de caracter\u00edsticas --> <\/p>\n<div style='display: flex; flex-wrap: wrap; gap: 30px; margin-bottom: 30px;'>\n<div style='flex: 1 1 300px; min-width: 280px;'>\n<h3 style='font-size: 22px; border-bottom: 2px solid currentColor; padding-bottom: 5px; margin-top: 0; color: inherit; opacity: 0.8;'>Caracter\u00edsticas Principales<\/h3>\n<ul style='padding-left: 20px; font-size: 15px; color: inherit;'>\n<li style='margin-bottom: 5px;'>Tecnolog\u00eda GaN para tama\u00f1o reducido y mayor eficiencia<\/li>\n<li style='margin-bottom: 5px;'>Protocolos de carga r\u00e1pida PD3.0&comma; QC4.0+&comma; FCP\/SCP BC1.2<\/li>\n<li style='margin-bottom: 5px;'>Protecci\u00f3n contra sobre voltaje&comma; sobre corriente&comma; sobrecalentamiento y cortocircuito<\/li>\n<li style='margin-bottom: 5px;'>Dise\u00f1o ergon\u00f3mico que ahorra hasta un 50% de espacio<\/li>\n<li style='margin-bottom: 5px;'>Carga inteligente con distribuci\u00f3n eficiente de energ\u00eda<\/li>\n<\/ul><\/div>\n<div style='flex: 1 1 300px; min-width: 280px;'>\n<h3 style='font-size: 22px; border-bottom: 2px solid currentColor; padding-bottom: 5px; margin-top: 0; color: inherit; opacity: 0.8;'>Compatibilidad<\/h3>\n<ul style='padding-left: 20px; font-size: 15px; color: inherit;'>\n<li style='margin-bottom: 5px;'>MacBook Pro \/ MacBook Air<\/li>\n<li style='margin-bottom: 5px;'>iPhone 13&comma; 13 Pro Max&comma; 12 series&comma; 11 series&comma; SE&comma; XR&comma; XS&comma; 8<\/li>\n<li style='margin-bottom: 5px;'>iPad mini 6&comma; iPad 2021&comma; iPad Pro<\/li>\n<li style='margin-bottom: 5px;'>Samsung Galaxy Note20 Ultra \/ Note20 \/ S21 \/ S20 \/ S10<\/li>\n<li style='margin-bottom: 5px;'>Google Pixel y otros dispositivos USB-C<\/li>\n<\/ul><\/div>\n<\/p><\/div>\n<p> <!-- Secci\u00f3n de especificaciones t\u00e9cnicas --> <\/p>\n<div style='display: flex; flex-wrap: wrap; gap: 20px; margin-bottom: 30px;'>\n<div style='flex: 1 1 250px; border: 1px solid rgba(150&comma; 150&comma; 150&comma; 0.4); border-radius: 8px; overflow: hidden; display: flex; flex-direction: column;'>\n<div style='padding: 15px; border-bottom: 1px solid rgba(150&comma; 150&comma; 150&comma; 0.2); font-weight: bold; font-size: 18px; color: inherit;'>Especificaciones El\u00e9ctricas<\/div>\n<div style='padding: 15px; color: inherit;'>\n<ul style='padding-left: 20px; margin: 0; font-size: 14px; list-style-type: disc;'>\n<li style='margin-bottom: 5px;'><strong>Entrada:<\/strong> 100-240V\uff5e 50\/60Hz 1.8A M\u00e1x.<\/li>\n<li style='margin-bottom: 5px;'><strong>Salida USB-C:<\/strong> 15V\/3A&comma; 9V\/3A&comma; 12V\/3A&comma; 15V\/3A&comma; 20V\/3.25A&comma; 3.3-21V\/3A&comma; 3.3-11V\/4.05A<\/li>\n<li style='margin-bottom: 5px;'><strong>Salida M\u00e1xima:<\/strong> 65W<\/li>\n<\/ul><\/div>\n<\/p><\/div>\n<div style='flex: 1 1 250px; border: 1px solid rgba(150&comma; 150&comma; 150&comma; 0.4); border-radius: 8px; overflow: hidden; display: flex; flex-direction: column;'>\n<div style='padding: 15px; border-bottom: 1px solid rgba(150&comma; 150&comma; 150&comma; 0.2); font-weight: bold; font-size: 18px; color: inherit;'>Protecci\u00f3n de Seguridad<\/div>\n<div style='padding: 15px; color: inherit;'>\n<ul style='padding-left: 20px; margin: 0; font-size: 14px; list-style-type: disc;'>\n<li style='margin-bottom: 5px;'>Protecci\u00f3n contra sobre voltaje de entrada<\/li>\n<li style='margin-bottom: 5px;'>Protecci\u00f3n contra sobre corriente<\/li>\n<li style='margin-bottom: 5px;'>Protecci\u00f3n contra sobrecalentamiento<\/li>\n<li style='margin-bottom: 5px;'>Protecci\u00f3n contra cortocircuito<\/li>\n<\/ul><\/div>\n<\/p><\/div>\n<div style='flex: 1 1 250px; border: 1px solid rgba(150&comma; 150&comma; 150&comma; 0.4); border-radius: 8px; overflow: hidden; display: flex; flex-direction: column;'>\n<div style='padding: 15px; border-bottom: 1px solid rgba(150&comma; 150&comma; 150&comma; 0.2); font-weight: bold; font-size: 18px; color: inherit;'>Certificaciones<\/div>\n<div style='padding: 15px; color: inherit;'>\n<ul style='padding-left: 20px; margin: 0; font-size: 14px; list-style-type: disc;'>\n<li style='margin-bottom: 5px;'>UL<\/li>\n<li style='margin-bottom: 5px;'>FCC<\/li>\n<li style='margin-bottom: 5px;'>CE<\/li>\n<\/ul><\/div>\n<\/p><\/div>\n<\/p><\/div>\n<p> <!-- Secci\u00f3n de notas importantes --> <\/p>\n<div style='margin-bottom: 30px;'>\n<h3 style='font-size: 22px; border-bottom: 2px solid currentColor; padding-bottom: 5px; margin-top: 0; color: inherit; opacity: 0.8;'>Notas Importantes<\/h3>\n<ul style='padding-left: 20px; font-size: 15px; color: inherit;'>\n<li style='margin-bottom: 5px;'>La administraci\u00f3n de energ\u00eda inteligente brinda una potencia de carga \u00f3ptima para cargar r\u00e1pidamente sus dispositivos.<\/li>\n<li style='margin-bottom: 5px;'>El cargador debe utilizarse con un cable USB-C que soporte carga r\u00e1pida para activar el protocolo de suministro de energ\u00eda.<\/li>\n<\/ul><\/div>\n<p> <!-- Separador final --> <\/p>\n<hr style='border: 0; border-top: 1px solid rgba(150&comma; 150&comma; 150&comma; 0.3); margin: 30px 0;'> <\/div>\n","protected":false},"excerpt":{"rendered":"<p>Cargador de 65W serie Nexode \/ 1 Puerto USB-C de Carga R\u00e1pida \/Tecnolog\u00eda GaN \/ Power Delivery 3.0 \/ Quick Charge 4.0 \/ Chip Confiable y Carga Inteligente \/ Distribuci\u00f3n Inteligente de Energ\u00eda  \/ Mayor Eficiencia Energ\u00e9t<\/p>\n","protected":false},"featured_media":32,"comment_status":"open","ping_status":"closed","template":"","meta":[],"product_brand":[],"product_cat":[1235],"product_tag":[417,1236,650],"class_list":{"0":"post-103395","1":"product","2":"type-product","3":"status-publish","4":"has-post-thumbnail","6":"product_cat-accesorios-para-computadora-y-smartphones","7":"product_tag-accesorios-generales","8":"product_tag-accesorios-para-computadora-y-smartphones","9":"product_tag-ugreen","11":"first","12":"outofstock","13":"sale","14":"shipping-taxable","15":"purchasable","16":"product-type-simple"},"_links":{"self":[{"href":"https:\/\/soydeaqui.ddns.net\/pachuca\/index.php\/wp-json\/wp\/v2\/product\/103395","targetHints":{"allow":["GET"]}}],"collection":[{"href":"https:\/\/soydeaqui.ddns.net\/pachuca\/index.php\/wp-json\/wp\/v2\/product"}],"about":[{"href":"https:\/\/soydeaqui.ddns.net\/pachuca\/index.php\/wp-json\/wp\/v2\/types\/product"}],"replies":[{"embeddable":true,"href":"https:\/\/soydeaqui.ddns.net\/pachuca\/index.php\/wp-json\/wp\/v2\/comments?post=103395"}],"wp:featuredmedia":[{"embeddable":true,"href":"https:\/\/soydeaqui.ddns.net\/pachuca\/index.php\/wp-json\/wp\/v2\/media\/32"}],"wp:attachment":[{"href":"https:\/\/soydeaqui.ddns.net\/pachuca\/index.php\/wp-json\/wp\/v2\/media?parent=103395"}],"wp:term":[{"taxonomy":"product_brand","embeddable":true,"href":"https:\/\/soydeaqui.ddns.net\/pachuca\/index.php\/wp-json\/wp\/v2\/product_brand?post=103395"},{"taxonomy":"product_cat","embeddable":true,"href":"https:\/\/soydeaqui.ddns.net\/pachuca\/index.php\/wp-json\/wp\/v2\/product_cat?post=103395"},{"taxonomy":"product_tag","embeddable":true,"href":"https:\/\/soydeaqui.ddns.net\/pachuca\/index.php\/wp-json\/wp\/v2\/product_tag?post=103395"}],"curies":[{"name":"wp","href":"https:\/\/api.w.org\/{rel}","templated":true}]}}