{"id":103394,"date":"2026-03-20T13:41:19","date_gmt":"2026-03-20T13:41:19","guid":{"rendered":"https:\/\/soydeaqui.ddns.net\/pachuca\/index.php\/producto\/cargador-de-100w-serie-nexode-2-puertos-usb-c-de-carga-rapida-tecnologia-gan-ii-sic-power-delivery-3-0-quick-charge-4-0-chip-confiable-y-carga-inteligente-distribucion-inteligente-de-energ\/"},"modified":"2026-03-20T13:41:21","modified_gmt":"2026-03-20T13:41:21","slug":"cargador-de-100w-serie-nexode-2-puertos-usb-c-de-carga-rapida-tecnologia-gan-ii-sic-power-delivery-3-0-quick-charge-4-0-chip-confiable-y-carga-inteligente-distribucion-inteligente-de-energ","status":"publish","type":"product","link":"https:\/\/soydeaqui.ddns.net\/pachuca\/index.php\/producto\/cargador-de-100w-serie-nexode-2-puertos-usb-c-de-carga-rapida-tecnologia-gan-ii-sic-power-delivery-3-0-quick-charge-4-0-chip-confiable-y-carga-inteligente-distribucion-inteligente-de-energ\/","title":{"rendered":"Cargador de 100W serie Nexode \/ 2 Puertos USB-C de Carga R\u00e1pida \/Tecnolog\u00eda GaN II +SIC \/ Power Delivery 3.0 \/ Quick Charge 4.0 \/ Chip Confiable y Carga Inteligente \/ Distribuci\u00f3n Inteligente de Energ\u00eda  \/ Mayor Eficiencia Ener"},"content":{"rendered":"<div style='width: 100%; max-width: 1200px; margin: 0 auto; font-family: sans-serif; line-height: 1.6; color: inherit; background-color: transparent;'> <!-- Im\u00e1genes --> <\/p>\n<div style='display: flex; flex-wrap: wrap; gap: 15px; margin-bottom: 30px;'>\n<div style='flex: 1 1 300px; min-width: 280px;'> <img style='width: 100%; height: auto; border: 1px solid rgba(150&comma;150&comma;150&comma;0.3); border-radius: 8px;' src='http:\/\/ftp3.syscom.mx\/usuarios\/hallende\/UGREEN2\/Cargadores\/40795\/40795-1.jpg' alt=''> <\/div>\n<div style='flex: 1 1 300px; min-width: 280px;'> <img style='width: 100%; height: auto; border: 1px solid rgba(150&comma;150&comma;150&comma;0.3); border-radius: 8px;' src='http:\/\/ftp3.syscom.mx\/usuarios\/hallende\/UGREEN2\/Cargadores\/40795\/40795-2.jpg' alt=''> <\/div>\n<div style='flex: 1 1 300px; min-width: 280px;'> <img style='width: 100%; height: auto; border: 1px solid rgba(150&comma;150&comma;150&comma;0.3); border-radius: 8px;' src='http:\/\/ftp3.syscom.mx\/usuarios\/hallende\/UGREEN2\/Cargadores\/40795\/40795-3.jpg' alt=''> <\/div>\n<\/p><\/div>\n<p> <!-- Secci\u00f3n de caracter\u00edsticas principales --> <\/p>\n<div style='display: flex; flex-wrap: wrap; gap: 30px; margin-bottom: 30px;'>\n<div style='flex: 1 1 300px; min-width: 280px;'>\n<h3 style='font-size: 22px; border-bottom: 2px solid currentColor; padding-bottom: 5px; margin-top: 0; color: inherit; opacity: 0.8;'>Caracter\u00edsticas Principales<\/h3>\n<ul style='padding-left: 20px; font-size: 15px; color: inherit;'>\n<li style='margin-bottom: 5px;'>Tecnolog\u00eda GaN para mayor eficiencia y menor generaci\u00f3n de calor<\/li>\n<li style='margin-bottom: 5px;'>Dise\u00f1o compacto y port\u00e1til<\/li>\n<li style='margin-bottom: 5px;'>Distribuci\u00f3n inteligente de energ\u00eda entre puertos<\/li>\n<li style='margin-bottom: 5px;'>Carga simult\u00e1nea de hasta 2 dispositivos<\/li>\n<li style='margin-bottom: 5px;'>Detecci\u00f3n autom\u00e1tica de dispositivos para \u00f3ptima carga<\/li>\n<\/ul><\/div>\n<div style='flex: 1 1 300px; min-width: 280px;'>\n<h3 style='font-size: 22px; border-bottom: 2px solid currentColor; padding-bottom: 5px; margin-top: 0; color: inherit; opacity: 0.8;'>Tecnolog\u00eda Avanzada<\/h3>\n<ul style='padding-left: 20px; font-size: 15px; color: inherit;'>\n<li style='margin-bottom: 5px;'>Tecnolog\u00eda GaN II + SIC<\/li>\n<li style='margin-bottom: 5px;'>Protocolos soportados: PD3.0 (PD2.0)&comma; QC4+ (QC4.0\/QC3.0\/QC2.0)&comma; PPS&comma; AFC&comma; APPLE 5V2.4A&comma; BC1.2<\/li>\n<li style='margin-bottom: 5px;'>Sistema de distribuci\u00f3n inteligente de energ\u00eda<\/li>\n<li style='margin-bottom: 5px;'>Circuito de carga inteligente para protecci\u00f3n y eficiencia<\/li>\n<\/ul><\/div>\n<\/p><\/div>\n<p> <!-- Secci\u00f3n de especificaciones --> <\/p>\n<div style='display: flex; flex-wrap: wrap; gap: 20px; margin-bottom: 30px;'>\n<div style='flex: 1 1 250px; border: 1px solid rgba(150&comma; 150&comma; 150&comma; 0.4); border-radius: 8px; overflow: hidden; display: flex; flex-direction: column;'>\n<div style='padding: 15px; border-bottom: 1px solid rgba(150&comma; 150&comma; 150&comma; 0.2); font-weight: bold; font-size: 18px; color: inherit;'>Especificaciones El\u00e9ctricas<\/div>\n<div style='padding: 15px; color: inherit;'>\n<ul style='padding-left: 20px; margin: 0; font-size: 14px; list-style-type: disc;'>\n<li style='margin-bottom: 5px;'><strong>Entrada:<\/strong> 100-240V\uff5e 50\/60Hz 2.3A M\u00e1x.<\/li>\n<li style='margin-bottom: 5px;'><strong>Salida (\u00fanico dispositivo):<\/strong> 5.0-20.0V = 5.0A m\u00e1x. (100W m\u00e1x.)<\/li>\n<li style='margin-bottom: 5px;'><strong>Salida (dual puerto):<\/strong> 65W + 30W o 30W + 65W<\/li>\n<li style='margin-bottom: 5px;'><strong>Salida Total:<\/strong> 100W M\u00e1x.<\/li>\n<\/ul><\/div>\n<\/p><\/div>\n<div style='flex: 1 1 250px; border: 1px solid rgba(150&comma; 150&comma; 150&comma; 0.4); border-radius: 8px; overflow: hidden; display: flex; flex-direction: column;'>\n<div style='padding: 15px; border-bottom: 1px solid rgba(150&comma; 150&comma; 150&comma; 0.2); font-weight: bold; font-size: 18px; color: inherit;'>Protecciones de Seguridad<\/div>\n<div style='padding: 15px; color: inherit;'>\n<ul style='padding-left: 20px; margin: 0; font-size: 14px; list-style-type: disc;'>\n<li style='margin-bottom: 5px;'>Protecci\u00f3n contra sobre voltaje de entrada<\/li>\n<li style='margin-bottom: 5px;'>Protecci\u00f3n contra sobre corriente<\/li>\n<li style='margin-bottom: 5px;'>Protecci\u00f3n contra sobrecalentamiento<\/li>\n<li style='margin-bottom: 5px;'>Protecci\u00f3n contra cortocircuito de salida<\/li>\n<\/ul><\/div>\n<\/p><\/div>\n<div style='flex: 1 1 250px; border: 1px solid rgba(150&comma; 150&comma; 150&comma; 0.4); border-radius: 8px; overflow: hidden; display: flex; flex-direction: column;'>\n<div style='padding: 15px; border-bottom: 1px solid rgba(150&comma; 150&comma; 150&comma; 0.2); font-weight: bold; font-size: 18px; color: inherit;'>Caracter\u00edsticas F\u00edsicas<\/div>\n<div style='padding: 15px; color: inherit;'>\n<ul style='padding-left: 20px; margin: 0; font-size: 14px; list-style-type: disc;'>\n<li style='margin-bottom: 5px;'><strong>Tama\u00f1o:<\/strong> (68*68*33.2)\u00b10.5 mm<\/li>\n<li style='margin-bottom: 5px;'><strong>N\u00famero de puertos:<\/strong> 2 puertos USB-C<\/li>\n<li style='margin-bottom: 5px;'><strong>Material:<\/strong> Pl\u00e1stico ign\u00edfugo de alta resistencia<\/li>\n<\/ul><\/div>\n<\/p><\/div>\n<\/p><\/div>\n<p> <!-- Secci\u00f3n de compatibilidad --> <\/p>\n<div style='display: flex; flex-wrap: wrap; gap: 30px; margin-bottom: 30px;'>\n<div style='flex: 1 1 300px; min-width: 280px;'>\n<h3 style='font-size: 22px; border-bottom: 2px solid currentColor; padding-bottom: 5px; margin-top: 0; color: inherit; opacity: 0.8;'>Compatibilidad<\/h3>\n<ul style='padding-left: 20px; font-size: 15px; color: inherit;'>\n<li style='margin-bottom: 5px;'>MacBook Pro 16&#8242; y 13&#8242;<\/li>\n<li style='margin-bottom: 5px;'>MacBook Air 2020<\/li>\n<li style='margin-bottom: 5px;'>Dell XPS 15&#8242; y 13&#8242;<\/li>\n<li style='margin-bottom: 5px;'>Tablets USB-C<\/li>\n<li style='margin-bottom: 5px;'>Tel\u00e9fonos inteligentes USB-C<\/li>\n<li style='margin-bottom: 5px;'>Otros dispositivos USB-C<\/li>\n<\/ul><\/div>\n<div style='flex: 1 1 300px; min-width: 280px;'>\n<h3 style='font-size: 22px; border-bottom: 2px solid currentColor; padding-bottom: 5px; margin-top: 0; color: inherit; opacity: 0.8;'>Aplicaciones<\/h3>\n<ul style='padding-left: 20px; font-size: 15px; color: inherit;'>\n<li style='margin-bottom: 5px;'>Carga r\u00e1pida de laptops y ultrabooks<\/li>\n<li style='margin-bottom: 5px;'>Carga simult\u00e1nea de m\u00faltiples dispositivos<\/li>\n<li style='margin-bottom: 5px;'>Uso dom\u00e9stico y de oficina<\/li>\n<li style='margin-bottom: 5px;'>Viajes y movilidad<\/li>\n<li style='margin-bottom: 5px;'>Soluci\u00f3n de carga para m\u00faltiples dispositivos USB-C<\/li>\n<\/ul><\/div>\n<\/p><\/div>\n<p> <!-- Separador --> <\/p>\n<hr style='border: 0; border-top: 1px solid rgba(150&comma; 150&comma; 150&comma; 0.3); margin: 30px 0;'> <\/div>\n","protected":false},"excerpt":{"rendered":"<p>Cargador de 100W serie Nexode \/ 2 Puertos USB-C de Carga R\u00e1pida \/Tecnolog\u00eda GaN II +SIC \/ Power Delivery 3.0 \/ Quick Charge 4.0 \/ Chip Confiable y Carga Inteligente \/ Distribuci\u00f3n Inteligente de Energ\u00eda  \/ Mayor Eficiencia Ener<\/p>\n","protected":false},"featured_media":103393,"comment_status":"open","ping_status":"closed","template":"","meta":[],"product_brand":[],"product_cat":[1235],"product_tag":[417,1236,650],"class_list":{"0":"post-103394","1":"product","2":"type-product","3":"status-publish","4":"has-post-thumbnail","6":"product_cat-accesorios-para-computadora-y-smartphones","7":"product_tag-accesorios-generales","8":"product_tag-accesorios-para-computadora-y-smartphones","9":"product_tag-ugreen","11":"first","12":"outofstock","13":"sale","14":"shipping-taxable","15":"purchasable","16":"product-type-simple"},"_links":{"self":[{"href":"https:\/\/soydeaqui.ddns.net\/pachuca\/index.php\/wp-json\/wp\/v2\/product\/103394","targetHints":{"allow":["GET"]}}],"collection":[{"href":"https:\/\/soydeaqui.ddns.net\/pachuca\/index.php\/wp-json\/wp\/v2\/product"}],"about":[{"href":"https:\/\/soydeaqui.ddns.net\/pachuca\/index.php\/wp-json\/wp\/v2\/types\/product"}],"replies":[{"embeddable":true,"href":"https:\/\/soydeaqui.ddns.net\/pachuca\/index.php\/wp-json\/wp\/v2\/comments?post=103394"}],"wp:featuredmedia":[{"embeddable":true,"href":"https:\/\/soydeaqui.ddns.net\/pachuca\/index.php\/wp-json\/wp\/v2\/media\/103393"}],"wp:attachment":[{"href":"https:\/\/soydeaqui.ddns.net\/pachuca\/index.php\/wp-json\/wp\/v2\/media?parent=103394"}],"wp:term":[{"taxonomy":"product_brand","embeddable":true,"href":"https:\/\/soydeaqui.ddns.net\/pachuca\/index.php\/wp-json\/wp\/v2\/product_brand?post=103394"},{"taxonomy":"product_cat","embeddable":true,"href":"https:\/\/soydeaqui.ddns.net\/pachuca\/index.php\/wp-json\/wp\/v2\/product_cat?post=103394"},{"taxonomy":"product_tag","embeddable":true,"href":"https:\/\/soydeaqui.ddns.net\/pachuca\/index.php\/wp-json\/wp\/v2\/product_tag?post=103394"}],"curies":[{"name":"wp","href":"https:\/\/api.w.org\/{rel}","templated":true}]}}