{"id":103384,"date":"2026-03-20T13:40:51","date_gmt":"2026-03-20T13:40:51","guid":{"rendered":"https:\/\/soydeaqui.ddns.net\/pachuca\/index.php\/producto\/bala-turbohd-4k-8-megapixeles-gran-angular-102o-lente-2-8-mm-exterior-ip67-ir-exir-60-mts-dwdr\/"},"modified":"2026-03-20T13:41:04","modified_gmt":"2026-03-20T13:41:04","slug":"bala-turbohd-4k-8-megapixeles-gran-angular-102o-lente-2-8-mm-exterior-ip67-ir-exir-60-mts-dwdr","status":"publish","type":"product","link":"https:\/\/soydeaqui.ddns.net\/pachuca\/index.php\/producto\/bala-turbohd-4k-8-megapixeles-gran-angular-102o-lente-2-8-mm-exterior-ip67-ir-exir-60-mts-dwdr\/","title":{"rendered":"Bala TURBOHD 4K (8 Megapixeles) \/ Gran Angular 102\u00ba \/ Lente 2.8 mm \/ Exterior IP67 \/ IR EXIR 60 mts \/ dWDR"},"content":{"rendered":"<div style='width: 100%; max-width: 1200px; margin: 0 auto; font-family: sans-serif; line-height: 1.6; color: inherit; background-color: transparent;'> <!-- Imagen principal --> <\/p>\n<div style='width: 100%; margin-bottom: 30px;'> <img style='width: 100%; height: auto; border: 1px solid rgba(150&comma;150&comma;150&comma;0.3); border-radius: 8px;' src='https:\/\/ftp3.syscom.mx\/usuarios\/nicolas.jimenez\/epcom-2.png' alt=''> <\/div>\n<p> <!-- Secci\u00f3n principal con flex --> <\/p>\n<div style='display: flex; flex-wrap: wrap; gap: 30px; margin-bottom: 30px;'> <!-- Caracter\u00edsticas principales --> <\/p>\n<div style='flex: 1 1 300px; min-width: 280px;'>\n<h3 style='font-size: 22px; border-bottom: 2px solid currentColor; padding-bottom: 5px; margin-top: 0; color: inherit; opacity: 0.8;'>Caracter\u00edsticas principales<\/h3>\n<ul style='padding-left: 20px; font-size: 15px; color: inherit;'>\n<li style='margin-bottom: 5px;'>Resoluci\u00f3n m\u00e1xima: 8.29 Megapixel (3840 x 2160).<\/li>\n<li style='margin-bottom: 5px;'>Sensor CMOS scan progresivo.<\/li>\n<li style='margin-bottom: 5px;'>Lente fijo: 2.8 mm (\u00e1ngulo de visi\u00f3n 102.9\u00ba).<\/li>\n<li style='margin-bottom: 5px;'>60 mts IR EXIR.<\/li>\n<li style='margin-bottom: 5px;'>Soporta 4 tecnolog\u00edas (TVI \/ AHD \/ CVI \/ CVBS).<\/li>\n<li style='margin-bottom: 5px;'>Permite seleccionar la resoluci\u00f3n\n<ul style='padding-left: 20px; margin-top: 5px; margin-bottom: 0;'>\n<li style='margin-bottom: 5px;'>TVI: <a href='mailto:8MP@12.5fps&comma;' style='color: inherit; text-decoration: underline;'>8MP@12.5fps&comma;<\/a> <a href='mailto:4MP@30fps&comma;' style='color: inherit; text-decoration: underline;'>4MP@30fps&comma;<\/a> <a href='mailto:2MP@30fps&comma;' style='color: inherit; text-decoration: underline;'>2MP@30fps.<\/a><\/li>\n<li style='margin-bottom: 5px;'>CVI: <a href='mailto:8MP@12.5fps' style='color: inherit; text-decoration: underline;'>8MP@12.5fps.<\/a><\/li>\n<li style='margin-bottom: 5px;'>AHD: <a href='mailto:8MP@12fps' style='color: inherit; text-decoration: underline;'>8MP@12fps.<\/a><\/li>\n<li style='margin-bottom: 5px;'>CVBS: PAL\/NTSC.<\/li>\n<\/ul>\n<\/li>\n<li style='margin-bottom: 5px;'>Funciones: dWDR \/ BLC \/ DNR \/ Mirror.<\/li>\n<li style='margin-bottom: 5px;'>El cambio de tecnolog\u00eda (TVI-AHD-CVBS-CVI) se puede realizar \u00fanicamente cuando la c\u00e1mara est\u00e1 en su resoluci\u00f3n m\u00e1xima (8MP)&comma; por ende no se puede cambiar la tecnolog\u00eda si la c\u00e1mara no est\u00e1 en su resoluci\u00f3n m\u00e1xima.<\/li>\n<\/ul><\/div>\n<p> <!-- Caracter\u00edsticas F\u00edsicas y El\u00e9ctricas --> <\/p>\n<div style='flex: 1 1 300px; min-width: 280px;'>\n<h3 style='font-size: 22px; border-bottom: 2px solid currentColor; padding-bottom: 5px; margin-top: 0; color: inherit; opacity: 0.8;'>Caracter\u00edsticas F\u00edsicas y El\u00e9ctricas<\/h3>\n<ul style='padding-left: 20px; font-size: 15px; color: inherit;'>\n<li style='margin-bottom: 5px;'>Temperatura de operaci\u00f3n: -40\u00baC a 60\u00baC.<\/li>\n<li style='margin-bottom: 5px;'>Alimentaci\u00f3n: 12 Vcc \/ 2.9 Watts.<\/li>\n<li style='margin-bottom: 5px;'>Protecci\u00f3n: IP67.<\/li>\n<li style='margin-bottom: 5px;'>Fabricado en metal y policarbonato<\/li>\n<li style='margin-bottom: 5px;'>Dimensiones: 81.9 x 86.7 x 217.9mm.<\/li>\n<li style='margin-bottom: 5px;'>Peso: 420 gramos.<\/li>\n<\/ul><\/div>\n<p> <!-- M\u00e1xima compatibilidad --> <\/p>\n<div style='flex: 1 1 300px; min-width: 280px;'>\n<h3 style='font-size: 22px; border-bottom: 2px solid currentColor; padding-bottom: 5px; margin-top: 0; color: inherit; opacity: 0.8;'>M\u00e1xima compatibilidad<\/h3>\n<div style='width: 100%; margin: 15px 0;'> <img style='width: 85%; height: auto; border: 1px solid rgba(150&comma;150&comma;150&comma;0.3); border-radius: 8px; display: block; margin: 0 auto;' src='http:\/\/ftp3.syscom.mx\/usuarios\/anavarrete\/Noe\/imagen1.png' alt=''> <\/div>\n<\/p><\/div>\n<\/p><\/div>\n<p> <!-- Consideraciones --> <\/p>\n<div style='margin-bottom: 30px;'>\n<h3 style='font-size: 22px; border-bottom: 2px solid currentColor; padding-bottom: 5px; margin-top: 0; color: inherit; opacity: 0.8;'>Consideraciones<\/h3>\n<ul style='padding-left: 20px; font-size: 15px; color: inherit;'>\n<li style='margin-bottom: 5px;'>Se recomienda colocar una fuente con filtro de ruido.<\/li>\n<li style='margin-bottom: 5px;'>La distancia m\u00e1xima de instalaci\u00f3n es de 100 metros para la se\u00f1al de video.<\/li>\n<\/ul><\/div>\n<p> <!-- Imagen adicional --> <\/p>\n<div style='width: 100%; margin-bottom: 30px;'> <img style='width: 100%; height: auto; border: 1px solid rgba(150&comma;150&comma;150&comma;0.3); border-radius: 8px;' src='https:\/\/ftp3.syscom.mx\/usuarios\/jsosa\/GIF\/4Ka.jpg' alt=''> <\/div>\n<p> <!-- Segunda imagen adicional --> <\/p>\n<div style='width: 100%; margin-bottom: 30px;'> <img style='width: 100%; height: auto; border: 1px solid rgba(150&comma;150&comma;150&comma;0.3); border-radius: 8px;' src='https:\/\/ftp3.syscom.mx\/usuarios\/fotos\/B8TURBOC\/189682-5-year-epcom-es_(2).png' alt=''> <\/div>\n<p> <!-- Videos de YouTube --> <\/p>\n<div style='display: flex; flex-wrap: wrap; gap: 30px; margin-bottom: 30px;'> <!-- Video 1 --> <\/p>\n<div style='flex: 1 1 300px; min-width: 280px;'>\n<div style='position: relative; padding-bottom: 56.25%; height: 0; overflow: hidden; margin-bottom: 30px;'>   <\/div>\n<\/p><\/div>\n<p> <!-- Video 2 --> <\/p>\n<div style='flex: 1 1 300px; min-width: 280px;'>\n<div style='position: relative; padding-bottom: 56.25%; height: 0; overflow: hidden; margin-bottom: 30px;'>   <\/div>\n<\/p><\/div>\n<p> <!-- Video 3 --> <\/p>\n<div style='flex: 1 1 300px; min-width: 280px;'>\n<div style='position: relative; padding-bottom: 56.25%; height: 0; overflow: hidden; margin-bottom: 30px;'>   <\/div>\n<\/p><\/div>\n<\/p><\/div>\n<p> <!-- Separador final --> <\/p>\n<hr style='border: 0; border-top: 1px solid rgba(150&comma; 150&comma; 150&comma; 0.3); margin: 30px 0;'> <\/div>\n","protected":false},"excerpt":{"rendered":"<p>Bala TURBOHD 4K (8 Megapixeles) \/ Gran Angular 102\u00ba \/ Lente 2.8 mm \/ Exterior IP67 \/ IR EXIR 60 mts \/ dWDR<\/p>\n","protected":false},"featured_media":103383,"comment_status":"open","ping_status":"closed","template":"","meta":[],"product_brand":[],"product_cat":[2268],"product_tag":[439,2255,2257],"class_list":{"0":"post-103384","1":"product","2":"type-product","3":"status-publish","4":"has-post-thumbnail","6":"product_cat-bala-camaras-y-dvrs-hd-turbohd-ahd-hd-tvi","7":"product_tag-bala","8":"product_tag-camaras-y-dvrs-hd-turbohd-ahd-hd-tvi","9":"product_tag-epcom-professional","11":"first","12":"instock","13":"sale","14":"shipping-taxable","15":"purchasable","16":"product-type-simple"},"_links":{"self":[{"href":"https:\/\/soydeaqui.ddns.net\/pachuca\/index.php\/wp-json\/wp\/v2\/product\/103384","targetHints":{"allow":["GET"]}}],"collection":[{"href":"https:\/\/soydeaqui.ddns.net\/pachuca\/index.php\/wp-json\/wp\/v2\/product"}],"about":[{"href":"https:\/\/soydeaqui.ddns.net\/pachuca\/index.php\/wp-json\/wp\/v2\/types\/product"}],"replies":[{"embeddable":true,"href":"https:\/\/soydeaqui.ddns.net\/pachuca\/index.php\/wp-json\/wp\/v2\/comments?post=103384"}],"wp:featuredmedia":[{"embeddable":true,"href":"https:\/\/soydeaqui.ddns.net\/pachuca\/index.php\/wp-json\/wp\/v2\/media\/103383"}],"wp:attachment":[{"href":"https:\/\/soydeaqui.ddns.net\/pachuca\/index.php\/wp-json\/wp\/v2\/media?parent=103384"}],"wp:term":[{"taxonomy":"product_brand","embeddable":true,"href":"https:\/\/soydeaqui.ddns.net\/pachuca\/index.php\/wp-json\/wp\/v2\/product_brand?post=103384"},{"taxonomy":"product_cat","embeddable":true,"href":"https:\/\/soydeaqui.ddns.net\/pachuca\/index.php\/wp-json\/wp\/v2\/product_cat?post=103384"},{"taxonomy":"product_tag","embeddable":true,"href":"https:\/\/soydeaqui.ddns.net\/pachuca\/index.php\/wp-json\/wp\/v2\/product_tag?post=103384"}],"curies":[{"name":"wp","href":"https:\/\/api.w.org\/{rel}","templated":true}]}}